{"id":1633,"date":"2014-04-08T11:28:21","date_gmt":"2014-04-08T11:28:21","guid":{"rendered":"https:\/\/vedicpandits.org\/?page_id=1633"},"modified":"2023-04-11T11:55:29","modified_gmt":"2023-04-11T11:55:29","slug":"newsletter","status":"publish","type":"page","link":"https:\/\/donation.vedicpandits.org\/fr\/contact\/newsletter\/","title":{"rendered":"Newsletter"},"content":{"rendered":"<div class=\"grid-holder grid-border-50\">\n<div class=\"grid grid-desktop-50 grid-mobile-100\"><div class=\"holder\"><h4>VEUILLEZ CLIQUER SUR LE BOUTON D&rsquo;ABONNEMENT CI-DESSOUS POUR RECEVOIR NOS NEWSLETTERS<\/h4>\n<p><!--Nous serions heureux de vous faire parvenir des nouvelles sur l\u2019avancement de notre projet du Brahmasthan de l\u2019Inde. --><\/p>\n<blockquote>\n<p>Nous respectons la confidentialit\u00e9 des donn\u00e9es \u00e9lectroniques et ne divulguerons votre adresse en aucun cas. <a  href=\"https:\/\/donation.vedicpandits.org\/privacy\/\">Cliquez ici pour prendre connaissance de notre politique de confidentialit\u00e9.<\/a><\/p>\n<\/blockquote>\n<p style=\"text-align: center\"><a href=\"#form-newsletter\" class=\"btn btn-large btn-pop-up\">&gt; S&rsquo;ABONNER<\/a><\/p>\n<\/div><\/div>\n<div class=\"grid grid-desktop-50 grid-mobile-100\"><div class=\"holder\"><h4>RECEVOIR DES MISES \u00c0 JOUR R\u00c9GULI\u00c8RES EN FRAN\u00c7AIS<\/h4>\n<p>Si vous souhaitez recevoir des courriers d&rsquo;information en fran\u00e7ais, veuillez envoyer un courriel directement \u00e0 votre ambassadeur local. Cliquez sur \u00ab\u00a0Envoyer un e-mail\u00a0\u00bb. L&rsquo;adresse e.mail de votre ambassadeur s&rsquo;affichera.<\/p>\n<p><a href = \"mailto:calj@sfr.fr?subject=RECEVOIR DES MISES \u00c0 JOUR R\u00c9GULI\u00c8RES EN FRAN\u00c7AIS&#038;body=\">FRANCE: Envoyer un e-mail<\/a><\/p>\n<p><a href = \"mailto:ccazeault@tm.org?subject=RECEVOIR DES MISES \u00c0 JOUR R\u00c9GULI\u00c8RES EN FRAN\u00c7AIS&#038;body=\">CANADA: Envoyer un e-mail<\/a><\/p>\n<p><a href = \"mailto:osomais@yahoo.fr?subject=RECEVOIR DES MISES \u00c0 JOUR R\u00c9GULI\u00c8RES EN FRAN\u00c7AIS&#038;body=\">C\u00d4TE D\u2019IVOIRE: Envoyer un e-mail<\/a><\/p>\n<\/div><\/div>\n<\/div>\n<div class=\"border-line\">&nbsp;<\/div>\n","protected":false},"excerpt":{"rendered":"","protected":false},"author":3,"featured_media":14741,"parent":1646,"menu_order":1,"comment_status":"open","ping_status":"closed","template":"template-newsletter.php","meta":{"om_disable_all_campaigns":false,"_monsterinsights_skip_tracking":false,"_monsterinsights_sitenote_active":false,"_monsterinsights_sitenote_note":"","_monsterinsights_sitenote_category":0,"footnotes":""},"class_list":["post-1633","page","type-page","status-publish","has-post-thumbnail","hentry"],"_links":{"self":[{"href":"https:\/\/donation.vedicpandits.org\/fr\/wp-json\/wp\/v2\/pages\/1633","targetHints":{"allow":["GET"]}}],"collection":[{"href":"https:\/\/donation.vedicpandits.org\/fr\/wp-json\/wp\/v2\/pages"}],"about":[{"href":"https:\/\/donation.vedicpandits.org\/fr\/wp-json\/wp\/v2\/types\/page"}],"author":[{"embeddable":true,"href":"https:\/\/donation.vedicpandits.org\/fr\/wp-json\/wp\/v2\/users\/3"}],"replies":[{"embeddable":true,"href":"https:\/\/donation.vedicpandits.org\/fr\/wp-json\/wp\/v2\/comments?post=1633"}],"version-history":[{"count":72,"href":"https:\/\/donation.vedicpandits.org\/fr\/wp-json\/wp\/v2\/pages\/1633\/revisions"}],"predecessor-version":[{"id":76571,"href":"https:\/\/donation.vedicpandits.org\/fr\/wp-json\/wp\/v2\/pages\/1633\/revisions\/76571"}],"up":[{"embeddable":true,"href":"https:\/\/donation.vedicpandits.org\/fr\/wp-json\/wp\/v2\/pages\/1646"}],"wp:featuredmedia":[{"embeddable":true,"href":"https:\/\/donation.vedicpandits.org\/fr\/wp-json\/wp\/v2\/media\/14741"}],"wp:attachment":[{"href":"https:\/\/donation.vedicpandits.org\/fr\/wp-json\/wp\/v2\/media?parent=1633"}],"curies":[{"name":"wp","href":"https:\/\/api.w.org\/{rel}","templated":true}]}}