{"id":1646,"date":"2014-04-08T07:10:10","date_gmt":"2014-04-08T07:10:10","guid":{"rendered":"https:\/\/vedicpandits.org\/?page_id=1646"},"modified":"2021-03-22T16:12:26","modified_gmt":"2021-03-22T16:12:26","slug":"contact","status":"publish","type":"page","link":"https:\/\/donation.vedicpandits.org\/fr\/contact\/","title":{"rendered":"Contact"},"content":{"rendered":"<h4>N&rsquo;HESITEZ PAS A NOUS CONTACTER<\/h4>\n<p>Vous aimeriez contacter votre ambassadeur, choisissez votre pays dans le menu ci-dessous et cliquez sur \u00ab\u00a0valider\u00a0\u00bb \u00ab\u00a0submit\u00a0\u00bb.<\/p>\n\t\t<div class=\"gform_wrapper\">\n\t\t\t<div class=\"form-countrys\">\n\t\t        <div class=\"gform_body\">\n\t\t            <ul id=\"gform_fields_2\" class=\"gform_fields top_label description_below\">\n\t\t            \t<li id=\"field_2_1\" class=\"gfield\">\n\t\t            \t\t<label class=\"gfield_label\" for=\"input_2_1\">Country<\/label>\n\t\t            \t\t<div class=\"ginput_container\">\n\t\t            \t\t\t<select id=\"ambassador-value\" class=\"medium gfield_select\">\n\t\t            \t\t\t\t\n\t\t            \t\t\t\t\t<option value=\"7517\">Algeria<\/option>\n\n\t\t            \t\t\t\t\n\t\t            \t\t\t\t\t<option value=\"728\">Argentina<\/option>\n\n\t\t            \t\t\t\t\n\t\t            \t\t\t\t\t<option value=\"849\">Armenia<\/option>\n\n\t\t            \t\t\t\t\n\t\t            \t\t\t\t\t<option value=\"729\">Australia<\/option>\n\n\t\t            \t\t\t\t\n\t\t            \t\t\t\t\t<option value=\"730\">Austria<\/option>\n\n\t\t            \t\t\t\t\n\t\t            \t\t\t\t\t<option value=\"731\">Austria GMDO<\/option>\n\n\t\t            \t\t\t\t\n\t\t            \t\t\t\t\t<option value=\"732\">Belgium<\/option>\n\n\t\t            \t\t\t\t\n\t\t            \t\t\t\t\t<option value=\"88292\">Bosnia and Herzegovina<\/option>\n\n\t\t            \t\t\t\t\n\t\t            \t\t\t\t\t<option value=\"850\">Botswana and Namibia<\/option>\n\n\t\t            \t\t\t\t\n\t\t            \t\t\t\t\t<option value=\"733\">Brazil<\/option>\n\n\t\t            \t\t\t\t\n\t\t            \t\t\t\t\t<option value=\"734\">Bulgaria<\/option>\n\n\t\t            \t\t\t\t\n\t\t            \t\t\t\t\t<option value=\"737\">Canada<\/option>\n\n\t\t            \t\t\t\t\n\t\t            \t\t\t\t\t<option value=\"7544\">Chile<\/option>\n\n\t\t            \t\t\t\t\n\t\t            \t\t\t\t\t<option value=\"842\">Colombia<\/option>\n\n\t\t            \t\t\t\t\n\t\t            \t\t\t\t\t<option value=\"851\">Costa Rica<\/option>\n\n\t\t            \t\t\t\t\n\t\t            \t\t\t\t\t<option value=\"746\">C\u00f4te d'Ivoire<\/option>\n\n\t\t            \t\t\t\t\n\t\t            \t\t\t\t\t<option value=\"21646\">Crimea<\/option>\n\n\t\t            \t\t\t\t\n\t\t            \t\t\t\t\t<option value=\"749\">Croatia<\/option>\n\n\t\t            \t\t\t\t\n\t\t            \t\t\t\t\t<option value=\"853\">Cuba<\/option>\n\n\t\t            \t\t\t\t\n\t\t            \t\t\t\t\t<option value=\"854\">Cyprus<\/option>\n\n\t\t            \t\t\t\t\n\t\t            \t\t\t\t\t<option value=\"750\">Czech Republic<\/option>\n\n\t\t            \t\t\t\t\n\t\t            \t\t\t\t\t<option value=\"855\">Denmark<\/option>\n\n\t\t            \t\t\t\t\n\t\t            \t\t\t\t\t<option value=\"752\">Egypt<\/option>\n\n\t\t            \t\t\t\t\n\t\t            \t\t\t\t\t<option value=\"856\">El Salvador<\/option>\n\n\t\t            \t\t\t\t\n\t\t            \t\t\t\t\t<option value=\"857\">Estonia<\/option>\n\n\t\t            \t\t\t\t\n\t\t            \t\t\t\t\t<option value=\"7519\">Fiji<\/option>\n\n\t\t            \t\t\t\t\n\t\t            \t\t\t\t\t<option value=\"753\">Finland<\/option>\n\n\t\t            \t\t\t\t\n\t\t            \t\t\t\t\t<option value=\"628\">France<\/option>\n\n\t\t            \t\t\t\t\n\t\t            \t\t\t\t\t<option value=\"754\">Germany<\/option>\n\n\t\t            \t\t\t\t\n\t\t            \t\t\t\t\t<option value=\"757\">Ghana<\/option>\n\n\t\t            \t\t\t\t\n\t\t            \t\t\t\t\t<option value=\"759\">Greece<\/option>\n\n\t\t            \t\t\t\t\n\t\t            \t\t\t\t\t<option value=\"761\">Guadeloupe<\/option>\n\n\t\t            \t\t\t\t\n\t\t            \t\t\t\t\t<option value=\"51560\">Haiti<\/option>\n\n\t\t            \t\t\t\t\n\t\t            \t\t\t\t\t<option value=\"763\">Hong Kong<\/option>\n\n\t\t            \t\t\t\t\n\t\t            \t\t\t\t\t<option value=\"765\">Hungary<\/option>\n\n\t\t            \t\t\t\t\n\t\t            \t\t\t\t\t<option value=\"766\">Iceland<\/option>\n\n\t\t            \t\t\t\t\n\t\t            \t\t\t\t\t<option value=\"767\">Indonesia<\/option>\n\n\t\t            \t\t\t\t\n\t\t            \t\t\t\t\t<option value=\"768\">Iran<\/option>\n\n\t\t            \t\t\t\t\n\t\t            \t\t\t\t\t<option value=\"769\">Ireland<\/option>\n\n\t\t            \t\t\t\t\n\t\t            \t\t\t\t\t<option value=\"770\">Israel<\/option>\n\n\t\t            \t\t\t\t\n\t\t            \t\t\t\t\t<option value=\"771\">Italy<\/option>\n\n\t\t            \t\t\t\t\n\t\t            \t\t\t\t\t<option value=\"772\">Japan<\/option>\n\n\t\t            \t\t\t\t\n\t\t            \t\t\t\t\t<option value=\"860\">Jersey Channel Island<\/option>\n\n\t\t            \t\t\t\t\n\t\t            \t\t\t\t\t<option value=\"773\">Kazakhstan<\/option>\n\n\t\t            \t\t\t\t\n\t\t            \t\t\t\t\t<option value=\"775\">Lebanon<\/option>\n\n\t\t            \t\t\t\t\n\t\t            \t\t\t\t\t<option value=\"776\">Lithuania<\/option>\n\n\t\t            \t\t\t\t\n\t\t            \t\t\t\t\t<option value=\"861\">Luxembourg<\/option>\n\n\t\t            \t\t\t\t\n\t\t            \t\t\t\t\t<option value=\"777\">Malaysia<\/option>\n\n\t\t            \t\t\t\t\n\t\t            \t\t\t\t\t<option value=\"862\">Martinique<\/option>\n\n\t\t            \t\t\t\t\n\t\t            \t\t\t\t\t<option value=\"781\">Mauritius\t<\/option>\n\n\t\t            \t\t\t\t\n\t\t            \t\t\t\t\t<option value=\"783\">Mexico<\/option>\n\n\t\t            \t\t\t\t\n\t\t            \t\t\t\t\t<option value=\"864\">Mongolia<\/option>\n\n\t\t            \t\t\t\t\n\t\t            \t\t\t\t\t<option value=\"90841\">Montenegro<\/option>\n\n\t\t            \t\t\t\t\n\t\t            \t\t\t\t\t<option value=\"865\">Mozambique<\/option>\n\n\t\t            \t\t\t\t\n\t\t            \t\t\t\t\t<option value=\"786\">Netherlands<\/option>\n\n\t\t            \t\t\t\t\n\t\t            \t\t\t\t\t<option value=\"790\">New Zealand\t\t<\/option>\n\n\t\t            \t\t\t\t\n\t\t            \t\t\t\t\t<option value=\"791\">Norway<\/option>\n\n\t\t            \t\t\t\t\n\t\t            \t\t\t\t\t<option value=\"828\">Other countries<\/option>\n\n\t\t            \t\t\t\t\n\t\t            \t\t\t\t\t<option value=\"866\">Paraguay<\/option>\n\n\t\t            \t\t\t\t\n\t\t            \t\t\t\t\t<option value=\"792\">Philippines<\/option>\n\n\t\t            \t\t\t\t\n\t\t            \t\t\t\t\t<option value=\"794\">Poland\t\t\t<\/option>\n\n\t\t            \t\t\t\t\n\t\t            \t\t\t\t\t<option value=\"795\">Portugal\t<\/option>\n\n\t\t            \t\t\t\t\n\t\t            \t\t\t\t\t<option value=\"11365\">Puerto Rico<\/option>\n\n\t\t            \t\t\t\t\n\t\t            \t\t\t\t\t<option value=\"797\">Reunion<\/option>\n\n\t\t            \t\t\t\t\n\t\t            \t\t\t\t\t<option value=\"798\">Romania\t<\/option>\n\n\t\t            \t\t\t\t\n\t\t            \t\t\t\t\t<option value=\"867\">Russia<\/option>\n\n\t\t            \t\t\t\t\n\t\t            \t\t\t\t\t<option value=\"51559\">Saint Lucia<\/option>\n\n\t\t            \t\t\t\t\n\t\t            \t\t\t\t\t<option value=\"799\">Serbia<\/option>\n\n\t\t            \t\t\t\t\n\t\t            \t\t\t\t\t<option value=\"800\">Singapore<\/option>\n\n\t\t            \t\t\t\t\n\t\t            \t\t\t\t\t<option value=\"870\">Slovenia<\/option>\n\n\t\t            \t\t\t\t\n\t\t            \t\t\t\t\t<option value=\"868\">South Africa<\/option>\n\n\t\t            \t\t\t\t\n\t\t            \t\t\t\t\t<option value=\"803\">South Korea\t\t<\/option>\n\n\t\t            \t\t\t\t\n\t\t            \t\t\t\t\t<option value=\"804\">Spain<\/option>\n\n\t\t            \t\t\t\t\n\t\t            \t\t\t\t\t<option value=\"805\">Sweden\t\t\t<\/option>\n\n\t\t            \t\t\t\t\n\t\t            \t\t\t\t\t<option value=\"807\">Switzerland<\/option>\n\n\t\t            \t\t\t\t\n\t\t            \t\t\t\t\t<option value=\"809\">Taiwan<\/option>\n\n\t\t            \t\t\t\t\n\t\t            \t\t\t\t\t<option value=\"811\">Thailand<\/option>\n\n\t\t            \t\t\t\t\n\t\t            \t\t\t\t\t<option value=\"812\">Trinidad and Tobago\t\t<\/option>\n\n\t\t            \t\t\t\t\n\t\t            \t\t\t\t\t<option value=\"813\">Turkey<\/option>\n\n\t\t            \t\t\t\t\n\t\t            \t\t\t\t\t<option value=\"814\">Ukraine\t<\/option>\n\n\t\t            \t\t\t\t\n\t\t            \t\t\t\t\t<option value=\"11405\">United Arab Emirates<\/option>\n\n\t\t            \t\t\t\t\n\t\t            \t\t\t\t\t<option value=\"815\">United Kingdom\t\t<\/option>\n\n\t\t            \t\t\t\t\n\t\t            \t\t\t\t\t<option value=\"818\">Uruguay\t<\/option>\n\n\t\t            \t\t\t\t\n\t\t            \t\t\t\t\t<option value=\"627\">USA<\/option>\n\n\t\t            \t\t\t\t\n\t\t            \t\t\t\t\t<option value=\"819\">Uzbekistan\t<\/option>\n\n\t\t            \t\t\t\t\n\t\t            \t\t\t\t\t<option value=\"11404\">Venezuela<\/option>\n\n\t\t            \t\t\t\t\n\t\t            \t\t\t\t\t<option value=\"820\">Vietnam<\/option>\n\n\t\t            \t\t\t\t\n\t\t            \t\t\t\t\t<option value=\"872\">Zambia<\/option>\n\n\t\t            \t\t\t\t\t\t            \t\t\t<\/select>\n\t\t            \t\t<\/div>\n\t\t            \t<\/li>\n\t\t            <\/ul>\n\t\t            <\/div>\n\t\t        <div class=\"gform_footer top_label\"> \n\t\t        \t<a href=\"https:\/\/donation.vedicpandits.org\/fr\/contact\/\" class=\"button gform_button ambassadors-button\">> Submit<\/a>\n\t\t        <\/div>\n\t\t    <\/div>\n\t\t    <div class=\"cl\">&nbsp;<\/div>\n\t\t<\/div>\n\t\n<div class=\"border-line\">&nbsp;<\/div>\n<h4>AUTRES SITES D&rsquo;INT\u00c9R\u00caT<\/h4>\n<div class=\"grid-holder\">\n<div class=\"grid grid-desktop-50 grid-mobile-100\"><div class=\"holder\"><p>Pour donner en ligne par carte de cr\u00e9dit <a href=\"https:\/\/aro.vedicpandits.org\/fr\/donate\" rel=\"noopener\" target=\"_blank\">ICI<\/a><br \/>\nYagyas sp\u00e9cifiques pour anniversaires et autres occasions <a href=\"https:\/\/donation.vedicpandits.org\/fr\/yagya\/special-yagya\/\" rel=\"noopener\" target=\"_blank\">ICI<\/a><br \/>\nVisionnez notre belle collection de cartes \u00e9lectroniques gratuites <a href=\"https:\/\/donation.vedicpandits.org\/fr\/ecard\/\" rel=\"noopener\" target=\"_blank\">ICI<\/a><br \/>\njourn\u00e9e portes ouvertes yagya &#8211; archives du Jour de l&rsquo;Europe invincible <a href=\"https:\/\/donation.vedicpandits.org\/open-yagya-day\/\" rel=\"noopener\" target=\"_blank\">ICI<\/a><br \/>\nT\u00e9moignages \u00e0 propos des yagyas nationaux et des yagyas sp\u00e9cifiques <a href=\"https:\/\/donation.vedicpandits.org\/fr\/testimonials\/\" rel=\"noopener\" target=\"_blank\">ICI<\/a><\/p>\n<\/div><\/div>\n<div class=\"grid grid-desktop-50 grid-mobile-100\"><div class=\"holder\"><p>Site internet des cours en Inde Maharishi <a href=\"https:\/\/www.maharishiindiacourses.com\/fr\/\" rel=\"noopener\" target=\"_blank\">ICI<\/a><br \/>\nPage Facebook des pandits v\u00e9diques Maharishi <a href=\"https:\/\/www.facebook.com\/VedicPandits\" rel=\"noopener\" target=\"_blank\">ICI<\/a><br \/>\nPage Facebook de l&rsquo;Initiative de la paix mondiale <a href=\"https:\/\/www.facebook.com\/globalpeaceGPI\/?fref=ts\" rel=\"noopener\" target=\"_blank\">ICI<\/a><br \/>\nCha\u00eene YouTube des pandits v\u00e9diques Maharishi <a href=\"http:\/\/www.youtube.com\/user\/vedicpandits\" rel=\"noopener\" target=\"_blank\">ICI<\/a><br \/>\nSite Maharishi Veda App  <a href=\"https:\/\/www.maharishivedaapp.com\/\" rel=\"noopener\" target=\"_blank\">ICI<\/a><br \/>\nCours de MERU \u00e0 Vlodrop, Pays Bas <a href=\"https:\/\/www.meru.international\/\" rel=\"noopener\" target=\"_blank\">ICI<\/a><\/p>\n<\/div><\/div>\n<\/div>\n<div class=\"border-line\">&nbsp;<\/div>\n<h4>Brahmananda Saraswati Trust<\/h4>\n<p>MERU, Station 24<br \/>\n6063NP Vlodrop,<br \/>\nThe Netherlands<br \/>\n<a href=\"mailto:contact@vedicpandits.org\">contact@vedicpandits.org<\/a><\/p>\n<h4>Brahmananda Saraswati Foundation<\/h4>\n<p>PO Box 2316<br \/>\nFairfield, Iowa 52556<br \/>\nUSA<br \/>\n+1 641 209 5022<br \/>\n<a href=\"mailto:support@bsf-international.org\">support@bsf-international.org<\/a><\/p>\n<p>Vous n&rsquo;avez pas d&rsquo;ambassadeur dans votre pays et vous aimeriez \u00eatre notre repr\u00e9sentant, contactez nous: contact@vedicpandits.org <\/p>\n","protected":false},"excerpt":{"rendered":"<p>N&rsquo;HESITEZ PAS A NOUS CONTACTER Vous aimeriez contacter votre ambassadeur, choisissez votre pays dans le menu ci-dessous et cliquez sur \u00ab\u00a0valider\u00a0\u00bb \u00ab\u00a0submit\u00a0\u00bb. AUTRES SITES D&rsquo;INT\u00c9R\u00caT Brahmananda Saraswati Trust MERU, Station 24 6063NP Vlodrop, The Netherlands contact@vedicpandits.org Brahmananda Saraswati Foundation PO Box 2316 Fairfield, Iowa 52556 USA +1 641 209 5022 support@bsf-international.org Vous n&rsquo;avez pas d&rsquo;ambassadeur [&hellip;]<\/p>\n","protected":false},"author":3,"featured_media":160,"parent":0,"menu_order":0,"comment_status":"open","ping_status":"closed","template":"","meta":{"om_disable_all_campaigns":false,"_monsterinsights_skip_tracking":false,"_monsterinsights_sitenote_active":false,"_monsterinsights_sitenote_note":"","_monsterinsights_sitenote_category":0,"footnotes":""},"class_list":["post-1646","page","type-page","status-publish","has-post-thumbnail","hentry"],"_links":{"self":[{"href":"https:\/\/donation.vedicpandits.org\/fr\/wp-json\/wp\/v2\/pages\/1646","targetHints":{"allow":["GET"]}}],"collection":[{"href":"https:\/\/donation.vedicpandits.org\/fr\/wp-json\/wp\/v2\/pages"}],"about":[{"href":"https:\/\/donation.vedicpandits.org\/fr\/wp-json\/wp\/v2\/types\/page"}],"author":[{"embeddable":true,"href":"https:\/\/donation.vedicpandits.org\/fr\/wp-json\/wp\/v2\/users\/3"}],"replies":[{"embeddable":true,"href":"https:\/\/donation.vedicpandits.org\/fr\/wp-json\/wp\/v2\/comments?post=1646"}],"version-history":[{"count":13,"href":"https:\/\/donation.vedicpandits.org\/fr\/wp-json\/wp\/v2\/pages\/1646\/revisions"}],"predecessor-version":[{"id":51580,"href":"https:\/\/donation.vedicpandits.org\/fr\/wp-json\/wp\/v2\/pages\/1646\/revisions\/51580"}],"wp:featuredmedia":[{"embeddable":true,"href":"https:\/\/donation.vedicpandits.org\/fr\/wp-json\/wp\/v2\/media\/160"}],"wp:attachment":[{"href":"https:\/\/donation.vedicpandits.org\/fr\/wp-json\/wp\/v2\/media?parent=1646"}],"curies":[{"name":"wp","href":"https:\/\/api.w.org\/{rel}","templated":true}]}}