{"id":1651,"date":"2014-04-08T07:40:21","date_gmt":"2014-04-08T07:40:21","guid":{"rendered":"https:\/\/vedicpandits.org\/?page_id=1651"},"modified":"2014-12-30T12:14:46","modified_gmt":"2014-12-30T12:14:46","slug":"events","status":"publish","type":"page","link":"https:\/\/donation.vedicpandits.org\/fr\/contact\/events\/","title":{"rendered":"\u00c9v\u00e9nements et cours"},"content":{"rendered":"<h4>NOS CAMPUS ONT ACCUEILLI DES INVITES DU MONDE ENTIER.<\/h4>\n<p>Des milliers de personnes ont d\u00e9j\u00e0 particip\u00e9 \u00e0 des \u00e9v\u00e9nements, des cours et des visites sur trois sites principaux.<br \/>\nNous serions tr\u00e8s heureux de vous accueillir dans l&rsquo;un de ces centres. Vous pourrez y faire l&rsquo;exp\u00e9rience d\u2019un silence profond, \u00e0 proximit\u00e9 d&rsquo;un grand groupe d\u2019experts de la paix mondiale, tout en profitant sur place des r\u00e9citations des pandits v\u00e9diques Maharishi.<\/p>\n","protected":false},"excerpt":{"rendered":"<p>NOS CAMPUS ONT ACCUEILLI DES INVITES DU MONDE ENTIER. Des milliers de personnes ont d\u00e9j\u00e0 particip\u00e9 \u00e0 des \u00e9v\u00e9nements, des cours et des visites sur trois sites principaux. Nous serions tr\u00e8s heureux de vous accueillir dans l&rsquo;un de ces centres. Vous pourrez y faire l&rsquo;exp\u00e9rience d\u2019un silence profond, \u00e0 proximit\u00e9 d&rsquo;un grand groupe d\u2019experts de [&hellip;]<\/p>\n","protected":false},"author":3,"featured_media":57,"parent":1646,"menu_order":0,"comment_status":"open","ping_status":"closed","template":"template-events.php","meta":{"om_disable_all_campaigns":false,"_monsterinsights_skip_tracking":false,"_monsterinsights_sitenote_active":false,"_monsterinsights_sitenote_note":"","_monsterinsights_sitenote_category":0,"footnotes":""},"class_list":["post-1651","page","type-page","status-publish","has-post-thumbnail","hentry"],"_links":{"self":[{"href":"https:\/\/donation.vedicpandits.org\/fr\/wp-json\/wp\/v2\/pages\/1651","targetHints":{"allow":["GET"]}}],"collection":[{"href":"https:\/\/donation.vedicpandits.org\/fr\/wp-json\/wp\/v2\/pages"}],"about":[{"href":"https:\/\/donation.vedicpandits.org\/fr\/wp-json\/wp\/v2\/types\/page"}],"author":[{"embeddable":true,"href":"https:\/\/donation.vedicpandits.org\/fr\/wp-json\/wp\/v2\/users\/3"}],"replies":[{"embeddable":true,"href":"https:\/\/donation.vedicpandits.org\/fr\/wp-json\/wp\/v2\/comments?post=1651"}],"version-history":[{"count":4,"href":"https:\/\/donation.vedicpandits.org\/fr\/wp-json\/wp\/v2\/pages\/1651\/revisions"}],"predecessor-version":[{"id":1655,"href":"https:\/\/donation.vedicpandits.org\/fr\/wp-json\/wp\/v2\/pages\/1651\/revisions\/1655"}],"up":[{"embeddable":true,"href":"https:\/\/donation.vedicpandits.org\/fr\/wp-json\/wp\/v2\/pages\/1646"}],"wp:featuredmedia":[{"embeddable":true,"href":"https:\/\/donation.vedicpandits.org\/fr\/wp-json\/wp\/v2\/media\/57"}],"wp:attachment":[{"href":"https:\/\/donation.vedicpandits.org\/fr\/wp-json\/wp\/v2\/media?parent=1651"}],"curies":[{"name":"wp","href":"https:\/\/api.w.org\/{rel}","templated":true}]}}