{"id":1656,"date":"2014-04-10T12:36:56","date_gmt":"2014-04-10T12:36:56","guid":{"rendered":"https:\/\/vedicpandits.org\/?page_id=1656"},"modified":"2023-01-25T12:40:02","modified_gmt":"2023-01-25T12:40:02","slug":"faq","status":"publish","type":"page","link":"https:\/\/donation.vedicpandits.org\/fr\/contact\/faq\/","title":{"rendered":"FAQ"},"content":{"rendered":"<h5>PANDITS V\u00c9DIQUES MAHARISHI<\/h5>\n<p><em>POUR QUELLES RAISONS LE GROUPE EST-IL CONSTITU\u00c9 UNIQUEMENT DE PANDITS V\u00c9DIQUES MAHARISHI ?<\/em><br \/>\nLes recherches scientifiques prouvent que des groupes constitu\u00e9s de personnes d\u2019horizons diff\u00e9rents et qui pratiquent ensemble le vol yogique cr\u00e9ent une profonde influence de paix. N\u00e9anmoins, le maintien de l\u2019harmonie dans la soci\u00e9t\u00e9 incombe traditionnellement aux pandits v\u00e9diques Maharishi. Pour y parvenir, ils participent \u00e0 de longues sessions de m\u00e9ditation et de vol yogique et r\u00e9alisent des yagyas sp\u00e9cifiques pour la paix. Seuls les pandits v\u00e9diques Maharishi peuvent avoir, par des yagyas quotidiens, une puissante influence sur la paix.<\/p>\n<p><em>QUELLE EST LA DIFF\u00c9RENCE ENTRE LES PANDITS V\u00c9DIQUES ET LES PANDITS V\u00c9DIQUES MAHARISHI ?<\/em><br \/>\nTout d&rsquo;abord, les pandits v\u00e9diques Maharishi pratiquent la M\u00e9ditation Transcendantale et le programme de MT-Sidhi, y compris le vol yogique. Ces techniques m\u00e8nent \u00e0 l\u2019exp\u00e9rience directe de la conscience pure transcendantale qui constitue la base de toute la connaissance v\u00e9dique.<\/p>\n<p>Gr\u00e2ce \u00e0 leur m\u00e9ditation quotidienne, les pandits v\u00e9diques Maharishi accomplissent les yagyas \u00e0 un niveau plus apais\u00e9 de la conscience. Ils agissent \u00e0 des niveaux plus profonds de la loi naturelle, rendant ainsi les Yagyas plus puissants.<\/p>\n<p>En outre, Maharishi a travaill\u00e9 pendant des d\u00e9cennies en \u00e9troite coop\u00e9ration avec les ma\u00eetres pandits les plus \u00e9minents afin de rendre \u00e0 la formation des pandits v\u00e9diques toute son efficacit\u00e9. Une pratique et une prononciation appropri\u00e9es sont d\u00e9sormais au centre de cet enseignement qui a ainsi retrouv\u00e9 son aspect traditionnel. Bien souvent, les visiteurs remarquent la prononciation lente et douce des pandits v\u00e9diques Maharishi lors des r\u00e9citations. Cette prononciation conf\u00e8re en effet une authenticit\u00e9 et une vitalit\u00e9 r\u00e9elles aux sons v\u00e9diques lorsqu\u2019ils r\u00e9sonnent dans l&rsquo;environnement.<\/p>\n<p><em>COMBIEN Y\u2019A-T-IL ACTUELLEMENT DE PANDITS V\u00c9DIQUES MAHARISHI ?<\/em><br \/>\nLe groupe du campus au Brahmasthan de l&rsquo;Inde compte actuellement environ 2 000 pandits v\u00e9diques Maharishi. Plus de 3 000 \u00e9l\u00e8ves suivent actuellement leur cursus dans les 26 centres de formation en r\u00e9sidence que compte l\u2019Inde. <\/p>\n<p><em>DEFINITION DU VEDA<\/em><br \/>\nLe terme \u00ab Veda \u00bb signifie \u00ab connaissance \u00bb. Bien plus que la connaissance des livres anciens, le Veda repr\u00e9sente, comme l&rsquo;explique Maharishi, la connaissance et le pouvoir organisateur qui sous-tend et r\u00e9git l&rsquo;ensemble de la cr\u00e9ation. Le Veda contient la connaissance qui permet de mener une vie hautement \u00e9panouie et accomplie : l\u2019\u00e9tat d&rsquo;illumination.<\/p>\n<p><em>DEFINITION DU VOL YOGIQUE<\/em><br \/>\nLe vol yogique fait partie du programme de MT-Sidhi. Lorsqu\u2019on pratique le vol yogique, la coh\u00e9rence silencieuse qu\u2019atteint le cerveau lors d\u2019une m\u00e9ditation profonde va de pair avec l\u2019activit\u00e9 dynamique, ce qui m\u00e8ne au d\u00e9veloppement d\u2019\u00e9tat de conscience plus \u00e9lev\u00e9s. Pratiqu\u00e9 en groupe, le vol yogique r\u00e9pand une influence de coh\u00e9rence et d\u2019harmonie dans la soci\u00e9t\u00e9. C&rsquo;est sur cette influence que se base l&rsquo;Initiative pour la paix mondiale.<\/p>\n<p><em>QUELLES<\/em><em> SONT LES ACTIVIT\u00c9S DES PANDITS V\u00c9DIQUES MAHARISHI ?<\/em><br \/>\nLeur routine a \u00e9t\u00e9 \u00e9labor\u00e9e par Maharishi : lever matinal, m\u00e9ditation, vol en groupe, r\u00e9citations des yagyas Maharishi, repas en groupe et temps libre.<\/p>\n<p><em>POUR QUELLES RAISONS LE BRAHMASTHAN DE L&rsquo;INDE A-T-IL \u00c9T\u00c9 CHOISI ?<\/em><br \/>\nLe terme \u00ab Brahmasthan \u00bb fait r\u00e9f\u00e9rence au point central d&rsquo;un territoire habit\u00e9, par exemple d&rsquo;une maison, d&rsquo;une ville ou d&rsquo;un pays. Maharishi a indiqu\u00e9 que pour exercer une influence maximale sur la paix, un groupe d\u2019experts en vol yogique devait se rassembler au Brahmasthan d&rsquo;un pays. C&rsquo;est la raison pour laquelle le campus principal des pandits v\u00e9diques Maharishi se situe au Brahmasthan de l&rsquo;Inde, pr\u00e8s de Jabalpur au Madhya Pradesh.<\/p>\n<p><em>QUE SE PASSERA-T-IL LORSQUE LE GROUPE DE PANDITS V\u00c9DIQUES MAHARISHI AURA ATTEINT 9 000 ?<\/em><br \/>\nNous organiserons une c\u00e9l\u00e9bration. Une nouvelle \u00e8re de paix mondiale d\u00e9butera. Une marge de progr\u00e8s \u00e9tant toujours possible, le Fonds et la Fondation continueront \u00e0 accro\u00eetre le nombre de pandits en Inde, qui pratiquent le vol yogique en groupe et r\u00e9alisent des yagyas, pour renforcer encore l&rsquo;influence de paix et de coh\u00e9rence dans le monde entier.<\/p>\n<p><em>COMMENT PUIS-JE ETRE INFORM\u00c9 DE L&rsquo;\u00c9VOLUTION DU GROUPE DE PANDITS ?<\/em><br \/>\nEn s\u2019abonnant gratuitement \u00e0 la circulaire. Chaque mois, le Dr. Harris Kaplan, directeur du Fonds Brahmananda Saraswati, envoie un e-mail d&rsquo;une page \u00e0 tous les abonn\u00e9s. Si vous effectuez vos dons sur ce site, vous recevrez automatiquement la circulaire.<\/p>\n<p>Vous pouvez \u00e9galement contacter votre ambassadeur national afin de lui demander de vous informer des initiatives prises dans votre pays.<\/p>\n<p><em>PUIS-JE PARRAINER UN SEUL PANDIT V\u00c9DIQUE MAHARISHI ?<\/em><br \/>\nPour nous permettre de disposer d\u2019une base r\u00e9guli\u00e8re, nous vous remercions de privil\u00e9gier les dons mensuels. Vous pouvez choisir d&rsquo;allouer l&rsquo;ensemble ou une fraction de votre don \u00e0 un pandit. La somme n\u00e9cessaire au parrainage d\u2019un pandit v\u00e9dique Maharishi est de 250 USD par mois. Cette somme couvre les frais d&rsquo;h\u00e9bergement en pension compl\u00e8te, le salaire, les frais de gestion, les fournitures pour les yagyas et les faux frais. Toutefois, pour que les pandits restent totalement focalis\u00e9s sur leur responsabilit\u00e9, aucun lien n\u2019est \u00e9tabli entre un donateur et le pandit qu&rsquo;il parraine.<\/p>\n<h5>DONS ET FINANCES <\/h5>\n<p><em>QUELLE EST LA DIFF\u00c9RENCE ENTRE UN DON POUR UN YAGYA NATIONAL MAHARISHI ET UN DON POUR LES PANDITS V\u00c9DIQUES MAHARISHI ?<\/em><br \/>\nTous les dons vers\u00e9s en faveur des pandits v\u00e9diques Maharishi concourent automatiquement au programme de yagyas nationaux.<\/p>\n<p><em>PUIS-JE BENEFICIER D\u2019UNE D\u00c9DUCTION FISCALE ?<\/em><br \/>\nPour les donateurs de l&rsquo;Union Europ\u00e9enne : le fonds Stichting Brahmananda Saraswati (Pays-Bas) b\u00e9n\u00e9ficie du statut n\u00e9erlandais d\u2019organisme d&rsquo;utilit\u00e9 publique (ANBI). Les dons des contribuables domicili\u00e9s aux Pays-Bas donnent droit \u00e0 une d\u00e9duction fiscale. N\u00e9anmoins, seuls certains pays de l&rsquo;UE autorisent une d\u00e9duction fiscale pour des dons \u00e0 des institutions \u00e9trang\u00e8res. Votre ambassadeur pourra vous apporter tout renseignement utile.<\/p>\n<p>Pour les donateurs domicili\u00e9s aux \u00c9tats-Unis : la fondation Brahmananda Saraswati est un organisme \u00e0 but non lucratif, tel que d\u00e9fini \u00e0 l&rsquo;article 501(c)(3) du code f\u00e9d\u00e9ral des imp\u00f4ts am\u00e9ricains (IRC). Pour les contribuables am\u00e9ricains, les dons ouvrent droit \u00e0 une d\u00e9duction fiscale<\/p>\n<p>Pour les donateurs d&rsquo;autres pays : dans certains pays, les dons en faveur des pandits v\u00e9diques Maharishi sont fiscalement d\u00e9ductibles. Citons le Royaume-Uni, le Canada et la Nouvelle-Z\u00e9lande. Cliquez sur le nom de votre pays pour savoir comment effectuer un don par le biais d\u2019une organisation nationale. M\u00eame en l\u2019absence de d\u00e9duction fiscale dans votre pays, il est possible d\u2019effectuer des dons en ligne en faveur du Fonds Brahmanandha Saraswati ou de la Fondation Brahmanandha Saraswati.<\/p>\n<p><em>POURQUOI EST-IL SI IMPORTANT D\u2019EFFECTUER UN DON MENSUEL ?<\/em><br \/>\nLes dons ponctuels sont toujours les bienvenus et restent tr\u00e8s utiles. Toutefois, les pandits v\u00e9diques Maharishi sont recrut\u00e9s au Brahmasthan de l\u2019Inde pour y effectuer toute leur carri\u00e8re. Nous souhaitons donc qu\u2019ils sachent que leur parrainage est garanti \u00e0 long terme. C&rsquo;est la raison pour laquelle nous appr\u00e9cions des donateurs qu\u2019ils fassent des dons mensuels r\u00e9guliers. L\u2019assise financi\u00e8re ainsi obtenue permettra de constituer un groupe de 9 000 pandits.<\/p>\n<p><em>QUEL POURCENTAGE DES DONS SERT \u00c0 FINANCER LES PANDITS V\u00c9DIQUES ?<\/em><br \/>\nPlus de 90 % des dons r\u00e9guliers sont consacr\u00e9s aux pandits v\u00e9diques Maharishi en Inde. Moins de 10 % servent \u00e0 couvrir les frais de carte de cr\u00e9dit, les virements bancaires et les frais de gestion. Pour une organisation caritative, un pourcentage de d\u00e9penses inf\u00e9rieur \u00e0 10% des recettes est consid\u00e9r\u00e9 comme tr\u00e8s raisonnable.<\/p>\n<p><em>COMBIEN DE PAYS VERSENT DES DONS AUX PANDITS V\u00c9DIQUES MAHARISHI ?<\/em><br \/>\nDes donateurs de plus de 100 pays apportent leur soutien aux pandits v\u00e9diques Maharishi.<\/p>\n<p><em>COMMENT LE FONDS DE DOTATION EST-IL G\u00c9R\u00c9 ?<\/em><br \/>\nLes dons vers\u00e9s au fonds de dotation ne vont pas en Inde mais sont investis. Seuls les revenus des investissements sont utilis\u00e9s pour soutenir les Pandits, de sorte que le fonds de dotation n&rsquo;est jamais \u00e9puis\u00e9. Le comit\u00e9 d&rsquo;investissement du BSF et de la BST est g\u00e9r\u00e9 par un groupe d&rsquo;administrateurs exp\u00e9riment\u00e9s issus de diff\u00e9rentes entreprises et institutions financi\u00e8res. <a href=\"https:\/\/donation.vedicpandits.org\/fr\/about-us\/#comite_financier\" rel=\"noopener\" target=\"_blank\">Cliquez ici<\/a> pour voir le comit\u00e9 d&rsquo;investissement.<\/p>\n<p><a id=\"bequests\" name=\"bequests\"><\/a><\/p>\n<div class=\"faqstyle\"><em>PUIS-JE FAIRE UN LEGS AUX PANDITS VEDIQUES MAHARISHI DANS MON TESTAMENT?<\/em><br \/>\nOui. Nommer la Fondation Brahmananda Saraswati (BSF) dans votre testament vous permet de faire un don caritatif important aux Pandits V\u00e9diques Maharishi.  Les avantages sont doubles &#8211; pour soutenir les pandits v\u00e9diques Maharishi et pour vous-m\u00eame. Un acte de donation \u00e0 une telle cause si rare et si digne est extr\u00eamement b\u00e9n\u00e9fique. Pour toute question, contacter Jeannie Rose :<br \/>\njeannie@bsf-international.org<br \/>\nPour plus d\u2019information lisez ci-dessous<\/p>\n<\/div>\n<div class=\"faqstyle\"><em>QUELLES MESURES DOIS JE PRENDRE POUR FAIRE UN LEGS AUX PANDITS VEDIQUES MAHARISHI DANS MON TESTAMENT?<\/em><\/p>\n<p>Les donateurs peuvent faire un legs \u00e0 la Fondation Brahmananda Saraswati USA, qui est une organisation caritative 501 (c) (3) \u00e0 but non lucratif aux \u00c9tats-Unis. Veuillez  nous contacter  \u00e0 BSF car il peut \u00eatre plus int\u00e9ressant de cr\u00e9er un Trust sp\u00e9cial Brahmananda Saraswati dans votre pays pour maximiser vos avantages fiscaux locaux. Veuillez en lire plus ci-dessous sur la formulation dans votre testament. Vous pouvez contacter Jeannie Rose \u2013 jeannie@bsf-international.org<\/p>\n<p>Un donateur doit se renseigner aupr\u00e8s d\u2019un conseiller fiscal ind\u00e9pendant afin de s&rsquo;assurer que sa derni\u00e8re volont\u00e9 r\u00e9ponde \u00e0 toutes les exigences l\u00e9gales et fiscales de son pays. Lorsque vous souhaitez faire un legs aux Pandits V\u00e9diques Maharishi, nous pouvons vous aider avec ce processus en sugg\u00e9rant un exemple de termes \u00e0 utiliser (voir ci-dessous) qui pourrait servir \u00e0 votre conseiller juridique lors de la r\u00e9daction d&rsquo;un legs simple dans votre testament.<\/p>\n<\/div>\n<div class=\"faqstyle\"><em>COMMENT PUIS-JE CLAIREMENT \u00c9NONCER LE B\u00c9N\u00c9FICIAIRE DANS MON TESTAMENT?<\/em><\/p>\n<p>Le b\u00e9n\u00e9ficiaire d&rsquo;un testament doit \u00eatre nomm\u00e9 de fa\u00e7on pr\u00e9cise. Il doit sp\u00e9cifiquement mentionner le b\u00e9n\u00e9ficiaire comme \u00abFondation Brahmananda Saraswati\u00bb. Il ne peut pas simplement dire \u201cPandits v\u00e9diques\u201d ou \u201cpandits v\u00e9diques Maharishi\u201d. De plus, le testament doit inclure l&rsquo;adresse compl\u00e8te et l&rsquo;identification fiscale de BSF. Les deux sont \u00e9num\u00e9r\u00e9s ci-dessous.<br \/>\nLa formulation requise pour un testament afin de soutenir les Pandits v\u00e9diques est simple. Le don peut \u00eatre soit un montant fixe, un pourcentage de votre succession totale ou un pourcentage de votre succession apr\u00e8s d&rsquo;autres legs que vous auriez d\u00e9j\u00e0 faits. Un donateur peut utiliser l&rsquo;une de ces trois options  pour son testament\u201d. Ou le donateur peut utiliser une formulation sugg\u00e9r\u00e9e par son avocat.<br \/>\nNous avons pr\u00e9par\u00e9 un \u00ablangage sugg\u00e9r\u00e9\u00bb \u00e0 utiliser lorsque vous souhaitez faire un legs aux pandits v\u00e9diques Maharishi dans votre testament. <\/p>\n<div class=\"accordion\"><div class=\"accordion-entry\"><em><a href=\"#\">&gt;En savoir plus sur le fait de faire un legs aux pandits v\u00e9diques Maharishi<\/a><\/em><div class=\"hidden-content\">\n<p>&nbsp;<\/p>\n<h4>LANGAGE SUGG\u00c9R\u00c9 DANS UN TESTAMENT POUR BSF<\/h4>\n<p>Legs sp\u00e9cifique:<\/p>\n<p>\u00ab\u00a0Je donne \u00e0 la Fondation Brahmananda Saraswati, situ\u00e9e \u00e0 Fairfield Iowa, la somme de _______ $ \u00e0 utiliser pour son soutien g\u00e9n\u00e9ral d&rsquo;exploitation (ou pour le soutien d&rsquo;un lieu ou d&rsquo;un programme sp\u00e9cifique).\u00a0\u00bb<\/p>\n<p>OU A<\/p>\n<p>Pourcentage de succession:<\/p>\n<p>\u00ab\u00a0Je donne _____% de mes biens \u00e0 la Fondation Brahmananda Saraswati, situ\u00e9e \u00e0 Fairfield Iowa.\u00a0\u00bb<\/p>\n<p>OU A<\/p>\n<p>Legs r\u00e9siduel: Un legs r\u00e9siduel nous parvient apr\u00e8s le paiement de vos droits successoraux et de vos legs sp\u00e9cifiques.<\/p>\n<p>\u00ab\u00a0Je l\u00e8gue \u00e0 la Fondation Brahmananda Saraswati, situ\u00e9e \u00e0 Fairfield, Iowa, tout (ou un pourcentage indiqu\u00e9) du solde de ma succession, \u00e0 la fois r\u00e9el et personnel, \u00e0 utiliser pour son fonctionnement g\u00e9n\u00e9ral (ou pour le soutien d&rsquo;un lieu ou programme sp\u00e9cifique). \u00a0\u00bb<\/p>\n<p>Le donateur utilise la taxation d&rsquo;Etat du gouvernement am\u00e9ricain. # 26-2986750 de la Fondation Brahmananda Saraswati.<\/p>\n<p>Fondation Brahmananda Saraswati<br \/>\n1100 N. 4th Street, Suite 124<br \/>\nFairfield, Iowa 52556<br \/>\nT\u00e9l\u00e9phone: 1-641-209-5022<br \/>\nVoici un lien vers Questions et R\u00e9ponses. https:\/\/donate.vedicpandits.org\/donate\/faq.php<\/p>\n<p>Vous pouvez contacter Jeannie Rose &#8211; jeannie@bsf-international.org<\/p>\n<p>Nous esp\u00e9rons que tout cela est clair et utile pour vous. Beaucoup de gens nous ont demand\u00e9 de les conseiller et de les guider pour offrir leur dernier don \u00e0 ce programme si cher \u00e0 Maharishi et si pr\u00e9cieux pour l&rsquo;avenir de l&rsquo;humanit\u00e9.<\/p>\n<a href=\"#\" class=\"close\">Close Section<\/a><\/div><\/div>\n<\/div>\n","protected":false},"excerpt":{"rendered":"<p>PANDITS V\u00c9DIQUES MAHARISHI POUR QUELLES RAISONS LE GROUPE EST-IL CONSTITU\u00c9 UNIQUEMENT DE PANDITS V\u00c9DIQUES MAHARISHI ? Les recherches scientifiques prouvent que des groupes constitu\u00e9s de personnes d\u2019horizons diff\u00e9rents et qui pratiquent ensemble le vol yogique cr\u00e9ent une profonde influence de paix. N\u00e9anmoins, le maintien de l\u2019harmonie dans la soci\u00e9t\u00e9 incombe traditionnellement aux pandits v\u00e9diques Maharishi. [&hellip;]<\/p>\n","protected":false},"author":3,"featured_media":165,"parent":1646,"menu_order":0,"comment_status":"open","ping_status":"closed","template":"","meta":{"om_disable_all_campaigns":false,"_monsterinsights_skip_tracking":false,"_monsterinsights_sitenote_active":false,"_monsterinsights_sitenote_note":"","_monsterinsights_sitenote_category":0,"footnotes":""},"class_list":["post-1656","page","type-page","status-publish","has-post-thumbnail","hentry"],"_links":{"self":[{"href":"https:\/\/donation.vedicpandits.org\/fr\/wp-json\/wp\/v2\/pages\/1656","targetHints":{"allow":["GET"]}}],"collection":[{"href":"https:\/\/donation.vedicpandits.org\/fr\/wp-json\/wp\/v2\/pages"}],"about":[{"href":"https:\/\/donation.vedicpandits.org\/fr\/wp-json\/wp\/v2\/types\/page"}],"author":[{"embeddable":true,"href":"https:\/\/donation.vedicpandits.org\/fr\/wp-json\/wp\/v2\/users\/3"}],"replies":[{"embeddable":true,"href":"https:\/\/donation.vedicpandits.org\/fr\/wp-json\/wp\/v2\/comments?post=1656"}],"version-history":[{"count":16,"href":"https:\/\/donation.vedicpandits.org\/fr\/wp-json\/wp\/v2\/pages\/1656\/revisions"}],"predecessor-version":[{"id":74117,"href":"https:\/\/donation.vedicpandits.org\/fr\/wp-json\/wp\/v2\/pages\/1656\/revisions\/74117"}],"up":[{"embeddable":true,"href":"https:\/\/donation.vedicpandits.org\/fr\/wp-json\/wp\/v2\/pages\/1646"}],"wp:featuredmedia":[{"embeddable":true,"href":"https:\/\/donation.vedicpandits.org\/fr\/wp-json\/wp\/v2\/media\/165"}],"wp:attachment":[{"href":"https:\/\/donation.vedicpandits.org\/fr\/wp-json\/wp\/v2\/media?parent=1656"}],"curies":[{"name":"wp","href":"https:\/\/api.w.org\/{rel}","templated":true}]}}