{"id":2501,"date":"2015-03-11T10:43:55","date_gmt":"2015-03-11T10:43:55","guid":{"rendered":"https:\/\/vedicpandits.org\/?page_id=2501"},"modified":"2017-11-27T12:59:15","modified_gmt":"2017-11-27T12:59:15","slug":"intermediary-donation-page","status":"publish","type":"page","link":"https:\/\/donation.vedicpandits.org\/fr\/intermediary-donation-page\/","title":{"rendered":"Intermediary Donation Page"},"content":{"rendered":"<h2 style=\"margin-bottom: 30px; color: white; background: none repeat scroll 0 0 #e37d22; font-size: 17px; text-align: center; padding-top: 10px;\">VOTRE SOUTIEN AUX GROUPES DE PANDITS V\u00c9DIQUES MAHARISHI<br \/>\nCR\u00c9E UNE PUISSANTE INFLUENCE DE PAIX DANS LE MONDE<\/h2>\n<div class=\"grid grid-desktop-30 grid-mobile-100\">\n<div class=\"holder\"><img loading=\"lazy\" decoding=\"async\" class=\"alignleft size-full wp-image-2490\" src=\"\/wp-content\/uploads\/2015\/03\/photo_pandit_donatepage1.jpg\" alt=\"photo_pandit_donatepage\" width=\"234\" height=\"284\" \/><\/div>\n<\/div>\n<div class=\"grid grid-desktop-70 grid-mobile-100\">\n<div class=\"holder\">Pour plus d&rsquo;informations sur le compte de don dans votre pays, s&rsquo;il vous pla\u00eet, cliquer sur votre pays ci-dessous:<br \/>\n<div class=\"accordion\"><div class=\"accordion-entry\"><em><a href=\"#\">&gt; FRANCE et BELGIQUE<\/a><\/em><div class=\"hidden-content\">\nCi-dessous, vous avez deux options. Vous pouvez faire un don en euros \u00e0 BST (en Hollande) ou en dollars US \u00e0 BSF (aux Etats Unis).<br \/>\nVous pouvez maintenant soutenir les pandits v\u00e9diques Maharishi et le programme des yagyas nationaux gr\u00e2ce \u00e0 un virement automatique via votre banque. Utiliser un formulaire SEPA est la fa\u00e7on la plus simple pour faire un don mensuel r\u00e9gulier sur le compte Brahmananda Saraswati Trust (BST) en Hollande.<br \/>\n&nbsp;<br \/>\n&nbsp;<br \/>\n&nbsp;<br \/>\n&nbsp;<\/p>\n<h1>SEPA Direct Debit<\/h1>\n<p>&nbsp;<br \/>\nLes virements SEPA sont r\u00e9serv\u00e9s aux pays de l\u2019Union Europ\u00e9enne qui utilisent l\u2019euro et sont sans frais.<\/p>\n<p>Vous pouvez vous procurer les conditions relatives \u00e0 un pr\u00e9l\u00e8vement SEPA aupr\u00e8s de votre banque.<\/p>\n<p style=\"text-align: center;\"><a class=\"btn btn-large\" href=\"\/wp-content\/uploads\/2016\/04\/adobe_corrected_for-website_french_form-for-SEPA-Direct-Debit-Mandate.pdf\">&gt; Vous pouvez t\u00e9l\u00e9charger le formulaire SEPA<\/a><\/p>\n<p>&nbsp;<\/p>\n<h1>virement bancaire<\/h1>\n<div class=\"grid-holder\">\n<div class=\"grid grid-desktop-50 grid-mobile-100\">\n<div class=\"holder\">\n<p>Coordonn\u00e9es de la banque :<\/p>\n<p>ING Bank, Roermond, The Netherlands<br \/>\nSwift Code\/BIC: INGBNL2A<br \/>\nAccount Name: BST<br \/>\nIBAN: NL74 INGB 0659 6208 04<\/p>\n<\/div>\n<\/div>\n<div class=\"grid grid-desktop-50 grid-mobile-100\">\n<div class=\"holder\">Adresse du b\u00e9n\u00e9ficiaire :<br \/>\nStation 24<br \/>\n6063NP Vlodrop<br \/>\nThe Netherlands<br \/>\nSi vous avez des questions concernant les dons \u00e0 Brahmananda Saraswati Trust (Pays-Bas), s&rsquo; il vous pla\u00eet \u00e9crivez-nous \u00e0 contact@vedicpandits.org<\/div>\n<\/div>\n<\/div>\n<p>&nbsp;<\/p>\n<h1>PayPal<\/h1>\n<p>Vous pouvez mettre en place un don r\u00e9gulier sous forme de virement mensuel en euros \u00e0 l&rsquo;organisation \u00ab\u00a0Brahmananda Saraswati Trust\u00a0\u00bb en Hollande ou par PayPal.<\/p>\n<p>A partir de 40 \u20ac par an, les dons sont fiscalement d\u00e9ductibles en Belgique.<\/p>\n<p><!-- Coordonn\u00e9es du PayPal : Pour des dons uniques ou occasionnels par PayPal, veuillez SVP indiquer l'adresse e-mail suivante en tant que destinataire du versement : BST108@maharishi.net--><\/p>\n<p>Pour des dons uniques ou occasionnels par PayPal ou par carte de cr\u00e9dit,<br \/>\npuis cliquer sur \u00ab faire un don \u00bb.<\/p>\n<form action=\"https:\/\/www.paypal.com\/cgi-bin\/webscr\" method=\"post\" target=\"_top\"><input name=\"cmd\" type=\"hidden\" value=\"_s-xclick\" \/><\/p>\n<p><input name=\"hosted_button_id\" type=\"hidden\" value=\"KX2WREXEW44M6\" \/><\/p>\n<p><input alt=\"PayPal - la solution de paiement en ligne la plus simple et la plus s\u00e9curis\u00e9e !\" name=\"submit\" src=\"https:\/\/www.paypalobjects.com\/fr_FR\/FR\/i\/btn\/btn_donateCC_LG.gif\" type=\"image\" \/><\/p>\n<p><img loading=\"lazy\" decoding=\"async\" src=\"https:\/\/www.paypalobjects.com\/en_US\/i\/scr\/pixel.gif\" alt=\"\" width=\"1\" height=\"1\" border=\"0\" \/><\/p>\n<\/form>\n<p>Pour des dons mensuels r\u00e9guliers par PayPal ou par carte de cr\u00e9dit, veuillez SVP s\u00e9lectionner le montant de votre don mensuel,<br \/>\npuis cliquer sur \u00ab faire un don \u00bb.<\/p>\n<form action=\"https:\/\/www.paypal.com\/cgi-bin\/webscr\" method=\"post\" target=\"_top\"><input name=\"cmd\" type=\"hidden\" value=\"_s-xclick\" \/><\/p>\n<p><input name=\"hosted_button_id\" type=\"hidden\" value=\"VY73A79X65WMA\" \/><\/p>\n<table>\n<tbody>\n<tr>\n<td><input name=\"on0\" type=\"hidden\" value=\"Dons mensuels reguliers\" \/>Dons mensuels r\u00e9guliers<\/td>\n<\/tr>\n<tr>\n<td><select name=\"os0\"><option value=\"Don de 10 Euro\">Don de 10 Euro : \u20ac10,00 EUR &#8211; mensuel<\/option><option value=\"Don de 25 Euro\">Don de 25 Euro : \u20ac25,00 EUR &#8211; mensuel<\/option><option value=\"Don de 50 Euro\">Don de 50 Euro : \u20ac50,00 EUR &#8211; mensuel<\/option><option value=\"Don de 125 Euro\">Don de 125 Euro : \u20ac125,00 EUR &#8211; mensuel<\/option><option value=\"Don de 250 Euro\">Don de 250 Euro : \u20ac250,00 EUR &#8211; mensuel<\/option><option value=\"Don de 500 Euro\">Don de 500 Euro : \u20ac500,00 EUR &#8211; mensuel<\/option><option value=\"Don de 1'250 Euro\">Don de 1&rsquo;250 Euro : \u20ac1&rsquo;250.00 EUR &#8211; mensuel<\/option><option value=\"Don de 2'500 Euro\">Don de 2&rsquo;500 Euro : \u20ac2&rsquo;500.00 EUR &#8211; mensuel<\/option><\/select><\/td>\n<\/tr>\n<\/tbody>\n<\/table>\n<p><input name=\"currency_code\" type=\"hidden\" value=\"EUR\" \/><\/p>\n<p><input alt=\"PayPal - la solution de paiement en ligne la plus simple et la plus s\u00e9curis\u00e9e !\" name=\"submit\" src=\"https:\/\/www.paypalobjects.com\/fr_FR\/FR\/i\/btn\/btn_donateCC_LG.gif\" type=\"image\" \/><\/p>\n<p><img loading=\"lazy\" decoding=\"async\" src=\"https:\/\/www.paypalobjects.com\/en_US\/i\/scr\/pixel.gif\" alt=\"\" width=\"1\" height=\"1\" border=\"0\" \/><\/p>\n<\/form>\n<p>&nbsp;<\/p>\n<h1>Faire un don en dollars US ou en Euros<\/h1>\n<p>Pour faire un don en ligne aux pandits v\u00e9diques Maharishi, vous pouvez acc\u00e9der au formulaire ci-dessous. Vous pouvez r\u00e9gler par carte bancaire ou PayPal. Le formulaire en ligne n&rsquo;est pas encore disponible en fran\u00e7ais, il faut le remplir en anglais. Pour vous aider, vous pouvez t\u00e9l\u00e9charger la traduction fran\u00e7aise du formulaire en format pdf.<br \/>\n<!--\n\n\n\n<p style=\"text-align: center;\"><a class=\"btn btn-large\" href=\"\/wp-content\/uploads\/2015\/03\/final_french_translation_of_donation_page_1and21.pdf\" target=\"_blank\">&gt; Cliquez ici pour t\u00e9l\u00e9charger la traduction en PDF<\/a><\/p>\n\n\n\n--><\/p>\n<p style=\"text-align: center;\"><a class=\"btn btn-large\" href=\"https:\/\/aro.vedicpandits.org\/donate\">&gt; Cliquez ici pour acc\u00e9der au formulaire<\/a><\/p>\n<a href=\"#\" class=\"close\">Close Section<\/a><\/div><\/div>\n<\/div>\n<div class=\"accordion\"><div class=\"accordion-entry\"><em><a href=\"#\">&gt; SUISSE<\/a><\/em><div class=\"hidden-content\">\nNous vous invitons \u00e0 faire vos dons sur le compte ci-dessous. Les dons \u00e0 l\u2019Initiative mondiale de Paix sont deductibles des imp\u00f4ts.<\/p>\n<p>Initiative mondiale de Paix Suisse, 4000 B\u00e2le<br \/>\nPostFinance: 85-479574 7<br \/>\nIBAN CH82 0900 0000 8547 9574 7<\/p>\n<p>Pour des dons uniques ou occasionnels par PayPal puis cliquer<br \/>\nsur \u00ab faire un don \u00bb. <!--pandits@friedensinitiative.ch--><\/p>\n<form action=\"https:\/\/www.paypal.com\/cgi-bin\/webscr\" method=\"post\" target=\"_top\"><input name=\"cmd\" type=\"hidden\" value=\"_s-xclick\" \/><\/p>\n<p><input name=\"hosted_button_id\" type=\"hidden\" value=\"847GMK32THN32\" \/><\/p>\n<p><input alt=\"PayPal - la solution de paiement en ligne la plus simple et la plus s\u00e9curis\u00e9e !\" name=\"submit\" src=\"https:\/\/www.paypalobjects.com\/fr_FR\/CH\/i\/btn\/btn_donateCC_LG.gif\" type=\"image\" \/><\/p>\n<p><img loading=\"lazy\" decoding=\"async\" src=\"https:\/\/www.paypalobjects.com\/fr_FR\/i\/scr\/pixel.gif\" alt=\"\" width=\"1\" height=\"1\" border=\"0\" \/><\/p>\n<\/form>\n<p>Pour des dons mensuels r\u00e9guliers par PayPal ou par carte de cr\u00e9dit, veuillez SVP s\u00e9lectionner le montant de votre don mensuel, puis cliquer<br \/>\nsur \u00ab faire un don \u00bb.<\/p>\n<form action=\"https:\/\/www.paypal.com\/cgi-bin\/webscr\" method=\"post\" target=\"_top\"><input name=\"cmd\" type=\"hidden\" value=\"_s-xclick\" \/><\/p>\n<p><input name=\"hosted_button_id\" type=\"hidden\" value=\"52BQK7DUA5HS6\" \/><\/p>\n<table>\n<tbody>\n<tr>\n<td><input name=\"on0\" type=\"hidden\" value=\"Dons mensuels r\u00e9guliers\" \/>Dons mensuels r\u00e9guliers<\/td>\n<\/tr>\n<tr>\n<td><select name=\"os0\"><option value=\"Don de CHF 25\">Don de CHF 25 : 25.00 CHF &#8211; mensuel<\/option><option value=\"Don de CHF 50\">Don de CHF 50 : 50.00 CHF &#8211; mensuel<\/option><option value=\"Don de CHF 125\">Don de CHF 125 : 125.00 CHF &#8211; mensuel<\/option><option value=\"Don de CHF 250\">Don de CHF 250 : 250.00 CHF &#8211; mensuel<\/option><option value=\"Don de CHF 500\">Don de CHF 500 : 500.00 CHF &#8211; mensuel<\/option><option value=\"Don de CHF 1'250\">Don de CHF 1&rsquo;250 : 1&rsquo;250.00 CHF &#8211; mensuel<\/option><\/select><\/td>\n<\/tr>\n<\/tbody>\n<\/table>\n<p><input name=\"currency_code\" type=\"hidden\" value=\"CHF\" \/><\/p>\n<p><input alt=\"PayPal - la solution de paiement en ligne la plus simple et la plus s\u00e9curis\u00e9e !\" name=\"submit\" src=\"https:\/\/www.paypalobjects.com\/fr_FR\/CH\/i\/btn\/btn_donateCC_LG.gif\" type=\"image\" \/><\/p>\n<p><img loading=\"lazy\" decoding=\"async\" src=\"https:\/\/www.paypalobjects.com\/fr_FR\/i\/scr\/pixel.gif\" alt=\"\" width=\"1\" height=\"1\" border=\"0\" \/><\/p>\n<\/form>\n<a href=\"#\" class=\"close\">Close Section<\/a><\/div><\/div>\n<\/div>\n<div class=\"accordion\"><div class=\"accordion-entry\"><em><a href=\"#\">&gt; CANADA<\/a><\/em><div class=\"hidden-content\">\n<h4>Faire un don en dollars Canadian<\/h4>\n<p>Pour faire un don en ligne aux pandits v\u00e9diques Maharishi, vous pouvez acc\u00e9der au formulaire ci-dessous. Vous pouvez r\u00e9gler par carte bancaire ou PayPal. Le formulaire en ligne n&rsquo;est pas encore disponible en fran\u00e7ais, il faut le remplir en anglais.<\/p>\n<p><!--Pour vous aider, vous pouvez t\u00e9l\u00e9charger la traduction fran\u00e7aise du formulaire en format pdf.--><br \/>\n<!--\n\n\n\n\n<p style=\"text-align: center;\"><a class=\"btn btn-large\" href=\"\/wp-content\/uploads\/2015\/03\/final_french_translation_of_donation_page_1and21.pdf\" target=\"_blank\">&gt; Cliquez ici pour t\u00e9l\u00e9charger la traduction en PDF<\/a><\/p>\n\n\n\n\n--><\/p>\n<p style=\"text-align: center;\"><a class=\"btn btn-large\" href=\"http:\/\/vedicpandits.ca\">&gt; Faire un don \u00e0 BSF Canada<\/a><\/p>\n<a href=\"#\" class=\"close\">Close Section<\/a><\/div><\/div>\n<\/div>\n<div class=\"accordion\"><div class=\"accordion-entry\"><em><a href=\"#\">&gt; Autres Pays<\/a><\/em><div class=\"hidden-content\">\nCi-dessous, vous avez deux options. Vous pouvez faire un don en euros \u00e0 BST (en Hollande) ou en dollars US \u00e0 BSF (aux Etats Unis).<\/p>\n<h4>Faire un don en dollars US ou en Euros<\/h4>\n<p>Pour faire un don en ligne aux pandits v\u00e9diques Maharishi, vous pouvez acc\u00e9der au formulaire ci-dessous. Vous pouvez r\u00e9gler par carte bancaire ou PayPal. Le formulaire en ligne n&rsquo;est pas encore disponible en fran\u00e7ais, il faut le remplir en anglais. Pour vous aider, vous pouvez t\u00e9l\u00e9charger la traduction fran\u00e7aise du formulaire en format pdf.<\/p>\n<p style=\"text-align: center;\"><a class=\"btn btn-large\" href=\"\/wp-content\/uploads\/2015\/03\/final_french_translation_of_donation_page_1and21.pdf\" target=\"_blank\">&gt; Cliquez ici pour t\u00e9l\u00e9charger la traduction en PDF<\/a><\/p>\n<p style=\"text-align: center;\"><a class=\"btn btn-large\" href=\"https:\/\/aro.vedicpandits.org\/donate\">&gt; Cliquez ici pour acc\u00e9der au formulaire<\/a><\/p>\n<p>&nbsp;<\/p>\n<h4>Faire un don en euros<\/h4>\n<p>Vous pouvez mettre en place un don r\u00e9gulier sous forme de virement mensuel en euros \u00e0 l&rsquo;organisation \u00ab\u00a0Brahmananda Saraswati Trust\u00a0\u00bb en Hollande ou par PayPal.<\/p>\n<div class=\"grid-holder\">\n<div class=\"grid grid-desktop-50 grid-mobile-100\">\n<div class=\"holder\">Coordonn\u00e9es de la banque<br \/>\nING Bank, Roermond, The Netherlands<br \/>\nSwift Code\/BIC: INGBNL2A<br \/>\nAccount Name: BST<br \/>\nIBAN: NL74 INGB 0659 6208 04<\/p>\n<p><!--Account Number: 65.96.20.804\nBIC (Swift code) INGBNL2A--><\/p>\n<\/div>\n<\/div>\n<div class=\"grid grid-desktop-50 grid-mobile-100\">\n<div class=\"holder\">Adresse du b\u00e9n\u00e9ficiaire :<br \/>\nStation 24<br \/>\n6063NP Vlodrop<br \/>\nThe Netherlands<br \/>\nSi vous avez des questions concernant les dons \u00e0 Brahmananda Saraswati Trust (Pays-Bas), s&rsquo; il vous pla\u00eet \u00e9crivez-nous \u00e0 contact@vedicpandits.org<\/div>\n<p><!-- Coordonn\u00e9es du PayPal : Pour des dons uniques ou occasionnels par PayPal, veuillez SVP indiquer l'adresse e-mail suivante en tant que destinataire du versement : BST108@maharishi.net-->\n<\/div>\n<\/div>\n<p>&nbsp;<\/p>\n<p>Pour des dons uniques ou occasionnels par PayPal ou par carte de cr\u00e9dit,<br \/>\npuis cliquer sur \u00ab faire un don \u00bb.<\/p>\n<form action=\"https:\/\/www.paypal.com\/cgi-bin\/webscr\" method=\"post\" target=\"_top\"><input name=\"cmd\" type=\"hidden\" value=\"_s-xclick\" \/><\/p>\n<p><input name=\"hosted_button_id\" type=\"hidden\" value=\"KX2WREXEW44M6\" \/><\/p>\n<p><input alt=\"PayPal - la solution de paiement en ligne la plus simple et la plus s\u00e9curis\u00e9e !\" name=\"submit\" src=\"https:\/\/www.paypalobjects.com\/fr_FR\/FR\/i\/btn\/btn_donateCC_LG.gif\" type=\"image\" \/><\/p>\n<p><img loading=\"lazy\" decoding=\"async\" src=\"https:\/\/www.paypalobjects.com\/en_US\/i\/scr\/pixel.gif\" alt=\"\" width=\"1\" height=\"1\" border=\"0\" \/><\/p>\n<\/form>\n<p>Pour des dons mensuels r\u00e9guliers par PayPal ou par carte de cr\u00e9dit, veuillez SVP s\u00e9lectionner le montant de votre don mensuel,<br \/>\npuis cliquer sur \u00ab faire un don \u00bb.<\/p>\n<form action=\"https:\/\/www.paypal.com\/cgi-bin\/webscr\" method=\"post\" target=\"_top\"><input name=\"cmd\" type=\"hidden\" value=\"_s-xclick\" \/><\/p>\n<p><input name=\"hosted_button_id\" type=\"hidden\" value=\"VY73A79X65WMA\" \/><\/p>\n<table>\n<tbody>\n<tr>\n<td><input name=\"on0\" type=\"hidden\" value=\"Dons mensuels reguliers\" \/>Dons mensuels r\u00e9guliers<\/td>\n<\/tr>\n<tr>\n<td><select name=\"os0\"><option value=\"Don de 10 Euro\">Don de 10 Euro : \u20ac10,00 EUR &#8211; mensuel<\/option><option value=\"Don de 25 Euro\">Don de 25 Euro : \u20ac25,00 EUR &#8211; mensuel<\/option><option value=\"Don de 50 Euro\">Don de 50 Euro : \u20ac50,00 EUR &#8211; mensuel<\/option><option value=\"Don de 125 Euro\">Don de 125 Euro : \u20ac125,00 EUR &#8211; mensuel<\/option><option value=\"Don de 250 Euro\">Don de 250 Euro : \u20ac250,00 EUR &#8211; mensuel<\/option><option value=\"Don de 500 Euro\">Don de 500 Euro : \u20ac500,00 EUR &#8211; mensuel<\/option><option value=\"Don de 1'250 Euro\">Don de 1&rsquo;250 Euro : \u20ac1&rsquo;250.00 EUR &#8211; mensuel<\/option><option value=\"Don de 2'500 Euro\">Don de 2&rsquo;500 Euro : \u20ac2&rsquo;500.00 EUR &#8211; mensuel<\/option><\/select><\/td>\n<\/tr>\n<\/tbody>\n<\/table>\n<p><input name=\"currency_code\" type=\"hidden\" value=\"EUR\" \/><\/p>\n<p><input alt=\"PayPal - la solution de paiement en ligne la plus simple et la plus s\u00e9curis\u00e9e !\" name=\"submit\" src=\"https:\/\/www.paypalobjects.com\/fr_FR\/FR\/i\/btn\/btn_donateCC_LG.gif\" type=\"image\" \/><\/p>\n<p><img loading=\"lazy\" decoding=\"async\" src=\"https:\/\/www.paypalobjects.com\/en_US\/i\/scr\/pixel.gif\" alt=\"\" width=\"1\" height=\"1\" border=\"0\" \/><\/p>\n<\/form>\n<p>&nbsp;<\/p>\n<a href=\"#\" class=\"close\">Close Section<\/a><\/div><\/div>\n<\/div>\n<\/div>\n<\/div>\n<\/div>\n<\/div>\n","protected":false},"excerpt":{"rendered":"<p>VOTRE SOUTIEN AUX GROUPES DE PANDITS V\u00c9DIQUES MAHARISHI CR\u00c9E UNE PUISSANTE INFLUENCE DE PAIX DANS LE MONDE Pour plus d&rsquo;informations sur le compte de don dans votre pays, s&rsquo;il vous pla\u00eet, cliquer sur votre pays ci-dessous:<\/p>\n","protected":false},"author":3,"featured_media":0,"parent":0,"menu_order":0,"comment_status":"closed","ping_status":"closed","template":"","meta":{"om_disable_all_campaigns":false,"_monsterinsights_skip_tracking":false,"_monsterinsights_sitenote_active":false,"_monsterinsights_sitenote_note":"","_monsterinsights_sitenote_category":0,"footnotes":""},"class_list":["post-2501","page","type-page","status-publish","hentry"],"_links":{"self":[{"href":"https:\/\/donation.vedicpandits.org\/fr\/wp-json\/wp\/v2\/pages\/2501","targetHints":{"allow":["GET"]}}],"collection":[{"href":"https:\/\/donation.vedicpandits.org\/fr\/wp-json\/wp\/v2\/pages"}],"about":[{"href":"https:\/\/donation.vedicpandits.org\/fr\/wp-json\/wp\/v2\/types\/page"}],"author":[{"embeddable":true,"href":"https:\/\/donation.vedicpandits.org\/fr\/wp-json\/wp\/v2\/users\/3"}],"replies":[{"embeddable":true,"href":"https:\/\/donation.vedicpandits.org\/fr\/wp-json\/wp\/v2\/comments?post=2501"}],"version-history":[{"count":112,"href":"https:\/\/donation.vedicpandits.org\/fr\/wp-json\/wp\/v2\/pages\/2501\/revisions"}],"predecessor-version":[{"id":12301,"href":"https:\/\/donation.vedicpandits.org\/fr\/wp-json\/wp\/v2\/pages\/2501\/revisions\/12301"}],"wp:attachment":[{"href":"https:\/\/donation.vedicpandits.org\/fr\/wp-json\/wp\/v2\/media?parent=2501"}],"curies":[{"name":"wp","href":"https:\/\/api.w.org\/{rel}","templated":true}]}}