{"id":2695,"date":"2015-01-15T14:34:07","date_gmt":"2015-01-15T14:34:07","guid":{"rendered":"https:\/\/vedicpandits.org\/?page_id=2695"},"modified":"2017-07-28T14:55:19","modified_gmt":"2017-07-28T14:55:19","slug":"testimonials","status":"publish","type":"page","link":"https:\/\/donation.vedicpandits.org\/fr\/testimonials\/","title":{"rendered":"EXP\u00c9RIENCES"},"content":{"rendered":"<h4 id=\"testimonials\">PREMIERS COMPTES-RENDUS DES EFFETS DE YAGYAS NATIONAUX<\/h4>\n<p style=\"text-align: left;\"> Pendant le yagya national, votre pays b\u00e9n\u00e9ficie de votre soutien et &#8211; selon le principe de r\u00e9ciprocit\u00e9 \u00ab\u00a0vous r\u00e9coltez ce que vous semez\u00a0\u00bb- vous en tirez des bienfaits \u00e9galement. Dans l&rsquo;ancienne tradition v\u00e9dique, celui qui soutient un yagya en est le premier b\u00e9n\u00e9ficiaire. Vous trouverez ci-dessous le r\u00e9cit des exp\u00e9riences de personnes qui ont sponsoris\u00e9 les yagyas nationaux.<\/p>\n<div class=\"box-quote\">\n<p><strong>il y a une connaissance qui peut cr\u00e9er la Paix Mondiale<\/strong> <br \/>\nUne fois que vous savez qu&rsquo;il y a une connaissance qui peut cr\u00e9er la Paix Mondiale et le Paradis sur Terre, vous pensez: oh\u00a0! l\u00e0, j&rsquo;ai une responsabilit\u00e9. Mais la b\u00e9atitude et la joie vont de paire avec cette responsabilit\u00e9, et vous recevez plus que ce que vous donnez. \u2026 donc pour moi, c&rsquo;est un investissement\u2026 au sens litt\u00e9ral.\u201d Belgique<\/p>\n<p><strong>La vie est devenue plus g\u00e9n\u00e9reuse en g\u00e9n\u00e9ral<\/strong><br \/>\n \u201cMerci beaucoup aux yagyas nationaux. Nous avons v\u00e9cu le mois d&rsquo;ao\u00fbt le plus tranquille \u00e0 Taiwan depuis 1947. Il n&rsquo;y a eu aucun thyphon. Les m\u00e9t\u00e9orologistes n\u2019en reviennent pas! La vie est devenue plus g\u00e9n\u00e9reuse avec moi et j&rsquo;ai beaucoup de plaisir \u00e0 faire tout ce que je fais. Je crois qu&rsquo;il faut mettre cela au cr\u00e9dit des yagya nationaux que nous avons fait \u00e0 Taiwan. Tout est devenu sans effort, j&rsquo;ai juste \u00e0 suivre le courant de mon dharma et je r\u00e9ussis tout ce que j&rsquo;entreprends, \u00e9tape par \u00e9tape, dans un ordre parfait. De nouvelles opportunit\u00e9s n&rsquo;arr\u00eatent pas d&rsquo;appara\u00eetre et j&rsquo;en tire des bienfaits de plus en plus grands.\u201d  Taiwan<\/p>\n<p><strong>Tout reste harmonieux<\/strong> <br \/> \u201cC&rsquo;est pendant mes programmes dans le d\u00f4me que j&rsquo;ai pris conscience que depuis le d\u00e9but des yagyas Maharishi nationaux, m\u00eame lorsque des \u00e9v\u00e8nements importants adviennent dans nos vies , tout se passe de fa\u00e7on harmonieuse, sans gros heurts. L&rsquo;effet des yagyas est bien plus profond que nous le pensons et cette compr\u00e9hension me rend tr\u00e8s reconnaissant et heureux!\u201d  Pays Bas<\/p>\n<\/div>\n<p><!--\n[accordion]\n[accordion_entry title=\"&gt; En savoir plus sur le premier compte-rendu des effets des yagyas nationaux\"]\n\n\n<div class=\"box-quote\">\n<strong>Je me sens soutenu<\/strong> <br \/>\n \u201cChaque fois que je soutiens les Pandits V\u00e9diques en faisant des dons, je me sens plus soutenu dans les diff\u00e9rents aspects de ma vie. De plus, cela produit un effet boule de neige : ce soutien se transmet \u00e9galement aux personnes que j\u2019aime. Ainsi nous devenons ensemble le vecteur d\u2019une plus grande harmonie autour de nous. Merci encore de nous permettre de participer \u00e0 ce grand projet.\u201d France<\/p>\n\n\n\n<strong>La police a d\u00e9couvert un r\u00e9seau de vols organis\u00e9s<\/strong> <br \/>\n \"J'\u00e9tais assis avec des amis et je leur parlais du soutien de la Nature dont je faisais l'exp\u00e9rience pendant le Yagya national auquel j'avais contribu\u00e9. Tout d'un coup, j'ai vu un voleur s'emparer de mon v\u00e9lo (un v\u00e9lo cher, de 2009, fabriqu\u00e9 aux USA). Par chance, le serveur avait \u00e9t\u00e9 t\u00e9moin de la sc\u00e8ne et nous avons pu faire une d\u00e9position d\u00e9taill\u00e9e aupr\u00e8s de la police. Quelques jours plus tard, la police a trouv\u00e9 mon v\u00e9lo, avec sept autres, et a d\u00e9couvert tout un r\u00e9seau de vols organis\u00e9s. Je fus ravi de r\u00e9cup\u00e9r\u00e9 mon v\u00e9lo, en meilleur \u00e9tat qu'avant, tout comme neuf. Depuis, la police dans ma ville n'a pas enregistr\u00e9 d'autres cas de vol de v\u00e9lo. Je me suis rendu compte de toute la coh\u00e9rence cr\u00e9\u00e9e par le Yagya national dans notre pays, dans ma ville et m\u00eame pour des individus.\" Croatie<\/p>\n\n\n\n<strong>J'ai ressenti une satisfaction imperturbable<\/strong> <br \/>\n \u201cBien que ma contribution soit modeste, le minimum, j'ai ressenti pendant le Yagya national un \u00e9tat culminant de bien-\u00eatre. Ce sentiment \u00e9tait si fort que je me sentais satisfait en toutes circonstances et dans toutes mes actions. Ce bien-\u00eatre m'a permis de me sentir proche des autres comme si mon esprit \u00e9tait constamment sur la m\u00eame longueur d\u2019ondes le monde. C'\u00e9tait une communication fond\u00e9e sur la confiance et qui \u00e9limine les barri\u00e8res habituellement tr\u00e8s pr\u00e9sentes.\u201d Italie<\/p>\n\n\n\n<strong>Le dicton \u201cAide toi et le ciel t'aidera\u201d est vrai <\/strong><br \/>\n \u201cUne semaine seulement apr\u00e8s avoir fait un don pour le yagya national, de nouvelles responsabilit\u00e9s professionnelles que j'appr\u00e9cie beaucoup m'ont \u00e9t\u00e9 attribu\u00e9es. Les relations avec mes sup\u00e9rieurs hi\u00e9rarchiques se sont miraculeusement apais\u00e9es, ce qui ne s'\u00e9tait jamais produit auparavant. Je me sens bien au travail. Le dicton \u201caide toi et le ciel t'aidera\u201d est vrai. Maintenant je vais faire des dons mensuels r\u00e9guliers pour les Pandits Maharishi\u201d. Italie<\/p>\n\n\n\n<strong>Nous sommes totalement reconnaissants vis \u00e0 vis de l'intelligence cosmique qui nous a soutenus dans notre \u00e9preuve.<\/strong> <br \/>\n\u201cJe vous remercie pour le Yagya national fait au nom de mon beau fils. Je sais que le Yagya a eu un impact positif et a b\u00e9ni au quotidien notre famille\u00a0 qui a re\u00e7u un soutien financier, a b\u00e9n\u00e9fici\u00e9 d\u2019une pr\u00e9sence m\u00e9dicale exceptionnelle et des bons auspices d\u2019un m\u00e9decin particuli\u00e8rement d\u00e9vou\u00e9. Notre fille a tout bien organis\u00e9, et nous avons re\u00e7u beaucoup d\u2019aide \u00e0 la maison des membres de la famille et de nombreuses autres personnes. Nous sommes totalement reconnaissants vis \u00e0 vis de l'intelligence cosmique qui nous a soutenus dans notre \u00e9preuve. Notre beau-fils se porte bien, de retour \u00e0 une vie aussi normale que possible. Nos c\u0153urs ont une reconnaissance sans limite pour la b\u00e9n\u00e9diction infinie que nous avons re\u00e7ue.\u201d Trinidad and Tobago<\/p>\n\n\n\n<strong>Depuis le yagya, notre entreprise n'a jamais connu un tel succ\u00e8s<\/strong> <br \/> \u201cJ'ai command\u00e9 un yagya pour la Nouvelle Z\u00e9lande en pensant \u00e0 mon pays, ma famille et mon entreprise. La r\u00e9cession \u00e9conomique a \u00e9t\u00e9 tr\u00e8s diificile pour tout le monde ici, notamment en 2011, et notre entreprise n'a pas \u00e9t\u00e9 \u00e9pargn\u00e9e. Mais depuis le yagya, elle est en pleine expansion! Il est vrai que mon mari travaille beaucoup et que nous travaillons plus particuli\u00e8rement les domaines qui doivent \u00eatre am\u00e9lior\u00e9s, mais il est \u00e9vident que le succ\u00e8s ne peut pas s'expliquer seulement par nos efforts de relance des anciens clients car de nouveaux clients ont appel\u00e9. Nos appels d'offre sont plus rigoureux et nous ne r\u00e2tons plus de tr\u00e8s gros contrats \u00e0 400 dollars pr\u00e8s (ce qui \u00e9vite un impact psychologique n\u00e9gatif). La concurrence dans le secteur priv\u00e9 a diminu\u00e9. Les gens nous donnent le feu vert et sont pr\u00eats \u00e0 attendre. Nous ne faisons pas de publicit\u00e9 \u00e0 part sur nos v\u00e9hicules et sur notre site. Nous avons m\u00eame d\u00fb refuser du travail ce qui n'\u00e9tait jamais arriv\u00e9 auparavant.\u201d  New Zealand<\/p>\n\n\n\n<strong>Une partie int\u00e9grante de notre entreprise <\/strong> <br \/>\n\u201cNous connaissons un plus grand succ\u00e8s et un lien \u00e9troit avec la Loi naturelle.C'est un beau cadeau que Maharish nous a fait et qui fait partie int\u00e9grante de notre entreprise.\u201d  \u00c9tats-Unis<\/p>\n\n\n\n\n<strong>La vie telle qu'elle doit \u00eatre <\/strong><br \/>\n \u201cMon corps, mes \u00e9motions et mes activit\u00e9s quotidiennes semblent plus fluides et plus faciles pendant les yagyas. M\u00eame les situations les plus compliqu\u00e9es, que ce soit \u00e0 un niveau personnel, professionnel ou familial, semblent se r\u00e9soudre d'elles m\u00eame, sans effort. C'est la vie telle qu'elle doit \u00eatre.\u201d  \u00c9tats-Unis<\/p>\n\n\n\n\n<\/div>\n\n\n[\/accordion_entry]\n[\/accordion]--><br \/>\n<div class=\"border-line\">&nbsp;<\/div>\n<div class=\"grid-holder\">\n<div class=\"grid grid-desktop-50 grid-mobile-100\"><div class=\"holder\"><h4 id=\"testimonials\">LES CHANGEMENTS DANS UNE NATION<\/h4>\n<p>Vous pouvez lire les changements intervenus dans la situation \u00e9conomique et politique de certains pays suite \u00e0 l&rsquo;accomplissement des yagyas nationaux. <a title=\"National Yagya page\" href=\"https:\/\/donation.vedicpandits.org\/fr\/yagya\/national-yagya\/\">Les Yagyas Nationaux<\/a> sont accomplis dans un but sp\u00e9cifique (une intention) choisi par le pays. Par exemple il peut s&rsquo;agir de l&rsquo;intention de favoriser le d\u00e9veloppement \u00e9conomique, d&rsquo;am\u00e9liorer la sant\u00e9, l&rsquo;harmonie nationale, de diminuer les probl\u00e8mes tels que les catastrophes naturelles, la violence ou les difficult\u00e9s \u00e9conomiques. Vous pouvez choisir de sponsoriser la totalit\u00e9 du yagya national. Dans ce cas, votre nom ou celui de votre soci\u00e9t\u00e9 est cit\u00e9 dans le yagya et vous pouvez choisir l&rsquo;intention du yagya.<\/p>\n<\/div><\/div>\n<div class=\"grid grid-desktop-50 grid-mobile-100\"><div class=\"holder\"><p><img loading=\"lazy\" decoding=\"async\" class=\"alignright wp-image-2189\" src=\"\/wp-content\/uploads\/2015\/01\/testimonial_sized_small-300x226.jpg\" alt=\"testimonial_sized_small\" width=\"376\" height=\"284\" srcset=\"https:\/\/donation.vedicpandits.org\/wp-content\/uploads\/2015\/01\/testimonial_sized_small-300x226.jpg 300w, https:\/\/donation.vedicpandits.org\/wp-content\/uploads\/2015\/01\/testimonial_sized_small.jpg 408w\" sizes=\"auto, (max-width: 376px) 100vw, 376px\" \/><\/p>\n<\/div><\/div>\n<\/div>\n<div class=\"box-quote\">\n<p>TAIWAN 2015<br \/>\n\u00ab\u00a0Par ailleurs, Ce yagya national en cours a permis \u00e9galement de r\u00e9aliser un puissant travail ! deux typhons (CNN a d\u00e9crit le second comme un \u00ab\u00a0typhon monstre\u00a0\u00bb) qui devaient passer, ne purent atteindre Taiwan ! Nous avons seulement eu quelques jours de vent et juste suffisament de pluie pour les r\u00e9servoirs afin d&rsquo;\u00e9viter la p\u00e9nurie d&rsquo;eau. Nous remercions le yagya national d&rsquo;avoir assur\u00e9 ici m\u00eame la s\u00e9curit\u00e9 pour tous et pour tout. Les choses les plus graves furent juste l&rsquo;annulation de certains vols et trains ainsi que l&rsquo;interruption de plans de voyage pour quelques personnes.\u00a0\u00bb Chin-Fen Lee &#8211; Ambassadeur pour Taiwan<\/p>\n<p>NOUVELLE Z\u00c9LANDE 2015<br \/>\n\u201cApr\u00e8s quelques Yagyas pour la puret\u00e9 de la nourriture, un producteur dans un de nos grands districts a opt\u00e9 pour des aliments sans OGM (il ne vend plus que de la nourriture sans ingr\u00e9dients modifi\u00e9s g\u00e9n\u00e9tiquement). De plus, alors que nous nous avions en face de nous des lobbys puissants en faveur des OGM, la commission du district de Hastings a approuv\u00e9 un plan de 10 ans qui interdit toute utilisation d&rsquo;OGM en agriculture, ainsi que tout test.<br \/>\nC&rsquo;est une tr\u00e8s bonne nouvelle pour tous ceux qui font campagne pour se lib\u00e9rer des OGM, comme moi-m\u00eame.<\/p>\n<p>ARGENTINE 2015<br \/>\n\u00ab\u00a0Pendant les mois d&rsquo;octobre et novembre, nous avons fait deux grands Yagyas nationaux pour le progr\u00e8s harmonieux dans notre pays. A la fin de l&rsquo;ann\u00e9e 2015, nous avons pu observer des \u00e9v\u00e9nements importants en Argentine: les changements sociaux et politiques pendant les \u00e9lections des mois d&rsquo;octobre et de novembre se sont d\u00e9roul\u00e9s d&rsquo;une mani\u00e8re ordonn\u00e9e et douce.\n<\/p><\/div>\n<div class=\"accordion\"><div class=\"accordion-entry\"><em><a href=\"#\">&gt; Read More Reports of the Benefits from Countries who have Sponsored National Yagyas<\/a><\/em><div class=\"hidden-content\">\n<div class=\"box-quote\">\nLIBAN 2014<br \/>\n\u201cJe pense que tout le monde a entendu parler des terroristes en Syrie et plus r\u00e9cemment en Iraq. Ils ont menac\u00e9 d\u2019attaquer plusieurs villes au Liban. Au cours des 10 derniers jours, trois attaques \u00e9taient pr\u00e9par\u00e9es mais elles ont toutes avort\u00e9 car elles ont \u00e9t\u00e9 d\u00e9couvertes \u00e0 temps par l\u2019arm\u00e9e et la police. Nous pouvions lire dans les m\u00e9dias \u00ab Le Liban a \u00e9t\u00e9 sauv\u00e9, c\u2019est inexplicable, c\u2019est la providence divine \u00bb. Nous avions d\u00e9j\u00e0 v\u00e9cu des situations similaires. Ce n\u2019est pas la premi\u00e8re fois. Cette protection sur le Liban est clairement due \u00e0 l\u2019effet cumulatif des yagyas nationaux Maharishi accomplis \u00e0 chaque cycle de yagya pendant les 3 derni\u00e8res ann\u00e9es. Nous faisons un yagya national deux fois par mois. Et nous continuerons \u00e0 en faire pour prot\u00e9ger le Liban. Toute notre gratitude va aux programmes de Maharishi et aux pandits v\u00e9diques Maharishi du Brahmasthan de l\u2019Inde.\u201d <em>Salim Haddad &#8211; Ambassadeur de Liban<\/em><\/p>\n<p>COLUMBIE 2013<br \/>\n\u00ab\u00a0Les yagyas nationaux Maharishi sont l\u2019une des plus grandes b\u00e9n\u00e9dictions que nous ayons re\u00e7ues. Nous sommes toujours \u00e9tonn\u00e9s de constater leurs effets. Pendant et apr\u00e8s la r\u00e9alisation de ces Yagyas nationaux, les exp\u00e9riences des m\u00e9ditants et des sidhas sont excellentes, en particulier pour les donateurs, et le pays tout entier b\u00e9n\u00e9ficie d\u2019une plus grande coh\u00e9rence dans tous les domaines. Nous observons dans les bulletins d\u2019information que les intentions du Yagya se refl\u00e8tent \u00e0 travers les d\u00e9cisions qui sont prises par les dirigeants du pays. Nous avons le sentiment que le programme de Yagya National Maharishi est une technique puissante qui permet de profiter du soutien de l\u2019infini pouvoir de la loi naturelle aussi bien au niveau national que dans des domaines sp\u00e9cifiques. Nous sommes tr\u00e8s reconnaissants envers Maharishi et Guru Dev d\u2019avoir rendu disponible cette technologie puissante qui permet d\u2019influencer de mani\u00e8re positive le d\u00e9roulement des \u00e9v\u00e8nements.\u00a0\u00bb <em>Paul Fabre &#8211; Ambassadeur de Columbie<\/em><\/p>\n<p>USA, 2012<br \/>\nDes yagyas nationaux pour la pluie l&rsquo;ont effectivement fait venir dans les endroits du pays touch\u00e9s par une s\u00e9cheresse aride; une am\u00e9lioration stable de la croissance \u00e9conomique qui atteint maintenant 3,1%; une baisse du ch\u00f4mage; une production industrielle en hausse, un essor remarquable de la confiance des consommateurs, une \u00e9lection tranquille et coh\u00e9rente, et m\u00eame le jour redout\u00e9 du 21 d\u00e9cembre qui s&rsquo;est d\u00e9roul\u00e9 dans une athmosph\u00e8re toute positive.<\/p>\n<p><!--UKRAINE 2014\n\"MERCI \u00e0 la famille mondiale de Maharishi et \u00e0 tous les pays qui soutiennent l\u2019Ukraine avec les yagyas nationaux ! Nous voyons clairement les effets \u00e0 chaque yagya : moins de violence et de morts, davantage de n\u00e9gociations pour la paix. Vous sauvez des vies, vraiment.\" <em>Natalia Lukyanenko - Ambassador and National Secretary for Ukraine National Office<\/em>--><\/p>\n<p>SERBIA 2014<br \/>\n\u00ab\u00a0La Serbie a souffert il y a quelques mois d\u2019inondations d\u00e9vastatrices. De g\u00e9n\u00e9reux donateurs et un soutien inattendu sont apparus juste avant de nouvelles inondations qui \u00e9taient pourtant annonc\u00e9es. Et les politiciens ont d\u00e9clar\u00e9 avec \u00e9tonnement que nous avions de la chance que la seconde vague d\u2019inondations ne soit pas arriv\u00e9e. Nous sommes les seuls \u00e0 savoir que cette chance \u00e9tait soutenue par les yagyas nationaux Maharishi.\u00a0\u00bb <em>Voja Trajkovic &#8211; Ambassadeur de Serbie<\/em><\/p>\n<p>GHANA 2012<br \/>\n\u201cJe vous envoie cette nouvelle des \u00e9lections au Ghana qui se sont d\u00e9roul\u00e9es apr\u00e8s notre dernier yagya pour la nation. Ces \u00e9lections ont \u00e9t\u00e9 d\u00e9crites comme les meilleures et les plus paisibles de toute l&rsquo;histoire de la nation. Venant d&rsquo;Afrique, ce n&rsquo;est pas rien! Nous sommes reconnaissants que Maharishi Ji nous ait transmis cette belle connaissance. Nous aspirons aussi \u00e0 contribuer avec nos petits moyens \u00e0 la paix.\u201d Le Directeur National du programme de M\u00e9ditation Transcendantale du Ghana.\n<\/p>\n<\/div>\n<a href=\"#\" class=\"close\">Close Section<\/a><\/div><\/div>\n<\/div>\n<div class=\"border-line\">&nbsp;<\/div>\n<div class=\"grid-holder\">\n<div class=\"grid grid-desktop-50 grid-mobile-100\"><div class=\"holder\"><h4 id=\"testimonials\">PREMIERS COMPTES-RENDUS &#8211; YAGYAS SPECIFIQUES<\/h4>\n<p>Les yagyas sp\u00e9cifiques sont diff\u00e9rents des yagyas nationaux. Maharishi a cr\u00e9\u00e9 une s\u00e9rie de yagyas sp\u00e9cifiques pour accompagner les p\u00e9riodes transitoires et importantes dans la vie d&rsquo;une personne.  <a title=\"Special Yagya page\" href=\"https:\/\/donation.vedicpandits.org\/fr\/yagya\/special-yagya\/\">Les yagyas sp\u00e9cifiques<\/a> concernent :<\/p>\n<ul>\n<li>Anniversaire : effectu\u00e9 le jour de notre anniversaire<\/li>\n<li>Yagya pour le Bien-\u00e9tre : r\u00e9alis\u00e9 le jour de votre choix <\/li>\n<li>Mariage : effectu\u00e9 pour deux personnes le jour du mariage<\/li>\n<li>Anniversaire de mariage : effectu\u00e9 pour deux personnes le jour de l\u2019anniversaire de mariage<\/li>\n<li>Naissance : effectu\u00e9 pour un nouveau-n\u00e9 40 jours apr\u00e8s sa naissance<\/li>\n<\/ul>\n<p>Vous pouvez lire ci-dessous les exp\u00e9riences relatives aux yagyas de naissance et d&rsquo;anniversaire de mariage.<\/p>\n<\/div><\/div>\n<div class=\"grid grid-desktop-50 grid-mobile-100\"><div class=\"holder\"><p><img loading=\"lazy\" decoding=\"async\" class=\"alignright size-full wp-image-2345\" src=\"\/wp-content\/uploads\/2015\/01\/testimonials_specialyagya.jpg\" alt=\"testimonials_specialyagya\" width=\"408\" height=\"308\" srcset=\"https:\/\/donation.vedicpandits.org\/wp-content\/uploads\/2015\/01\/testimonials_specialyagya.jpg 408w, https:\/\/donation.vedicpandits.org\/wp-content\/uploads\/2015\/01\/testimonials_specialyagya-300x226.jpg 300w\" sizes=\"auto, (max-width: 408px) 100vw, 408px\" \/><\/p>\n<\/div><\/div>\n<\/div>\n<div class=\"box-quote\">\n<strong>Tout se faisait sans effort\u00a0<\/strong><br \/> \u201cJ&rsquo;ai \u00e9t\u00e9 surpris de voir \u00e0 quel point tout se faisait sans effort, de fa\u00e7on fluide et en douceur autour de moi le jour de mon anniversaire. J&rsquo;ai ressenti une diff\u00e9rence r\u00e9elle par rapport \u00e0 mes pr\u00e9c\u00e9dents anniversaires. Merci \u00e0 mes proches qui m\u2019ont offert ce Yagya.\u201d\u00a0\u00a0 Canada<\/p>\n<p><strong>Le moment le plus heureux dont je me souvienne <\/strong><br \/>\u00a0 \u00ab\u00a0Certaines situations au point mort ont commenc\u00e9 \u00e0 \u00e9voluer dans la bonne direction. Par exemple, le jour de mon anniversaire fut le jour le plus heureux dont je me souvienne depuis de nombreuses ann\u00e9es. Ce fut une semaine compl\u00e8te de c\u00e9l\u00e9brations, quelque chose que je n\u2019avais jamais rencontr\u00e9 m\u00eame dans les meilleurs jours de mon adolescence. Je suis ravi des r\u00e9sultats de ce Yagya. J\u2019ai h\u00e2te d\u2019\u00eatre au prochain anniversaire.\u00a0\u00bb \u00a0 Italie<\/p>\n<p><strong>Je me suis senti b\u00e9ni\u00a0\u00a0 <\/strong><br \/>\u201cUn changement certain s&rsquo;est op\u00e9r\u00e9 au niveau de ma conscience d\u00e8s le d\u00e9but du Yagya. Je me suis senti r\u00e9ellement b\u00e9ni. Je vais d\u00e9sormais attendre avec impatience les prochains Yagyas d\u2019anniversaire.\u201d \u00a0Royaume-Uni<\/p>\n<p><strong>Une exp\u00e9rience universelle<\/strong><br \/>\u00a0\u00a0 \u201cJ\u2019ai connu une exp\u00e9rience v\u00e9ritablement cosmique, qui unifie tous les niveaux de l&rsquo;existence humaine dans une exp\u00e9rience universelle. J\u2019ai eu l&rsquo;impression que de la poudre d&rsquo;or me recouvrait. Merci \u00e0 tous les pandits v\u00e9diques qui r\u00e9citent les Yagyas et merci \u00e0 la tradition v\u00e9dique de nous avoir offert cette connaissance pure et divine.\u201d\u00a0 Serbie<\/p>\n<\/div>\n<div class=\"accordion\"><div class=\"accordion-entry\"><em><a href=\"#\">&gt; En savoir plus sur les exp\u00e9riences cons\u00e9cutives \u00e0 un yagya sp\u00e9cifique<\/a><\/em><div class=\"hidden-content\">\n<div class=\"box-quote\">\n<strong> Ce fut une exp\u00e9rience merveilleuse <\/strong><br \/>\u00a0\u00a0 \u201cC\u2019\u00e9tait mon premier Yagya Maharishi et ce fut une exp\u00e9rience merveilleuse. J\u2019ai pr\u00e9vu de le refaire chaque ann\u00e9e. D\u00e8s la nuit pr\u00e9c\u00e9dant mon anniversaire, j\u2019ai ressenti d\u2019intenses vagues de b\u00e9atitude. Depuis lors, de nombreux probl\u00e8mes de longue date ont \u00e9t\u00e9 r\u00e9solus (un vrai soulagement) et je me suis senti plus content\u00e9 et heureux. Si des difficult\u00e9s apparaissent dans ma vie quotidienne, elles semblent se dissoudre plus facilement et mes actions semblent plus efficaces. Merci de nous avoir donn\u00e9 acc\u00e8s \u00e0 ces yagyas.\u201d \u00a0Canada<\/p>\n<p><strong>L\u2019impact fut \u00e9vident <\/strong><br \/>\u00a0\u00a0 \u201cNous ne pensions pas que le Yagya pouvait nous influencer aussi directement, mais l\u2019impact fut \u00e9vident. Cela me rappela les effets des longs cycles d\u2019un cours en r\u00e9sidence. Difficile \u00e0 d\u00e9crire mais impossible de passer \u00e0 c\u00f4t\u00e9.\u201d \u00a0Etats-Unis<\/p>\n<p><strong>Notre relation a pris une nouvelle dimension <\/strong><br \/>\u00a0\u00a0 \u201cD\u00e8s le paiement du Yagya pour notre anniversaire de mariage, notre relation a pris une nouvelle dimension. Maintenant, c\u2019est comme si tout \u00e9tait devenu pur et fluide. Un simple paiement pour ce yagya et les effets sont l\u00e0, c\u2019est tr\u00e8s impressionnant.\u201d\u00a0 Pays-Bas<\/p>\n<p><strong>Ancr\u00e9s dans l\u2019absolu \u00a0<\/strong><br \/>\u00a0 \u201cNous nous sommes sentis tous deux ancr\u00e9s dans l\u2019absolu pendant toute la dur\u00e9e du Yagya : l\u2019impression que nous \u00e9tions immuables \u2013 vraiment. Inutile de dire combien nous attendons le prochain Yagya avec impatience.\u201d\u00a0 Etats-Unis<\/p>\n<p><strong>Les Yagya ont \u00e9vinc\u00e9 la fatigue et la peur\u00a0\u00a0<\/strong><br \/>\u00ab\u00a0Me faire le cadeau d&rsquo;un yagya pour mes soixantes ans \u00e9tait une tr\u00e8s bonne id\u00e9e. J&rsquo;ai eu de bonnes exp\u00e9riences pendant cette journ\u00e9e. Je me suis senti tr\u00e8s heureux, d\u00e9tendu et toutes mes activit\u00e9s sont devenues plus calmes et fluides que d&rsquo;habitude. Encore maintenant je me sens soutenu dans la vie de tous les jours. Mais surtout, mon coeur est plus ouvert et mes m\u00e9ditations sont plus profondes qu&rsquo;avant. On dirait que le Yagya a aussi \u00e9vinc\u00e9 la fatigue et la peur du pass\u00e9. Elles sont parties et je recommande vraiment \u00e0 tout le monde de s\u2019offrir un yagya d\u2019anniversaire!.\u00a0\u00bb\u00a0 Allemagne<\/p>\n<p><strong>Une vie plus douce<\/strong><br \/>\u00a0\u00a0 \u201cL&rsquo;effet des yagyas est impressionnant. Les personnes avec lesquelles j&rsquo;en ai parl\u00e9 ont ressenti la m\u00eame qualit\u00e9 d&rsquo;exp\u00e9rience que moi. Une vie plus douce, un soutien de la nature omnipr\u00e9sent pour des d\u00e9tails ou des \u00e9v\u00e8nements importants, des obstacles \u00e9limin\u00e9s. Je me sens en paix dans toutes les situations.\u201d\u00a0 \u00c9tats-Unis<\/p>\n<\/div>\n<a href=\"#\" class=\"close\">Close Section<\/a><\/div><\/div>\n<\/div>\n","protected":false},"excerpt":{"rendered":"<p>PREMIERS COMPTES-RENDUS DES EFFETS DE YAGYAS NATIONAUX Pendant le yagya national, votre pays b\u00e9n\u00e9ficie de votre soutien et &#8211; selon le principe de r\u00e9ciprocit\u00e9 \u00ab\u00a0vous r\u00e9coltez ce que vous semez\u00a0\u00bb- vous en tirez des bienfaits \u00e9galement. Dans l&rsquo;ancienne tradition v\u00e9dique, celui qui soutient un yagya en est le premier b\u00e9n\u00e9ficiaire. Vous trouverez ci-dessous le r\u00e9cit [&hellip;]<\/p>\n","protected":false},"author":3,"featured_media":2394,"parent":0,"menu_order":0,"comment_status":"closed","ping_status":"closed","template":"","meta":{"om_disable_all_campaigns":false,"_monsterinsights_skip_tracking":false,"_monsterinsights_sitenote_active":false,"_monsterinsights_sitenote_note":"","_monsterinsights_sitenote_category":0,"footnotes":""},"class_list":["post-2695","page","type-page","status-publish","has-post-thumbnail","hentry"],"_links":{"self":[{"href":"https:\/\/donation.vedicpandits.org\/fr\/wp-json\/wp\/v2\/pages\/2695","targetHints":{"allow":["GET"]}}],"collection":[{"href":"https:\/\/donation.vedicpandits.org\/fr\/wp-json\/wp\/v2\/pages"}],"about":[{"href":"https:\/\/donation.vedicpandits.org\/fr\/wp-json\/wp\/v2\/types\/page"}],"author":[{"embeddable":true,"href":"https:\/\/donation.vedicpandits.org\/fr\/wp-json\/wp\/v2\/users\/3"}],"replies":[{"embeddable":true,"href":"https:\/\/donation.vedicpandits.org\/fr\/wp-json\/wp\/v2\/comments?post=2695"}],"version-history":[{"count":33,"href":"https:\/\/donation.vedicpandits.org\/fr\/wp-json\/wp\/v2\/pages\/2695\/revisions"}],"predecessor-version":[{"id":11281,"href":"https:\/\/donation.vedicpandits.org\/fr\/wp-json\/wp\/v2\/pages\/2695\/revisions\/11281"}],"wp:featuredmedia":[{"embeddable":true,"href":"https:\/\/donation.vedicpandits.org\/fr\/wp-json\/wp\/v2\/media\/2394"}],"wp:attachment":[{"href":"https:\/\/donation.vedicpandits.org\/fr\/wp-json\/wp\/v2\/media?parent=2695"}],"curies":[{"name":"wp","href":"https:\/\/api.w.org\/{rel}","templated":true}]}}