{"id":51591,"date":"2018-02-07T09:37:39","date_gmt":"2018-02-07T09:37:39","guid":{"rendered":"https:\/\/vedicpandits.org\/open-yagya-day\/"},"modified":"2025-05-03T16:29:21","modified_gmt":"2025-05-03T16:29:21","slug":"open-yagya-day","status":"publish","type":"page","link":"https:\/\/donation.vedicpandits.org\/fr\/open-yagya-day\/","title":{"rendered":"Journ\u00e9e du Yagya"},"content":{"rendered":"<h1 style=\"text-align: center;\">Journ\u00e9e du Yagya<\/h1>\n<div style=\"text-align: center; margin-top: -16px;\"><span style=\"color: #a58682;\"><span style=\"font-size: 18px;\"><span style=\"font-family: times new roman,times,baskerville,georgia,serif;\">Les r\u00e9unions d\u2019ambassadeurs<\/span><\/span><\/span><\/div>\n<p>&nbsp;<\/p>\n<div style=\"text-align: center;\"><img loading=\"lazy\" decoding=\"async\" class=\"alignnone\" src=\"\/wp-content\/uploads\/2018\/02\/3_pics_to_test_for_ar_page-1.png\" alt=\"post-img-12\" width=\"750\" height=\"275\" \/><\/div>\n<h4 style=\"text-align: center; margin-top: 20px;\">7 juin 2025 &#8211; ZOOM WEBINAR<\/h4>\n\t<p style=\"text-align: center\">\n\t\t<a href=\"\"   class=\"btn btn-large \" > > \n\t\t\tLes inscriptions seront bient\u00f4t ouvertes.\t\t<\/a>\n\t<\/p>\n\n\t\n<div class=\"border-line\">&nbsp;<\/div>\n<h4 id=\"schedule\" style=\"margin-top: 15px;\">Programme<\/h4>\n<p>(Heures indiqu\u00e9es selon le fuseau d\u2019Europe centrale \u2013 CET)<\/p>\n<p>09:00         Morning Super Radiance Heure<\/p>\n<p>10.00 &#8211; 12:30 Rudrabhishek (Yagya pour la paix) dans l\u2019ancienne r\u00e9sidence de Maharishi<br \/>\n12:30 &#8211; 14.30 D\u00e9jeuner<br \/>\n14.30 &#8211; 16.00 R\u00e9union:<\/p>\n<ul>\n<li>Vid\u00e9o inspirante de Maharishi<\/li>\n<li>Discours d\u2019invit\u00e9s de marque<\/li>\n<li>Actualit\u00e9s et inspiration<\/li>\n<li>R\u00e9citations v\u00e9dique en direct<\/li>\n<\/ul>\n<p>&nbsp;<br \/>\n2025\u00a0: 7 juin, 5 juillet, 2 ao\u00fbt, 6 septembre, 4 octobre, 8 novembre et 6 d\u00e9cembre<br \/>\n&nbsp;<br \/>\n<a href=\"https:\/\/us7.campaign-archive.com\/?e=&amp;u=0cc687d83ddcd228ddb1e46aa&amp;id=f9beb63587\" target=\"_blank\" rel=\"noopener noreferrer\">Fran\u00e7ais:<\/a> Lisez les instructions pour utiliser le zoom et apprenez comment trouver la traduction simultan\u00e9e dans votre langue<\/p>\n<div class=\"border-line\">&nbsp;<\/div>\n<h4>Journ\u00e9e du Yagya Vid\u00e9os avec traduction en fran\u00e7ais<\/h4>\n<p style=\"margin-top: 15px;\">CLIQUEZ SUR LA DATE POUR VOIR LA VID\u00c9O<\/p>\n\t<a href=\"https:\/\/donation.vedicpandits.org\/fr\/open-yagya-day\/?image_video=https%3A%2F%2Fplayer.vimeo.com%2Fvideo%2F1075722950%3Fh%3D21636fe3cc\" class=\"video-link no-pointer\">12 Avril 2025<\/a>\n\n\t <span style=\"margin-left: 50px;\">Regardez l&rsquo;int\u00e9gralit\u00e9 de l&rsquo;OYD (113 minutes)<\/p>\n\t<a href=\"https:\/\/donation.vedicpandits.org\/fr\/open-yagya-day\/?image_video=https%3A%2F%2Fplayer.vimeo.com%2Fvideo%2F1062877151%3Fh%3D0318719c5e\" class=\"video-link no-pointer\">1er Mars 2025<\/a>\n\n\t <span style=\"margin-left: 40px;\">Regardez l&rsquo;interview du Dr Tony Nader (50 minutes)<\/p>\n\t<a href=\"https:\/\/donation.vedicpandits.org\/fr\/open-yagya-day\/?image_video=https%3A%2F%2Fplayer.vimeo.com%2Fvideo%2F1039608448%3Fh%3D9d5638986a\" class=\"video-link no-pointer\">14 decembre 2024<\/a>\n\n\t <span style=\"margin-left: 15px;\">Regardez l&rsquo;int\u00e9gralit\u00e9 de l&rsquo;OYD (110 minutes)<\/p>\n\t<a href=\"https:\/\/donation.vedicpandits.org\/fr\/open-yagya-day\/?image_video=https%3A%2F%2Fplayer.vimeo.com%2Fvideo%2F1028356066%3Fh%3Dae76db67dd\" class=\"video-link no-pointer\">9 novembre 2024<\/a>\n\n\t <span style=\"margin-left: 18px;\">Regardez l&rsquo;int\u00e9gralit\u00e9 de l&rsquo;OYD (105 minutes)<\/p>\n\t<a href=\"https:\/\/donation.vedicpandits.org\/fr\/open-yagya-day\/?image_video=https%3A%2F%2Fplayer.vimeo.com%2Fvideo%2F1014802794%3Fh%3Df44486c64f\" class=\"video-link no-pointer\">28 septembre 2024<\/a>\n\n\t <span style=\"margin-left: 08px;\">Regardez l&rsquo;int\u00e9gralit\u00e9 de l&rsquo;OYD (115 minutes)<\/p>\n\t<a href=\"https:\/\/donation.vedicpandits.org\/fr\/open-yagya-day\/?image_video=https%3A%2F%2Fplayer.vimeo.com%2Fvideo%2F1009920810%3Fh%3Df5ac699467\" class=\"video-link no-pointer\">14 septembre 2024<\/a>\n\n\t <span style=\"margin-left: 08px;\">Regardez l&rsquo;int\u00e9gralit\u00e9 de l&rsquo;OYD (75 minutes)<\/p>\n\t<a href=\"https:\/\/donation.vedicpandits.org\/fr\/open-yagya-day\/?image_video=https%3A%2F%2Fplayer.vimeo.com%2Fvideo%2F997316599%3Fh%3Df74fe6a68d\" class=\"video-link no-pointer\">3 ao\u00fbt 2024 <\/a>\n\n\t <span style=\"margin-left: 50px;\">Regardez l&rsquo;int\u00e9gralit\u00e9 de l&rsquo;OYD (111 minutes)<\/p>\n\t<a href=\"https:\/\/donation.vedicpandits.org\/fr\/open-yagya-day\/?image_video=https%3A%2F%2Fplayer.vimeo.com%2Fvideo%2F953554210%3Fh%3Dc77d4c4442\" class=\"video-link no-pointer\">1 juin 2024 <\/a>\n\n\t <span style=\"margin-left: 54px;\">Regardez l&rsquo;int\u00e9gralit\u00e9 de l&rsquo;OYD (110 minutes)<\/p>\n\t<a href=\"https:\/\/donation.vedicpandits.org\/fr\/open-yagya-day\/?image_video=https%3A%2F%2Fplayer.vimeo.com%2Fvideo%2F943387581%3Fh%3Da7b7daa95c\" class=\"video-link no-pointer\">4 mai 2024 <\/a>\n\n\t <span style=\"margin-left: 54px;\">Regardez l&rsquo;int\u00e9gralit\u00e9 de l&rsquo;OYD (88 minutes)<\/p>\n\t<a href=\"https:\/\/donation.vedicpandits.org\/fr\/open-yagya-day\/?image_video=https%3A%2F%2Fplayer.vimeo.com%2Fvideo%2F932628113%3Fh%3D80290216f2\" class=\"video-link no-pointer\">6 avril 2024 <\/a>\n\n\t <span style=\"margin-left: 50px;\">Regardez l&rsquo;int\u00e9gralit\u00e9 de l&rsquo;OYD (112 minutes)<\/p>\n\t<a href=\"https:\/\/donation.vedicpandits.org\/fr\/open-yagya-day\/?image_video=https%3A%2F%2Fplayer.vimeo.com%2Fvideo%2F911052898%3Fh%3Da0c5f4eee1\" class=\"video-link no-pointer\">3 f\u00e9vrier 2024 <\/a>\n\n\t <span style=\"margin-left: 38px;\">Regardez l&rsquo;int\u00e9gralit\u00e9 de l&rsquo;OYD (108 minutes)<\/p>\n\t<a href=\"https:\/\/donation.vedicpandits.org\/fr\/open-yagya-day\/?image_video=https%3A%2F%2Fplayer.vimeo.com%2Fvideo%2F893374044%3Fh%3D73b7302bb3\" class=\"video-link no-pointer\">9 d\u00e9cembre 2023 <\/a>\n\n\t <span style=\"margin-left: 16px;\">Regardez l&rsquo;int\u00e9gralit\u00e9 de l&rsquo;OYD(103 minutes)<\/p>\n\t<a href=\"https:\/\/donation.vedicpandits.org\/fr\/open-yagya-day\/?image_video=https%3A%2F%2Fplayer.vimeo.com%2Fvideo%2F727803981%3Fh%3D6a37f391ff\" class=\"video-link no-pointer\">2 juillet 2022 <\/a>\n\n\t <span style=\"margin-left: 46px;\">Raja Harris (7 minutes)<\/p>\n\t<a href=\"https:\/\/donation.vedicpandits.org\/fr\/open-yagya-day\/?image_video=https%3A%2F%2Fplayer.vimeo.com%2Fvideo%2F728573045%3Fh%3D2a5c5c2c5c\" class=\"video-link no-pointer\">2 juillet 2022 <\/a>\n\n\t <span style=\"margin-left: 46px;\">Lothar Pirc (40 minutes)<\/p>\n\t<a href=\"https:\/\/donation.vedicpandits.org\/fr\/open-yagya-day\/?image_video=https%3A%2F%2Fvimeo.com%2F600403918%2F4b8e5d13c4\" class=\"video-link no-pointer\">4 septembre 2021  <\/a>\n\n\t <span style=\"margin-left: 12px;\">Discours du Raja Harris (13 minutes)<\/p>\n\t<a href=\"https:\/\/donation.vedicpandits.org\/fr\/open-yagya-day\/?image_video=https%3A%2F%2Fvimeo.com%2F590372941%2Ffb712325fb\" class=\"video-link no-pointer\">7 aout 2021  <\/a>\n\n\t <span style=\"margin-left: 49px;\">Discours du Rena Boone (47 minutes)<\/p>\n\t<a href=\"https:\/\/donation.vedicpandits.org\/fr\/open-yagya-day\/?image_video=https%3A%2F%2Fvimeo.com%2F590370619%2F6e46077fa8\" class=\"video-link no-pointer\">7 aout 2021  <\/a>\n\n\t<span style=\"margin-left: 49px;\"> Discours du Raja Harris (20 minutes)<\/p>\n\t<a href=\"https:\/\/donation.vedicpandits.org\/fr\/open-yagya-day\/?image_video=https%3A%2F%2Fvimeo.com%2F572571527%2F6aa74202cf\" class=\"video-link no-pointer\">3 juillet 2021  <\/a>\n\n\t <span style=\"margin-left: 46px;\">Session de l&rsquo;apr\u00e8s-midi enti\u00e8re (2 heures)<\/p>\n\t<a href=\"https:\/\/donation.vedicpandits.org\/fr\/open-yagya-day\/?image_video=https%3A%2F%2Fvimeo.com%2F571753439%2F06087853c8\" class=\"video-link no-pointer\">3 juillet 2021 <\/a>\n\n\t <span style=\"margin-left: 46px;\"> Discours du Dr. Neil Paterson uniquement (47 minutes)<\/p>\n\t<a href=\"https:\/\/donation.vedicpandits.org\/fr\/open-yagya-day\/?image_video=https%3A%2F%2Fvimeo.com%2F571779854%2F3bf896878c\" class=\"video-link no-pointer\">3 juillet 2021 <\/a>\n\n\t<span style=\"margin-left: 46px;\"> Discours du Dr. Kaplan uniquement (18 minutes)<\/p>\n\t<a href=\"https:\/\/donation.vedicpandits.org\/fr\/open-yagya-day\/?image_video=https%3A%2F%2Fvimeo.com%2F571787622%2Fd1a480dffd\" class=\"video-link no-pointer\">3 juillet 2021 <\/a>\n\n\t <span style=\"margin-left: 46px;\"> Susie Swan et Cornelia Jung (15 minutes)<\/p>\n\t<a href=\"https:\/\/donation.vedicpandits.org\/fr\/open-yagya-day\/?image_video=https%3A%2F%2Fvimeo.com%2F567013435%2F889fb258b5\" class=\"video-link no-pointer\"> 5 juin 2021  <\/a>\n\n\t<span style=\"margin-left: 56px;\">Session de l&rsquo;apr\u00e8s-midi enti\u00e8re<\/p>\n\t<a href=\"https:\/\/donation.vedicpandits.org\/fr\/open-yagya-day\/?image_video=https%3A%2F%2Fvimeo.com%2F561761395%2F62827200e5\" class=\"video-link no-pointer\">5 juin 2021 <\/a>\n\n\t <span style=\"margin-left: 56px;\">Discours du Dr. Kaplan uniquement<\/p>\n\t<a href=\"https:\/\/donation.vedicpandits.org\/fr\/open-yagya-day\/?image_video=https%3A%2F%2Fvimeo.com%2F544651479%2F283a9eab95\" class=\"video-link no-pointer\">1 mai 2021<\/a>\n\n\t <span style=\"margin-left: 56px;\"> Session de l&rsquo;apr\u00e8s-midi enti\u00e8re<\/p>\n\t<a href=\"https:\/\/donation.vedicpandits.org\/fr\/open-yagya-day\/?image_video=https%3A%2F%2Fvimeo.com%2F544340200%2F21ea342d34\" class=\"video-link no-pointer\">1 mai 2021<\/a>\n\n\t <span style=\"margin-left: 56px;\"> Discours du Dr. Kaplan uniquement<\/p>\n\t<a href=\"https:\/\/donation.vedicpandits.org\/fr\/open-yagya-day\/?image_video=https%3A%2F%2Fvimeo.com%2F512178431%2F2e5d646d30\" class=\"video-link no-pointer\">6 mars 2021<\/a>\n\n\t <span style=\"margin-left: 49px;\">Dr. Keith Wallace <\/p>\n\t<a href=\"https:\/\/donation.vedicpandits.org\/fr\/open-yagya-day\/?image_video=https%3A%2F%2Fvimeo.com%2F491772313%2Fe1930a50a7+\" class=\"video-link no-pointer\">5 decembre 2020<\/a>\n\n\t <span style=\"margin-left: 18px;\">Discours du Dr Kaplan uniquement<\/p>\n\t<a href=\"https:\/\/donation.vedicpandits.org\/fr\/open-yagya-day\/?image_video=https%3A%2F%2Fvimeo.com%2F482735248%2Fc5ed486b40\" class=\"video-link no-pointer\">7 november 2020<\/a>\n\n\t <span style=\"margin-left: 18px;\">David Lynch et Bob Roth<\/p>\n\t<a href=\"https:\/\/donation.vedicpandits.org\/fr\/open-yagya-day\/?image_video=https%3A%2F%2Fvimeo.com%2F471804275%2F8b3fc28811\" class=\"video-link no-pointer\">3 octobre 2020<\/a>\n\n\t <span style=\"margin-left: 33px;\">Dr. John Fagan<\/p>\n\t<a href=\"https:\/\/donation.vedicpandits.org\/fr\/open-yagya-day\/?image_video=https%3A%2F%2Fvimeo.com%2F471800320\" class=\"video-link no-pointer\">3 octobre 2020<\/a>\n\n\t <span style=\"margin-left: 33px;\"> \u00abNulle part o\u00f9 se cacher\u00bb avec une voix off en fran\u00e7ais.<\/p>\n\t<a href=\"https:\/\/donation.vedicpandits.org\/fr\/open-yagya-day\/?image_video=https%3A%2F%2Fvimeo.com%2F434075377%2Fd55eafabc1\" class=\"video-link no-pointer\">6 juin 2020<\/a>\n\n\t <span style=\"margin-left: 56px;\">Dr. Hagelin et Dr. Peter Swan<\/p>\n<div class=\"border-line\">&nbsp;<\/div>\n<p>&nbsp;<br \/>\nARCHIVE COMPL\u00c8TE EN ANGLAIS<br \/>\n<a href=\"https:\/\/donation.vedicpandits.org\/archives-for-2016-17\/\" target=\"_blank\" rel=\"noopener noreferrer\"> ICI<\/a> 2020, 2019, 2018, 2017, 2016 et 2015 Journ\u00e9e du Yagya<\/p>\n","protected":false},"excerpt":{"rendered":"<p>Journ\u00e9e du Yagya Les r\u00e9unions d\u2019ambassadeurs &nbsp; 7 juin 2025 &#8211; ZOOM WEBINAR Programme (Heures indiqu\u00e9es selon le fuseau d\u2019Europe centrale \u2013 CET) 09:00 Morning Super Radiance Heure 10.00 &#8211; 12:30 Rudrabhishek (Yagya pour la paix) dans l\u2019ancienne r\u00e9sidence de Maharishi 12:30 &#8211; 14.30 D\u00e9jeuner 14.30 &#8211; 16.00 R\u00e9union: Vid\u00e9o inspirante de Maharishi Discours d\u2019invit\u00e9s [&hellip;]<\/p>\n","protected":false},"author":3,"featured_media":0,"parent":0,"menu_order":0,"comment_status":"closed","ping_status":"closed","template":"","meta":{"om_disable_all_campaigns":false,"_monsterinsights_skip_tracking":false,"_monsterinsights_sitenote_active":false,"_monsterinsights_sitenote_note":"","_monsterinsights_sitenote_category":0,"footnotes":""},"class_list":["post-51591","page","type-page","status-publish","hentry"],"_links":{"self":[{"href":"https:\/\/donation.vedicpandits.org\/fr\/wp-json\/wp\/v2\/pages\/51591","targetHints":{"allow":["GET"]}}],"collection":[{"href":"https:\/\/donation.vedicpandits.org\/fr\/wp-json\/wp\/v2\/pages"}],"about":[{"href":"https:\/\/donation.vedicpandits.org\/fr\/wp-json\/wp\/v2\/types\/page"}],"author":[{"embeddable":true,"href":"https:\/\/donation.vedicpandits.org\/fr\/wp-json\/wp\/v2\/users\/3"}],"replies":[{"embeddable":true,"href":"https:\/\/donation.vedicpandits.org\/fr\/wp-json\/wp\/v2\/comments?post=51591"}],"version-history":[{"count":148,"href":"https:\/\/donation.vedicpandits.org\/fr\/wp-json\/wp\/v2\/pages\/51591\/revisions"}],"predecessor-version":[{"id":100351,"href":"https:\/\/donation.vedicpandits.org\/fr\/wp-json\/wp\/v2\/pages\/51591\/revisions\/100351"}],"wp:attachment":[{"href":"https:\/\/donation.vedicpandits.org\/fr\/wp-json\/wp\/v2\/media?parent=51591"}],"curies":[{"name":"wp","href":"https:\/\/api.w.org\/{rel}","templated":true}]}}