{"id":12847,"date":"2017-10-30T18:04:03","date_gmt":"2017-10-30T18:04:03","guid":{"rendered":"https:\/\/vedicpandits.org\/letters-for-newcomers\/"},"modified":"2020-05-07T11:51:44","modified_gmt":"2020-05-07T11:51:44","slug":"letters-for-newcomers","status":"publish","type":"page","link":"https:\/\/donation.vedicpandits.org\/hr\/letters-for-newcomers\/","title":{"rendered":"Letters for Newcomers"},"content":{"rendered":"<div class=\"grid-holder\">\n<div class=\"grid grid-desktop-50 grid-mobile-100\"><div class=\"holder\"><h4>UVODNO PISMO ZA GPI VIDEO<\/h4>\n<p>Dobrodo\u0161li u Globalnu mirovnu inicijativu. Na\u0161a Pisma za nove \u010dlanove predstavljaju niz pisama od 1 do 8. Po\u010dnimo s prvobitnim pismom koje postavlja temelj za 14-minutni uvodni GPI video. Pregledajte pismo i video pomo\u0107u linkova s desne strane.<\/p>\n<p>Ovaj 14-minutni videozapis zapo\u010dinje individualnim iskustvom koherentne mo\u017edane aktivnosti koja se odvija tijekom transcendentalne meditacije, pro\u0161iruju\u0107i je na grupniu\u010dinak, a zatim obja\u0161njava na koji na\u010din to predstavlja temelj za Globalnu mirovnu inicijativu. Budu\u0107i da je znanstveno utemeljen, ovaj je videozapis idealan za svakoga tko prakticira transcendentalnu meditaciju, od novih \u010dlanova do onih dugogodi\u0161njih.<\/p>\n<\/div><\/div>\n<div class=\"grid grid-desktop-50 grid-mobile-100\"><div class=\"holder\">\t<a href=\"https:\/\/donation.vedicpandits.org\/hr\/letters-for-newcomers\/?image_video=https%3A%2F%2Fwww.youtube.com%2Fwatch%3Fv%3DVwDdWnrT0NY%3Frel%3D0\" class=\"video-link \"><img loading=\"lazy\" decoding=\"async\" class=\"alignnone size-full wp-image-285\" src=\"\/wp-content\/uploads\/2017\/03\/circle_for_arrow_only.png\" alt=\"yagya_hagelin_1web1\" width=\"912\" height=\"363\" \/><\/a>\n\n\t\n<p>Uvodni GPI video je stvoren kako bi ponudio kratak pregled il iprikaz mirovnog projekta.<\/p>\n<p><a href=\"http:\/\/mailchi.mp\/maharishi\/appeal-letter-1356629\" rel=\"noopener noreferrer\" target=\"_blank\">Pismo pogledajte ovdje.<\/a><br \/>\n\t<a href=\"https:\/\/donation.vedicpandits.org\/hr\/letters-for-newcomers\/?image_video=https%3A%2F%2Fwww.youtube.com%2Fwatch%3Fv%3DVwDdWnrT0NY%3Frel%3D0\" class=\"video-link no-pointer\"><em> Videozapis pogledajte ovdje.<\/em><\/a>\n\n\t\n<\/div><\/div>\n<\/div>\n<div class=\"border-line\">&nbsp;<\/div>\n<div class=\"grid-holder\">\n<div class=\"grid grid-desktop-50 grid-mobile-100\"><div class=\"holder\"><p><img loading=\"lazy\" decoding=\"async\" src=\"https:\/\/donation.vedicpandits.org\/wp-content\/uploads\/2017\/11\/group_meditation.png\" width=\"290\" height=\"290\"\/><\/p>\n<p><img loading=\"lazy\" decoding=\"async\" src=\"https:\/\/donation.vedicpandits.org\/wp-content\/uploads\/2017\/10\/individuals_creating_world_peace.png\" width=\"290\" height=\"290\"\/><\/p>\n<p><img loading=\"lazy\" decoding=\"async\" src=\"https:\/\/donation.vedicpandits.org\/wp-content\/uploads\/2017\/11\/8_pandits.png\" width=\"290\" height=\"290\"\/><\/p>\n<p><img loading=\"lazy\" decoding=\"async\" src=\"https:\/\/donation.vedicpandits.org\/wp-content\/uploads\/2017\/11\/brahmasthan_india.png\" width=\"290\" height=\"290\"\/><\/p>\n<p><!--\n<img loading=\"lazy\" decoding=\"async\" src=\"https:\/\/donation.vedicpandits.org\/wp-content\/uploads\/2017\/11\/pandit_group_with_embedded_world_map.png\" width=\"290\"  height=\"290\"\/>\n--><\/p>\n<\/div><\/div>\n<div class=\"grid grid-desktop-50 grid-mobile-100\"><div class=\"holder\"><h4>ZNANOST I SVJETSKI MIR<\/h4>\n<p>Ova serija uvodnih pisama koja se ni\u017eu u pravilnom redoslijedu ocrtava u\u010dinkovitu i znanstveno dokazanu metodu za uspostavljanje harmonije i mira u svijetu. Saznajte kako pojedinac koji prakticira transcendentalnu meditaciju mo\u017ee utjecati na dru\u0161tvo i kako napredni TM program, koji prakticiraju velike grupe Maharishijevih vedskih pandita, mogu kreirati dugotrajni mir.\n<\/p>\n<\/p>\n<h4>Pisma za nove \u010dlanove<\/h4>\n<ol>\n<li>U\u010cINKOVIT PROGRAM ZA STVARANJE UNUTARNJEG I VANJSKOG MIRA\u00a0\n<p><a href=\"https:\/\/us7.campaign-archive.com\/?e=&#038;u=0cc687d83ddcd228ddb1e46aa&#038;id=fbbc4fde20\" rel=\"noopener noreferrer\" target=\"_blank\">Pismo pogledajte ovdje.<\/a><\/li>\n<li>DOVOLJNO JE 9.000 MEDITANATA ZA POSTIZANJE SVJETSKOG MIRA\n<p> <a href=\"https:\/\/us7.campaign-archive.com\/?e=&#038;u=0cc687d83ddcd228ddb1e46aa&#038;id=05862cd33d\" rel=\"noopener noreferrer\" target=\"_blank\">Pismo pogledajte ovdje.<\/a><\/li>\n<li>VRHUNSKI EDUCIRANI STRU\u010cNJACI KORISTE DREVNU ZNANOST I TEHNOLOGIJU SVIJESTI ZA STVARANJE MIRA<br \/><a href=\"https:\/\/us7.campaign-archive.com\/?e=&#038;u=0cc687d83ddcd228ddb1e46aa&#038;id=682ad916ab\" rel=\"noopener noreferrer\" target=\"_blank\">Pismo pogledajte ovdje.<\/a><\/li>\n<li>VJETROVI HLADNOG RATA POSTALI SU VJETROVI NADE\n<p><a href=\"https:\/\/us7.campaign-archive.com\/?e=&#038;u=0cc687d83ddcd228ddb1e46aa&#038;id=4ff74a5837\" rel=\"noopener noreferrer\" target=\"_blank\">Pismo pogledajte ovdje.<\/a><\/li>\n<li>TEHNOLOGIJA ZVUKA<br \/><a href=\"https:\/\/us7.campaign-archive.com\/?e=&#038;u=0cc687d83ddcd228ddb1e46aa&#038;id=ce6298e0e5\" rel=\"noopener noreferrer\" target=\"_blank\">Pismo pogledajte ovdje.<\/a><\/li>\n<li>9,000 STRU\u010cNJAKA ZA KREIRANJE MIRA BORAVIT \u0106E U OVOM SVJETSKOM GRADU\n<p><a href=\"https:\/\/us7.campaign-archive.com\/?e=&#038;u=0cc687d83ddcd228ddb1e46aa&#038;id=7f202e0fe4\" rel=\"noopener noreferrer\" target=\"_blank\">Pismo pogledajte ovdje.<\/a><\/li>\n<li>KAKO POSTICI NEPOBJEDIVU BROJKU ZA MIR U SVIJETU <br \/><a href=\"https:\/\/us7.campaign-archive.com\/?e=&#038;u=0cc687d83ddcd228ddb1e46aa&#038;id=80dd62f1f1\" rel=\"noopener noreferrer\" target=\"_blank\">Pismo pogledajte ovdje.<\/a><\/li\n\n<\/ol>\n<\/div><\/div>\n<\/div>\n","protected":false},"excerpt":{"rendered":"","protected":false},"author":3,"featured_media":0,"parent":0,"menu_order":0,"comment_status":"closed","ping_status":"closed","template":"","meta":{"om_disable_all_campaigns":false,"_monsterinsights_skip_tracking":false,"_monsterinsights_sitenote_active":false,"_monsterinsights_sitenote_note":"","_monsterinsights_sitenote_category":0,"footnotes":""},"class_list":["post-12847","page","type-page","status-publish","hentry"],"_links":{"self":[{"href":"https:\/\/donation.vedicpandits.org\/hr\/wp-json\/wp\/v2\/pages\/12847","targetHints":{"allow":["GET"]}}],"collection":[{"href":"https:\/\/donation.vedicpandits.org\/hr\/wp-json\/wp\/v2\/pages"}],"about":[{"href":"https:\/\/donation.vedicpandits.org\/hr\/wp-json\/wp\/v2\/types\/page"}],"author":[{"embeddable":true,"href":"https:\/\/donation.vedicpandits.org\/hr\/wp-json\/wp\/v2\/users\/3"}],"replies":[{"embeddable":true,"href":"https:\/\/donation.vedicpandits.org\/hr\/wp-json\/wp\/v2\/comments?post=12847"}],"version-history":[{"count":9,"href":"https:\/\/donation.vedicpandits.org\/hr\/wp-json\/wp\/v2\/pages\/12847\/revisions"}],"predecessor-version":[{"id":42014,"href":"https:\/\/donation.vedicpandits.org\/hr\/wp-json\/wp\/v2\/pages\/12847\/revisions\/42014"}],"wp:attachment":[{"href":"https:\/\/donation.vedicpandits.org\/hr\/wp-json\/wp\/v2\/media?parent=12847"}],"curies":[{"name":"wp","href":"https:\/\/api.w.org\/{rel}","templated":true}]}}