{"id":3781,"date":"2014-04-08T07:10:05","date_gmt":"2014-04-08T07:10:05","guid":{"rendered":"https:\/\/vedicpandits.org\/?page_id=3781"},"modified":"2024-06-09T20:20:05","modified_gmt":"2024-06-09T20:20:05","slug":"about-us","status":"publish","type":"page","link":"https:\/\/donation.vedicpandits.org\/hr\/about-us\/","title":{"rendered":"O NAMA"},"content":{"rendered":"<h4>ZAKLADA I FONDACIJA<\/h4>\n<p>Financiranje grupe Maharishijevih vedskih pandita organizira i vodi Brahmananda Saraswati Zaklada Stiching u Nizozemskoj, te Brahmananda Saraswati Fondacija u SAD.<\/p>\n<p>Misija Zaklade i Fondacije uklju\u010duje nadziranje svjetskog programa prikupljanja sredstava, primanje donacija i upravljanje ulaganjima mje\u0161ovitih fondova. Oni zajedni\u010dki prate i usmjeravaju sve isplate njihovim partnerima u Indiji kako bi bili sigurni da su ciljevi projekta postignuti. Zakladu i Fondaciju nadgleda odbor znanstvenika, edukatora i poslovnih lidera iz cijelog svijeta. <\/p>\n<p>Te organizacije je osnovao Maharishi Mahesh Yogi i nazvane su u \u010dast Maharishijevog u\u010ditelja, Guru Deva, Brahmananda Saraswati, po jednom od najcjenjenijih duhovnih vo\u0111a Indije, koji je djelovao kao Shankaracharya od Jyotir Matha, Indija \u2013 glavni predstavnik vedske tradicije znanja.<\/p>\n<div class=\"border-line\">&nbsp;<\/div>\n<div class=\"grid-holder grid-border-50\">\n<div class=\"grid grid-desktop-50 grid-mobile-100\"><div class=\"holder\"><h4>ZAKLADA BRAHMANANDA SARASWATI<\/h4>\n<p>Osnovana u Nizozemskoj 2008. godine kao neprofitna organizacija, Zaklada Brahmananda Saraswati (Stiching) usmjerena je na Europu, te srednjoisto\u010dne, afri\u010dke i azijske zemlje. Donacije se u ve\u0107ini zemalja odbijaju od poreza.<\/p>\n<\/div><\/div>\n<div class=\"grid grid-desktop-50 grid-mobile-100\"><div class=\"holder\"><h4>FONDACIJA BRAHMANANDA SARASWATI (SAD)<\/h4>\n<p>Osnovana u SAD 2008. godine Fondacija Brahmananda Saraswati je 501 (c)(3) neprofitna organizacija u SAD. Donacije se odbijaju od poreza poreznim obveznicima u SAD. <\/p>\n<\/div><\/div>\n<\/div>\n<div class=\"border-line\">&nbsp;<\/div>\n<strong>Predsjednik Fondacije Brahmananda Saraswati<\/strong><\/p>\n<p><img loading=\"lazy\" decoding=\"async\" src=\"https:\/\/globalpeaceproject.net\/wp-content\/uploads\/2020\/08\/Dr._Tony_Nader4.png\" alt=\"\" width=\"125\" height=\"164\" class=\"alignleft size-full wp-image-359\" \/><\/p>\n<p><strong>Tony Nader dr.med sc.,PhD MARR <\/strong><\/p>\n<p style=\"margin-bottom:20px;\">Dr. Nader je lije\u010dnik \u0161kolovan na Massachusetts institutu za tehnologiju (doktorat iz neuroznanosti) I na Sveu\u010dili\u0161tu Harvard, te svjetski priznati vedski u\u010denjak. Kao nasljednik<br \/>\nMaharishi Mahesh Yogija, dr. Nader je voditelj me\u0111unarodnih organizacija transcendentalne meditacije u preko<br \/>\nstotinu zemalja. Dr. Nader vodi program transcendentalne meditacije I njenih naprednih tehnika kako bi se<br \/>\nispunile najvi\u0161e te\u017enje dru\u0161tva u svim podru\u010djima nacionalnog \u017eivota.<\/p>\n<div class=\"border-line\">&nbsp;<\/div>\n<p><strong> Predsjednik Upravnog odbora Fondacije Brahmananda Saraswati<\/strong><\/p>\n<p><img loading=\"lazy\" decoding=\"async\" src=\"https:\/\/donation.vedicpandits.org\/wp-content\/uploads\/2020\/10\/DrMorris.jpg\" alt=\"\" width=\"125\" height=\"164\" class=\"alignleft size-full wp-image-359\" \/><\/p>\n<p><strong>Dr. Bevan Morris, D.S.C.I<\/strong><\/p>\n<p style=\"margin-bottom:0px;\">Dr. Morris diplomirao je na Sveu\u010dili\u0161tu Cambridge u Engleskoj. Bio je prva osoba koja je dobila doktorat iz Znanosti o stvarala\u010dkoj inteligenciji od Maharishija. Bio je predsjednik Maharishijevog Sveu\u010dili\u0161ta upravljanja u Fairfieldu, Iowa, SAD 36 godina, a sada je predsjednik emeritus i me\u0111unarodni predsjednik Maharishijevih Sveu\u010dili\u0161ta za menad\u017ement. Dr. Morris je najve\u0107i svjetski stru\u010dnjak za Maharishijevo obrazovanje temeljeno na svijesti i predstavio je Maharisijeve programe javnosti u vi\u0161e od 120 zemalja, te dr\u017eavnim, obrazovnim i poslovnim \u010delnicima.<\/p>\n<div class=\"border-line\">&nbsp;<\/div>\n<strong> Predsjednik Upravnog odbora Zaklade Brahmananda Saraswati i izvr\u0161ni direktor Fondacije i Zaklade Brahmananda Saraswati.<\/strong><\/p>\n<p><img loading=\"lazy\" decoding=\"async\" src=\"https:\/\/donation.vedicpandits.org\/wp-content\/uploads\/2020\/10\/harris_kaplan_4.jpg\" alt=\"\" width=\"125\" height=\"164\" class=\"alignleft size-full wp-image-359\" \/><\/p>\n<p><strong>Dr. Harris Kaplan, D.S.C.I <\/strong><\/p>\n<p style=\"margin-bottom:0px;\">Nakon \u0161to se 1999. godine povukao iz uspje\u0161ne karijere upravitelja investicijskog fonda, Dr. Kaplan je svoje vrijeme posvetio podr\u0161ci programima koje vode organizacije transcendentalne meditacije \u0161irom svijeta. Od 2006. godine je glavni administrator za projekte organizacije transcendentalne meditacije u Indiji, uklju\u010duju\u0107i obuku i podr\u0161ku tisu\u0107ama Maharishijevih vedskih Pandita. Glavni je izvr\u0161ni direktor Fondacije Brahmananda Saraswati od njenog osnutka, a tako\u0111er djeluje u njenom financijskom odboru, poma\u017eu\u0107i u nadgledanju Zaklade.<\/p>\n<div class=\"border-line\">&nbsp;<\/div>\n<p><strong>Izvr\u0161ni odbor Fondacije Brahmananda Saraswati i Zaklade Brahmananda Saraswati<\/strong><\/p>\n<ul>\n<li>Dr. Bevan Morris &#8211; edukator<br \/>\nMaharishijev vedski grad, Iowa<\/p>\n<li>Harris Kaplan DSCI &#8211; umirovljeni upravitelj investicijskog fonda<br \/>\nVlodrop, Nizozemska<\/p>\n<li>John Hagelindr.sc. &#8211; kvantni fizi\u010dar, predsjednik Globalne zajednice znanstvenika za mir, predsjednik Maharishijevog me\u0111unarodnog sveu\u010dili\u0161ta, Fairfield, Iowa, SAD\n<li> Robert LoPinto &#8211; poslovni \u010dovjek i administrator<br \/>\n     Rockville, MD, USA<\/p>\n<li>Steve Rubin \u2013 poslovni \u010dovjek i administrator<br \/>\n    Sebastian, FL, USA\n<\/ul>\n<div class=\"border-line\">&nbsp;<\/div>\n<p><strong>\u010clanovi Odbora Fondacije Brahmananda Saraswati<\/strong><\/p>\n<div class=\"grid-holder\">\n<div class=\"grid grid-desktop-50 grid-mobile-100\"><div class=\"holder\"><ul>\n<li>Jose Luis Alvares \u2013 administrator<br \/>\n    Barcelona, \u0160panjolska<\/p>\n<li>Antonio Bartolom\u00e9 \u2013 poslovni \u010dovjek<br \/>\n    Banast\u00e1s, Huesca, \u0160panjolska<\/p>\n<li>Dr. Leslie Brooks, M.A. \u2013 administrator<br \/>\n    Lincoln, MA, USA<\/p>\n<li>Howard Martin Chandler, dr. sc. &#8211; edukator<br \/>\n    Boston, Maryland, SAD<\/p>\n<li>Rafael David &#8211; poslovni poduzetnik<br \/>\n    Vero Beach, FL, USA<\/p>\n<li>Dr. Arlene Kaplan \u2013 administrator<br \/>\n    Vlodrop,  Nizozemska<\/p>\n<\/ul>\n<\/div><\/div>\n<div class=\"grid grid-desktop-50 grid-mobile-100\"><div class=\"holder\"><ul>\n<li>Dr. Neil Paterson  &#8211; administrator<br \/>\n    Salt Spring Island, Kanada<\/p>\n<li>Rainer Picha, M. D. &#8211;<br \/>\nkardiolog i znanstveni istra\u017eiva\u010d<br \/>\nBe\u010d, Austrija<\/p>\n<li>Dr. Susie Swan  &#8211; administrator i grafi\u010dki umjetnik<br \/>\nNizozemska i Cape Town<br \/>\nJu\u017ena Afrika<\/p>\n<li>Maureen Wynne, J.D. \u2013 Odvjetnica<br \/>\nMaharishijev vedski grad, Iowa, SAD<\/p>\n<\/ul>\n<\/div><\/div>\n<\/div>\n<div class=\"border-line\">&nbsp;<\/div>\n<p id=\"HRfinance\">\n<p><strong>Financijski odbor Fondacije Brahmananda Saraswati i Zaklade Brahmananda Saraswati<\/strong><br \/>\n<div class=\"grid-holder\">\n<div class=\"grid grid-desktop-50 grid-mobile-100\"><div class=\"holder\"><ul>\n<li>Harris Kaplan, D.S.C.I<br \/>\numirovljeni upravitelj investicijskog fonda<br \/>\nOsniva\u010d I biv\u0161i izvr\u0161ni direktor Eastgate Financial Services Ltd, SAD<\/p>\n<li>Robert LoPinto<br \/>\numirovljeni poslovni \u010dovjek<br \/>\nRockville, MD, USA<\/p>\n<li>Jeffrey S. Abramson<br \/>\nPartner u prodaji nekretnina,<br \/>\nTower Companies, SAD <\/p>\n<li>Steve Rubin<br \/>\numirovljeni poslovni izvr\u0161ni direktor<br \/>\nBiv\u0161i predsjednik i izvr\u0161ni direktor United Fuels International Inc., SAD\n<\/ul>\n<\/div><\/div>\n<div class=\"grid grid-desktop-50 grid-mobile-100\"><div class=\"holder\"><ul>\n<li>Eric Schwartz<br \/>\nInvesticijski savjetnik<br \/>\nOsniva\u010d i izvr\u0161ni direktor, Cambridge Investment Research, SAD<\/p>\n<li>Michael Dreben<br \/>\nIzvr\u0161ni direktor za korporativne financije i poslovni razvoj<br \/>\nCEO, Grenadier Management, LLC<\/p>\n<li>Ted Hirsch<br \/>\nEkonomist i portfelj menad\u017eer<br \/>\nVanderbilt Financial Group, New York, SAD\n<\/ul>\n<\/div><\/div>\n<\/div>\n","protected":false},"excerpt":{"rendered":"<p>ZAKLADA I FONDACIJA Financiranje grupe Maharishijevih vedskih pandita organizira i vodi Brahmananda Saraswati Zaklada Stiching u Nizozemskoj, te Brahmananda Saraswati Fondacija u SAD. Misija Zaklade i Fondacije uklju\u010duje nadziranje svjetskog programa prikupljanja sredstava, primanje donacija i upravljanje ulaganjima mje\u0161ovitih fondova. Oni zajedni\u010dki prate i usmjeravaju sve isplate njihovim partnerima u Indiji kako bi bili sigurni [&hellip;]<\/p>\n","protected":false},"author":3,"featured_media":59420,"parent":0,"menu_order":0,"comment_status":"open","ping_status":"closed","template":"template-about.php","meta":{"om_disable_all_campaigns":false,"_monsterinsights_skip_tracking":false,"_monsterinsights_sitenote_active":false,"_monsterinsights_sitenote_note":"","_monsterinsights_sitenote_category":0,"footnotes":""},"class_list":["post-3781","page","type-page","status-publish","has-post-thumbnail","hentry"],"_links":{"self":[{"href":"https:\/\/donation.vedicpandits.org\/hr\/wp-json\/wp\/v2\/pages\/3781","targetHints":{"allow":["GET"]}}],"collection":[{"href":"https:\/\/donation.vedicpandits.org\/hr\/wp-json\/wp\/v2\/pages"}],"about":[{"href":"https:\/\/donation.vedicpandits.org\/hr\/wp-json\/wp\/v2\/types\/page"}],"author":[{"embeddable":true,"href":"https:\/\/donation.vedicpandits.org\/hr\/wp-json\/wp\/v2\/users\/3"}],"replies":[{"embeddable":true,"href":"https:\/\/donation.vedicpandits.org\/hr\/wp-json\/wp\/v2\/comments?post=3781"}],"version-history":[{"count":12,"href":"https:\/\/donation.vedicpandits.org\/hr\/wp-json\/wp\/v2\/pages\/3781\/revisions"}],"predecessor-version":[{"id":77682,"href":"https:\/\/donation.vedicpandits.org\/hr\/wp-json\/wp\/v2\/pages\/3781\/revisions\/77682"}],"wp:featuredmedia":[{"embeddable":true,"href":"https:\/\/donation.vedicpandits.org\/hr\/wp-json\/wp\/v2\/media\/59420"}],"wp:attachment":[{"href":"https:\/\/donation.vedicpandits.org\/hr\/wp-json\/wp\/v2\/media?parent=3781"}],"curies":[{"name":"wp","href":"https:\/\/api.w.org\/{rel}","templated":true}]}}