{"id":4762,"date":"2014-07-08T07:02:34","date_gmt":"2014-07-08T07:02:34","guid":{"rendered":"https:\/\/vedicpandits.org\/?page_id=4762"},"modified":"2018-08-16T13:18:12","modified_gmt":"2018-08-16T13:18:12","slug":"home","status":"publish","type":"page","link":"https:\/\/donation.vedicpandits.org\/hr\/","title":{"rendered":"Naslovnica"},"content":{"rendered":"<p><!--<img loading=\"lazy\" decoding=\"async\" src=\"\/wp-content\/uploads\/2014\/04\/ecardslidere-new1.jpg\" width=\"912\" height=\"364\" class=\"alignleft size-full wp-image-1800\" \/>\n<a class=\"ecardbutton\" href=\"https:\/\/donation.vedicpandits.org\/ecard\/\"> > Novo! Na raspolaganju su besplatne e-\u010destitke<\/a>--><\/p>\n<h4>VEDSKE TEHNOLOGIJE SVIJESTI ZA SVJETSKI MIR<\/h4>\n<p>Velika grupa Maharishijevih vedskih pandita okupljena je u Indiji kako bi stvorila utjecaj sklada za cijeli svijet. Znanstvena istra\u017eivanja provo\u0111ena tijekom 30 godina pokazala su da grupa od 9.000 ljudi stvara mo\u0107an u\u010dinak pobolj\u0161anja \u017eivota na globalnoj razini.<\/p>\n<p>Zahvaljuju\u0107i donacijama velikodu\u0161nih podr\u017eavatelja iz preko 90 zemalja, grupa se posljednjih godina pove\u0107ala na vi\u0161e od 2.000 pandita u kampusu u Brahmasthanu (geografskom centru) u Indiji. Na\u0161 cilj je pove\u0107ati godi\u0161nju podr\u0161ku za cijelu grupu od 9.000 vedskih pandita i zatim stvoriti fond doprinosa koji \u0107e trajno osigurati grupu, stvaraju\u0107i svjetski mir za sva vremena.<\/p>\n<p>UNESCO je slu\u017ebeno opisao vedsku recitaciju kao nematerijalno naslje\u0111e \u010dovje\u010danstva<\/p>\n<div style=\"width:200px; margin-top:40px; margin-left:10px;\"  class=\"align right\">\n\t<a href=\"https:\/\/donation.vedicpandits.org\/hr\/?image_video=https%3A%2F%2Fvimeo.com%2F279784946%2Ff851d139e7\" class=\"video-link \"><img decoding=\"async\" class=\"alignnone size-full wp-image-285\" src=\"https:\/\/donation.vedicpandits.org\/wp-content\/uploads\/2018\/03\/Tall-blue-globe-copy.jpeg\" alt=\"landscape format of blue globe with pandits\" width=\"200\" \/><\/a>\n\n\t<\/div>\n<h4 style=\"margin-top:25px;\">video<\/h4>\n<p>U samo 14 minuta mo\u017eete saznati kako transcendentalna meditacija i njene napredne tehnike mogu u\u010dinkovito stvoriti mir u svijetu. Kratak i zgodan video, na jednostavan i jasan na\u010din, uz animacije i primjere, obja\u0161njava koje korake je potrebno poduzeti \u017eelimo li ostvariti svjetski mir. Sve je potkrijepljeno i znanstvenim instra\u017eivanjima.  Kliknite na sliku kako biste pogledali 14-minutni uvodni video uradak.<\/p>\n<p><!--\n\n<h4>E-\u010cESTITKE<\/h4>\n\n\nSve e-\u010destitke prepune su prekrasnih fotografija Maharishijevih vedskih pandita nadopunjenih audio i video zapisima te slikovnim serijalima tijekom njihovih recitacija. Nadamo se da \u0107ete u\u017eivati u tim besplatnim i lijepo ura\u0111enim <a href=\"https:\/\/donation.vedicpandits.org\/ecard\/\">e-\u010destitkama<\/a> te da \u0107ete ih podijeliti sa svojim prijateljima.--><\/p>\n","protected":false},"excerpt":{"rendered":"<p>VEDSKE TEHNOLOGIJE SVIJESTI ZA SVJETSKI MIR Velika grupa Maharishijevih vedskih pandita okupljena je u Indiji kako bi stvorila utjecaj sklada za cijeli svijet. Znanstvena istra\u017eivanja provo\u0111ena tijekom 30 godina pokazala su da grupa od 9.000 ljudi stvara mo\u0107an u\u010dinak pobolj\u0161anja \u017eivota na globalnoj razini. Zahvaljuju\u0107i donacijama velikodu\u0161nih podr\u017eavatelja iz preko 90 zemalja, grupa se posljednjih [&hellip;]<\/p>\n","protected":false},"author":3,"featured_media":0,"parent":0,"menu_order":0,"comment_status":"open","ping_status":"closed","template":"template-home.php","meta":{"om_disable_all_campaigns":false,"_monsterinsights_skip_tracking":false,"_monsterinsights_sitenote_active":false,"_monsterinsights_sitenote_note":"","_monsterinsights_sitenote_category":0,"footnotes":""},"class_list":["post-4762","page","type-page","status-publish","hentry"],"_links":{"self":[{"href":"https:\/\/donation.vedicpandits.org\/hr\/wp-json\/wp\/v2\/pages\/4762","targetHints":{"allow":["GET"]}}],"collection":[{"href":"https:\/\/donation.vedicpandits.org\/hr\/wp-json\/wp\/v2\/pages"}],"about":[{"href":"https:\/\/donation.vedicpandits.org\/hr\/wp-json\/wp\/v2\/types\/page"}],"author":[{"embeddable":true,"href":"https:\/\/donation.vedicpandits.org\/hr\/wp-json\/wp\/v2\/users\/3"}],"replies":[{"embeddable":true,"href":"https:\/\/donation.vedicpandits.org\/hr\/wp-json\/wp\/v2\/comments?post=4762"}],"version-history":[{"count":20,"href":"https:\/\/donation.vedicpandits.org\/hr\/wp-json\/wp\/v2\/pages\/4762\/revisions"}],"predecessor-version":[{"id":14707,"href":"https:\/\/donation.vedicpandits.org\/hr\/wp-json\/wp\/v2\/pages\/4762\/revisions\/14707"}],"wp:attachment":[{"href":"https:\/\/donation.vedicpandits.org\/hr\/wp-json\/wp\/v2\/media?parent=4762"}],"curies":[{"name":"wp","href":"https:\/\/api.w.org\/{rel}","templated":true}]}}