{"id":4911,"date":"2014-07-08T07:09:10","date_gmt":"2014-07-08T07:09:10","guid":{"rendered":"https:\/\/vedicpandits.org\/?page_id=4911"},"modified":"2015-10-12T17:06:56","modified_gmt":"2015-10-12T17:06:56","slug":"maharishi","status":"publish","type":"page","link":"https:\/\/donation.vedicpandits.org\/hr\/maharishi\/","title":{"rendered":"Maharishi"},"content":{"rendered":"<h4>MAHARISHI MAHESH YOGI<\/h4>\n<p>Maharishi Mahesh Yogi je nadaleko \u010duven kao najistaknutiji vedski u\u010denjak modernog doba, kao i vode\u0107i znanstvenik svijesti. Izraz \u201evedski\u201c odnosi se na bezvremensku tradiciju \u010distog, potpunog znanja koja je utvr\u0111ena u Indiji.<br \/>\nMaharishi je poznat po u\u010denju programa transcendentalne meditacije, najpotpunije istra\u017eene i u\u010dinkovite tehnike samorazvoja (vidi ni\u017ee). Tako\u0111er je obnovio potpuno znanje i prakti\u010dne programe vedske tradicije Indije u njihovoj \u010disto\u0107i i cjelovitosti, kako bi svatko svuda mogao \u017eivjeti puno obe\u0107anje vedskog \u017eivota \u2013 \u017eivot u miru, obilju i dobrom zdravlju.<br \/>\nMaharishi je obnovio nekoliko zaboravljenih ili pogre\u0161no shva\u0107enih vidova vedske znanosti i razradio programe koji donose ispunjenje u skrbi o zdravlju, obrazovanju, obrani zemlje, upravljanju, arhitekturi i mnogim drugim podru\u010djima suvremenog \u017eivota. <\/p>\n<div class=\"border-line\">&nbsp;<\/div>\n<h4>SUSTAVAN PRISTUP POSTIZANJU PROSVJETLJENJA<\/h4>\n<p>Meditacija i put do prosvjetljenja bili su pogre\u0161no shva\u0107ani stolje\u0107ima, \u010dak i u Indiji. Smatralo ih se uglavnom domenom religije ili filozofije i \u010desto poistovje\u0107ivalo s odricanjem. Maharishi je donio svjetlu vedsku istinu da se meditacija ne bazira na naporu i koncentraciji, ve\u0107 se doga\u0111a spontano i prirodno kada um dobije ispravan start. Izlo\u017eio je sustavan put za razvoj vi\u0161ih stanja svijesti u kojima jedinstvo \u017eivota postaje \u017eivu\u0107a stvarnost svakodnevnog \u017eivota. <\/p>\n<p>Nadahnuti Maharishijem, znanstvenici su po\u010deli istra\u017eivati dobrobiti transcendentalne meditacije. Od 1970. kada je objavljeno prvo istra\u017eivanje, preko 600 znanstvenih studija provedeno u preko 200 neovisnih istra\u017eiva\u010dkih institucija u 35 zemalja potvrdilo je dobrobiti transcendentalne meditacije za duh, tijelo i dru\u0161tvo u cjelini. Mnoge od tih studija objavljene su u znanstvenim, medicinskim i profesionalnim \u010dasopisima. <\/p>\n<div class=\"border-line\">&nbsp;<\/div>\n<h4>PRE\u010cAC DO SVJETSKOG MIRA<\/h4>\n<p>Tijekom njegovog razvijanja naprednih TM-sidhi programa i osobito skupnog vje\u017ebanja jogijskog letenja, Maharishi je dao svijetu tehnologiju za stvaranje koherentnog, mirnog utjecaja na kolektivnu svijest bilo koje nacije, uklju\u010divanjem samo malog dijela populacije. Kada se primijeni u velikim razmjerima, skupno vje\u017ebanje jogijskog letenja nudi prvu znanstveno potvr\u0111enu metodu za stvaranje svjetskog mira. Pored toga, istra\u017eivanje tog podru\u010dja potvrdilo je da su mnogi drugi vidovi \u017eivota \u2013 kao \u0161to je op\u0107e zdravlje, dru\u0161tveno pona\u0161anje i obilje \u2013 pobolj\u0161ani.<br \/>\nZa stvaranje i trajno odr\u017eavanje ovog mo\u0107nog u\u010dinka, Maharishi je osmislio Globalnu mirovnu inicijativu \u2013 projekt usmjeren na stvaranje velike grupe posebno obrazovanih vedskih pandita. Njihovo svakodnevno vje\u017ebanje TM i TM sidhi programa, kao i izvo\u0111enje vedskih yagyi, \u0161irit \u0107e dubok i mjerljiv blagotvorni u\u010dinak u svijetu. Kako bi se sakupila sredstva za trajnu podr\u0161ku ove grupe, 2008. godine osnovao je Zakladu Brahmananda Saraswati.<br \/>\n<div class=\"border-line\">&nbsp;<\/div>\n<h4 id=\"audios\">AUDIO<\/h4>\n<p>Maharishi govori o vedskim panditima (eng.):<\/p>\n<p><em><a href=\"https:\/\/donation.vedicpandits.org\/hr\/maharishi\/?audio_link=%2Fwp-content%2Fuploads%2F2015%2F03%2F01nTraining-Vedic-Pandits-to-Create-Harmony-in-Society-pushing-the-Devatas-buttons-May-18-051.mp3\" class=\"audio-link\">&gt; Obuka vedskih pandita za stvaranje sklada u dru\u0161tvu. (audio 10:05 min)<\/a>\n<p><b><\/b><a href=\"https:\/\/donation.vedicpandits.org\/hr\/maharishi\/?audio_link=%2Fwp-content%2Fuploads%2F2015%2F03%2F04n-Specialty-of-the-Vedic-Pandits-March-16-053.mp3\" class=\"audio-link\">&gt; Posebnost vedskih pandita. (audio 7:14 min)<\/a><\/em><\/br><\/p>\n<p>Maharishi govori o mo\u0107i yagyi (eng.):<\/p>\n<p><em><a href=\"https:\/\/donation.vedicpandits.org\/hr\/maharishi\/?audio_link=%2Fwp-content%2Fuploads%2F2015%2F03%2F03n-Using-Collective-Yagyas-to-Prevent-the-Danger.mp3\" class=\"audio-link\">&gt; Uporaba kolektivnih yagya za sprje\u010davanje opasnosti koja jo\u0161 nije stigla. (Audio 8:56 min)<\/a>\n<p><b><\/b><a href=\"https:\/\/donation.vedicpandits.org\/hr\/maharishi\/?audio_link=%2Fwp-content%2Fuploads%2F2015%2F03%2F02n-Yagyas%C3%A2%C2%80%C2%94powerful-Vedic-performances-March-23-051.mp3\" class=\"audio-link\">&gt; Yagye \u2013 mo\u0107ni vedski postupci koji izviru iz tihe razine svijesti vedskih pandita (Audio 7:26 min)<\/a>\n<p><b><\/b><a href=\"https:\/\/donation.vedicpandits.org\/hr\/maharishi\/?audio_link=%2Fwp-content%2Fuploads%2F2015%2F03%2F06n-Difference-between-practising-TM-and-listening-to-Vedic-R.mp3\" class=\"audio-link\">&gt; Razlika izme\u0111u vje\u017ebanje transcendentalne meditacije i slu\u0161anja vedskih recitacija. (Audio 4:42 min)<\/a><\/em><\/p>\n","protected":false},"excerpt":{"rendered":"<p>MAHARISHI MAHESH YOGI Maharishi Mahesh Yogi je nadaleko \u010duven kao najistaknutiji vedski u\u010denjak modernog doba, kao i vode\u0107i znanstvenik svijesti. Izraz \u201evedski\u201c odnosi se na bezvremensku tradiciju \u010distog, potpunog znanja koja je utvr\u0111ena u Indiji. Maharishi je poznat po u\u010denju programa transcendentalne meditacije, najpotpunije istra\u017eene i u\u010dinkovite tehnike samorazvoja (vidi ni\u017ee). Tako\u0111er je obnovio potpuno [&hellip;]<\/p>\n","protected":false},"author":3,"featured_media":149,"parent":0,"menu_order":0,"comment_status":"open","ping_status":"closed","template":"","meta":{"om_disable_all_campaigns":false,"_monsterinsights_skip_tracking":false,"_monsterinsights_sitenote_active":false,"_monsterinsights_sitenote_note":"","_monsterinsights_sitenote_category":0,"footnotes":""},"class_list":["post-4911","page","type-page","status-publish","has-post-thumbnail","hentry"],"_links":{"self":[{"href":"https:\/\/donation.vedicpandits.org\/hr\/wp-json\/wp\/v2\/pages\/4911","targetHints":{"allow":["GET"]}}],"collection":[{"href":"https:\/\/donation.vedicpandits.org\/hr\/wp-json\/wp\/v2\/pages"}],"about":[{"href":"https:\/\/donation.vedicpandits.org\/hr\/wp-json\/wp\/v2\/types\/page"}],"author":[{"embeddable":true,"href":"https:\/\/donation.vedicpandits.org\/hr\/wp-json\/wp\/v2\/users\/3"}],"replies":[{"embeddable":true,"href":"https:\/\/donation.vedicpandits.org\/hr\/wp-json\/wp\/v2\/comments?post=4911"}],"version-history":[{"count":10,"href":"https:\/\/donation.vedicpandits.org\/hr\/wp-json\/wp\/v2\/pages\/4911\/revisions"}],"predecessor-version":[{"id":6779,"href":"https:\/\/donation.vedicpandits.org\/hr\/wp-json\/wp\/v2\/pages\/4911\/revisions\/6779"}],"wp:featuredmedia":[{"embeddable":true,"href":"https:\/\/donation.vedicpandits.org\/hr\/wp-json\/wp\/v2\/media\/149"}],"wp:attachment":[{"href":"https:\/\/donation.vedicpandits.org\/hr\/wp-json\/wp\/v2\/media?parent=4911"}],"curies":[{"name":"wp","href":"https:\/\/api.w.org\/{rel}","templated":true}]}}