{"id":4915,"date":"2014-07-08T07:09:17","date_gmt":"2014-07-08T07:09:17","guid":{"rendered":"https:\/\/vedicpandits.org\/?page_id=4915"},"modified":"2015-08-03T18:36:49","modified_gmt":"2015-08-03T18:36:49","slug":"peace-creating-group","status":"publish","type":"page","link":"https:\/\/donation.vedicpandits.org\/hr\/peace-creating-group\/","title":{"rendered":"Grupa za stvaranje mira"},"content":{"rendered":"<h4>9.000 MAHARISHIJEVIH VEDSKIH PANDITA ZA SVJETSKI MIR<\/h4>\n<p>Maharishi Mahesh Yogi izabrao je vedske pandite da budu \u010dlanovi grupe za stvaranje mira jer su oni od davnina bili tradicionalni \u010duvari vedske mudrosti, odgovorni za odr\u017eavanje sklada u dru\u0161tvu i ravnote\u017ee u prirodi. Kroz Maharishijevu usmjerenost na otkrivanje punog razumijevanja vedskog znanja, tehnologije svijesti za stvaranje mira obnovljene su u njihovoj originalnoj u\u010dinkovitosti i potvr\u0111ene kroz znanstvenu provjeru. To je omogu\u0107ilo vedskim panditima, nakon \u0161to su obu\u010deni u tim tehnologijama svijesti, da jo\u0161 jednom ispune svoju tradicionalnu ulogu u stvaranju sklada, mira i ravnote\u017ee za svijet. <\/p>\n<p>U sije\u010dnju 2008. godine Maharishi je osnovao Zakladu Brahmananda Saraswati za podr\u0161ku i odr\u017eavanje velike skupine Maharishijevih vedskih pandita u naselju u Brahmasthanu (geografskom centru) u Indiji. Cilj je podr\u017eavati 9.000 pandita. Kao odsko\u010dna daska, trenutni cilj je pove\u0107ati grupu s trenutnih 2.000 pandita na 3.500 \u2013 broj koji je dovoljan za stvaranje blagotvornog u\u010dinka za cijelu Indiju i \u010dvrsti temelj za postizanje cilja od 9.000 pandita.<br \/>\n<div class=\"border-line\">&nbsp;<\/div>\n<div class=\"grid-holder\">\n<div class=\"grid grid-desktop-50 grid-mobile-100\"><div class=\"holder\">\t<a href=\"https:\/\/donation.vedicpandits.org\/hr\/peace-creating-group\/?image_video=https%3A%2F%2Fwww.youtube.com%2Fwatch%3Fv%3DoLNxrO4z9GQ%3Frel%3D0\" class=\"video-link \"><img loading=\"lazy\" decoding=\"async\" class=\"alignnone size-full wp-image-103\" src=\"\/wp-content\/uploads\/2014\/04\/post-img-11.jpg\" alt=\"post-img-11\" width=\"432\" height=\"312\" srcset=\"https:\/\/donation.vedicpandits.org\/wp-content\/uploads\/2014\/04\/post-img-11.jpg 432w, https:\/\/donation.vedicpandits.org\/wp-content\/uploads\/2014\/04\/post-img-11-300x216.jpg 300w\" sizes=\"auto, (max-width: 432px) 100vw, 432px\" \/><\/a>\n\n\t\n\t<a href=\"https:\/\/donation.vedicpandits.org\/hr\/peace-creating-group\/?image_video=https%3A%2F%2Fwww.youtube.com%2Fwatch%3Fv%3DoLNxrO4z9GQ%3Frel%3D0\" class=\"video-link no-pointer\"><em>&gt; Poslu\u0161ajte \u0161to Maharishi Mahesh Yogi govori o ovom fenomenu.<\/em><\/a>\n\n\t\n<\/div><\/div>\n<div class=\"grid grid-desktop-50 grid-mobile-100\"><div class=\"holder\"><h4>U\u010cINAK PRELIJEVANJA MIRA<\/h4>\n<p>\u0160iroko je priznato da oni koji prakticiraju program transcendentalne meditacije imaju iskustvo dubljeg mira unutar sebe. Ovo iskustvo je znanstveno povezano s ve\u0107om pravilno\u0161\u0107u funkcioniranja mozga. <\/p>\n<p>Ono \u0161to nije tako \u0161iroko poznato jest da, kada relativno mali dio grada ili nacije prakticira transcendentalnu meditaciju, u\u010dinak prelijevanja mira \u0161iri se na okolno stanovni\u0161tvo. Ovaj fenomen su potvrdile 23 istra\u017eiva\u010dke studije i smatra se da je posebno u\u010dinkovito kada se TM sidhi program prakticira u grupi. <\/p>\n<p>Uporaba ove tehnologije je bit programa Globalne mirovne inicijative.<\/p>\n<\/div><\/div>\n<\/div>\n","protected":false},"excerpt":{"rendered":"<p>9.000 MAHARISHIJEVIH VEDSKIH PANDITA ZA SVJETSKI MIR Maharishi Mahesh Yogi izabrao je vedske pandite da budu \u010dlanovi grupe za stvaranje mira jer su oni od davnina bili tradicionalni \u010duvari vedske mudrosti, odgovorni za odr\u017eavanje sklada u dru\u0161tvu i ravnote\u017ee u prirodi. Kroz Maharishijevu usmjerenost na otkrivanje punog razumijevanja vedskog znanja, tehnologije svijesti za stvaranje mira [&hellip;]<\/p>\n","protected":false},"author":3,"featured_media":102,"parent":0,"menu_order":0,"comment_status":"open","ping_status":"closed","template":"","meta":{"om_disable_all_campaigns":false,"_monsterinsights_skip_tracking":false,"_monsterinsights_sitenote_active":false,"_monsterinsights_sitenote_note":"","_monsterinsights_sitenote_category":0,"footnotes":""},"class_list":["post-4915","page","type-page","status-publish","has-post-thumbnail","hentry"],"_links":{"self":[{"href":"https:\/\/donation.vedicpandits.org\/hr\/wp-json\/wp\/v2\/pages\/4915","targetHints":{"allow":["GET"]}}],"collection":[{"href":"https:\/\/donation.vedicpandits.org\/hr\/wp-json\/wp\/v2\/pages"}],"about":[{"href":"https:\/\/donation.vedicpandits.org\/hr\/wp-json\/wp\/v2\/types\/page"}],"author":[{"embeddable":true,"href":"https:\/\/donation.vedicpandits.org\/hr\/wp-json\/wp\/v2\/users\/3"}],"replies":[{"embeddable":true,"href":"https:\/\/donation.vedicpandits.org\/hr\/wp-json\/wp\/v2\/comments?post=4915"}],"version-history":[{"count":6,"href":"https:\/\/donation.vedicpandits.org\/hr\/wp-json\/wp\/v2\/pages\/4915\/revisions"}],"predecessor-version":[{"id":5390,"href":"https:\/\/donation.vedicpandits.org\/hr\/wp-json\/wp\/v2\/pages\/4915\/revisions\/5390"}],"wp:featuredmedia":[{"embeddable":true,"href":"https:\/\/donation.vedicpandits.org\/hr\/wp-json\/wp\/v2\/media\/102"}],"wp:attachment":[{"href":"https:\/\/donation.vedicpandits.org\/hr\/wp-json\/wp\/v2\/media?parent=4915"}],"curies":[{"name":"wp","href":"https:\/\/api.w.org\/{rel}","templated":true}]}}