{"id":4920,"date":"2014-07-08T07:09:29","date_gmt":"2014-07-08T07:09:29","guid":{"rendered":"https:\/\/vedicpandits.org\/?page_id=4920"},"modified":"2018-08-21T09:25:45","modified_gmt":"2018-08-21T09:25:45","slug":"maharishi-vedic-pandits","status":"publish","type":"page","link":"https:\/\/donation.vedicpandits.org\/hr\/peace-creating-group\/maharishi-vedic-pandits\/","title":{"rendered":"Maharishijevi vedski panditi"},"content":{"rendered":"<h4>SUSTAVNA OBUKA MAHARISHIJEVIH VEDSKIH PANDITA<\/h4>\n<p>Od djetinjstva u\u010denici iz tradicionalnih vedskih obitelji Indije poha\u0111aju sustavnu obuku kako bi postali profesionalci mira \u2013 Maharishijevi vedski panditi.<\/p>\n<p>U dobi izme\u0111u 10 do 20 godina poha\u0111aju poseban program u\u010denja koji je napravio Maharishi. Program uklju\u010duje u\u010denje transcendentalne meditacije i TM sidhi programa, kao i jogijskog letenja, u\u010denje sanskrita i stjecanje vje\u0161tine u izvo\u0111enju yagya, tradicionalnih vedskih postupaka koji donose sre\u0107u i mir. Njihova dnevna u\u010denja donose im bodove za diplomske, magistarske i doktorske programe dodijeljene od zakonom priznatog sveu\u010dili\u0161ta osnovanog od strane dr\u017eavne vlade Madhya Pradesh 1995. godine &#8211; Maharishi Mahesh Yogi Vedic Vishwavidyalaya.<\/p>\n<div class=\"border-line\">&nbsp;<\/div>\n<div class=\"grid-holder\">\n<div class=\"grid grid-desktop-50 grid-mobile-100\"><div class=\"holder\"><p><img loading=\"lazy\" decoding=\"async\" class=\"alignnone size-full wp-image-105\" src=\"\/wp-content\/uploads\/2014\/04\/post-img-12.jpg\" alt=\"post-img-12\" width=\"432\" height=\"312\" srcset=\"https:\/\/donation.vedicpandits.org\/wp-content\/uploads\/2014\/04\/post-img-12.jpg 432w, https:\/\/donation.vedicpandits.org\/wp-content\/uploads\/2014\/04\/post-img-12-300x216.jpg 300w\" sizes=\"auto, (max-width: 432px) 100vw, 432px\" \/><\/p>\n<\/div><\/div>\n<div class=\"grid grid-desktop-50 grid-mobile-100\"><div class=\"holder\"><h4>STRU\u010cNJACI ZA YOGU \u2013 TRANSCENDENTALNU MEDITACIJU I JOGIJSKO LETENJE<\/h4>\n<p>Svakoga dana po nekoliko sati Maharishijevi vedski panditi u Brahmasthanu prakticiraju osnovu yoge \u2013 transcendentalnu meditaciju i TM-sidhi program. TM-sidhi program koji uklju\u010duje jogijsko letenje Maharishi je izveo iz Patanjalijevih Yoga sutri \u2013 sredi\u0161njeg teksta filozofije yoge.  Ovaj program razvija sposobnost djelovanja s ti\u0161ih i koherentnijih razina svijesti. Kako raste sposobnost pandita za djelovanje sa suptilnijih razina svijesti, oni postaju u\u010dinkovitiji u izvo\u0111enju svojih svakodnevnih vedskih postupaka za svjetski mir. <\/p>\n<\/div><\/div>\n<\/div>\n<div class=\"border-line\">&nbsp;<\/div>\n<div class=\"grid-holder\">\n<div class=\"grid grid-desktop-100\"><div class=\"holder\"><p>Sredi\u0161nji vedski tekst yoge \u2013 Yoga sutre \u2013 opisuje potencijal iskustva transcendiranja za stvaranje mira u okolini:<\/p>\n<div class=\"box-info\">\n<h5><em>Tat sannidhau vairatyagah<\/em><\/h5>\n<h4>\u201eU prisustvu yoge (iskustva transcendentalne svijesti, jedinstvenog polja) neprijateljske, konfliktne namjere su uklonjene.\u201c<\/h4>\n<h6>\u2013 Yoga sutra 2.35<\/h6>\n<\/div>\n<p>Kada je, kroz naprednu meditaciju, transcendentalna svijest o\u017eivljena dovoljno velikom grupom, \u201eprisustvo yoge\u201c \u0161iri se na cijeli svijet. Ovo je strategija Globalne mirovne inicijative. <\/p>\n<\/div><\/div>\n<\/div>\n<div class=\"border-line\">&nbsp;<\/div>\n<div class=\"grid-holder\">\n<div class=\"grid grid-desktop-50 grid-mobile-100\"><div class=\"holder\"><h4>STRU\u010cNJACI ZA YAGYE \u2013 OPSE\u017dNA OBUKA U VEDSKIM IZVO\u0110ENJIMA<\/h4>\n<p>U stotine malih sela \u0161irom Indije, Maharishi je stvorio mre\u017eu instrukcije za u\u010denike koji \u017eele postati Maharishijevi vedski panditi. U svakom selu, u\u010ditelji, poznati kao Guru Ji-ji, po\u010dinju obu\u010davati u\u010denike pandite u dobi od 10 godina. S 14 godina oni imaju priliku pridru\u017eiti se jednom od 46 regionalnih objekata \u0161irom Indije i primati instrukcije pod nadzorom usavr\u0161enih acharya (u\u010ditelja). U\u010denici prate sustavan i detaljan program obuke koji je osmislio Maharishi, koji uklju\u010duje video snimke i u\u010denje putem ra\u010dunala, koji omogu\u0107uje da svaki pandit dobije visoku i standardiziranu razinu obuke. Kada diplomiraju u dobi od 20 godina, usavr\u0161eni su za izvo\u0111enje yagyi.<br \/>\nYagya je bezvremenska tehnologija iz vedske tradicije. Yagye izvode panditi za o\u017eivljavanje zakona prirode koji upravljaju univerzumom na specifi\u010dne na\u010dine i za specifi\u010dne potrebe, kako bi pomogli ostvariti izabranu \u017eelju. Na primjer, svaki dan u Brahmasthanu Indije, okuplja se 1,331 pandit da bi izvodili Atirudrabhishek, mo\u0107nu yagyu za svjetski mir.<\/p>\n<p>UNESCO je slu\u017ebeno opisao vedsku recitaciju kao nematerijalno naslje\u0111e \u010dovje\u010danstva<\/p>\n<\/div><\/div>\n<div class=\"grid grid-desktop-50 grid-mobile-100\"><div class=\"holder\"><p><img loading=\"lazy\" decoding=\"async\" class=\"alignnone size-full wp-image-107\" src=\"\/wp-content\/uploads\/2014\/04\/post-img-13.jpg\" alt=\"post-img-13\" width=\"435\" height=\"482\" srcset=\"https:\/\/donation.vedicpandits.org\/wp-content\/uploads\/2014\/04\/post-img-13.jpg 435w, https:\/\/donation.vedicpandits.org\/wp-content\/uploads\/2014\/04\/post-img-13-270x300.jpg 270w, https:\/\/donation.vedicpandits.org\/wp-content\/uploads\/2014\/04\/post-img-13-300x332.jpg 300w\" sizes=\"auto, (max-width: 435px) 100vw, 435px\" \/><\/p>\n<\/div><\/div>\n<\/div>\n<div class=\"border-line\">&nbsp;<\/div>\n<div class=\"grid-holder\">\n<div class=\"grid grid-desktop-50 grid-mobile-100\"><div class=\"holder\">\t<a href=\"https:\/\/donation.vedicpandits.org\/hr\/peace-creating-group\/maharishi-vedic-pandits\/?image_video=https%3A%2F%2Fwww.youtube.com%2Fwatch%3Fv%3DZQOxpwHk0fQ\" class=\"video-link \">\n<img loading=\"lazy\" decoding=\"async\" class=\"alignnone size-full wp-image-92\" src=\"\/wp-content\/uploads\/2014\/05\/einzelner_pandit_432bright.png\" alt=\"post-img-14\" width=\"432\" height=\"243\" \/><br \/>\n<\/a>\n\n\t\n<\/div><\/div>\n<div class=\"grid grid-desktop-50 grid-mobile-100\"><div class=\"holder\"><h4 id=\"atirudrabhishek\">PRIZORI I ZVUKOVI<\/h4>\n<p>Za stjecanje dojma o Maharishijevim vedskim panditima u akciji, ovdje je niz fotografija s audio snimkama pandita kako izvode yagye<\/p>\n<\/div><\/div>\n<\/div>\n","protected":false},"excerpt":{"rendered":"<p>SUSTAVNA OBUKA MAHARISHIJEVIH VEDSKIH PANDITA Od djetinjstva u\u010denici iz tradicionalnih vedskih obitelji Indije poha\u0111aju sustavnu obuku kako bi postali profesionalci mira \u2013 Maharishijevi vedski panditi. U dobi izme\u0111u 10 do 20 godina poha\u0111aju poseban program u\u010denja koji je napravio Maharishi. Program uklju\u010duje u\u010denje transcendentalne meditacije i TM sidhi programa, kao i jogijskog letenja, u\u010denje sanskrita [&hellip;]<\/p>\n","protected":false},"author":3,"featured_media":202,"parent":4915,"menu_order":1,"comment_status":"open","ping_status":"closed","template":"","meta":{"om_disable_all_campaigns":false,"_monsterinsights_skip_tracking":false,"_monsterinsights_sitenote_active":false,"_monsterinsights_sitenote_note":"","_monsterinsights_sitenote_category":0,"footnotes":""},"class_list":["post-4920","page","type-page","status-publish","has-post-thumbnail","hentry"],"_links":{"self":[{"href":"https:\/\/donation.vedicpandits.org\/hr\/wp-json\/wp\/v2\/pages\/4920","targetHints":{"allow":["GET"]}}],"collection":[{"href":"https:\/\/donation.vedicpandits.org\/hr\/wp-json\/wp\/v2\/pages"}],"about":[{"href":"https:\/\/donation.vedicpandits.org\/hr\/wp-json\/wp\/v2\/types\/page"}],"author":[{"embeddable":true,"href":"https:\/\/donation.vedicpandits.org\/hr\/wp-json\/wp\/v2\/users\/3"}],"replies":[{"embeddable":true,"href":"https:\/\/donation.vedicpandits.org\/hr\/wp-json\/wp\/v2\/comments?post=4920"}],"version-history":[{"count":9,"href":"https:\/\/donation.vedicpandits.org\/hr\/wp-json\/wp\/v2\/pages\/4920\/revisions"}],"predecessor-version":[{"id":15154,"href":"https:\/\/donation.vedicpandits.org\/hr\/wp-json\/wp\/v2\/pages\/4920\/revisions\/15154"}],"up":[{"embeddable":true,"href":"https:\/\/donation.vedicpandits.org\/hr\/wp-json\/wp\/v2\/pages\/4915"}],"wp:featuredmedia":[{"embeddable":true,"href":"https:\/\/donation.vedicpandits.org\/hr\/wp-json\/wp\/v2\/media\/202"}],"wp:attachment":[{"href":"https:\/\/donation.vedicpandits.org\/hr\/wp-json\/wp\/v2\/media?parent=4920"}],"curies":[{"name":"wp","href":"https:\/\/api.w.org\/{rel}","templated":true}]}}