{"id":4926,"date":"2014-07-08T09:14:28","date_gmt":"2014-07-08T09:14:28","guid":{"rendered":"https:\/\/vedicpandits.org\/?page_id=4926"},"modified":"2019-01-07T10:38:41","modified_gmt":"2019-01-07T10:38:41","slug":"science-2","status":"publish","type":"page","link":"https:\/\/donation.vedicpandits.org\/hr\/peace-creating-group\/science-2\/","title":{"rendered":"znanost"},"content":{"rendered":"<h4>ZNANSTVENO ISTRA\u017dIVANJE PODR\u017dAVA U\u010cINKOVITOST GRUPE PANDITA<\/h4>\n<p>Glavna svrha osnivanja velike grupe vedskih pandita je stvaranje u\u010dinka koherencije i sklada u svjetskoj svijesti.<br \/>\nZnanstveno istra\u017eivanje je pokazalo da se negativni trendovi smanjuju, a pozitivni ja\u010daju, kad god odgovaraju\u0107i broj ljudi vje\u017eba transcendentalnu meditaciju i napredni TM-sidhi program.<\/p>\n<p>Blagotvorni u\u010dinci su se promatrali kada je<\/p>\n<ul>\n<li>1 % stanovni\u0161tva nau\u010dilo transcendentalnu meditaciju ili<\/li>\n<li>kvadratni korijen od 1 % stanovni\u0161tva vje\u017ebalo TM-sidhi program, zajedno s jogijskim letenjem, na jednom mjestu.<\/li>\n<\/ul>\n<p>Ovaj fenomen je poznat kao Maharishijev efekt, u \u010dast Maharishija koji ga je predvidio 1960. godine, 50 godina prije nego \u0161to se po\u010deo biti empirijski potvr\u0111ivati kroz znanstvena istra\u017eivanja. <\/p>\n<div class=\"grid-holder\">\n<div class=\"grid grid-desktop-50 grid-mobile-100 zoom-image-holder\"><div class=\"holder\"><h4>WASHINGTONSKA STUDIJA<\/h4>\n<p>Nasilni zlo\u010dini smanjeni su za gotovo 25 posto u Washington DC-u kada je grupa od 4000 jogijskih leta\u010da okupljena na nekoliko tjedana u ljeto 1993. (vidi tablicu ni\u017ee). Ovo istra\u017eivanje objavljeno je 1999. u uva\u017eenom \u010dasopisu <em>Social Indicators Research 1999 47(2):153-201.<\/em><\/p>\n<p><a href=\"\/wp-content\/uploads\/2014\/05\/washington_reduced_crime.jpg\"><img loading=\"lazy\" decoding=\"async\" class=\"alignnone size-full wp-image-83\" src=\"\/wp-content\/uploads\/2014\/05\/washington_reduced_crime.jpg\" alt=\"post-img-2\" width=\"320\" height=\"250\" \/><\/a><\/p>\n<\/div><\/div>\n<div class=\"grid grid-desktop-50 grid-mobile-100\"><div class=\"holder\"><p><img loading=\"lazy\" decoding=\"async\" class=\"alignnone size-full wp-image-85\" src=\"\/wp-content\/uploads\/2014\/04\/post-img-1.jpg\" alt=\"post-img-1\" width=\"435\" height=\"400\" srcset=\"https:\/\/donation.vedicpandits.org\/wp-content\/uploads\/2014\/04\/post-img-1.jpg 435w, https:\/\/donation.vedicpandits.org\/wp-content\/uploads\/2014\/04\/post-img-1-300x275.jpg 300w\" sizes=\"auto, (max-width: 435px) 100vw, 435px\" \/><\/p>\n<\/div><\/div>\n<\/div>\n<h4>SKALIRANJE ZA SVIJET<\/h4>\n<p>Primjer pokazuje da \u0107e grupa jogijskih leta\u010da jednaka kvadratnom korijenu od 1 posto svjetske populacije donijeti mir \u010ditavom dru\u0161tvu. Budu\u0107i da je kvadratni korijen od 1 posto svjetske populacije od 7 milijardi: 8.400, cilj za grupu vedskih pandita postavljen je na 9.000.<\/p>\n<div class=\"border-line\">&nbsp;<\/div>\n<h4>ZNANSTVENA TEORIJA GRUPA ZA STVARANJE MIRA<\/h4>\n<p>Teoretska obja\u0161njenja sna\u017enog u\u010dinka grupne meditacije na zlo\u010din i stres u dru\u0161tvu uklju\u010duju \u201emodel polja svijesti\u201c, u kojem je svijest, kao njena najdublja razina, polje koje \u010dini temelj i povezuje sve razli\u010dite sile i dijelove univerzuma.<br \/>\n<div class=\"grid-holder\">\n<div class=\"grid grid-desktop-50 grid-mobile-100\"><div class=\"holder\"><p>Na primjer, moderna je fizika otkrila vi\u0161e ujedinjenih razina funkcioniranja prirode na manjim skalama vremena i udaljenosti, kulminiraju\u0107i otkri\u0107em jedinstvenog polja (&#8220;polje superstruna&#8221;) koje je zajedni\u010dki temelj koji povezuje sve razli\u010dite sile i \u010destice u svemiru (vidi desni grafikon).<\/p>\n<p>Sli\u010dno tome, transcendentalna meditacija i TM-sidhi program omogu\u0107uju direktno iskustvo ti\u0161ih, dubljih razina misli \u2013 \u010diji je vrhunac iskustvo jedinstvenog polja kao osnove duha i materije. Njihovo grupno prakticiranje sna\u017eno poti\u010de ovo univerzalno, jedinstveno polje kolektivne svijesti, stvaraju\u0107i koherentan utjecaj u cijelom dru\u0161tvu. <\/p>\n<\/div><\/div>\n<div class=\"grid grid-desktop-50 grid-mobile-100 zoom-image-holder\"><div class=\"holder\"><p><a href=\"\/wp-content\/uploads\/2014\/05\/uf-chart.jpg\"><img loading=\"lazy\" decoding=\"async\" class=\"alignnone size-full wp-image-90\" src=\"\/wp-content\/uploads\/2014\/05\/uf-chart.jpg\" alt=\"post-img-3\" width=\"320\" height=\"250\" \/><\/a><\/p>\n<\/div><\/div>\n<\/div>\n<p>Znanstvena istra\u017eivanja koja mjere u\u010dinke transcendentalne meditacije na dru\u0161tvo utvrdila su da mirotvoran u\u010dinak koji stvara grupa ljudi koji vje\u017ebaju TM raste proporcionalno kvadratu veli\u010dine grupe. Ako je grupa sa\u010dinjena od jogijskih leta\u010da \u2013 koji vje\u017ebaju napredan TM-sidhi program \u2013 istra\u017eivanja pokazuju da je kvadratni korijen od 1 posto stanovni\u0161tva dovoljan za stvaranje zna\u010dajnog blagotvornog u\u010dinka.<\/p>\n<p>To zna\u010di da je samo nekoliko stotina ili nekoliko tisu\u0107a ljudi dovoljno da se proizvede izrazito sna\u017ean i znanstveno mjerljiv u\u010dinak mira, sklada i napretka u okolnom dru\u0161tvu \u2013 \u010dak i na nacionalnoj ili globalnoj skali. Za cijeli svijet, potrebna je grupa od 9,000 (pribli\u017ean kvadratni korijen od 1 % svjetske populacije). To je ciljana brojka za na\u0161u grupu Maharishijevih vedskih pandita u Indiji.<\/p>\n<div class=\"border-line\">&nbsp;<\/div>\n<h4>U\u010cINAK POLJA SVIJESTI<\/h4>\n<p>Kako je mogu\u0107e da ljudi koji vje\u017ebaju transcendentalnu meditaciju sami u svojim domovima ili uredima, ili zajedno u grupi, mogu utjecati na druge ljude \u2013 koji uop\u0107e ne meditiraju &#8211; na drugom dijelu grada, u drugom dijelu zemlje ili \u010dak svijeta?<\/p>\n<div class=\"grid-holder\">\n<div class=\"grid grid-desktop-50 grid-mobile-100\"><div class=\"holder\">\t<a href=\"https:\/\/donation.vedicpandits.org\/hr\/peace-creating-group\/science-2\/?image_video=https%3A%2F%2Fwww.youtube.com%2Fwatch%3Fv%3DyVFa6Wtuxu8\" class=\"video-link \">\n<img loading=\"lazy\" decoding=\"async\" class=\"alignnone size-full wp-image-92\" src=\"\/wp-content\/uploads\/2014\/04\/post-img-14.jpg\" alt=\"post-img-14\" width=\"433\" height=\"321\" srcset=\"https:\/\/donation.vedicpandits.org\/wp-content\/uploads\/2014\/04\/post-img-14.jpg 433w, https:\/\/donation.vedicpandits.org\/wp-content\/uploads\/2014\/04\/post-img-14-300x222.jpg 300w\" sizes=\"auto, (max-width: 433px) 100vw, 433px\" \/><br \/>\n<\/a>\n\n\t\n<\/div><\/div>\n<div class=\"grid grid-desktop-50 grid-mobile-100\"><div class=\"holder\"><p>Utjecaj grupe koja meditira putuje kroz ishodi\u0161no polje \u2013 na isti na\u010din na koji mo\u017eemo \u010duti radio program koji se u\u017eivo emitira na drugoj strani svijeta. U jednom slu\u010daju, elektromagnetsko polje povezuje radio stanicu i va\u0161 radio. U drugom primjeru, polje svijesti povezuje meditanta s ostatkom stanovni\u0161tva. Valovi koherencije iz grupe koja stvara mir \u0161ire se poljem svijesti, stvaraju\u0107i blagotvoran i mjerljiv u\u010dinak kroz dru\u0161tvo. <\/p>\n\t<a href=\"https:\/\/donation.vedicpandits.org\/hr\/peace-creating-group\/science-2\/?image_video=https%3A%2F%2Fwww.youtube.com%2Fwatch%3Fv%3DyVFa6Wtuxu8\" class=\"video-link no-pointer\"> Pogledajte video u kojem kvantni fizi\u010dar John Hagelin obja\u0161njava u\u010dinak polja.<\/a>\n\n\t\n<\/div><\/div>\n<\/div>\n<p>&nbsp;<\/p>\n<h5>KOHERENTNI SUSTAVI SU MO\u0106NIJI \u2013 PRIMJER LASERA<\/h5>\n<p>Za\u0161to je potreban samo relativno mali broj ljudi u grupi koja stvara mir, da bi se kreirao blagotvoran u\u010dinak za cijelu populaciju? Fizika je utvrdila da sustavi koji funkcioniraju koherentno imaju ve\u0107u mo\u0107 od onih koji funkcioniraju nekoherentno.<\/p>\n<p>Uzmimo primjer svjetla lasera odnosno svjetlosnih valova koji su pode\u0161eni tako da funkcioniraju koherentno kako bi \u201evrhovi i doline\u201c svakog vala i\u0161li ukorak sa svakim drugim valom. Svjetlo lasera je mnogo sna\u017enije od svjetla koje emitira obi\u010dna svjetlosna \u017earulja. \u0160tovi\u0161e, u\u010dinak veli\u010dine svjetla lasera je proporcionalan kvadratu broja valova \u2013 primjerice 100 valova koji funkcioniraju koherentno proizvest \u0107e u\u010dinak od 10,000  (100<sup>2<\/sup>) obi\u010dnih valova.<\/p>\n<p>Na isti na\u010din, velika grupa ljudi koji prakticiraju TM-sidhi program o\u017eivljuje polje svijesti na tihoj i koherentnoj razini stvaraju\u0107i u\u010dinak mira koji je mnogo sna\u017eniji nego \u0161to bi ti isti ljudi mogli proizvesti individualnim nastojanjima. <\/p>\n","protected":false},"excerpt":{"rendered":"<p>ZNANSTVENO ISTRA\u017dIVANJE PODR\u017dAVA U\u010cINKOVITOST GRUPE PANDITA Glavna svrha osnivanja velike grupe vedskih pandita je stvaranje u\u010dinka koherencije i sklada u svjetskoj svijesti. Znanstveno istra\u017eivanje je pokazalo da se negativni trendovi smanjuju, a pozitivni ja\u010daju, kad god odgovaraju\u0107i broj ljudi vje\u017eba transcendentalnu meditaciju i napredni TM-sidhi program. Blagotvorni u\u010dinci su se promatrali kada je 1 % [&hellip;]<\/p>\n","protected":false},"author":3,"featured_media":3087,"parent":4915,"menu_order":2,"comment_status":"open","ping_status":"closed","template":"template-science.php","meta":{"om_disable_all_campaigns":false,"_monsterinsights_skip_tracking":false,"_monsterinsights_sitenote_active":false,"_monsterinsights_sitenote_note":"","_monsterinsights_sitenote_category":0,"footnotes":""},"class_list":["post-4926","page","type-page","status-publish","has-post-thumbnail","hentry"],"_links":{"self":[{"href":"https:\/\/donation.vedicpandits.org\/hr\/wp-json\/wp\/v2\/pages\/4926","targetHints":{"allow":["GET"]}}],"collection":[{"href":"https:\/\/donation.vedicpandits.org\/hr\/wp-json\/wp\/v2\/pages"}],"about":[{"href":"https:\/\/donation.vedicpandits.org\/hr\/wp-json\/wp\/v2\/types\/page"}],"author":[{"embeddable":true,"href":"https:\/\/donation.vedicpandits.org\/hr\/wp-json\/wp\/v2\/users\/3"}],"replies":[{"embeddable":true,"href":"https:\/\/donation.vedicpandits.org\/hr\/wp-json\/wp\/v2\/comments?post=4926"}],"version-history":[{"count":13,"href":"https:\/\/donation.vedicpandits.org\/hr\/wp-json\/wp\/v2\/pages\/4926\/revisions"}],"predecessor-version":[{"id":20246,"href":"https:\/\/donation.vedicpandits.org\/hr\/wp-json\/wp\/v2\/pages\/4926\/revisions\/20246"}],"up":[{"embeddable":true,"href":"https:\/\/donation.vedicpandits.org\/hr\/wp-json\/wp\/v2\/pages\/4915"}],"wp:featuredmedia":[{"embeddable":true,"href":"https:\/\/donation.vedicpandits.org\/hr\/wp-json\/wp\/v2\/media\/3087"}],"wp:attachment":[{"href":"https:\/\/donation.vedicpandits.org\/hr\/wp-json\/wp\/v2\/media?parent=4926"}],"curies":[{"name":"wp","href":"https:\/\/api.w.org\/{rel}","templated":true}]}}