{"id":4969,"date":"2014-07-08T07:09:41","date_gmt":"2014-07-08T07:09:41","guid":{"rendered":"https:\/\/vedicpandits.org\/?page_id=4969"},"modified":"2015-10-04T09:13:41","modified_gmt":"2015-10-04T09:13:41","slug":"scope","status":"publish","type":"page","link":"https:\/\/donation.vedicpandits.org\/hr\/peace-creating-group\/scope\/","title":{"rendered":"djelokrug"},"content":{"rendered":"<p>Na\u0161 projekt uklju\u010duje glavnu grupu i povezane programe treninga koji ga izgra\u0111uju i obnavljaju.<br \/>\n<div class=\"border-line\">&nbsp;<\/div>\n<div class=\"grid-holder\">\n<div class=\"grid grid-desktop-50 grid-mobile-100\"><div class=\"holder\"><h4>glavna skupina<\/h4>\n<p>Izabrati vedske pandite da se uklju\u010de na\u0161em projektu grupe u Indiji istovremeno je tradicionalna i prakti\u010dna odluka. U drevna vremena, vedski panditi su bili tradicionalno odgovorni za odr\u017eavanje sklada u dru\u0161tvu i ravnote\u017eu u prirodi. A danas Indija nudi ekonomsko stjeci\u0161te koje obuku vedskih pandita kao profesionalnih stvaraoca mira \u010dini prakti\u010dnom strategijom.<\/p>\n<p>Cilj je imati 9.000 Maharishijevih vedskih pandita u jednoj grupi za stvaranje mirotvornog u\u010dinka za cijeli svijet. Podr\u017eavanje ove grupe zahtijeva osiguranje pla\u0107a i osnivanje kompletnog kampusa s infrastrukturom, smje\u0161tajem, naprednom obukom, obrocima, kao i mlije\u010dnih proizvoda i povrtnjaka.<br \/>\nTrenutno vi\u0161e od 2.000 pandita \u017eivi u glavnom kampusu u Brahmasthanu \u2013 geografskom centru \u2013 u Indiji u blizini Jabalpura, Madhya Pradesh.<\/p>\n<\/div><\/div>\n<div class=\"grid grid-desktop-50 grid-mobile-100 zoom-image-holder\"><div class=\"holder\"><p><a href=\"\/wp-content\/uploads\/2014\/04\/map-of-india.jpg\"><img loading=\"lazy\" decoding=\"async\" class=\"alignleft size-full wp-image-595\" src=\"\/wp-content\/uploads\/2014\/04\/map-of-india.jpg\" alt=\"map-of-india\" width=\"550\" height=\"523\" srcset=\"https:\/\/donation.vedicpandits.org\/wp-content\/uploads\/2014\/04\/map-of-india.jpg 550w, https:\/\/donation.vedicpandits.org\/wp-content\/uploads\/2014\/04\/map-of-india-300x285.jpg 300w\" sizes=\"auto, (max-width: 550px) 100vw, 550px\" \/><\/a><\/p>\n<\/div><\/div>\n<\/div>\n<div class=\"border-line\">&nbsp;<\/div>\n<div class=\"grid-holder\">\n<div class=\"grid grid-desktop-50 grid-mobile-100 zoom-image-holder\"><div class=\"holder\"><p><a href=\"\/wp-content\/uploads\/2014\/04\/131207_training_chart_web-Kopie.jpg\"><img loading=\"lazy\" decoding=\"async\" class=\"alignnone size-medium wp-image-250\" src=\"\/wp-content\/uploads\/2014\/04\/131207_training_chart_web-Kopie.jpg\" alt=\"\" width=\"432\" height=\"211\" \/><\/a><\/p>\n<\/div><\/div>\n<div class=\"grid grid-desktop-50 grid-mobile-100\"><div class=\"holder\"><h4>PROGRAM OBUKE PANDITA<\/h4>\n<p>Da bi se izgradila glavna grupa i zatim nadoknadilo prirodno osipanje, program obuke pandita Maharishi je osnovao diljem Indije.<br \/>\nOn podr\u017eava i puni grupu u Brahmasthanu, te je osmi\u0161ljen da upisuje:<br \/>\n\u2013 20.000 mla\u0111ih u\u010denika za trening na seoskoj razini<br \/>\n\u2013 10.000 starijih u\u010denika za trening u stambenim objektima.<br \/>\nZami\u0161ljeno je da program zavr\u0161i 1.200 \u2013 1.500 pandita svake godine, kako bi se osiguralo da ih u grupi uvijek bude preko 9.000. <\/p>\n<\/div><\/div>\n<\/div>\n","protected":false},"excerpt":{"rendered":"<p>Na\u0161 projekt uklju\u010duje glavnu grupu i povezane programe treninga koji ga izgra\u0111uju i obnavljaju.<\/p>\n","protected":false},"author":3,"featured_media":196,"parent":4915,"menu_order":4,"comment_status":"open","ping_status":"closed","template":"","meta":{"om_disable_all_campaigns":false,"_monsterinsights_skip_tracking":false,"_monsterinsights_sitenote_active":false,"_monsterinsights_sitenote_note":"","_monsterinsights_sitenote_category":0,"footnotes":""},"class_list":["post-4969","page","type-page","status-publish","has-post-thumbnail","hentry"],"_links":{"self":[{"href":"https:\/\/donation.vedicpandits.org\/hr\/wp-json\/wp\/v2\/pages\/4969","targetHints":{"allow":["GET"]}}],"collection":[{"href":"https:\/\/donation.vedicpandits.org\/hr\/wp-json\/wp\/v2\/pages"}],"about":[{"href":"https:\/\/donation.vedicpandits.org\/hr\/wp-json\/wp\/v2\/types\/page"}],"author":[{"embeddable":true,"href":"https:\/\/donation.vedicpandits.org\/hr\/wp-json\/wp\/v2\/users\/3"}],"replies":[{"embeddable":true,"href":"https:\/\/donation.vedicpandits.org\/hr\/wp-json\/wp\/v2\/comments?post=4969"}],"version-history":[{"count":7,"href":"https:\/\/donation.vedicpandits.org\/hr\/wp-json\/wp\/v2\/pages\/4969\/revisions"}],"predecessor-version":[{"id":6714,"href":"https:\/\/donation.vedicpandits.org\/hr\/wp-json\/wp\/v2\/pages\/4969\/revisions\/6714"}],"up":[{"embeddable":true,"href":"https:\/\/donation.vedicpandits.org\/hr\/wp-json\/wp\/v2\/pages\/4915"}],"wp:featuredmedia":[{"embeddable":true,"href":"https:\/\/donation.vedicpandits.org\/hr\/wp-json\/wp\/v2\/media\/196"}],"wp:attachment":[{"href":"https:\/\/donation.vedicpandits.org\/hr\/wp-json\/wp\/v2\/media?parent=4969"}],"curies":[{"name":"wp","href":"https:\/\/api.w.org\/{rel}","templated":true}]}}