{"id":4974,"date":"2014-07-08T07:09:46","date_gmt":"2014-07-08T07:09:46","guid":{"rendered":"https:\/\/vedicpandits.org\/?page_id=4974"},"modified":"2018-08-16T13:28:23","modified_gmt":"2018-08-16T13:28:23","slug":"cost","status":"publish","type":"page","link":"https:\/\/donation.vedicpandits.org\/hr\/peace-creating-group\/cost\/","title":{"rendered":"tro\u0161kovi"},"content":{"rendered":"<h4>TRAJNI MIR U DJELI\u0106U TRO\u0160KOVA DANA\u0160NJIH ORU\u017dANIH SNAGA<\/h4>\n<p>Globalna mirovna inicijativa ima potencijal da bude naju\u010dinkovitiji i najuspje\u0161niji mirotvorni program poduzet u suvremenom dobu. Sredstva potrebna za trajno odr\u017eavanje \u010ditavog projekta manja su od onih koje svjetske oru\u017eane snage zajedno potro\u0161e svakih \u0161est sati, a manja od polovine tro\u0161kova jednog B-2 bombardera. Premda si\u0107u\u0161na u usporedbi s vojnim bud\u017eetima, sredstva potrebna za projekt nisu ni\u0161ta manje zna\u010dajna. Podr\u0161ka potrebna za potpunu provedbu Globalne mirovne inicijative je 45,5 milijuna ameri\u010dkih dolara godi\u0161nje. Cijeli ovaj godi\u0161nji tro\u0161ak podijeljen je na dva dijela:<\/p>\n<p>1. Podr\u017eavanje grupe od 9,000 Maharishijevih vedskih pandita u kampusu u sredi\u0161njoj Indiji.<\/p>\n<p>2. Podr\u017eavanje programa obuke za nove Maharishijeve vedske pandite.<\/p>\n<p>Budu\u0107i da je djelovanje sredi\u0161njeg kampusa i programa obuke sada za\u0161lo duboko u fazu primjene, tro\u0161kovi od kojih se sastoji bud\u017eet dobro su poznati i navedeni ni\u017ee.<\/p>\n<div class=\"border-line\">&nbsp;<\/div>\n<div class=\"grid-holder grid-border-50\">\n<div class=\"grid grid-desktop-50 grid-mobile-100\"><div class=\"holder\"><p><img loading=\"lazy\" decoding=\"async\" src=\"\/wp-content\/uploads\/2014\/04\/2146-432.jpg\" alt=\"2146 - 432\" width=\"432\" height=\"253\" class=\"alignleft size-full wp-image-577\" srcset=\"https:\/\/donation.vedicpandits.org\/wp-content\/uploads\/2014\/04\/2146-432.jpg 432w, https:\/\/donation.vedicpandits.org\/wp-content\/uploads\/2014\/04\/2146-432-300x175.jpg 300w, https:\/\/donation.vedicpandits.org\/wp-content\/uploads\/2014\/04\/2146-432-430x253.jpg 430w\" sizes=\"auto, (max-width: 432px) 100vw, 432px\" \/><\/p>\n<h4>1.ODR\u017dAVANJE GLAVNE GRUPE OD 9,000<\/h4>\n<p>250 dolara mjese\u010dno dovoljno je da se svakom panditu osigura smje\u0161taj i puni pansion, zdravstvena skrb, odje\u0107a, specijalna dodatna edukacija i pomagala za obuku, kao i skromna stipendija za njegovu obitelj. To tako\u0111er uklju\u010duje odr\u017eavanje, administraciju i druge tro\u0161kove koji nastaju tijekom njihovog boravka u Brahmasthanu Indije. S 9,000 vedskih pandita koji sudjeluju u projektu kampusa kompletni tro\u0161ak je 27 milijuna dolara godi\u0161nje. <\/p>\n<\/div><\/div>\n<div class=\"grid grid-desktop-50 grid-mobile-100\"><div class=\"holder\"><p><a href=\"\/wp-content\/uploads\/2014\/04\/9297-432.jpg\"><img loading=\"lazy\" decoding=\"async\" src=\"\/wp-content\/uploads\/2014\/04\/9297-432.jpg\" alt=\"9297 - 432\" width=\"432\" height=\"253\" class=\"alignleft size-full wp-image-579\" srcset=\"https:\/\/donation.vedicpandits.org\/wp-content\/uploads\/2014\/04\/9297-432.jpg 432w, https:\/\/donation.vedicpandits.org\/wp-content\/uploads\/2014\/04\/9297-432-300x175.jpg 300w, https:\/\/donation.vedicpandits.org\/wp-content\/uploads\/2014\/04\/9297-432-430x253.jpg 430w\" sizes=\"auto, (max-width: 432px) 100vw, 432px\" \/><\/a><\/p>\n<h4>2.PROGRAM OBUKE PANDITA<\/h4>\n<p>Da bi se osugurao kontinuirani dotok Maharishijevih vedskih pandita za glavnu grupu u sredi\u0161njoj Indiji, program obuke je zami\u0161ljen tako da uklju\u010duje: \u2013 20,000 mladih u\u010denika u njihovim selima uz tro\u0161ak od 12 dolara mjese\u010dno po u\u010deniku \u2013 10,000 starijih u\u010denika u boravi\u0161nim centrima za obuku po cijeni od 130 dolara mjese\u010dno po u\u010deniku.<\/p>\n<\/div><\/div>\n<\/div>\n<h4 style=\"text-align: center; margin-top: 20px;\">UKUPNI PRORA\u010cUN<\/h4>\n<p style=\"text-align: center;\">Godi\u0161nji bud\u017eet za glavnu grupu i program obuke zajedno iznose 45,5 milijuna ameri\u010dkih dolara.<\/p>\n<div class=\"border-line\">&nbsp;<\/div>\n<p style=\"text-align: center; color: #e07e27;\"><em>\u017delite li sponzorirati pandita ili podr\u017eati financiranje na\u0161eg projekta kliknite dolje.<br \/>\n<\/em><\/p>\n\t<p style=\"text-align: center\">\n\t\t<a href=\"https:\/\/donation.vedicpandits.org\/hr\/intermediary-donation-page\/\"   class=\"btn btn-large \" > > \n\t\t\tDOPRINESITE NA\u0160EM PROJEKTU<br \/>\t\t<\/a>\n\t<\/p>\n\n\t\n","protected":false},"excerpt":{"rendered":"<p>TRAJNI MIR U DJELI\u0106U TRO\u0160KOVA DANA\u0160NJIH ORU\u017dANIH SNAGA Globalna mirovna inicijativa ima potencijal da bude naju\u010dinkovitiji i najuspje\u0161niji mirotvorni program poduzet u suvremenom dobu. Sredstva potrebna za trajno odr\u017eavanje \u010ditavog projekta manja su od onih koje svjetske oru\u017eane snage zajedno potro\u0161e svakih \u0161est sati, a manja od polovine tro\u0161kova jednog B-2 bombardera. Premda si\u0107u\u0161na u [&hellip;]<\/p>\n","protected":false},"author":3,"featured_media":192,"parent":4915,"menu_order":5,"comment_status":"open","ping_status":"closed","template":"","meta":{"om_disable_all_campaigns":false,"_monsterinsights_skip_tracking":false,"_monsterinsights_sitenote_active":false,"_monsterinsights_sitenote_note":"","_monsterinsights_sitenote_category":0,"footnotes":""},"class_list":["post-4974","page","type-page","status-publish","has-post-thumbnail","hentry"],"_links":{"self":[{"href":"https:\/\/donation.vedicpandits.org\/hr\/wp-json\/wp\/v2\/pages\/4974","targetHints":{"allow":["GET"]}}],"collection":[{"href":"https:\/\/donation.vedicpandits.org\/hr\/wp-json\/wp\/v2\/pages"}],"about":[{"href":"https:\/\/donation.vedicpandits.org\/hr\/wp-json\/wp\/v2\/types\/page"}],"author":[{"embeddable":true,"href":"https:\/\/donation.vedicpandits.org\/hr\/wp-json\/wp\/v2\/users\/3"}],"replies":[{"embeddable":true,"href":"https:\/\/donation.vedicpandits.org\/hr\/wp-json\/wp\/v2\/comments?post=4974"}],"version-history":[{"count":7,"href":"https:\/\/donation.vedicpandits.org\/hr\/wp-json\/wp\/v2\/pages\/4974\/revisions"}],"predecessor-version":[{"id":15102,"href":"https:\/\/donation.vedicpandits.org\/hr\/wp-json\/wp\/v2\/pages\/4974\/revisions\/15102"}],"up":[{"embeddable":true,"href":"https:\/\/donation.vedicpandits.org\/hr\/wp-json\/wp\/v2\/pages\/4915"}],"wp:featuredmedia":[{"embeddable":true,"href":"https:\/\/donation.vedicpandits.org\/hr\/wp-json\/wp\/v2\/media\/192"}],"wp:attachment":[{"href":"https:\/\/donation.vedicpandits.org\/hr\/wp-json\/wp\/v2\/media?parent=4974"}],"curies":[{"name":"wp","href":"https:\/\/api.w.org\/{rel}","templated":true}]}}