{"id":4979,"date":"2014-07-08T07:09:52","date_gmt":"2014-07-08T07:09:52","guid":{"rendered":"https:\/\/vedicpandits.org\/?page_id=4979"},"modified":"2016-07-27T10:06:53","modified_gmt":"2016-07-27T10:06:53","slug":"progress","status":"publish","type":"page","link":"https:\/\/donation.vedicpandits.org\/hr\/peace-creating-group\/progress\/","title":{"rendered":"napredak"},"content":{"rendered":"<h4>PREKRETNICE DO NA\u0160EG CILJA<\/h4>\n<ul>\n<li>Za kampus od 9,000 vedskih pandita, kupljeno je 688 hektara zemlje nedaleko od Jabalpura, u Madhya Pradeshu, Indija. (Gornja fotografija je iz 2013. godine).<\/li>\n<li>Smje\u0161taj za 2,500 Maharishijevih vedskih pandita je ve\u0107 zavr\u0161en. On uklju\u010duje infrastrukturu, administrativne zgrade, blagovaone i dvorane za yagye, te mljekaru \u2013 sve izgra\u0111eno prema principima Sthapatya Vede, vedske znanosti o arhitekturi.<\/li>\n<li>Preko 2.000 kompletno obu\u010denih Maharishijevih vedskih pandita ve\u0107 su smje\u0161teni i poha\u0111aju dnevni program za stvaranje mira.<\/li>\n<li>Smje\u0161taj za dodatnih 5,000 pandita je zapo\u010det, ali zahtijeva dodatna sredstva za dovr\u0161enje.<\/li>\n<li>Guru Ji program za obuku mladih u\u010denika pandita u njihovim lokalnim selima zapo\u010deo je prije desetak godina i nastavlja se.<\/li>\n<li>Obuka za starije u\u010denike odvija se u 46 boravi\u0161nih centara za obuku diljem Indije. Trenutno je tamo upisano oko 3,000 u\u010denika.<\/li>\n<li>Osnovane su dvije organizacije za prikupljanje sredstava za podr\u0161ku Globalne mirovne inicijative. Zaklada Brahmananda Saraswati u SAD i Zaklada Brahmananda Saraswati u Nizozemskoj registrirane su dobrotvorne organizacije u svojim zemljama. <\/li>\n<li>Mre\u017ea volontera nacionalnih koordinatora(<a href=\"https:\/\/donation.vedicpandits.org\/contact\/\">\u201eambasadora\u201c<\/a>) formirana je kako bi promovirala ovu inicijativu ljudima u 90 zemalja.<\/li>\n<li>In just a few years, the program to promote regular monthly donations has grown to provide $429,000 per month in Pandit support.<\/li>\n<li>Mnoge nacionalne organizacije unutar svjetskog TM pokreta tako\u0111er prikupljaju sredstva za podr\u0161ku Maharishijevim vedskim panditima.<\/li>\n<p>\t<!--\n\n<li>U Americi je osnovana grupa od Maharishijevih vedskih pandita u Maharishijevom vedskom gradu, Iowa, koju financiraju ameri\u010dki donatori.<\/li>\n\n-->\n<\/ul>\n","protected":false},"excerpt":{"rendered":"<p>PREKRETNICE DO NA\u0160EG CILJA Za kampus od 9,000 vedskih pandita, kupljeno je 688 hektara zemlje nedaleko od Jabalpura, u Madhya Pradeshu, Indija. (Gornja fotografija je iz 2013. godine). Smje\u0161taj za 2,500 Maharishijevih vedskih pandita je ve\u0107 zavr\u0161en. On uklju\u010duje infrastrukturu, administrativne zgrade, blagovaone i dvorane za yagye, te mljekaru \u2013 sve izgra\u0111eno prema principima Sthapatya [&hellip;]<\/p>\n","protected":false},"author":3,"featured_media":189,"parent":4915,"menu_order":6,"comment_status":"open","ping_status":"closed","template":"","meta":{"om_disable_all_campaigns":false,"_monsterinsights_skip_tracking":false,"_monsterinsights_sitenote_active":false,"_monsterinsights_sitenote_note":"","_monsterinsights_sitenote_category":0,"footnotes":""},"class_list":["post-4979","page","type-page","status-publish","has-post-thumbnail","hentry"],"_links":{"self":[{"href":"https:\/\/donation.vedicpandits.org\/hr\/wp-json\/wp\/v2\/pages\/4979","targetHints":{"allow":["GET"]}}],"collection":[{"href":"https:\/\/donation.vedicpandits.org\/hr\/wp-json\/wp\/v2\/pages"}],"about":[{"href":"https:\/\/donation.vedicpandits.org\/hr\/wp-json\/wp\/v2\/types\/page"}],"author":[{"embeddable":true,"href":"https:\/\/donation.vedicpandits.org\/hr\/wp-json\/wp\/v2\/users\/3"}],"replies":[{"embeddable":true,"href":"https:\/\/donation.vedicpandits.org\/hr\/wp-json\/wp\/v2\/comments?post=4979"}],"version-history":[{"count":8,"href":"https:\/\/donation.vedicpandits.org\/hr\/wp-json\/wp\/v2\/pages\/4979\/revisions"}],"predecessor-version":[{"id":8659,"href":"https:\/\/donation.vedicpandits.org\/hr\/wp-json\/wp\/v2\/pages\/4979\/revisions\/8659"}],"up":[{"embeddable":true,"href":"https:\/\/donation.vedicpandits.org\/hr\/wp-json\/wp\/v2\/pages\/4915"}],"wp:featuredmedia":[{"embeddable":true,"href":"https:\/\/donation.vedicpandits.org\/hr\/wp-json\/wp\/v2\/media\/189"}],"wp:attachment":[{"href":"https:\/\/donation.vedicpandits.org\/hr\/wp-json\/wp\/v2\/media?parent=4979"}],"curies":[{"name":"wp","href":"https:\/\/api.w.org\/{rel}","templated":true}]}}