{"id":4994,"date":"2014-07-08T07:10:00","date_gmt":"2014-07-08T07:10:00","guid":{"rendered":"https:\/\/vedicpandits.org\/?page_id=4994"},"modified":"2016-01-17T10:06:31","modified_gmt":"2016-01-17T10:06:31","slug":"yagya","status":"publish","type":"page","link":"https:\/\/donation.vedicpandits.org\/hr\/yagya\/","title":{"rendered":"Yagya"},"content":{"rendered":"<h4>MAHARISHIJEVOJ YAGYI<\/h4>\n<p>Donacije grupi vedskih pandita u Indiji istovremeno pridonose posebnim vedskim izvo\u0111enjima pandita koje se nazivaju yagye. Ove yagye koriste se znano\u0161\u0107u zvuka da bi stvorile mno\u0161tvo korisnih u\u010dinaka za va\u0161u zemlju Nacionalna yagya i vas osobno Posebna yagya.<\/p>\n<div class=\"border-line\">&nbsp;<\/div>\n<div class=\"grid-holder\">\n<div class=\"grid grid-desktop-50 grid-mobile-100\">\n<div class=\"holder button\">\n<a class=\"btn btn-large btn-full\" href=\"https:\/\/donation.vedicpandits.org\/hr\/yagya\/national-yagya\/\"> > Nacionalna yagya<\/a>\n<\/div>\n<\/div>\n<div class=\"grid grid-desktop-50 grid-mobile-100\">\n<div class=\"holder button\">\n<a class=\"btn btn-large btn-full \" href=\"https:\/\/donation.vedicpandits.org\/hr\/yagya\/special-yagya\/\"> > Posebna yagya <\/a>\n<\/div>\n<\/div>\n<\/div>\n<p><\/p>\n<div class=\"border-line\">&nbsp;<\/div>\n<h4>\u0160TO JE YAGYA?<\/h4>\n<p>Yagya je tradicionalna i u\u010dinkovita vedska tehnologija za prevenciju problema, kao i za pove\u0107anje uspjeha i sre\u0107e na svakoj razini. Tradiciju vedskog recitiranja UNESCO je proglasio nematerijalnom ba\u0161tinom \u010dovje\u010danstva.<\/p>\n<div class=\"border-line\">&nbsp;<\/div>\n<div class=\"grid-holder\">\n<div class=\"grid grid-desktop-50 grid-mobile-100\"><div class=\"holder\"><h4>\u0160TO JE POSEBNO U MAHARISHIJEVOJ YAGYI?<\/h4>\n<p>Maharishi Mahesh Yogi posvetio je mnogo godina pa\u017eljivoj, sustavnoj obnovi yagye, o\u017eivljavaju\u0107i ovu drevnu tehnologiju do njene pune mo\u0107i. Obnovio je klju\u010dno razumijevanje da se vedske mantre trebaju oda\u0161iljati iz svijesti utemeljene u Pari (transcendentalnoj) razini govora, gdje je poveznica izme\u0111u zvuka i oblika \u2013 izme\u0111u \u017eelje i ispunjenja \u017eelje \u2013 blisko povezana i izuzetno sna\u017ena. Maharishi je definirao dva aspekta kao su\u0161tinski va\u017ena za ispravno prakticiranje vedske yagye:<\/p>\n<p>Prvo, tijekom dnevnog prakticiranja TM i TM-sidhi programa, Maharishijevi vedski panditi do\u017eivljavaju duboko smirena stanja svijesti. Rezultat je o\u017eivljavanje transcendentalnog izvora govora prije recitiranja i izvo\u0111enja yagye. Stoga panditi izvode yagye s ove vrlo smirene razine svijesti koriste\u0107i snagu dubljih razina prirodnog zakona.<\/p>\n<p>Drugo, Maharishijevi vedski panditi prolaze kroz jedinstvenu i opse\u017enu obuku. Tijekom nekoliko desetlje\u0107a Maharishi je blisko sura\u0111ivao s najcjenjenijim vrhunskim panditima diljem Indije kako bi oplemenili i osmislili savr\u0161eno obrazovanje za pandite. To je obrazovanje o ispravnom izvo\u0111enju i izgovoranju u njegovoj punoj tradicionalnoj u\u010dinkovitosti. <\/p>\n<p>Zbog toga Maharishijeve yagye imaju tako sna\u017ean i dalekose\u017ean u\u010dinak.<\/p>\n<\/div><\/div>\n<div class=\"grid grid-desktop-50 grid-mobile-100\"><div class=\"holder\"><p><img loading=\"lazy\" decoding=\"async\" class=\"alignright size-full wp-image-261\" src=\"\/wp-content\/uploads\/2014\/04\/CHANTING-PANDIT-EYES-CLOSED432.jpg\" alt=\"CHANTING PANDIT EYES CLOSED432\" width=\"432\" height=\"516\" srcset=\"https:\/\/donation.vedicpandits.org\/wp-content\/uploads\/2014\/04\/CHANTING-PANDIT-EYES-CLOSED432.jpg 432w, https:\/\/donation.vedicpandits.org\/wp-content\/uploads\/2014\/04\/CHANTING-PANDIT-EYES-CLOSED432-251x300.jpg 251w, https:\/\/donation.vedicpandits.org\/wp-content\/uploads\/2014\/04\/CHANTING-PANDIT-EYES-CLOSED432-300x358.jpg 300w\" sizes=\"auto, (max-width: 432px) 100vw, 432px\" \/><\/p>\n<\/div><\/div>\n<\/div>\n","protected":false},"excerpt":{"rendered":"<p>MAHARISHIJEVOJ YAGYI Donacije grupi vedskih pandita u Indiji istovremeno pridonose posebnim vedskim izvo\u0111enjima pandita koje se nazivaju yagye. Ove yagye koriste se znano\u0161\u0107u zvuka da bi stvorile mno\u0161tvo korisnih u\u010dinaka za va\u0161u zemlju Nacionalna yagya i vas osobno Posebna yagya. > Nacionalna yagya > Posebna yagya \u0160TO JE YAGYA? Yagya je tradicionalna i u\u010dinkovita vedska [&hellip;]<\/p>\n","protected":false},"author":3,"featured_media":183,"parent":0,"menu_order":0,"comment_status":"open","ping_status":"closed","template":"","meta":{"om_disable_all_campaigns":false,"_monsterinsights_skip_tracking":false,"_monsterinsights_sitenote_active":false,"_monsterinsights_sitenote_note":"","_monsterinsights_sitenote_category":0,"footnotes":""},"class_list":["post-4994","page","type-page","status-publish","has-post-thumbnail","hentry"],"_links":{"self":[{"href":"https:\/\/donation.vedicpandits.org\/hr\/wp-json\/wp\/v2\/pages\/4994","targetHints":{"allow":["GET"]}}],"collection":[{"href":"https:\/\/donation.vedicpandits.org\/hr\/wp-json\/wp\/v2\/pages"}],"about":[{"href":"https:\/\/donation.vedicpandits.org\/hr\/wp-json\/wp\/v2\/types\/page"}],"author":[{"embeddable":true,"href":"https:\/\/donation.vedicpandits.org\/hr\/wp-json\/wp\/v2\/users\/3"}],"replies":[{"embeddable":true,"href":"https:\/\/donation.vedicpandits.org\/hr\/wp-json\/wp\/v2\/comments?post=4994"}],"version-history":[{"count":10,"href":"https:\/\/donation.vedicpandits.org\/hr\/wp-json\/wp\/v2\/pages\/4994\/revisions"}],"predecessor-version":[{"id":7884,"href":"https:\/\/donation.vedicpandits.org\/hr\/wp-json\/wp\/v2\/pages\/4994\/revisions\/7884"}],"wp:featuredmedia":[{"embeddable":true,"href":"https:\/\/donation.vedicpandits.org\/hr\/wp-json\/wp\/v2\/media\/183"}],"wp:attachment":[{"href":"https:\/\/donation.vedicpandits.org\/hr\/wp-json\/wp\/v2\/media?parent=4994"}],"curies":[{"name":"wp","href":"https:\/\/api.w.org\/{rel}","templated":true}]}}