{"id":5003,"date":"2014-07-10T12:57:22","date_gmt":"2014-07-10T12:57:22","guid":{"rendered":"https:\/\/vedicpandits.org\/?page_id=5003"},"modified":"2023-03-15T11:51:32","modified_gmt":"2023-03-15T11:51:32","slug":"special-yagya","status":"publish","type":"page","link":"https:\/\/donation.vedicpandits.org\/hr\/yagya\/special-yagya\/","title":{"rendered":"Posebna yagya"},"content":{"rendered":"<h4>Posebna Maharishi yagya<\/h4>\n<p>Posebne jagje su u prvom redu sredstvo za stvaranje mira i napretka za na\u0161u svjetsku obitelj. Osim toga one slave osobu na koju je naslovljena jagja i donatore koji ih sponzoriraju. Maharishi je osmislio jedinstven izbor Posebnih Jaja za sveukupnu podr\u0161ku osobnom rastu i uspjehu primatelja. Ove Posebne Jagje donose blagoslove Prirode pojedincima i obiteljima. Jagje za ro\u0111endan, vjen\u010danje, godi\u0161njicu braka i ro\u0111enje djeteta se izvode u klju\u010dnim prijelaznim trenucima kad su odre\u0111eni Zakoni Prirode koji pru\u017eaju potporu posebno o\u017eivljeni i dostupni.<\/p>\n<p>Od nedavno nam je na raspolaganju i nova Posebna Jagja-Jagja za Blagostanje-koja mo\u017ee biti izvedena na bezmalo bilo koji dan koji odaberete. Ova Jagja mo\u017ee biti izvedena koliko god puta \u017eelite tijekom godine, \u010dak i svakog mjeseca. Kada se prijavljujete za ovu Jagju, vi \u0107ete izabrati datum na koji biste \u017eeljeli da se izvede Jagja za Blagostanje.<\/p>\n<p>Sve posebne Jagje mo\u017eete poru\u010diti za sebe, \u010dlanove obitelji ili za prijatelje. Svaka od ovih va\u017enih Jagja pobu\u0111uje \u017eivotnost iz dubine-s temeljnog razine samog jedinstvenog polja. Na taj na\u010din ne samo da uzdi\u017eu \u017eivot pojedinca ve\u0107 poma\u017eu i da se otkloni nesklad i da se mir i napredak u cijelom dru\u0161tvu podignu na vi\u0161u razinu.<\/p>\n<p>&nbsp;<\/p>\n<div style=\"padding:10px; background-color:white;\">\n<div style=\"border-size:2px;border-style:solid;border-color:#e4bb4b;\">\n<div style=\"text-align: center; padding-top:10px; padding-right:5px; padding-bottom:0px; padding-left:5px;\">\n&nbsp;<\/p>\n<h4>POSEBNA OBAVIJEST OD RAJE HARRISA \u2013 DODATNI DANI<\/h4>\n<\/div>\n<div style=\"text-align: left; padding-top:20px; padding-right:20px; padding-bottom:40px; padding-left:20px;\">Na temelju pozitivnih iskustava s posebnim Yagyama, mnogi su se raspitivali mogu li se te Yagye produ\u017eiti na vi\u0161e od jednog dana. Nakon konzultacija s vo\u0111ama Pandita, ponudit \u0107emo opcije za dodatni drugi i tre\u0107i dan Posebnih Yagya. Kako bi postale dostupnije, dnevni tro\u0161ak ovih Yagya je smanjen. <\/p>\n<\/div>\n<\/div>\n<\/div>\n<p>&nbsp;<\/p>\n<div class=\"grid-holder\">\n<div class=\"grid grid-desktop-50 grid-mobile-100\"><div class=\"holder\"><p><strong>Kliknite ispod kako biste izabrali vrstu yagye:<br \/>\n<\/strong><br \/>\nSve vi\u0161e i vi\u0161e pandita su uklju\u010deni u svaki vi\u0161i nivo yagye, \u010dine\u0107i ih zna\u010dajnije sna\u017enim.<\/p>\n<ul>\n<li>\t<a href=\"https:\/\/sponsor.specialyagyas.org\/bwb.php?site=vp&amp;bwb=birthday\" class=\"tooltipster\" title=\"Special Yagyas are administered by Brahmananda Saraswati Yagya Foundation, a US based registered charity. Click here and we will transfer you to that website.\">\n\t\tRo\u0111endan &#8211; izvodi se za jednu osobu na njen ili njegov ro\u0111endan\t<\/a>\n\t\n<p>Jednodnevna Yagya: Veli\u010dine donacija: $1,000 | $2,500<br \/>\nDvodnevna Yagya: Veli\u010dine donacija: $1,500 | $3,000<br \/>\nTrodnevna Yagya: Veli\u010dine donacija: $2,000 | $3,500<\/p>\n<li>\t<a href=\"https:\/\/sponsor.specialyagyas.org\/bwb.php?site=vp&amp;bwb=well-being\" class=\"tooltipster\" title=\"Special Yagyas are administered by Brahmananda Saraswati Yagya Foundation, a US based registered charity. Click here and we will transfer you to that website.\">\n\t\tBlagostanje &#8211; izvodi se u bilo koje vrijeme\t<\/a>\n\t\n<p>Jednodnevna Yagya: Veli\u010dine donacija: $1,000 | $2,500<br \/>\nDvodnevna Yagya: Veli\u010dine donacija: $1,500 | $3,000<br \/>\nTrodnevna Yagya: Veli\u010dine donacija: $2,000 | $3,500<\/p>\n<li>\t<a href=\"https:\/\/sponsor.specialyagyas.org\/wedding.php?site=vp&amp;waw=w\" class=\"tooltipster\" title=\"Special Yagyas are administered by Brahmananda Saraswati Yagya Foundation, a US based registered charity. Click here and we will transfer you to that website.\">\n\t\tVjen\u010danje: izvodi se za dvoje ljudi na dan njihova vjen\u010danja\t<\/a>\n\t\n<p>Jednodnevna Yagya: Veli\u010dine donacija: $1,500 | $3,000<br \/>\nDvodnevna Yagya: Veli\u010dine donacija: $2,000 | $3,500<br \/>\nTrodnevna Yagya: Veli\u010dine donacija: $2,500 | $4,000<\/p>\n<li>\t<a href=\"https:\/\/sponsor.specialyagyas.org\/wedding.php?site=vp&amp;waw=wa\" class=\"tooltipster\" title=\"Special Yagyas are administered by Brahmananda Saraswati Yagya Foundation, a US based registered charity. Click here and we will transfer you to that website.\">\n\t\tGodi\u0161njica vjen\u010danja: izvodi se za dvoje ljudi na godi\u0161njicu njihova braka\t<\/a>\n\t\n<p>Jednodnevna Yagya: Veli\u010dine donacija: $1,500 | $3,000<br \/>\nDvodnevna Yagya: Veli\u010dine donacija: $2,000 | $3,500<br \/>\nTrodnevna Yagya: Veli\u010dine donacija: $2,500 | $4,000<\/p>\n<li>\t<a href=\"https:\/\/sponsor.specialyagyas.org\/newborn.php?site=vp\" class=\"tooltipster\" title=\"Special Yagyas are administered by Brahmananda Saraswati Yagya Foundation, a US based registered charity. Click here and we will transfer you to that website.\">\n\t\tRo\u0111enje djeteta: izvodi se za bebu 40 dana nakon njena ro\u0111enja\t<\/a>\n\t\n<p>Jednodnevna Yagya: Veli\u010dine donacija: $1,000 | $2,500<br \/>\nDvodnevna Yagya: Veli\u010dine donacija: $1,500 | $3,000<br \/>\nTrodnevna Yagya: Veli\u010dine donacija: $2,000 | $3,500\n<\/ul>\n<\/div><\/div>\n<div class=\"grid grid-desktop-50 grid-mobile-100\"><div class=\"holder\"><p><img loading=\"lazy\" decoding=\"async\" class=\"alignleft size-full wp-image-423\" src=\"\/wp-content\/uploads\/2014\/04\/pandits_5320.jpg\" alt=\"pandits_5320\" width=\"432\" height=\"326\" srcset=\"https:\/\/donation.vedicpandits.org\/wp-content\/uploads\/2014\/04\/pandits_5320.jpg 432w, https:\/\/donation.vedicpandits.org\/wp-content\/uploads\/2014\/04\/pandits_5320-300x226.jpg 300w\" sizes=\"auto, (max-width: 432px) 100vw, 432px\" \/><\/p>\n<\/div><\/div>\n<\/div>\n<p>Donacije za program specijalnih yagya idu Fondaciji Brahmananda Saraswati Yagya, neprofitnoj,  organizaciji u SAD-u.<\/p>\n<div class=\"border-line\">&nbsp;<\/div>\n<h4>NAU\u010cITE KAKO SE PRIJAVITI<\/h4>\n<p>Vrlo se je lako prijaviti za Posebne Maharishi yagye. Cijeli postupak prijave i pla\u0107anja mo\u017ee se napraviti online. Kliknite na naran\u010dasti gumb ispod &#8220;Prijava za posebnu yagyu.&#8221;<\/p>\n<p><strong>Molimo prijavite se barem tjedan dana unaprijed. <\/strong> Trebat \u0107e Vam vrijeme ro\u0111enja i mjesto ro\u0111enja.<\/p>\n<p>Za vi\u0161e informacija, molimo vidite FAQ (u\u010destalo postavljana pitanja) sekciju ispod i gumb ispod stranice. Ukoliko imate nekih pitanja, obratite se na: <a href=\"mailto:specialyagyas@vedicpandits.org\">specialyagyas@vedicpandits.org<\/a><\/p>\n<p>Mi prihva\u0107amo pla\u0107anje: Visa karticama, Mastercardom, American Expressom i PayPalom.<\/p>\n<div class=\"border-line\">&nbsp;<\/div>\n\t<p style=\"text-align: center\">\n\t\t<a href=\"https:\/\/sponsor.specialyagyas.org\/apply.php?site=vp\"   class=\"btn btn-large tooltipster\" title=\"Special Yagyas are administered by Brahmananda Saraswati Yagya Foundation, a US based registered charity. We will transfer you to that website.\"> > \n\t\t\tPRIJAVITE SE ZA POSEBNU YAGYU\t\t<\/a>\n\t<\/p>\n\n\t\n<div class=\"border-line\">&nbsp;<\/div>\n<div class=\"box-quote\">\n<p><strong>Bilo je to predivno iskustvo<\/strong><br \/> \u201eTo je bila moja prva Mahari\u0161ijeva yagya i bilo je prekrasno. Planiram to \u010diniti svake godine. U no\u0107i prije samog ro\u0111endana osjetila sam sna\u017ene valove bla\u017eenstva. Od tog trenutka razrije\u0161ili su se mnogi moji dugovje\u010dni problemi i bilo je to pravo olak\u0161anje, a isto tako, osje\u0107am se sretnije i zadovoljnija sam. Ako se pojave prepreke na dnevnoj osnovi, \u010dini mi se da se lak\u0161e razrje\u0161avaju, a tako\u0111er, \u010dini se da su mi i akcije u\u010dinkovitije. Hvala vam \u0161to ste omogu\u0107ili ove yagye.\u201c<br \/>Kanada<\/p>\n<\/div class=\"box-quote\">\n<div class=\"accordion\"><div class=\"accordion-entry\"><em><a href=\"#\">&gt; Autenti\u010dna iskustva nakon osobnih yagya:<\/a><\/em><div class=\"hidden-content\">\n<div class=\"box-quote\">\n<p><strong>Sve se odvijalo nenaporno <\/strong><br \/>\u201eBila sam iznena\u0111ena dubinom osje\u0107aja da se sve oko mene odvijalo nenaporno, mirno i nje\u017eno na moj ro\u0111endan. To je bilo osjetno druga\u010dije od drugih ro\u0111endana. Hvala onima koji su ovo organizirali.\u201c<br \/>Kanada<\/p>\n<p><strong>Najsretnije razdoblje kojega se sje\u0107am<\/strong><br \/>\u201eNeke situacije, koje su ina\u010de dugo mirovale, po\u010dele su se razvijati u pravome smjeru. \u0160to se ti\u010de samog ro\u0111endana, koliko se sje\u0107am, bio je to jedan od najsretnijih tijekom mnogih godina. Bio je to tjedan potpuno ispunjen proslavama, ne\u0161to \u0161to vjerojatno nisam imala niti u mojim zvjezdanim tinejd\u017eerskim danima. Vrlo sam sretna s rezultatima  izvedenih jagija. Sada \u017eeljno o\u010dekujem sljede\u0107i ro\u0111endan.\u201c <br \/>Italy<\/p>\n<p><strong>Osje\u0107am se blagoslovljeno<\/strong><br \/>\u201eDesila se definitivna promjena u svijesti od yagye. Doista se osje\u0107am blagoslovljeno. Veselim se \u0161to \u0107u svake godine imati ro\u0111endansku yagyu.\u201c<br \/>Velika Britanija<\/p>\n<p><strong>Kozmi\u010dki osmijeh<\/strong><br \/>\u201eIskustvo je uistinu kozmi\u010dko i ujedinjuje sve razine ljudskog postojanja u kozmi\u010dki osmijeh, osoba osje\u0107a kako se zlatni prah izlijeva na nju. Hvala svim vedskim panditima koji izvode yagye i cijeloj vedskoj tradiciji koja nas je dovela do ovog \u010distog bo\u017eanskog znanja.\u201c<br \/>Srbija<\/p>\n<p><strong>Bilo je to predivno iskustvo<\/strong><br \/> \u201eTo je bila moja prva Mahari\u0161ijeva jagija i bilo je prekrasno. Planiram to \u010diniti svake godine. U no\u0107i prije samog ro\u0111endana osjetila sam sna\u017ene valove bla\u017eenstva. Od tog trenutka razrije\u0161ili su se mnogi moji dugovje\u010dni problemi i bilo je to pravo olak\u0161anje, a isto tako, osje\u0107am se sretnije i zadovoljnija sam. Ako se pojave prepreke na dnevnoj osnovi, \u010dini mi se da se lak\u0161e razrje\u0161avaju, a tako\u0111er, \u010dini se da su mi i akcije u\u010dinkovitije. Hvala vam \u0161to ste omogu\u0107ili ove jagije.\u201c<br \/>Kanada<\/p>\n<p><strong>Utjecaj je bio o\u010dit<\/strong><br \/>\u201eNismo o\u010dekivali da \u0107e yagya utjecati na nas tako direktno, ali utjecaj je bio o\u010digledan. Podsjetio me na u\u010dinak dugog rundiranja. Te\u0161ko je to opisati ali nemogu\u0107e je propustiti.\u201c<br \/>SAD<\/p>\n<p><strong>Dogodilo se ne\u0161to posebno<\/strong><br \/>\u201e\u010cim sam uplatila jagiju za godi\u0161njicu vjen\u010danja, u na\u0161oj vezi dogodilo se ne\u0161to vrlo posebno. Sada kao da je sve postalo \u010distije i transparentnije. Pravo je \u010dudo da jagije djeluju ve\u0107 i u samom trenutku kad ih uplatimo.\u201c <br \/>Nizozemska<\/p>\n<p><strong>U\u010dvr\u0161\u0107en u Apsolutu <\/strong><br \/>\u201eOboje smo se osje\u0107ali u\u010dvr\u0161\u0107enima u Apsolutu cijelo vrijeme: osje\u0107aj da nas nije mogu\u0107e pomaknuti \u2013 doista. Nije potrebno re\u0107i da se veselimo sljede\u0107oj yagyi.\u201c<br \/>SAD<\/p>\n<p><strong>Jagija je odagnala umor i strah. <\/strong><br \/>\u201eOdluka da poklonim sebi jagiju za \u201eslatki \u0161ezdeseti\u201c ro\u0111endan, bila je vrlo dobra odluka. Tijekom dana imala sam lijepa iskustva. Bila sam sretna, sve je i\u0161lo glatko, i sve su moje aktivnosti nekako bile ti\u0161e i le\u017eernije nego \u0161to je to uobi\u010dajeno. Jo\u0161 uvijek sam puna uzbudljivih nadanja, a \u010dini mi se da u\u017eivam vi\u0161e podr\u0161ke u svakodnevnom \u017eivotu. Najbolje od svega je da mi se srce otvorilo, a meditacije su dublje nego prije. \u010cini mi se da su jagije odnijele umor i raspr\u0161ile strah iz pro\u0161losti; oni su nestali i stvarno preporu\u010dam svakome da si priu\u0161ti ro\u0111endansku jagiju!.\u201c<br \/>Germany<\/p>\n<p><strong>\u017divot te\u010de mek\u0161e<\/strong><br \/>\u201eU\u010dinak yagyi je \u010dudesan \u2013 mnogi s kojima sam razgovarala opazili su istu kvalitetu iskustva kao i ja. \u017divot te\u010de puno mek\u0161e, podr\u0161ka Prirode je konstantna na male i velike na\u010dine, prepreke se uklanjaju. U miru sam sa svime.\u201c<br \/>SAD<\/p>\n<\/div class=\"box-quote\">\n<a href=\"#\" class=\"close\">Close Section<\/a><\/div><\/div>\n<\/div>\n<div class=\"border-line\">&nbsp;<\/div>\n<a id=\"jhagelin\"><\/a><br \/>\n<div class=\"grid-holder\">\n<div class=\"grid grid-desktop-50 grid-mobile-100\"><div class=\"holder\">\t\t<div class=\"hidden-video\">\t\t\t\t\t\t\t\t\t\t\t\t\n\t\t\t<div class=\"video-container\"> [videojs autoplay=&#8221;false&#8221; mp4=&#8221;\/wp-content\/uploads\/2014\/07\/What_is_Maharishi-Yagya-1.mp4&#8243; width=&#8221;400&#8243; height=&#8221;400&#8243;] <\/div>\n\t\t<\/div>\n\t\t<a href=\"https:\/\/donation.vedicpandits.org\/hr\/yagya\/special-yagya\/?image_video=%2Fwp-content%2Fuploads%2F2014%2F07%2FWhat_is_Maharishi-Yagya-1.mp4\" class=\"video-link \"><img loading=\"lazy\" decoding=\"async\" class=\"alignnone size-full wp-image-285\" src=\"https:\/\/donation.vedicpandits.org\/wp-content\/uploads\/2023\/02\/J_Hagelin_what-is-Yagya_video-600x321-1.png\" alt=\"yagya_hagelin_1web1\" width=\"432\" height=\"242\" \/><\/a>\n\n\t\n\t\t<div class=\"hidden-video\">\t\t\t\t\t\t\t\t\t\t\t\t\n\t\t\t<div class=\"video-container\"> [videojs autoplay=&#8221;false&#8221; mp4=&#8221;\/wp-content\/uploads\/2014\/07\/What_is_Maharishi-Yagya-1.mp4&#8243; width=&#8221;400&#8243; height=&#8221;400&#8243;] <\/div>\n\t\t<\/div>\n\t\t<a href=\"https:\/\/donation.vedicpandits.org\/hr\/yagya\/special-yagya\/?image_video=%2Fwp-content%2Fuploads%2F2014%2F07%2FWhat_is_Maharishi-Yagya-1.mp4\" class=\"video-link no-pointer\"><em>&gt; Video 1: \u0160TO JE YAGYA?<\/em><\/a>\n\n\t\n<\/div><\/div>\n<div class=\"grid grid-desktop-50 grid-mobile-100\"><div class=\"holder\"><h4>\u0160TO JE POSEBNO U MAHARISHIJEVOJ YAGYI?<\/h4>\n<p>Maharishi Mahesh Yogi posvetio je mnogo godina pa\u017eljivoj, sustavnoj obnovi yagye, o\u017eivljavaju\u0107i ovu drevnu tehnologiju do njene pune mo\u0107i. Obnovio je klju\u010dno razumijevanje da se vedske mantre trebaju oda\u0161iljati iz svijesti utemeljene u Pari (transcendentalnoj) razini govora, gdje je poveznica izme\u0111u zvuka i oblika \u2013 izme\u0111u \u017eelje i ispunjenja \u017eelje \u2013 blisko povezana i izuzetno sna\u017ena.<br \/>\nTijekom dnevnog prakticiranja TM i TM-sidhi programa, Maharishijevi vedski panditi do\u017eivljavaju duboko smirena stanja svijesti. Rezultat je o\u017eivljavanje transcendentalnog izvora govora prije recitiranja i izvo\u0111enja yagye. Stoga panditi izvode yagye s ove vrlo smirene razine svijesti koriste\u0107i snagu dubljih razina prirodnog zakona.Tijekom nekoliko desetlje\u0107a Maharishi je blisko sura\u0111ivao s najcjenjenijim vrhunskim panditima diljem Indije kako bi oplemenili i osmislili savr\u0161eno obrazovanje za pandite. To je obrazovanje o ispravnom izvo\u0111enju i izgovoranju u njegovoj punoj tradicionalnoj u\u010dinkovitosti.<br \/>\nZa podrobnije obja\u0161njenje, poslu\u0161ajte dr. Johna Hagelina, svjetski poznatog kvantnog fizi\u010dara, edukatora, stru\u010dnjaka u stvaranju javne politike i vode\u0107eg zagovornika mira.<\/p>\n<\/div><\/div>\n<\/div>\n<div class=\"border-line\">&nbsp;<\/div>\n<div class=\"accordion\"><div class=\"accordion-entry\"><em><a href=\"#\">&gt; NAJ\u010cE\u0160\u0106A PITANJA O POSEBNIM YAGYAMA<\/a><\/em><div class=\"hidden-content\">\n<p>Jagja za Blagostanje-koja mo\u017ee biti izvedena na bezmalo bilo koji dan koji odaberete. Ova Jagja mo\u017ee biti izvedena koliko god puta \u017eelite tijekom godine, \u010dak i svakog mjeseca. Kada se prijavljujete za ovu Jagju, vi \u0107ete izabrati datum na koji biste \u017eeljeli da se izvede Jagja za Blagostanje.<\/p>\n<p>POSTOJI LI POSEBNA YAGYA ZA ZDRAVLJE?<br \/>\nNemamo Maharishijevu Posebnu Yagyu za zdravlje. Posebne Yagye su osmi\u0161ljene tako da daju sveobuhvatan poticaj \u010dovjekovom \u017eivotu i evoluciji. Posebne Yagye nisu usmjerene na odre\u0111ene probleme kao \u0161to su problemi sa zdravljem ili operativni zahvati.<\/p>\n<p>KAKO SE OBU\u010cAVAJU MAHARISHIJEVI VEDSKI PANDITI?<br \/>\nObuka po\u010dinje u ranoj dobi, kada djeca po\u010dinju u\u010diti od svojih roditelja. Dje\u010daci iz obitelji pandita pridru\u017euju se Maharishijevom slu\u017ebenom programu obuke u svojim lokalnim zajednicama u dobi od oko 10 godina u jednom od mnogih \u201eGuru Ji\u201c centara za obuku. U dobi od oko 14 godina, mladi panditi na obuci sele se u jedan od boravi\u0161nih kampusa za obuku u razli\u010ditim dijelovima zemlje. Obi\u010dno od tamo odlaze u jedan od glavnih kampusa Maharishijevih vedskih pandita. Svi panditi su upisani u Maharishi Mahesh Yogi Vedic Vishwavidyaleya, ovla\u0161teno sveu\u010dili\u0161te. Njihova sustavna obuka nastavlja se do razine doktorata. Svi na\u0161i panditi prakticiraju transcendentalnu meditaciju\u00ae i TM-sidhi programe\u00ae.<\/p>\n<p>\u0160TO AKO NE ZNAM TO\u010cNO VRIJEME RO\u0110ENJA??<br \/>\nMolimo poku\u0161ajte odrediti vrijeme ro\u0111enja \u0161to je preciznije mogu\u0107e. Ako ne znate to\u010dno vrijeme, prihvatljivo je i \u0161to to\u010dnije pribli\u017eno vrijeme.<\/p>\n<p>JE LI BOLJE SPONZORIRATI SPECIJALNU YAGYU ILI DONIRATI ZA NACIONALNU YAGYU?<br \/>\nObje opcije su divne i obje direktno podr\u017eavaju velike grupe Maharishijevih vedskih pandita. Ovisi o \u017eelji donatora. U slu\u010daju nacionalne yagye donator podr\u017eava svoju zemlju i, putem te namjere, tako\u0111er i sebe. Kod specijalne yagye, glavna svrha je za dobro sudionika. Idejno, donator mo\u017ee naru\u010diti specijalnu yagyu jednom ili dva puta godi\u0161nje, a mjese\u010dno pridonositi nacionalnim yagyama, ovisno o bud\u017eetu.<\/p>\n<p>KAMO IDU DONACIJE?<br \/>\nDonacije za program specijalnih yagya idu Fondaciji Brahmananda Saraswati Yagya, neprofitnoj,  organizaciji pod odjeljkom 501 (c)(3) ameri\u010dke interne \u0161ifre prihoda. <\/p>\n<p>Sredstva donirana za specijalne yagye idu direktno za podr\u0161ku Maharishijevih vedskih pandita.<\/p>\n<p>Donacije se odbijaju od poreza za platitelje poreza u SAD. Ra\u010dun vam se \u0161alje za svaku donaciju.<\/p>\n<p>Za druge zemlje molimo posavjetujte se s va\u0161im poreznim savjetnikom vezano uz odbitak od poreza. Ako imate dodatnih pitanja va\u0161 nacionalni ambasador \u0107e vam rado pomo\u0107i. Za kontakt informaciju molimo obratite se  O nama \/ Na\u0161a me\u0161unarodna mre\u017ea ambasadora.<\/p>\n<a href=\"#\" class=\"close\">Close Section<\/a><\/div><\/div>\n<\/div>\n","protected":false},"excerpt":{"rendered":"<p>Posebna Maharishi yagya Posebne jagje su u prvom redu sredstvo za stvaranje mira i napretka za na\u0161u svjetsku obitelj. Osim toga one slave osobu na koju je naslovljena jagja i donatore koji ih sponzoriraju. Maharishi je osmislio jedinstven izbor Posebnih Jaja za sveukupnu podr\u0161ku osobnom rastu i uspjehu primatelja. Ove Posebne Jagje donose blagoslove Prirode [&hellip;]<\/p>\n","protected":false},"author":3,"featured_media":75950,"parent":4994,"menu_order":2,"comment_status":"open","ping_status":"closed","template":"","meta":{"om_disable_all_campaigns":false,"_monsterinsights_skip_tracking":false,"_monsterinsights_sitenote_active":false,"_monsterinsights_sitenote_note":"","_monsterinsights_sitenote_category":0,"footnotes":""},"class_list":["post-5003","page","type-page","status-publish","has-post-thumbnail","hentry"],"_links":{"self":[{"href":"https:\/\/donation.vedicpandits.org\/hr\/wp-json\/wp\/v2\/pages\/5003","targetHints":{"allow":["GET"]}}],"collection":[{"href":"https:\/\/donation.vedicpandits.org\/hr\/wp-json\/wp\/v2\/pages"}],"about":[{"href":"https:\/\/donation.vedicpandits.org\/hr\/wp-json\/wp\/v2\/types\/page"}],"author":[{"embeddable":true,"href":"https:\/\/donation.vedicpandits.org\/hr\/wp-json\/wp\/v2\/users\/3"}],"replies":[{"embeddable":true,"href":"https:\/\/donation.vedicpandits.org\/hr\/wp-json\/wp\/v2\/comments?post=5003"}],"version-history":[{"count":40,"href":"https:\/\/donation.vedicpandits.org\/hr\/wp-json\/wp\/v2\/pages\/5003\/revisions"}],"predecessor-version":[{"id":75994,"href":"https:\/\/donation.vedicpandits.org\/hr\/wp-json\/wp\/v2\/pages\/5003\/revisions\/75994"}],"up":[{"embeddable":true,"href":"https:\/\/donation.vedicpandits.org\/hr\/wp-json\/wp\/v2\/pages\/4994"}],"wp:featuredmedia":[{"embeddable":true,"href":"https:\/\/donation.vedicpandits.org\/hr\/wp-json\/wp\/v2\/media\/75950"}],"wp:attachment":[{"href":"https:\/\/donation.vedicpandits.org\/hr\/wp-json\/wp\/v2\/media?parent=5003"}],"curies":[{"name":"wp","href":"https:\/\/api.w.org\/{rel}","templated":true}]}}