{"id":5010,"date":"2015-07-15T14:34:07","date_gmt":"2015-07-15T14:34:07","guid":{"rendered":"https:\/\/vedicpandits.org\/?page_id=5010"},"modified":"2015-10-12T16:29:36","modified_gmt":"2015-10-12T16:29:36","slug":"testimonials","status":"publish","type":"page","link":"https:\/\/donation.vedicpandits.org\/hr\/testimonials\/","title":{"rendered":"Iskustva"},"content":{"rendered":"<h4 id=\"testimonials\">PRVI UTISCI O U\u010cINCIMA NACIONALNIH YAGYI<\/h4>\n<p style=\"text-align: left;\"> Tijekom Nacionalne yagye, Va\u0161a nacija imat \u0107e dobrobiti od Va\u0161e podr\u0161ke i &#8211; prema principu reciprociteta ili uzajamnosti &#8220;Kako sije\u0161, tako \u0107e\u0161 i \u017eeti&#8221; &#8211; Vi mo\u017eete tako\u0111er primijetiti neke dobrobiti kod Vas. U drevnoj vedskoj tradiciji, re\u010deno je da oni koji podr\u017eavaju yagye, ujedno su i korisnici dobrobiti te yagye. Ispod mo\u017eete pro\u010ditati iskustva onih koji su podr\u017eali (ili jo\u0161 podr\u017eavaju) nacionalne yagye.\n<\/p>\n<div class=\"box-quote\">\n<p><strong>Iskusio sam manje otpora i vi\u0161e bla\u017eenstva<\/strong><br \/> \u201eKada se izvodila nacionalna yagya osjetio sam da su moja predavanja tekla nenaporno. Tijekom predavanja bilo je manje otpora i vi\u0161e bla\u017eenstva. Na osobnoj razini, tijekom izvo\u0111enja, osjetio sam da su moji odnosi s drugim ljudima postali bolji i bogatiji. Izrazito bih preporu\u010dio sudjelovanje u izvo\u0111enju nacionalnih yagyi za pobolj\u0161anje svih va\u0161ih aktivnosti u svakodnevnom \u017eivotu.\u201c <br \/> \u2014 Norway<\/p>\n<p><strong>Osje\u0107am se za\u0161ti\u0107eno<\/strong><br \/> \u201eOsje\u0107am da sam duboko povezan sa grupom Maharishijevih vedskih pandita u Brahmastanu. Tako\u0111er, osje\u0107am se za\u0161ti\u0107eno; kada sam prolazio kroz te\u0161ke trenutke, osje\u0107am da nisam ostavljen kao list na vjetru. Ta za\u0161tita i blagoslov su se kroz mene prenijeli na moju obitelj i bliske prijatelje i njihove obitelji. Osje\u0107am svoje Jastvo kao izravnu dobrobit tog projekta te osje\u0107am da sam dio velike globalne obitelji, a vidim i velike dobrobiti grupe Maharishijevih vedskih pandita za cijeli svijet.\u201c<br \/> \u2014 Srbija<\/p>\n<p><strong>Nakon tri tjedna primio sam povi\u0161icu<\/strong><br \/> \u201eNaru\u010dio sam izvo\u0111enje yagye za prosperitet za svo osoblje tvrtke u kojoj radim, a koja je izvedena po\u010detkom sije\u010dnja. Tri tjedna potom pla\u0107a mi je pove\u0107ana za 12%! Yagya koja je izvedena za tvrtku uskoro se otplatila!\u201c <br \/> \u2014 Nizozemska<\/p>\n<\/div>\n<div class=\"accordion\"><div class=\"accordion-entry\"><em><a href=\"#\">&gt; Pro\u010ditajte neka iskustva osoba koje su doprinijele izvo\u0111enju nacionalnih jagija<\/a><\/em><div class=\"hidden-content\">\n<div class=\"box-quote\">\n<p><strong>Osje\u0107am ve\u0107u podr\u0161ku<\/strong><br \/>\u201eSvaki put kada donacijom iz kruga svoje obitelji podr\u017eim Vedske pandite, stje\u010dem vi\u0161e podr\u0161ke u razli\u010ditim podru\u010djima \u017eivota, a to je sli\u010dno velikoj grudi snijega koja se kotrlja i postaje ve\u0107a. Podr\u0161ka se tako\u0111er prelijeva na osobe o kojima vodim brigu i na taj na\u010din sve vi\u0161e nali\u010dimo maloj rijeci punoj bla\u017eenstva koja poma\u017ee da bla\u017eenstvo raste i svuda oko nas. Jo\u0161 jednom hvala \u0161to ste nam omogu\u0107ili da u\u010destvujemo u tom postignu\u0107u.\u201c <br \/>\u2014 Francuska<\/p>\n<p><strong>Moja obitelj je blagoslovljena<\/strong><br \/>\u201eZasigurno je veliko zadovoljstvo u\u010destvovati u otklanjanju negativnosti kako bi svijet postao bolje mjesto za \u017eivjeti. Mogu vas uvjeriti da se danas doista osje\u0107am \u201emagi\u010dno\u201c i \u201eprosvijetljeno\u201c, a to je ono \u0161to sam tra\u017eio, i kona\u010dno sam to na\u0161ao. Uistinu je predivan osje\u0107aj koji ne mogu objasniti druga\u010dije nego kao svijetlo neprestane pozitivne energije. Moja obitelj je blagoslovljena i \u017eanje dobrobiti boljeg \u017eivota kroz karijerna postignu\u0107a i uzvi\u0161ene talente. Najve\u0107i bo\u017eji blagoslovi neka budu upu\u0107eni Maharishijevim vedskim panditima i velika hvala nacionalnim jagijama.\u201c<br \/>\u2014 Trinidad i Tobago<\/p>\n<p><strong>To je druga\u010diji \u017eivot<\/strong><br \/>Moji doprinosi prvim nacionalnim yagyama su bili skromni, no ipak sam opazila vi\u0161e podr\u0161ke Prirode svaki mjesec. Problemi i zastoji po\u010deli su se rje\u0161avati u moju korist. Pojavile su se nove prilike. Moj prihod polako se po\u010deo pove\u0107avati i u protekla tri mjeseca svaki mjesec se udvostru\u010dio. Pro\u0161log mjeseca mogla sam donirati 1,250 dolara i \u2013 kakva je to bitna razlika s mojim imenom spomenutim u yagyi. To je druga\u010diji \u017eivot.\u201c<br \/>\u2014 SAD<\/p>\n<p><strong>Od trenutka kada je izvedena jagija, na\u0161 poslovni uspjeh bilje\u017ei nevjerojatan uspon<\/strong><br \/>\u201eNaru\u010dila sam nacionalnu jagiju za Novi Zeland, misle\u0107i na boljitak nacije, obitelji i na\u0161eg poslovanja. Recesija je ovdje, posebice u 2011., bila vrlo jaka za sve nas, a to se osjetilo i u na\u0161em poslovanju. No nakon \u0161to je izvedena jagija zabilje\u017eili smo nevjerojatan uspjeh na poslovnom planu. \u010cak smo morali i odbiti neke poslove, a to se ranije nikada nije doga\u0111alo.\u201c  <br \/>\u2014 Novi Zeland<\/p>\n<p><strong>Vi\u0161e povezanosti s Prirodnim zakonom <\/strong><br \/>\u201eU\u017eivali smo vi\u0161e uspjeha u poslu i stvarnu povezanost s Prirodnim zakonom. Ovo je jo\u0161 jedan veliki dar i prilika od Maharishija o kojoj razmi\u0161ljamo kao o sastavnom dijelu na\u0161eg poslovanja.\u201c \u2014 SAD<\/p>\n<p><strong>\u017divot je bio lijep<\/strong><br \/> \u201eMnogo, mnogo zahvalnosti \u017eelim uputiti nacionalnim jagijama.  Mi u Taiwanu smo u\u017eivali najmirniji kolovoz jo\u0161 od 1947. godine. U kolovozu 2014. nije bilo tajfuna. Meteorolozi ne mogu vjerovati! \u017divot me je mazio i u\u017eivam u svemu \u0161to radim. Ja vjerujem da zahvalnost dugujemo nacionalnoj jagiji za Taiwan. Za mene je sve postalo tako nenaporno te jednostavno plutam na valovima dharme i posti\u017eem sve \u0161to \u017eelim; jedno postignu\u0107e za drugim, sve u savr\u0161enom redu. Nove mogu\u0107nosti se stalno ra\u0111aju, a ja zara\u0111ujem sve vi\u0161e i vi\u0161e.\u201d<br \/> \u2014 Taiwan<\/p>\n<p><strong>Te\u010dnije i lak\u0161e<\/strong><br \/>\u201eMoje tijelo, osje\u0107aji i dnevne aktivnosti \u010dine se te\u010dnijima i lak\u0161ima tijekom yagyi. \u010cak i najizazovnije situacije, bilo da su to osobne, poslovne ili obiteljske situacije, lak\u0161e se rje\u0161avaju. Takav bi \u017eivot trebao biti.\u201c <br \/>\u2014 SAD<\/p>\n<p><strong>Sve se odvija tako glatko<\/strong><br \/>\u201eBa\u0161 sam tijekom redovitog zajedni\u010dkog programa u posebnoj zgradi za meditaciju i sidhi program shvatio da, od trenutka kada je zapo\u010delo izvo\u0111enje Maharishijevih nacionalnih jagija, \u010dak ako se u na\u0161im \u017eivotima doga\u0111aju neki dramati\u010dni doga\u0111aji, sve se odvija glatko i bez velikih preokreta. Taj je u\u010dinak nagla\u0161en mnogo vi\u0161e nego \u0161to smo mi u stanju zamijetiti i samo primje\u0107ivanje toga \u010dini me radosnim te sam vrlo zahvalan.\u201c <br \/>\u2014 Nizozemska  <\/p>\n<\/div>\n<a href=\"#\" class=\"close\">Close Section<\/a><\/div><\/div>\n<\/div>\n<div class=\"border-line\">&nbsp;<\/div>\n<div class=\"grid-holder\">\n<div class=\"grid grid-desktop-50 grid-mobile-100\"><div class=\"holder\"><h4 id=\"testimonials\">PROMJENE U ZEMLJI.<\/h4>\n<p>Ispod mo\u017eete pro\u010ditati o promjenama u nacionalnoj ekonomiji i politi\u010dkoj situaciji koje su uslijedile nakon izvo\u0111enja nacionalnih yagyi. <a title=\"National Yagya page\" href=\"https:\/\/donation.vedicpandits.org\/hr\/yagya\/national-yagya\/\">Nacionalne yagye<\/a> su izvedene s odre\u0111enom svrhom izabranom za zemlju. Primjeri tih specifi\u010dnih ciljeva ili svrha su npr. pobolj\u0161an ekonomski napredak, pobolj\u0161anje zdravlja ljudi u Hrvatskoj, nacionalni sklad ili smanjenje problema kao \u0161to su prirodne katastrofe, nasilje ili nezdrava ekonomija. Mo\u017eete izabrati podr\u017eati puni iznos cijene nacionalne yagye. U tome slu\u010daju, Vi ili Va\u0161a firma mogu se spominjati u yagyi i Vi sami mo\u017eete izabrati svrhu yagye.<\/p>\n<\/div><\/div>\n<div class=\"grid grid-desktop-50 grid-mobile-100\"><div class=\"holder\"><p><img loading=\"lazy\" decoding=\"async\" class=\"alignright wp-image-2189\" src=\"\/wp-content\/uploads\/2015\/01\/testimonial_sized_small-300x226.jpg\" alt=\"testimonial_sized_small\" width=\"376\" height=\"284\" srcset=\"https:\/\/donation.vedicpandits.org\/wp-content\/uploads\/2015\/01\/testimonial_sized_small-300x226.jpg 300w, https:\/\/donation.vedicpandits.org\/wp-content\/uploads\/2015\/01\/testimonial_sized_small.jpg 408w\" sizes=\"auto, (max-width: 376px) 100vw, 376px\" \/><\/p>\n<\/div><\/div>\n<\/div>\n<div class=\"box-quote\">\nTAIWAN 2015<br \/>\n\u201eNacionalna jagija koja se upravo izvodi mnogo je toga promijenila. Dva tajfuna (CNN je ovaj drugi proglasio \u201e\u010dudovi\u0161nim tajfunom\u201c) upravo su pro\u0161la pored nas i nisu dotakla Taiwan! Imali smo samo nekoliko vjetrovitih dana i dovoljno ki\u0161e da napuni rezervoare koji su bili prazni. Zahvaljujem nacionalnoj jagiji koja nam je donijela sigurnost. Najgore \u0161to se dogodilo je odga\u0111anje nekih vlakova i letova te su putovanja nekima bila prekinuta.\u201c<br \/><em> Chin-Fen Lee &#8211; Ambasador Taiwana<\/em><\/p>\n<p>LIBANON 2014<br \/>\n\u201eDr\u017eim da su svi ve\u0107 \u010duli o teroristima u Siriji, a odnedavno i u Iraku. Objavili su da \u0107e napasti neke gradove u Libanonu. Tijekom zadnjih desetak dana pripremana su tri napada, no policija i vojne slu\u017ebe sve su na vrijeme osujetili. U vijestima svi napominju kako je Libanon spa\u0161en od tri neuspje\u0161na teroristi\u010dka napada, a to im je neobja\u0161njivo i povezuju to sa bo\u017eanskom providno\u0161\u0107u. Prije toga mi smo iskusili mnogo sli\u010dnih situacija. To nije prvi put. Jasno je kako ta za\u0161tita oko Libanona nadolazi zbog nagomilanih u\u010dinaka Maharishijevih nacionalnih jagija tijekom zadnje tri godine. Izvodimo jagije u svakom ciklusu izvo\u0111enja jagija \u2013 dva puta mjese\u010dno. Nastavit \u0107emo s tim, kako bi Libanon uvijek bio za\u0161ti\u0107en. Svu zahvalnost upu\u0107ujemo Maharishijevim programima i Maharishijevim vedskim panditima u Brahmastanu Indije.\u201c <br \/><em>Salim Haddad &#8211; Ambasador Libanona<\/em><br \/>\nUKRAJINA 2014<br \/>\n\u201eZahvaljujem Maharishijevoj globalnoj obitelji i dr\u017eavama koje podr\u017eavaju Ukrajinu u izvo\u0111enju nacionalnih jagija! Svaki puta jasno vidimo njihove u\u010dinke; manje nasilja i \u017ertava, a vi\u0161e pregovora o miru. Vi doslovno spa\u0161avate \u017eivote.\u201c <br \/><em>Natalia Lukyanenko \u2013 Ambasadorica i tajnica Nacionalnog ureda Ukrajine<\/em><\/p>\n<p>KOLUMBIJA 2013<br \/>\n\u201eMaharishijeve nacionalne jagije za na\u0161u zemlju jedan su od najve\u0107ih blagoslova koji smo primili. Zapanjeni smo odli\u010dnim  iskustvima meditanata i siddha tijekom i nakon izvo\u0111enja jagija, a posebice iskustvima donatora, dok cijela dr\u017eava u\u017eiva iznimno pove\u0107anu razinu koherencije i podr\u0161ke na razli\u010ditim podru\u010djima nacionalnog \u017eivota. Iz izvje\u0161taja medija saznajemo da se posebna namjena sankalpe nacionalne jagije odra\u017eava u dono\u0161enju odgovaraju\u0107ih odluka lidera koji vode dr\u017eavu. Osje\u0107amo da je program Maharishijevih jagija vrlo mo\u0107na tehnologija za stjecanje podr\u0161ke beskona\u010dne organiziraju\u0107e snage naravnog zakona na nacionalnom nivou, ba\u0161 kao i na raznim podru\u010djima svakodnevnoga \u017eivota. Najve\u0107u zahvalnost upu\u0107ujemo Maharishiju i Guru Devu \u0161to su nam u\u010dinili dostupnom ovu sna\u017enu tehnologiju kako bi pozitivno utjecali na trendove vremena.\u201c <br \/><em>Paul Fabre &#8211; Ambasador Kolumbije   <\/em>\n<\/div>\n<div class=\"accordion\"><div class=\"accordion-entry\"><em><a href=\"#\">&gt; Saznajte o promjenama u nacionalnoj ekonomskoj i politi\u010dkoj situaciji po izvo\u0111enju nacionalnih jagija: <\/a><\/em><div class=\"hidden-content\">\n<div class=\"box-quote\">\nVelika Britanija, 2013<br \/>\nIzvrsno stanje gospodarstva u VB potpuno je zbunilo predvi\u0111anja bankara i ekonomista. Mnogo je napretka na svim razinama.<\/p>\n<p>PORTUGAL, 2012<br \/>\nPostojala je masovna pobuna protiv novog i uvredljivog \u201esocijalnog poreza za samce\u201c. To je rije\u0161eno na izvanredan, nenasilan, nacionalno jedinstven i miran na\u010din.<\/p>\n<p>LIBANON, 2012<br \/>\nRedovna nacionalna yagya zapo\u010dela je u sije\u00fcnju 2011. Napetosti i unutra\u0161nji sukobi bili su bezna\u010dajni, mnogi poku\u0161aji politi\u010dkih napada nisu uspjeli, teroristi\u010dki planovi su bilo otkriveni i osuje\u0107eni, a naoru\u017eani sukobi sprije\u010deni. Donatori yagya svjedo\u010de o divnim osobnim dobrobitima. \u010cak je i predsjednik Libanona objavio: \u201eLibanon \u017eivi u stanju neo\u010dekivane stabilnosti od sije\u010dnja 2011 do sada\u201c.<\/p>\n<p>SAD, 2012<br \/>\nNacionalne yagye posebno osmi\u0161ljene da donesu ki\u0161u, donijele su ki\u0161e u su\u0161nim krajevima svuda diljem zemlje, kontinuirano pobolj\u0161anje ekonomskog rasta od 3,1 posto, smanjenje nezaposlenosti, pove\u0107anje industrijske proizvodnje, bum potro\u0161a\u010dkog povjerenja, neometane i skladne izbore, \u010dak je i zastra\u0161uju\u0107i 21. prosinca pro\u0161ao izuzetno pozitivno.<\/p>\n<p>SRBIJA 2014<br \/>\n\u201eSrbija je patila od razornih poplava unazad nekoliko mjeseci. Na\u0161li su se ljubazni donatori i stigla je neo\u010dekivana pomo\u0107 za izvo\u0111enje nacionalnih jagija ba\u0161 neposredno prije najavljenih sljede\u0107ih poplava. Ovoga puta politi\u010dari su sa iznena\u0111enjem nagla\u0161avali kako smo imali puno sre\u0107e, jer najavljeni drugi val nije nado\u0161ao. No, mi smo jedini znali da je ta sre\u0107a nado\u0161la kroz Maharishijeve nacionalne jagije.\u201c<br \/><em>Voja Trajkovi\u0107 \u2013 Ambasador Srbije  <\/em><\/p>\n<p>GHANA 2012<br \/>\n\u201e\u0160aljem vam ovu vijest o posljednjim izborima u Ghani koji su uslijedili nakon na\u0161e zadnje nacionalne yagye. Opisuju se kao najbolji i najmirniji u povijesti nacije. Kada to dolazi iz Afrike, mnogo govori. Zahvalni smo na\u0161em Maharishiju \u0161to nam je ostavio ovo divno znanje. Tako\u0111er se nadamo da \u0107emo na na\u0161 mali na\u010din pridonijeti miru.\u201c Nacionalni direktor Ghane: Transcendental Meditation Programme.\n<\/div>\n<a href=\"#\" class=\"close\">Close Section<\/a><\/div><\/div>\n<\/div>\n<div class=\"border-line\">&nbsp;<\/div>\n<div class=\"grid-holder\">\n<div class=\"grid grid-desktop-50 grid-mobile-100\"><div class=\"holder\"><h4 id=\"testimonials\">PRVI UTISCI POSEBNIH YAGYI<\/h4>\n<p>Posebne yagye su razli\u010dite od nacionalnih yagyi. Maharishi je pripremio seriju posebnih yagyi koje se mogu koristiti u va\u017enim i prijelomnim vremenima u \u017eivotu pojedinca.  <a title=\"Special Yagya page\" href=\"https:\/\/donation.vedicpandits.org\/hr\/yagya\/special-yagya\/\">Posebne yagye<\/a> su za:<\/p>\n<ul>\n<li>RO\u0110ENDAN: izvodi se za jednu osobu na njen ili njegov ro\u0111endan<\/li>\n<li>VJEN\u010cANJE: izvodi se za dvoje ljudi na dan njihova vjen\u010danja<\/li>\n<li>GODI\u0160NJICA VJEN\u010cANJA: izvodi se za dvoje ljudi na godi\u0161njicu njihova braka<\/li>\n<li>RODENJE \u0110JETETA: izvodi se za bebu 40 dana nakon njena ro\u0111enja<\/li>\n<\/ul>\n<p>Dolje je tekst o iskustvima posebnih yagyi<\/p>\n<\/div><\/div>\n<div class=\"grid grid-desktop-50 grid-mobile-100\"><div class=\"holder\"><p><img loading=\"lazy\" decoding=\"async\" class=\"alignright size-full wp-image-2345\" src=\"\/wp-content\/uploads\/2015\/01\/testimonials_specialyagya.jpg\" alt=\"testimonials_specialyagya\" width=\"408\" height=\"308\" srcset=\"https:\/\/donation.vedicpandits.org\/wp-content\/uploads\/2015\/01\/testimonials_specialyagya.jpg 408w, https:\/\/donation.vedicpandits.org\/wp-content\/uploads\/2015\/01\/testimonials_specialyagya-300x226.jpg 300w\" sizes=\"auto, (max-width: 408px) 100vw, 408px\" \/><\/p>\n<\/div><\/div>\n<\/div>\n<div class=\"box-quote\">\n<p><strong>Sve se odvijalo nenaporno <\/strong><br \/>\u201eBila sam iznena\u0111ena dubinom osje\u0107aja da se sve oko mene odvijalo nenaporno, mirno i nje\u017eno na moj ro\u0111endan. To je bilo osjetno druga\u010dije od drugih ro\u0111endana. Hvala onima koji su ovo organizirali.\u201c<br \/>Kanada<\/p>\n<p><strong>Najsretnije razdoblje kojega se sje\u0107am<\/strong><br \/>\u201eNeke situacije, koje su ina\u010de dugo mirovale, po\u010dele su se razvijati u pravome smjeru. \u0160to se ti\u010de samog ro\u0111endana, koliko se sje\u0107am, bio je to jedan od najsretnijih tijekom mnogih godina. Bio je to tjedan potpuno ispunjen proslavama, ne\u0161to \u0161to vjerojatno nisam imala niti u mojim zvjezdanim tinejd\u017eerskim danima. Vrlo sam sretna s rezultatima  izvedenih jagija. Sada \u017eeljno o\u010dekujem sljede\u0107i ro\u0111endan.\u201c <br \/>Italy<\/p>\n<p><strong>Osje\u0107am se blagoslovljeno<\/strong><br \/>\u201eDesila se definitivna promjena u svijesti od yagye. Doista se osje\u0107am blagoslovljeno. Veselim se \u0161to \u0107u svake godine imati ro\u0111endansku yagyu.\u201c<br \/>Velika Britanija<\/p>\n<p><strong>Kozmi\u010dki osmijeh<\/strong><br \/>\u201eIskustvo je uistinu kozmi\u010dko i ujedinjuje sve razine ljudskog postojanja u kozmi\u010dki osmijeh, osoba osje\u0107a kako se zlatni prah izlijeva na nju. Hvala svim vedskim panditima koji izvode yagye i cijeloj vedskoj tradiciji koja nas je dovela do ovog \u010distog bo\u017eanskog znanja.\u201c<br \/>Srbija<\/p>\n<\/div>\n<div class=\"accordion\"><div class=\"accordion-entry\"><em><a href=\"#\">&gt; Iskustva nakon posebnih yagyi<\/a><\/em><div class=\"hidden-content\">\n<div class=\"box-quote\">\n<p><strong>Bilo je to predivno iskustvo<\/strong><br \/> \u201eTo je bila moja prva Mahari\u0161ijeva jagija i bilo je prekrasno. Planiram to \u010diniti svake godine. U no\u0107i prije samog ro\u0111endana osjetila sam sna\u017ene valove bla\u017eenstva. Od tog trenutka razrije\u0161ili su se mnogi moji dugovje\u010dni problemi i bilo je to pravo olak\u0161anje, a isto tako, osje\u0107am se sretnije i zadovoljnija sam. Ako se pojave prepreke na dnevnoj osnovi, \u010dini mi se da se lak\u0161e razrje\u0161avaju, a tako\u0111er, \u010dini se da su mi i akcije u\u010dinkovitije. Hvala vam \u0161to ste omogu\u0107ili ove Yagye.\u201c<br \/>Canada<\/p>\n<p><strong>Utjecaj je bio o\u010dit<\/strong><br \/>\u201eNismo o\u010dekivali da \u0107e yagya utjecati na nas tako direktno, ali utjecaj je bio o\u010digledan. Podsjetio me na u\u010dinak dugog rundiranja. Te\u0161ko je to opisati ali nemogu\u0107e je propustiti.\u201c<br \/>SAD<\/p>\n<p><strong>Dogodilo se ne\u0161to posebno<\/strong><br \/>\u201e\u010cim sam uplatila jagiju za godi\u0161njicu vjen\u010danja, u na\u0161oj vezi dogodilo se ne\u0161to vrlo posebno. Sada kao da je sve postalo \u010distije i transparentnije. Pravo je \u010dudo da jagije djeluju ve\u0107 i u samom trenutku kad ih uplatimo.\u201c <br \/>Nizozemska<\/p>\n<p><strong>U\u010dvr\u0161\u0107en u Apsolutu <\/strong><br \/>\u201eOboje smo se osje\u0107ali u\u010dvr\u0161\u0107enima u Apsolutu cijelo vrijeme: osje\u0107aj da nas nije mogu\u0107e pomaknuti \u2013 doista. Nije potrebno re\u0107i da se veselimo sljede\u0107oj yagyi.\u201c<br \/>SAD<\/p>\n<p><strong>Jagija je odagnala umor i strah. <\/strong><br \/>\u201eOdluka da poklonim sebi jagiju za \u201eslatki \u0161ezdeseti\u201c ro\u0111endan, bila je vrlo dobra odluka. Tijekom dana imala sam lijepa iskustva. Bila sam sretna, sve je i\u0161lo glatko, i sve su moje aktivnosti nekako bile ti\u0161e i le\u017eernije nego \u0161to je to uobi\u010dajeno. Jo\u0161 uvijek sam puna uzbudljivih nadanja, a \u010dini mi se da u\u017eivam vi\u0161e podr\u0161ke u svakodnevnom \u017eivotu. Najbolje od svega je da mi se srce otvorilo, a meditacije su dublje nego prije. \u010cini mi se da su jagije odnijele umor i raspr\u0161ile strah iz pro\u0161losti; oni su nestali i stvarno preporu\u010dam svakome da si priu\u0161ti ro\u0111endansku jagiju!.\u201c<br \/>Germany<\/p>\n<p><strong>\u017divot te\u010de mek\u0161e<\/strong><br \/>\u201eU\u010dinak yagyi je \u010dudesan \u2013 mnogi s kojima sam razgovarala opazili su istu kvalitetu iskustva kao i ja. \u017divot te\u010de puno mek\u0161e, podr\u0161ka Prirode je konstantna na male i velike na\u010dine, prepreke se uklanjaju. U miru sam sa svime.\u201c<br \/>SAD<\/p>\n<a href=\"#\" class=\"close\">Close Section<\/a><\/div><\/div>\n<\/div>\n","protected":false},"excerpt":{"rendered":"<p>PRVI UTISCI O U\u010cINCIMA NACIONALNIH YAGYI Tijekom Nacionalne yagye, Va\u0161a nacija imat \u0107e dobrobiti od Va\u0161e podr\u0161ke i &#8211; prema principu reciprociteta ili uzajamnosti &#8220;Kako sije\u0161, tako \u0107e\u0161 i \u017eeti&#8221; &#8211; Vi mo\u017eete tako\u0111er primijetiti neke dobrobiti kod Vas. U drevnoj vedskoj tradiciji, re\u010deno je da oni koji podr\u017eavaju yagye, ujedno su i korisnici dobrobiti [&hellip;]<\/p>\n","protected":false},"author":3,"featured_media":2394,"parent":0,"menu_order":0,"comment_status":"closed","ping_status":"closed","template":"","meta":{"om_disable_all_campaigns":false,"_monsterinsights_skip_tracking":false,"_monsterinsights_sitenote_active":false,"_monsterinsights_sitenote_note":"","_monsterinsights_sitenote_category":0,"footnotes":""},"class_list":["post-5010","page","type-page","status-publish","has-post-thumbnail","hentry"],"_links":{"self":[{"href":"https:\/\/donation.vedicpandits.org\/hr\/wp-json\/wp\/v2\/pages\/5010","targetHints":{"allow":["GET"]}}],"collection":[{"href":"https:\/\/donation.vedicpandits.org\/hr\/wp-json\/wp\/v2\/pages"}],"about":[{"href":"https:\/\/donation.vedicpandits.org\/hr\/wp-json\/wp\/v2\/types\/page"}],"author":[{"embeddable":true,"href":"https:\/\/donation.vedicpandits.org\/hr\/wp-json\/wp\/v2\/users\/3"}],"replies":[{"embeddable":true,"href":"https:\/\/donation.vedicpandits.org\/hr\/wp-json\/wp\/v2\/comments?post=5010"}],"version-history":[{"count":29,"href":"https:\/\/donation.vedicpandits.org\/hr\/wp-json\/wp\/v2\/pages\/5010\/revisions"}],"predecessor-version":[{"id":6777,"href":"https:\/\/donation.vedicpandits.org\/hr\/wp-json\/wp\/v2\/pages\/5010\/revisions\/6777"}],"wp:featuredmedia":[{"embeddable":true,"href":"https:\/\/donation.vedicpandits.org\/hr\/wp-json\/wp\/v2\/media\/2394"}],"wp:attachment":[{"href":"https:\/\/donation.vedicpandits.org\/hr\/wp-json\/wp\/v2\/media?parent=5010"}],"curies":[{"name":"wp","href":"https:\/\/api.w.org\/{rel}","templated":true}]}}