{"id":5020,"date":"2014-07-08T07:40:21","date_gmt":"2014-07-08T07:40:21","guid":{"rendered":"https:\/\/vedicpandits.org\/?page_id=5020"},"modified":"2015-07-18T16:25:09","modified_gmt":"2015-07-18T16:25:09","slug":"events","status":"publish","type":"page","link":"https:\/\/donation.vedicpandits.org\/hr\/contact\/events\/","title":{"rendered":"Doga\u0111aji"},"content":{"rendered":"<h4>NA\u0160I KAMPUSI UGO\u0160\u0106UJU GOSTE IZ SVIH DIJELOVA SVIJETA<\/h4>\n<p>Tisu\u0107e ljudi ve\u0107 je iskoristilo ovu priliku za sudjelovanje u doga\u0111anjima, te\u010dajevima i obilascima na tri glavne lokacije.<br \/>\nVeselimo se ugostiti vas u jednom ili vi\u0161e ovih centara, u kojima mo\u017eete do\u017eivjeti suptilno iskustvo duboke ti\u0161ine u blizini velike mirotvorne grupe, te u\u017eivati u \u017eivim recitacijama Maharishijevih vedskih pandita.<\/p>\n","protected":false},"excerpt":{"rendered":"<p>NA\u0160I KAMPUSI UGO\u0160\u0106UJU GOSTE IZ SVIH DIJELOVA SVIJETA Tisu\u0107e ljudi ve\u0107 je iskoristilo ovu priliku za sudjelovanje u doga\u0111anjima, te\u010dajevima i obilascima na tri glavne lokacije. Veselimo se ugostiti vas u jednom ili vi\u0161e ovih centara, u kojima mo\u017eete do\u017eivjeti suptilno iskustvo duboke ti\u0161ine u blizini velike mirotvorne grupe, te u\u017eivati u \u017eivim recitacijama Maharishijevih [&hellip;]<\/p>\n","protected":false},"author":3,"featured_media":57,"parent":5338,"menu_order":0,"comment_status":"open","ping_status":"closed","template":"template-events.php","meta":{"om_disable_all_campaigns":false,"_monsterinsights_skip_tracking":false,"_monsterinsights_sitenote_active":false,"_monsterinsights_sitenote_note":"","_monsterinsights_sitenote_category":0,"footnotes":""},"class_list":["post-5020","page","type-page","status-publish","has-post-thumbnail","hentry"],"_links":{"self":[{"href":"https:\/\/donation.vedicpandits.org\/hr\/wp-json\/wp\/v2\/pages\/5020","targetHints":{"allow":["GET"]}}],"collection":[{"href":"https:\/\/donation.vedicpandits.org\/hr\/wp-json\/wp\/v2\/pages"}],"about":[{"href":"https:\/\/donation.vedicpandits.org\/hr\/wp-json\/wp\/v2\/types\/page"}],"author":[{"embeddable":true,"href":"https:\/\/donation.vedicpandits.org\/hr\/wp-json\/wp\/v2\/users\/3"}],"replies":[{"embeddable":true,"href":"https:\/\/donation.vedicpandits.org\/hr\/wp-json\/wp\/v2\/comments?post=5020"}],"version-history":[{"count":3,"href":"https:\/\/donation.vedicpandits.org\/hr\/wp-json\/wp\/v2\/pages\/5020\/revisions"}],"predecessor-version":[{"id":5023,"href":"https:\/\/donation.vedicpandits.org\/hr\/wp-json\/wp\/v2\/pages\/5020\/revisions\/5023"}],"up":[{"embeddable":true,"href":"https:\/\/donation.vedicpandits.org\/hr\/wp-json\/wp\/v2\/pages\/5338"}],"wp:featuredmedia":[{"embeddable":true,"href":"https:\/\/donation.vedicpandits.org\/hr\/wp-json\/wp\/v2\/media\/57"}],"wp:attachment":[{"href":"https:\/\/donation.vedicpandits.org\/hr\/wp-json\/wp\/v2\/media?parent=5020"}],"curies":[{"name":"wp","href":"https:\/\/api.w.org\/{rel}","templated":true}]}}