{"id":5036,"date":"2014-04-08T11:28:21","date_gmt":"2014-04-08T11:28:21","guid":{"rendered":"https:\/\/vedicpandits.org\/?page_id=5036"},"modified":"2023-02-17T15:57:48","modified_gmt":"2023-02-17T15:57:48","slug":"newsletter","status":"publish","type":"page","link":"https:\/\/donation.vedicpandits.org\/hr\/contact\/newsletter\/","title":{"rendered":"Newsletter"},"content":{"rendered":"<div class=\"grid-holder grid-border-50\">\n<div class=\"grid grid-desktop-50 grid-mobile-100\"><div class=\"holder\"><h4>PRIMAJTE REDOVNO NAJNOVIJE INFORMACIJE<\/h4>\n<p>Bit \u0107e nam zadovoljstvo slati vam mjese\u010dne informacije o napretku na\u0161eg projekta Maharishijevih vedskih pandita u Brahmasthanu Indije. Pratite najnovije vijesti i razvoj putem newslettera od Raje Harrisa Kaplana, izvr\u0161nog direktora Zaklade Brahmananda Saraswati.<\/p>\n<blockquote>\n<p>Po\u0161tujemo elektronsku privatnost i ne\u0107emo odati va\u0161u adresu ni pod kojim okolnostima.<a  href=\"https:\/\/donation.vedicpandits.org\/privacy\/\">Kliknite ovdje za pregled na\u0161ih Pravila o privatnosti.<\/a><\/p>\n<\/blockquote>\n<p style=\"text-align: center\"><a href=\"#form-newsletter\" class=\"btn btn-large btn-pop-up\">&gt; PREDBILJE\u017dI SE<\/a><\/p>\n<\/div><\/div>\n<div class=\"grid grid-desktop-50 grid-mobile-100\"><div class=\"holder\"><h4>PRIMITE REDOVITU NADOGRADNJU U Hrvatski<\/h4>\n<p>Ako \u017eelite primati newslettere, molimo vas po\u0161aljite e-mail direktno va\u0161em lokalnom ambasadoru. Kliknite &#8221; Po\u0161alji e-mail&#8221;. E-mail adresa va\u0161eg ambasadora \u0107e se onda pokazati na ekranu u e-mailu.<\/p>\n<p><a href = \"mailto:generatrix@generatrix.hr?subject=PRIMITE REDOVITU NADOGRADNJU&#038;body=\">e-mailu<\/a><\/p>\n<\/div><\/div>\n<\/div>\n<div class=\"border-line\">&nbsp;<\/div>\n","protected":false},"excerpt":{"rendered":"","protected":false},"author":3,"featured_media":17466,"parent":5338,"menu_order":1,"comment_status":"open","ping_status":"closed","template":"template-newsletter.php","meta":{"om_disable_all_campaigns":false,"_monsterinsights_skip_tracking":false,"_monsterinsights_sitenote_active":false,"_monsterinsights_sitenote_note":"","_monsterinsights_sitenote_category":0,"footnotes":""},"class_list":["post-5036","page","type-page","status-publish","has-post-thumbnail","hentry"],"_links":{"self":[{"href":"https:\/\/donation.vedicpandits.org\/hr\/wp-json\/wp\/v2\/pages\/5036","targetHints":{"allow":["GET"]}}],"collection":[{"href":"https:\/\/donation.vedicpandits.org\/hr\/wp-json\/wp\/v2\/pages"}],"about":[{"href":"https:\/\/donation.vedicpandits.org\/hr\/wp-json\/wp\/v2\/types\/page"}],"author":[{"embeddable":true,"href":"https:\/\/donation.vedicpandits.org\/hr\/wp-json\/wp\/v2\/users\/3"}],"replies":[{"embeddable":true,"href":"https:\/\/donation.vedicpandits.org\/hr\/wp-json\/wp\/v2\/comments?post=5036"}],"version-history":[{"count":55,"href":"https:\/\/donation.vedicpandits.org\/hr\/wp-json\/wp\/v2\/pages\/5036\/revisions"}],"predecessor-version":[{"id":54201,"href":"https:\/\/donation.vedicpandits.org\/hr\/wp-json\/wp\/v2\/pages\/5036\/revisions\/54201"}],"up":[{"embeddable":true,"href":"https:\/\/donation.vedicpandits.org\/hr\/wp-json\/wp\/v2\/pages\/5338"}],"wp:featuredmedia":[{"embeddable":true,"href":"https:\/\/donation.vedicpandits.org\/hr\/wp-json\/wp\/v2\/media\/17466"}],"wp:attachment":[{"href":"https:\/\/donation.vedicpandits.org\/hr\/wp-json\/wp\/v2\/media?parent=5036"}],"curies":[{"name":"wp","href":"https:\/\/api.w.org\/{rel}","templated":true}]}}