{"id":5040,"date":"2014-07-10T12:36:56","date_gmt":"2014-07-10T12:36:56","guid":{"rendered":"https:\/\/vedicpandits.org\/?page_id=5040"},"modified":"2023-06-01T22:02:47","modified_gmt":"2023-06-01T22:02:47","slug":"faq","status":"publish","type":"page","link":"https:\/\/donation.vedicpandits.org\/hr\/contact\/faq\/","title":{"rendered":"\u010cesto postavljana pitanja"},"content":{"rendered":"<h5>O MAHARISHIJEVIM VEDSKIM PANDITIMA<\/h5>\n<div class=\"faqstyle\"><em>ZA\u0160TO JE OVA GRUPA SA\u010cINJENA SAMO OD MAHARISHIJEVIH VEDSKIH PANDITA?<\/em><br \/>\nZnanstveno istra\u017eivanje je pokazalo da grupe ljudi iz svih sfera \u017eivota koje prakticiraju yogijsko letenje zajedno mogu proizvesti sna\u017ean utjecaj mira, pa ipak odr\u017eavanje sklada u dru\u0161tvu je tradicionalno zanimanje Maharishijevih vedskih pandita. Oni to \u010dine ne samo sudjelovanjem u dugim meditacijama i yogijskom letenju, ve\u0107 i izvode posebne yagye za mir. Svakodnevno izvo\u0111enje ovih yagya stvara stalan i sna\u017ean utjecaj mira koji je svojstven Maharishijevim vedskim panditima.\n<\/div>\n<div class=\"faqstyle\"><em>KOJA JE RAZLIKA IZME\u0110U VEDSKIH PANDITA I MAHARISHIJEVIH VEDSKIH PANDITA?<\/em><br \/>\nPrije svega, Maharishijevi vedski panditi prakticiraju transcendentalnu meditaciju i TM-sidhi program zajedno s yogijskim letenjem. Te tehnike donose direktno iskustvo transcendentalne \u010diste svijesti, koja je osnova cijelog vedskog znanja. <\/p>\n<p>Kao rezultat njihovih svakodnevnih meditacija, Maharishijevi vedski panditi izvode yagye sa smirenije razine svijesti. <\/p>\n<p>Uklju\u010duju dublje razine prirodnog zakona, stoga yagye imaju sna\u017eniji u\u010dinak.<br \/>\nPored toga, Maharishi je desetlje\u0107ima blisko sura\u0111ivao s najcjenjenijim vrhunskim panditima da obnovi obuku vedskih pandita, kako bi mogli nau\u010diti ispravno prakticiranje i izgovaranje u njegovoj punoj tradicionalnoj u\u010dinkovitosti. Posjetitelji \u010desto zamje\u0107uju kako vedski panditi recitiraju polagano i meko. To daje vitalni integritet vedskim zvukovima dok rezoniraju kroz okolinu.\n<\/p><\/div>\n<div class=\"faqstyle\">\n<em>KOLIKO JE VEDSKIH PANDITA TRENUTNO TAMO?<\/em><br \/>\nOko 2,000 Maharishijevih vedskih pandita je u grupi u kampusu u Brahmasthanu Indije. Preko 3,000 naprednih u\u010denika pandita \u017eivi u 26 boravi\u0161nih centara za obuku \u0161irom Indije.\n<\/div>\n<div class=\"faqstyle\">\n<em>\u0160TO JE VEDA?<\/em><br \/>\nVeda zna\u010di znanje. Mnogo vi\u0161e nego drevne knjige, Maharishi je objasnio da je Veda znanje i organiziraju\u0107a mo\u0107 koja je temelj cijele kreacije i upravlja njome. Veda sadr\u017ei znanje o tome kako voditi ljudski \u017eivot da bi se postiglo njegovo najvi\u0161e, najispunjenije stanje \u2013 stanje prosvjetljenja.\n<\/div>\n<div class=\"faqstyle\">\n<em>\u0160TO JE YOGIJSKO LETENJE?<\/em><br \/>\nYogijsko letenje je dio naprednog TM-sidhi programa. Za pojedinca, yogijsko letenje integrira tihu koherenciju u mozgu prisutnu tijekom duboke meditacije s dinami\u010dnom aktivno\u0161\u0107u, te tako poma\u017ee u razvijanju vi\u0161ih stanja svijesti. Za dru\u0161tvo, pokazalo se da grupe yogijskih leta\u010da koji zajedno vje\u017ebaju, \u0161ire utjecaj koherencije i sklada u okolnu populaciju. Ovaj kasniji u\u010dinak \u010dini osnovu Globalne mirovne inicijative.\n<\/div>\n<div class=\"faqstyle\">\n<em>KAKVE AKTIVNOSTI IMAJU MAHARISHIJEVI VEDSKI PANDITI?<\/em><br \/>\nNjihov dnevni program, kako ga je osmislio Maharishi, uklju\u010duje rano ustajanje, meditaciju i grupno letenje, izvo\u0111enje Maharishijevih yagya, zajedni\u010dku ve\u010deru i ne\u0161to vremena za rekreaciju.\n<\/div>\n<div class=\"faqstyle\">\n<em>ZA\u0160TO BRAHMASTHAN INDIJE?<\/em><br \/>\nBrahmasthan se odnosi na sredi\u0161nju to\u010dku prostora u kojem se \u017eivi, kao \u0161to je ku\u0107a, grad ili dr\u017eava. Maharishi je naglasio da za najve\u0107i mirotvorni u\u010dinak, grupa yogijskih leta\u010da treba biti smje\u0161tena u Brahmasthanu zemlje. Iz tog razloga, glavni kampus Maharishijevih vedskih pandita smje\u0161ten je u Brahmasthanu Indije, u blizini Jabalpura u Madhya Pradeshu.\n<\/div>\n<div class=\"faqstyle\">\n<em>\u0160TO \u0106E SE DOGODITI KAD SE DOSTIGNE CILJ OD 9,000 MAHARISHIJEVIH VEDSKIH PANDITA?<\/em><br \/>\nSlavit \u0107emo. Sti\u0107i \u0107e novo razdoblje mira za svijet. Stoga \u0161to uvijek ima mjesta za ve\u0107i napredak, Zaklada i Fondacija \u0107e nastaviti pove\u0107avati broj pandita u Indiji koji prakticiraju yogijsko letenje u grupi i izvode yagye, kako bi se stvarao jo\u0161 ve\u0107i utjecaj mira i koherencije \u0161irom svijeta.\n<\/div>\n<div class=\"faqstyle\">\n<em>KAKO MOGU PRATITI NOVOSTI O NAPRETKU GRUPE PANDITA?<\/em><br \/>\nNajbolji na\u010din je jednostavno predbilje\u017eiti se za newsletter koji je besplatan. Svakog mjeseca dr. Harris Kaplan, direktor Zaklade Brahmananda Saraswati \u0161alje jednu stranicu e-maila svim predbilje\u017eenima za newsletter. Postanete li donator na ovoj web stranici, automatski \u0107ete primati ove newslettere.<\/p>\n<p>Mo\u017eete tako\u0111er kontaktirati va\u0161eg nacionalnog ambasadora Zaklade i zamoliti ga da vas informira o inicijativama u va\u0161oj zemlji.\n<\/p><\/div>\n<div class=\"faqstyle\">\n<em>MOGU LI PODR\u017dATI POJEDINA\u010cNOG MAHARISHIJEVOG VEDSKOG PANDITA?<\/em><br \/>\nSvakoga poti\u010demo da doprinese za podr\u0161ku pandita na mjese\u010dnoj bazi. Mo\u017eete izabrati dati punu podr\u0161ku za pandita ili dio tog iznosa. Maharishijev vedski pandit mo\u017ee biti u potpunosti sponzoriran za 250 dolara mjese\u010dno. To uklju\u010duje njihovu sobu i pansion, pla\u0107u, administrativne tro\u0161kove, pribor za yagye i sporedne izdatke. No, da bi se omogu\u0107ilo panditu da zadr\u017ei pa\u017enju na svojim dnevnim obvezama, nema odnosa \u201ejedan na jedan\u201c izme\u0111u donatora i pojedina\u010dnog pandita.\n<\/div>\n<h5 style=\"margin-top:30px;\">VEZANO UZ DONACIJE I FINANCIJE<\/h5>\n<div class=\"faqstyle\">\n<em>KOJA JE RAZLIKA IZME\u0110U DONIRANJA ZA MAHARISHIJEVU NACIONALNU YAGYU I DONIRANJE ZA MAHARISHIJEVE VEDSKE PANDITE?<\/em><br \/>\nSve donacije za podr\u0161ku Maharishijevih vedskih pandita automatski se usmjeravaju u nacionalni program yagyi.\n<\/div>\n<div class=\"faqstyle\">\n<em>DA LI SE MOJA DONACIJA ODBIJA OD POREZA?<\/em><br \/>\nZa donatore iz EU: Zaklada Stichting Brahmananda Saraswati (Nizozemska) ima status ANBI (Institution Aimed at the Common Good), pa se donacije Zakladi odbijaju od poreza za stanovnike Nizozemske, a sada i za druge EU zemlje. No, nisu sve EU zemlje uvele odbijanje od poreza za donacije inozemnim institucijama. Stoga za EU zemlje, osim Nizozemske, molimo upitajte va\u0161eg ambasadora.<br \/>\nZa SAD donatore: Fondacija Brahmananda Saraswati (SAD) je 501 (c) (3) organizacija i donacije za nju odbijaju se za one koji pla\u0107aju porez u SAD. <\/p>\n<p>Za druge zemlje: Neke nacionalne dobrotvorne organizacije nude status odbijanja od poreza za donatore Maharishijevim vedskim panditima. To se odnosi na one u Velikoj Britaniji, Kanadi i Novom Zelandu. Kliknite na zemlju da biste saznali vi\u0161e o tome kako donirati preko va\u0161e nacionalne organizacije. \u010cak i ako va\u0161a zemlja nije na popisu zemalja koje nude odbijanje od poreza, mo\u017eete podr\u017eati Maharishijeve vedske pandite iz bilo koje zemlje svijeta putem online donacija Zakladi Brahmananda Saraswati ili Fondaciji.\n<\/p><\/div>\n<div class=\"faqstyle\">\n<em>ZA\u0160TO JE TAKO VA\u017dNO DAVATI NA MJESE\u010cNOJ BAZI?<\/em><br \/>\nJednokratne donacije su veoma dobrodo\u0161le i uvijek od pomo\u0107i. No, budu\u0107i da su Maharishijevi vedski panditi trajno smje\u0161teni u kampusu Brahmasthana i kada ih jednom primimo, \u017eelimo da budu sigurni kako \u0107e imati kontinuiranu podr\u0161ku. Stoga poti\u010demo na\u0161e donatore da daju redovne, mjese\u010dne donacije i stvaraju stabilnu donatorsku bazu na kojoj mo\u017eemo graditi grupu od 9,000 pandita.\n<\/div>\n<div class=\"faqstyle\">\n<em>KOJI POSTOTAK MOJE DONACIJE IDE ZA PODR\u0160KU VEDSKIH PANDITA?<\/em><br \/>\nPreko 90 posto redovnih donacija ide u Indiju za podr\u0161ku Maharishijevim vedskim panditima. Manje od 10 posto ide na pokrivanje kreditne kartice, prijenos i administrativne tro\u0161kove. Me\u0111u organizatorima prikupljanja sredstava 10 posto se smatra niskim postotkom.\n<\/div>\n<div class=\"faqstyle\">\n<em>KOLIKO ZEMALJA DONIRA ZA MAHARISHIJEVE VEDSKE PANDITE?<\/em><br \/>\nDonatori iz preko 100 zemalja podr\u017eavaju Maharishijeve vedske pandite.\n<\/div>\n<div class=\"faqstyle\">\n<em>KAKO SE UPRAVLJA DOKORSKIM FONDOM?<\/em><br \/>\nDonacije zadu\u017ebini fonda ne idu u Indiju nego se ula\u017eu. Samo prihod od ulaganja koristi se za podr\u0161ku panditima ide za podr\u0161ku panditima, da se zadu\u017ebina fonda ne bi istro\u0161ila. Odborom za ulaganja BSF-a i BST-a upravlja skupina iskusnih administratora iz razli\u010ditih tvrtki i financijskih institucija. <a href=\"https:\/\/donation.vedicpandits.org\/hr\/about-us\/#HRfinance\" rel=\"noopener\" target=\"_blank\">Kliknite ovdje<\/a> da vidite Odbor za ulaganja.<\/p>\n<\/div>\n","protected":false},"excerpt":{"rendered":"<p>O MAHARISHIJEVIM VEDSKIM PANDITIMA ZA\u0160TO JE OVA GRUPA SA\u010cINJENA SAMO OD MAHARISHIJEVIH VEDSKIH PANDITA? Znanstveno istra\u017eivanje je pokazalo da grupe ljudi iz svih sfera \u017eivota koje prakticiraju yogijsko letenje zajedno mogu proizvesti sna\u017ean utjecaj mira, pa ipak odr\u017eavanje sklada u dru\u0161tvu je tradicionalno zanimanje Maharishijevih vedskih pandita. Oni to \u010dine ne samo sudjelovanjem u dugim [&hellip;]<\/p>\n","protected":false},"author":3,"featured_media":165,"parent":5338,"menu_order":0,"comment_status":"open","ping_status":"closed","template":"","meta":{"om_disable_all_campaigns":false,"_monsterinsights_skip_tracking":false,"_monsterinsights_sitenote_active":false,"_monsterinsights_sitenote_note":"","_monsterinsights_sitenote_category":0,"footnotes":""},"class_list":["post-5040","page","type-page","status-publish","has-post-thumbnail","hentry"],"_links":{"self":[{"href":"https:\/\/donation.vedicpandits.org\/hr\/wp-json\/wp\/v2\/pages\/5040","targetHints":{"allow":["GET"]}}],"collection":[{"href":"https:\/\/donation.vedicpandits.org\/hr\/wp-json\/wp\/v2\/pages"}],"about":[{"href":"https:\/\/donation.vedicpandits.org\/hr\/wp-json\/wp\/v2\/types\/page"}],"author":[{"embeddable":true,"href":"https:\/\/donation.vedicpandits.org\/hr\/wp-json\/wp\/v2\/users\/3"}],"replies":[{"embeddable":true,"href":"https:\/\/donation.vedicpandits.org\/hr\/wp-json\/wp\/v2\/comments?post=5040"}],"version-history":[{"count":15,"href":"https:\/\/donation.vedicpandits.org\/hr\/wp-json\/wp\/v2\/pages\/5040\/revisions"}],"predecessor-version":[{"id":77683,"href":"https:\/\/donation.vedicpandits.org\/hr\/wp-json\/wp\/v2\/pages\/5040\/revisions\/77683"}],"up":[{"embeddable":true,"href":"https:\/\/donation.vedicpandits.org\/hr\/wp-json\/wp\/v2\/pages\/5338"}],"wp:featuredmedia":[{"embeddable":true,"href":"https:\/\/donation.vedicpandits.org\/hr\/wp-json\/wp\/v2\/media\/165"}],"wp:attachment":[{"href":"https:\/\/donation.vedicpandits.org\/hr\/wp-json\/wp\/v2\/media?parent=5040"}],"curies":[{"name":"wp","href":"https:\/\/api.w.org\/{rel}","templated":true}]}}