{"id":51736,"date":"2021-03-13T18:45:09","date_gmt":"2021-03-13T18:45:09","guid":{"rendered":"https:\/\/vedicpandits.org\/maharishi-veda-app\/"},"modified":"2023-12-14T12:08:17","modified_gmt":"2023-12-14T12:08:17","slug":"maharishi-veda-app","status":"publish","type":"page","link":"https:\/\/donation.vedicpandits.org\/hr\/maharishi-veda-app\/","title":{"rendered":"Maharishi Veda App"},"content":{"rendered":"<div class=\"box-quote\">\n<h4 > Maharishi Veda App<\/h4>\n<p>Ova aplikacija ima ogromnu arhivu vrlo posebnih i blagotvornih snimaka vrhunski educiranih Maharishijevih vedskih Pandita. Aplikacija tako\u0111er sadr\u017ei veliku arhivu klasi\u010dne indijske glazbe (Maharishi Gandharva Veda) koju uz 6 instrumenata izvode neki od najpoznatijih Gandharva glazbenika.<br \/>\n&nbsp;<\/p>\n<div class=\"grid-holder\">\n<div class=\"grid grid-desktop-50 grid-mobile-100\"><div class=\"holder\"><div style=\"padding:10px; background-color:white;\">\n<div style=\"border-size:5px;border-style:solid;border-color:#e4bb4b;\">\n<div style=\"text-align: center; padding-top:10px; padding-right:5px; padding-bottom:0; padding-left:5px;\">\n<a href=\"https:\/\/vedicpandits.recurly.com\/purchase\/gift_card\/mva-gift\" rel=\"noopener\" target=\"_blank\"><\/p>\n<h4>DAJ NA POKLON<\/h4>\n<p><\/a><\/p>\n<\/div>\n<\/div>\n<\/div>\n<\/div><\/div>\n<div class=\"grid grid-desktop-50 grid-mobile-100\"><div class=\"holder\"><div style=\"padding:10px; background-color:white;\">\n<div style=\"border-size:5px;border-style:solid;border-color:#e4bb4b;\">\n<div style=\"text-align: center; padding-top:10px; padding-right:5px; padding-bottom:0; padding-left:5px;\">\n<a href=\"https:\/\/www.maharishivedaapp.com\" rel=\"noopener\" target=\"_blank\"><\/p>\n<h4>PRETPLATI SE<\/h4>\n<p><\/a><\/p>\n<\/div>\n<\/div>\n<\/div>\n<\/div><\/div>\n<\/div>\n<p>&nbsp;<\/p>\n<p>Maharishi Veda App je prvi mjesec kori\u0161tenja besplatna a potom je njena cijena 3.99 dolara mjese\u010dno.<\/p>\n<p id=\"subscribe\">Three ways to subscribe to the Maharishi Veda App<\/p>\n<p>&nbsp;<\/p>\n<p style=\"text-align:center;\"><a href=\"https:\/\/desktop.maharishivedaapp.com\/\"><img decoding=\"async\" loading=\"lazy\" src=\"https:\/\/donation.vedicpandits.org\/wp-content\/uploads\/2021\/03\/button_computer.png\" width=\"169\" height=\"49\" style=\"margin:0 10px 15px !important;\"><\/a> <a href=\"https:\/\/apps.apple.com\/us\/app\/maharishi-veda\/id977489377\"><img decoding=\"async\" loading=\"lazy\" src=\"https:\/\/donation.vedicpandits.org\/wp-content\/uploads\/2021\/03\/button_mac_store.png\" alt=\"\" width=\"169\" height=\"49\" style=\"margin:0 10px 15px !important;\"><\/a> <a href=\"https:\/\/play.google.com\/store\/apps\/details?id=com.entertainment.maharishiveda&amp;hl=en_US\"><img decoding=\"async\" loading=\"lazy\" src=\"https:\/\/donation.vedicpandits.org\/wp-content\/uploads\/2021\/03\/button_google_play.png\" alt=\"\" width=\"169\" height=\"49\" style=\"margin:0 10px 15px !important;\"><\/a><\/p>\n<p>&nbsp;<\/p>\n<p>Svi prihodi poma\u017eu Maharishijevim vedskim Panditima u stvaranju svjetskog mira.<\/p>\n<div class=\"border-line\">&nbsp;<\/div>\n<h4 id=\"Flavours\">ISJE\u010cCI OD 30 SEKUNDI<\/h4>\n<p>&nbsp;<\/p>\n<h4 style=\"margin-bottom: -25px;\">Vedic Recitations<\/h4>\n<div class=\"grid-holder\">\n<div class=\"pagecol3\" >\n<strong>Brahmana Suktas <\/strong><br \/>\n\t<a href=\"https:\/\/donation.vedicpandits.org\/hr\/maharishi-veda-app\/?image_video=https%3A%2F%2Fplayer.vimeo.com%2Fvideo%2F772253937%3Fh%3D32b34efc8e\" class=\"video-link \"><img decoding=\"async\" class=\"alignnone size-full wp-image-285\" src=\"https:\/\/donation.vedicpandits.org\/wp-content\/uploads\/2022\/11\/brahmanas_recitation.png\" width=\"200\" \/><\/a>\n\n\t<\/div>\n<div class=\"pagecol3\" >\n<strong>Sama Veda Medha Sukta <\/strong><br \/>\n\t<a href=\"https:\/\/donation.vedicpandits.org\/hr\/maharishi-veda-app\/?image_video=https%3A%2F%2Fplayer.vimeo.com%2Fvideo%2F772269388%3Fh%3Dc36201da68\" class=\"video-link \"><img decoding=\"async\" class=\"alignnone size-full wp-image-285\" src=\"https:\/\/donation.vedicpandits.org\/wp-content\/uploads\/2022\/11\/sama_ved_flavour_image2.png\" width=\"200\" \/><\/a>\n\n\t<\/div>\n<div class=\"pagecol3\" >\n<strong>Rik Veda 5th Mandala <\/strong><br \/>\n\t<a href=\"https:\/\/donation.vedicpandits.org\/hr\/maharishi-veda-app\/?image_video=https%3A%2F%2Fplayer.vimeo.com%2Fvideo%2F772890625%3Fh%3Df5dff81366\" class=\"video-link \"><img decoding=\"async\" class=\"alignnone size-full wp-image-285\" src=\"https:\/\/donation.vedicpandits.org\/wp-content\/uploads\/2022\/11\/rik_veda_flavour.png\" width=\"200\" \/><\/a>\n\n\t<\/div>\n<\/div>\n&nbsp;<br \/>\n<!--row 2--><\/p>\n<h4 style=\"margin-bottom: -25px;\">Bhagavad Gita<\/h4>\n<div class=\"grid-holder\">\n<div class=\"pagecol3\" >\n<strong>Bhagavad Gita Commentary<\/strong><br \/>\n\t<a href=\"https:\/\/donation.vedicpandits.org\/hr\/maharishi-veda-app\/?image_video=https%3A%2F%2Fplayer.vimeo.com%2Fvideo%2F772256991%3Fh%3D1c3f81fa70\" class=\"video-link \"><img decoding=\"async\" class=\"alignnone size-full wp-image-285\" src=\"https:\/\/donation.vedicpandits.org\/wp-content\/uploads\/2022\/11\/vernon_maharishi3_710x702.png\" width=\"200\" \/><\/a>\n\n\t<\/div>\n<div class=\"pagecol3\" >\n<strong>Bhagavad Gita Chapter 1 &#8211; Recitation<\/strong><br \/>\n\t<a href=\"https:\/\/donation.vedicpandits.org\/hr\/maharishi-veda-app\/?image_video=https%3A%2F%2Fplayer.vimeo.com%2Fvideo%2F772263750%3Fh%3D5edc98042f\" class=\"video-link \"><img decoding=\"async\" class=\"alignnone size-full wp-image-285\" src=\"https:\/\/donation.vedicpandits.org\/wp-content\/uploads\/2022\/11\/bhagavad_gita_ch1_image_flavours.png\" width=\"200\" \/><\/a>\n\n\t<\/div>\n<div class=\"pagecol3\" >\n<strong>Bhagavad Gita Chapter 2 &#8211; Recitation<\/strong><br \/>\n\t<a href=\"https:\/\/donation.vedicpandits.org\/hr\/maharishi-veda-app\/?image_video=https%3A%2F%2Fplayer.vimeo.com%2Fvideo%2F775545609%3Fh%3D2bac0fa94f\" class=\"video-link \"><img decoding=\"async\" class=\"alignnone size-full wp-image-285\" src=\"https:\/\/donation.vedicpandits.org\/wp-content\/uploads\/2022\/11\/BGita_ch2_flavour.png\" width=\"200\" \/><\/a>\n\n\t<\/div>\n<\/div>\n&nbsp;<br \/>\n<!--row 3--><\/p>\n<h4 style=\"margin-bottom: -25px;\">Gandharva Ved<\/h4>\n<div class=\"grid-holder\">\n<div class=\"pagecol3\" >\n<strong>Gandharva Ved &#8211; Bamboo Flute<\/strong><br \/>\n\t<a href=\"https:\/\/donation.vedicpandits.org\/hr\/maharishi-veda-app\/?image_video=https%3A%2F%2Fplayer.vimeo.com%2Fvideo%2F772891944%3Fh%3Db50882dc2b\" class=\"video-link \"><img decoding=\"async\" class=\"alignnone size-full wp-image-285\" src=\"https:\/\/donation.vedicpandits.org\/wp-content\/uploads\/2022\/11\/bamboo_flute_flavour.png\" width=\"200\" \/><\/a>\n\n\t<\/div>\n<div class=\"pagecol3\" >\n<strong>Rain Melody <\/strong><br \/>\n\t<a href=\"https:\/\/donation.vedicpandits.org\/hr\/maharishi-veda-app\/?image_video=https%3A%2F%2Fplayer.vimeo.com%2Fvideo%2F772893048%3Fh%3D3e29244a2d\" class=\"video-link \"><img decoding=\"async\" class=\"alignnone size-full wp-image-285\" src=\"https:\/\/donation.vedicpandits.org\/wp-content\/uploads\/2022\/11\/rain_melody_flavour.png\" width=\"200\" \/><\/a>\n\n\t<\/div>\n<div class=\"pagecol3\" ><strong>Gandharva Ved music &#8211; Sitar<\/strong><br \/>\n\t<a href=\"https:\/\/donation.vedicpandits.org\/hr\/maharishi-veda-app\/?image_video=https%3A%2F%2Fplayer.vimeo.com%2Fvideo%2F772893920%3Fh%3Df1d59dd173\" class=\"video-link \"><img decoding=\"async\" class=\"alignnone size-full wp-image-285\" src=\"https:\/\/donation.vedicpandits.org\/wp-content\/uploads\/2022\/11\/Screen-Shot-2022-11-19-at-6.44.34-PM.png\" width=\"200\" \/><\/a>\n\n\t<\/div>\n<\/div>\n","protected":false},"excerpt":{"rendered":"<p>Maharishi Veda App Ova aplikacija ima ogromnu arhivu vrlo posebnih i blagotvornih snimaka vrhunski educiranih Maharishijevih vedskih Pandita. Aplikacija tako\u0111er sadr\u017ei veliku arhivu klasi\u010dne indijske glazbe (Maharishi Gandharva Veda) koju uz 6 instrumenata izvode neki od najpoznatijih Gandharva glazbenika. &nbsp; &nbsp; Maharishi Veda App je prvi mjesec kori\u0161tenja besplatna a potom je njena cijena 3.99 [&hellip;]<\/p>\n","protected":false},"author":3,"featured_media":72672,"parent":0,"menu_order":0,"comment_status":"closed","ping_status":"closed","template":"","meta":{"om_disable_all_campaigns":false,"_monsterinsights_skip_tracking":false,"_monsterinsights_sitenote_active":false,"_monsterinsights_sitenote_note":"","_monsterinsights_sitenote_category":0,"footnotes":""},"class_list":["post-51736","page","type-page","status-publish","has-post-thumbnail","hentry"],"_links":{"self":[{"href":"https:\/\/donation.vedicpandits.org\/hr\/wp-json\/wp\/v2\/pages\/51736","targetHints":{"allow":["GET"]}}],"collection":[{"href":"https:\/\/donation.vedicpandits.org\/hr\/wp-json\/wp\/v2\/pages"}],"about":[{"href":"https:\/\/donation.vedicpandits.org\/hr\/wp-json\/wp\/v2\/types\/page"}],"author":[{"embeddable":true,"href":"https:\/\/donation.vedicpandits.org\/hr\/wp-json\/wp\/v2\/users\/3"}],"replies":[{"embeddable":true,"href":"https:\/\/donation.vedicpandits.org\/hr\/wp-json\/wp\/v2\/comments?post=51736"}],"version-history":[{"count":5,"href":"https:\/\/donation.vedicpandits.org\/hr\/wp-json\/wp\/v2\/pages\/51736\/revisions"}],"predecessor-version":[{"id":84628,"href":"https:\/\/donation.vedicpandits.org\/hr\/wp-json\/wp\/v2\/pages\/51736\/revisions\/84628"}],"wp:featuredmedia":[{"embeddable":true,"href":"https:\/\/donation.vedicpandits.org\/hr\/wp-json\/wp\/v2\/media\/72672"}],"wp:attachment":[{"href":"https:\/\/donation.vedicpandits.org\/hr\/wp-json\/wp\/v2\/media?parent=51736"}],"curies":[{"name":"wp","href":"https:\/\/api.w.org\/{rel}","templated":true}]}}