{"id":5340,"date":"2015-08-11T10:43:55","date_gmt":"2015-08-11T10:43:55","guid":{"rendered":"https:\/\/vedicpandits.org\/?page_id=5340"},"modified":"2018-07-11T08:21:27","modified_gmt":"2018-07-11T08:21:27","slug":"intermediary-donation-page","status":"publish","type":"page","link":"https:\/\/donation.vedicpandits.org\/hr\/intermediary-donation-page\/","title":{"rendered":"DONIRAJTE"},"content":{"rendered":"<h2 style=\"margin-bottom: 30px; color: white; background: none repeat scroll 0 0 #e37d22; font-size: 17px; text-align: center; padding-top: 10px;\">VA\u0160A PODR\u0160KA GRUPAMA MAHARI\u0160IJEVIH VEDSKIH PANDITA <\/br> STVARA SNA\u017dAN UTJECAJ MIRA ZA SVIJET<\/h2>\n<div class=\"grid grid-desktop-30 grid-mobile-100\">\n<div class=\"holder\"><img loading=\"lazy\" decoding=\"async\" class=\"alignleft size-full wp-image-2490\" src=\"\/wp-content\/uploads\/2015\/03\/photo_pandit_donatepage1.jpg\" alt=\"photo_pandit_donatepage\" width=\"234\" height=\"284\" \/><\/div>\n<\/div>\n<div class=\"grid grid-desktop-70 grid-mobile-100\">\n<div class=\"holder\">\n<h4>Donaciju u ameri\u010dkim dolarima ili euros<\/h4>\n<p>IZRAVNA UPLATA ZA YAGYE NA RA\u010cUN BRAHMANANDA SARASWATI ZAKLADE<br \/>\nPoveznica ispod vodi vas na donacijsku stranicu na kojoj mo\u017eete uplatiti donaciju US dollars ili euro za Maharishi Vedic Pandits. Mo\u017eete koristiti SEPA, kreditnu karticu ili PayPal ra\u010dun. Stranica je na engleskom, francuskom, njema\u010dkom, \u0161panjolskom, nizozemskom, turskom i japanskom.<\/p>\n<p style=\"text-align: center;\"><a class=\"btn btn-large\" href=\"https:\/\/aro.vedicpandits.org\/donate\">&gt; NASTAVITE NA STRANICU ZA DAVANJE PRILOGA<\/a><\/p>\n<p>&nbsp;<\/p>\n<p><!--\n\n<h4>Donaciju u eurima<\/h4>\n\n\nDonaciju u eurima mo\u017eete uplatiti u Brahmananda Saraswati Trust (Nizozemska) transferom s ra\u010duna na ra\u010dun (u banci), trajnim nalogom ili koriste\u0107i PayPal.\n\n\nAko \u017eelite uplatiti koriste\u0107i PayPal, uplate usmjerite na:\n\nBST108@maharishi.net\n\nOvo su podaci potrebni za prebacivanje s ra\u010duna na ra\u010dun u banci.--><\/p>\n<p><!--\nBank Account Information :\n\nING Bank, Roermond, The Netherlands\nSwift Code\/BIC: INGBNL2A\nAccount Name: BST\nIBAN: NL74 INGB 0659 6208 04\nAccount Number: 65.96.20.804\n[\/column]\n[column]\n\nAddress of Beneficiary:\n\nStation 24\n6063NP Vlodrop\nThe Netherlands--><\/p>\n<p>&nbsp;<br \/>\n&nbsp;<\/p>\n<h4>Za vi\u0161e informacija kontaktirajte:<\/h4>\n<p>Vladimir Pun\u010dec<br \/>\ngeneratrix@generatrix.hr<br \/>\nili<br \/>\nVedran Turkalj<br \/>\nvedran@tm-savez.hr<\/p>\n<div class=\"accordion\"><div class=\"accordion-entry\"><em><a href=\"#\">&gt; Hrvatski<\/a><\/em><div class=\"hidden-content\">\nEvo kako donirati:<\/p>\n<p>PROGRAM MAHARISHI YAGYE ZA HRVATSKU<\/p>\n<p>Pokreta\u010d programa:<br \/>\nSavez za transcendentalnu meditaciju<br \/>\nZeleni trg 2, 10000 Zagreb<br \/>\nOIB: 13745098262<\/p>\n<p>Podaci za uplatu na poseban ra\u010dun Saveza namijenjen samo za yagye:<br \/>\nZagreba\u010dka banka d.d.<br \/>\nIBAN: HR4823600001501284802<br \/>\npoziv na broj: 108-108<br \/>\nsvrha uplate: nov\u010dana donacija za yagye<\/p>\n<p>Podaci za uplatu na poseban privatni ra\u010dun namijenjem samo za yagye:<br \/>\nPrivredna banka Zagreb d.d.<br \/>\nIBAN: HR1223400093209223188<br \/>\nVlasnik\/nositelj ra\u010duna: Vladimir Pun\u010dec<br \/>\nOpis pla\u0107anja: Ime (npr. Ivan) prezime (npr. Horvat) za yagyu<br \/>\n<a href=\"#\" class=\"close\">Close Section<\/a><\/div><\/div>\n<\/div>\n<p><!--\n\n\n<p style=\"text-align: center;\"><a class=\"btn btn-large\" href=\"\/wp-content\/uploads\/2015\/03\/final_french_translation_of_donation_page_1and21.pdf\">&gt; Download the French translation pdf<\/a><\/p>\n\n\n--><\/p>\n<\/div>\n<\/div>\n","protected":false},"excerpt":{"rendered":"<p>VA\u0160A PODR\u0160KA GRUPAMA MAHARI\u0160IJEVIH VEDSKIH PANDITA STVARA SNA\u017dAN UTJECAJ MIRA ZA SVIJET Donaciju u ameri\u010dkim dolarima ili euros IZRAVNA UPLATA ZA YAGYE NA RA\u010cUN BRAHMANANDA SARASWATI ZAKLADE Poveznica ispod vodi vas na donacijsku stranicu na kojoj mo\u017eete uplatiti donaciju US dollars ili euro za Maharishi Vedic Pandits. Mo\u017eete koristiti SEPA, kreditnu karticu ili PayPal ra\u010dun. [&hellip;]<\/p>\n","protected":false},"author":3,"featured_media":0,"parent":0,"menu_order":0,"comment_status":"closed","ping_status":"closed","template":"","meta":{"om_disable_all_campaigns":false,"_monsterinsights_skip_tracking":false,"_monsterinsights_sitenote_active":false,"_monsterinsights_sitenote_note":"","_monsterinsights_sitenote_category":0,"footnotes":""},"class_list":["post-5340","page","type-page","status-publish","hentry"],"_links":{"self":[{"href":"https:\/\/donation.vedicpandits.org\/hr\/wp-json\/wp\/v2\/pages\/5340","targetHints":{"allow":["GET"]}}],"collection":[{"href":"https:\/\/donation.vedicpandits.org\/hr\/wp-json\/wp\/v2\/pages"}],"about":[{"href":"https:\/\/donation.vedicpandits.org\/hr\/wp-json\/wp\/v2\/types\/page"}],"author":[{"embeddable":true,"href":"https:\/\/donation.vedicpandits.org\/hr\/wp-json\/wp\/v2\/users\/3"}],"replies":[{"embeddable":true,"href":"https:\/\/donation.vedicpandits.org\/hr\/wp-json\/wp\/v2\/comments?post=5340"}],"version-history":[{"count":28,"href":"https:\/\/donation.vedicpandits.org\/hr\/wp-json\/wp\/v2\/pages\/5340\/revisions"}],"predecessor-version":[{"id":14583,"href":"https:\/\/donation.vedicpandits.org\/hr\/wp-json\/wp\/v2\/pages\/5340\/revisions\/14583"}],"wp:attachment":[{"href":"https:\/\/donation.vedicpandits.org\/hr\/wp-json\/wp\/v2\/media?parent=5340"}],"curies":[{"name":"wp","href":"https:\/\/api.w.org\/{rel}","templated":true}]}}