{"id":4041,"date":"2014-04-08T07:02:34","date_gmt":"2014-04-08T07:02:34","guid":{"rendered":"https:\/\/vedicpandits.org\/?page_id=4041"},"modified":"2018-12-06T07:13:43","modified_gmt":"2018-12-06T07:13:43","slug":"home","status":"publish","type":"page","link":"https:\/\/donation.vedicpandits.org\/it\/","title":{"rendered":"Home"},"content":{"rendered":"<p><!--<img loading=\"lazy\" decoding=\"async\" src=\"\/wp-content\/uploads\/2014\/04\/ecardslidere-new1.jpg\" width=\"912\" height=\"364\" class=\"alignleft size-full wp-image-1800\" \/><a class=\"ecardbutton\" href=\"https:\/\/donation.vedicpandits.org\/ecard\/\"> > Novit\u00e0! E-card gratuite per te<\/a>--><\/p>\n<h4>TECNOLOGIE VEDICHE DELLA COSCIENZA PER LA PACE MONDIALE<\/h4>\n<p>Stiamo creando in India un grande gruppo di Pandit Vedici Maharishi in grado di creare un\u2019influenza di armonia per il mondo intero. Quarant\u2019anni di ricerche scientifiche hanno dimostrato che un gruppo di 9.000 persone \u00e8 in grado di generare un potente effetto di miglioramento della vita su scala globale. In questi ultimi anni, grazie alle donazioni di generosi sostenitori da pi\u00f9 di 90 paesi, il gruppo \u00e8 cresciuto ed ora, nel campus del Brahmasthan (centro geografico) dell\u2019India, ci sono pi\u00f9 di 2.000 Pandit. Il nostro obiettivo \u00e8 di raccogliere i fondi annuali necessari per sostenere l\u2019intero gruppo di 9.000 Pandit Vedici e di costituire quindi un fondo di dotazione che assicuri la continuit\u00e0 del progetto e garantisca la pace mondiale per sempre.<br \/>\nL\u2019UNESCO ha ufficialmente riconosciuto le recitazioni Vediche come un intangibile patrimonio dell\u2019umanit\u00e0.<\/p>\n<div style=\"width:200px; margin-top:60px; margin-left:10px;\"  class=\"align right\">\n\t<a href=\"https:\/\/donation.vedicpandits.org\/it\/?image_video=https%3A%2F%2Fwww.youtube.com%2Fwatch%3Fv%3DJLIIRoGGIdI%3Frel%3D0\" class=\"video-link \"><img decoding=\"async\" class=\"alignnone size-full wp-image-285\" src=\"https:\/\/donation.vedicpandits.org\/wp-content\/uploads\/2018\/03\/Tall-blue-globe-copy.jpeg\" alt=\"landscape format of blue globe with pandits\" width=\"200\" \/><\/a>\n\n\t<\/div>\n<h4 style=\"margin-top:25px;\">video<\/h4>\n<p>Ti baster\u00e0 un quarto d\u2019ora per scoprire come la Meditazione Trascendentale e le sue tecniche avanzate possano effettivamente creare la pace. Un breve video con animazioni ed esempi ti spiegher\u00e0, in modo vivace e con grande semplicit\u00e0, i passi per ottenere la pace mondiale, e ne esaminer\u00e0 anche l\u2019aspetto scientifico. Clicca sull&#8217;immagine per guardare un video introduttivo di 14 minuti. <\/p>\n<p><!--\n\n<h4>ECARD<\/h4>\n\n\nTutte le e-card contengono bellissime foto dei Pandit Vedici Maharishi arricchite con audio, video e recitazioni dei Pandit Vedici Maharishi. Ci auguriamo che queste nuove <a href=\"https:\/\/donation.vedicpandits.org\/ecard\/\">e-card<\/a> siano di tuo gradimento e voglia condividerle con i tuoi amici.--><\/p>\n","protected":false},"excerpt":{"rendered":"<p>TECNOLOGIE VEDICHE DELLA COSCIENZA PER LA PACE MONDIALE Stiamo creando in India un grande gruppo di Pandit Vedici Maharishi in grado di creare un\u2019influenza di armonia per il mondo intero. Quarant\u2019anni di ricerche scientifiche hanno dimostrato che un gruppo di 9.000 persone \u00e8 in grado di generare un potente effetto di miglioramento della vita su [&hellip;]<\/p>\n","protected":false},"author":3,"featured_media":0,"parent":0,"menu_order":0,"comment_status":"open","ping_status":"closed","template":"template-home.php","meta":{"om_disable_all_campaigns":false,"_monsterinsights_skip_tracking":false,"_monsterinsights_sitenote_active":false,"_monsterinsights_sitenote_note":"","_monsterinsights_sitenote_category":0,"footnotes":""},"class_list":["post-4041","page","type-page","status-publish","hentry"],"_links":{"self":[{"href":"https:\/\/donation.vedicpandits.org\/it\/wp-json\/wp\/v2\/pages\/4041","targetHints":{"allow":["GET"]}}],"collection":[{"href":"https:\/\/donation.vedicpandits.org\/it\/wp-json\/wp\/v2\/pages"}],"about":[{"href":"https:\/\/donation.vedicpandits.org\/it\/wp-json\/wp\/v2\/types\/page"}],"author":[{"embeddable":true,"href":"https:\/\/donation.vedicpandits.org\/it\/wp-json\/wp\/v2\/users\/3"}],"replies":[{"embeddable":true,"href":"https:\/\/donation.vedicpandits.org\/it\/wp-json\/wp\/v2\/comments?post=4041"}],"version-history":[{"count":21,"href":"https:\/\/donation.vedicpandits.org\/it\/wp-json\/wp\/v2\/pages\/4041\/revisions"}],"predecessor-version":[{"id":4043,"href":"https:\/\/donation.vedicpandits.org\/it\/wp-json\/wp\/v2\/pages\/4041\/revisions\/4043"}],"wp:attachment":[{"href":"https:\/\/donation.vedicpandits.org\/it\/wp-json\/wp\/v2\/media?parent=4041"}],"curies":[{"name":"wp","href":"https:\/\/api.w.org\/{rel}","templated":true}]}}