{"id":4056,"date":"2014-04-08T07:09:17","date_gmt":"2014-04-08T07:09:17","guid":{"rendered":"https:\/\/vedicpandits.org\/?page_id=4056"},"modified":"2015-05-21T13:28:52","modified_gmt":"2015-05-21T13:28:52","slug":"peace-creating-group","status":"publish","type":"page","link":"https:\/\/donation.vedicpandits.org\/it\/peace-creating-group\/","title":{"rendered":"Un gruppo per la pace"},"content":{"rendered":"<h4> 9.000 PANDIT VEDICI MAHARISHI PER LA PACE MONDIALE<\/h4>\n<p>Maharishi Mahesh Yogi ha voluto che questo gruppo per creare la pace fosse formato da Pandit Vedici poich\u00e9, fin dai tempi pi\u00f9 antichi, essi sono stati i custodi tradizionali della saggezza Vedica e i responsabili per il mantenimento dell\u2019armonia nella societ\u00e0 e dell\u2019equilibrio in natura. Riportando alla luce la piena comprensione della conoscenza Vedica, Maharishi ha creato le basi affinch\u00e9 le tecnologie della coscienza per creare la pace venissero ripristinate nella loro originaria efficacia e potessero essere convalidate scientificamente. Una volta addestrati in queste tecnologie della coscienza, i Pandit Vedici sono ora nuovamente in grado di svolgere pienamente il loro ruolo tradizionale di creare armonia, pace ed equilibrio nel mondo. <\/p>\n<p>Nel gennaio 2008 Maharishi ha costituito il Brahmananda Saraswati Trust per creare e sostenere un grande gruppo di Pandit Vedici Maharishi nel campus del Brahmasthan (centro geografico) dell\u2019India. L\u2019obiettivo \u00e8 di sostenere 9.000 Pandit. Il primo obiettivo \u00e8 di espandere il gruppo dalle attuali 2.000 a 3.500 unit\u00e0 &#8211; numero in grado di creare un effetto positivo per tutta l\u2019India e servire da fondamento per raggiungere il numero di 9.000. <\/p>\n<div class=\"border-line\">&nbsp;<\/div>\n<div class=\"grid-holder\">\n<div class=\"grid grid-desktop-50 grid-mobile-100\"><div class=\"holder\">\t<a href=\"https:\/\/donation.vedicpandits.org\/it\/peace-creating-group\/?image_video=https%3A%2F%2Fwww.youtube.com%2Fwatch%3Fv%3DoLNxrO4z9GQ%3Frel%3D0\" class=\"video-link \"><img loading=\"lazy\" decoding=\"async\" class=\"alignnone size-full wp-image-103\" src=\"\/wp-content\/uploads\/2014\/04\/post-img-11.jpg\" alt=\"post-img-11\" width=\"432\" height=\"312\" srcset=\"https:\/\/donation.vedicpandits.org\/wp-content\/uploads\/2014\/04\/post-img-11.jpg 432w, https:\/\/donation.vedicpandits.org\/wp-content\/uploads\/2014\/04\/post-img-11-300x216.jpg 300w\" sizes=\"auto, (max-width: 432px) 100vw, 432px\" \/><\/a>\n\n\t\n<\/div><\/div>\n<div class=\"grid grid-desktop-50 grid-mobile-100\"><div class=\"holder\"><h4>UN EFFETTO DI PACE CHE SI DIFFONDE<\/h4>\n<p>\u00c8 ampiamente riconosciuto che chi pratica il programma di Meditazione Trascendentale sperimenta in se stesso una maggiore pace. Questa esperienza \u00e8 stata scientificamente correlata ad un maggior ordine del funzionamento cerebrale. <\/p>\n<p>Ci\u00f2 che non \u00e8 altrettanto noto \u00e8 che, quando una percentuale relativamente piccola degli abitanti di una citt\u00e0 o di una nazione pratica la Mediazione Trascendentale, un effetto di pace si diffonde in tutta la popolazione circostante. Questo fenomeno \u00e8 stato confermato da ben 23 ricerche scientifiche. Si \u00e8 inoltre notato che l\u2019effetto \u00e8 particolarmente potente quando il programma avanzato di MT-Sidhi viene praticato in gruppo.<br \/>\nL\u2019utilizzo di questa tecnologia \u00e8 il programma principale dell\u2019Iniziativa Globale per la Pace.<\/p>\n\t<a href=\"https:\/\/donation.vedicpandits.org\/it\/peace-creating-group\/?image_video=https%3A%2F%2Fwww.youtube.com%2Fwatch%3Fv%3DoLNxrO4z9GQ%3Frel%3D0\" class=\"video-link no-pointer\"><em>&gt; Discorso di Maharishi Mahesh Yogi su questo fenomeno.<br \/>\n\u2003<br \/>\n<\/em><\/a>\n\n\t\n<\/div><\/div>\n<\/div>\n","protected":false},"excerpt":{"rendered":"<p>9.000 PANDIT VEDICI MAHARISHI PER LA PACE MONDIALE Maharishi Mahesh Yogi ha voluto che questo gruppo per creare la pace fosse formato da Pandit Vedici poich\u00e9, fin dai tempi pi\u00f9 antichi, essi sono stati i custodi tradizionali della saggezza Vedica e i responsabili per il mantenimento dell\u2019armonia nella societ\u00e0 e dell\u2019equilibrio in natura. Riportando alla [&hellip;]<\/p>\n","protected":false},"author":3,"featured_media":102,"parent":0,"menu_order":0,"comment_status":"open","ping_status":"closed","template":"","meta":{"om_disable_all_campaigns":false,"_monsterinsights_skip_tracking":false,"_monsterinsights_sitenote_active":false,"_monsterinsights_sitenote_note":"","_monsterinsights_sitenote_category":0,"footnotes":""},"class_list":["post-4056","page","type-page","status-publish","has-post-thumbnail","hentry"],"_links":{"self":[{"href":"https:\/\/donation.vedicpandits.org\/it\/wp-json\/wp\/v2\/pages\/4056","targetHints":{"allow":["GET"]}}],"collection":[{"href":"https:\/\/donation.vedicpandits.org\/it\/wp-json\/wp\/v2\/pages"}],"about":[{"href":"https:\/\/donation.vedicpandits.org\/it\/wp-json\/wp\/v2\/types\/page"}],"author":[{"embeddable":true,"href":"https:\/\/donation.vedicpandits.org\/it\/wp-json\/wp\/v2\/users\/3"}],"replies":[{"embeddable":true,"href":"https:\/\/donation.vedicpandits.org\/it\/wp-json\/wp\/v2\/comments?post=4056"}],"version-history":[{"count":7,"href":"https:\/\/donation.vedicpandits.org\/it\/wp-json\/wp\/v2\/pages\/4056\/revisions"}],"predecessor-version":[{"id":4428,"href":"https:\/\/donation.vedicpandits.org\/it\/wp-json\/wp\/v2\/pages\/4056\/revisions\/4428"}],"wp:featuredmedia":[{"embeddable":true,"href":"https:\/\/donation.vedicpandits.org\/it\/wp-json\/wp\/v2\/media\/102"}],"wp:attachment":[{"href":"https:\/\/donation.vedicpandits.org\/it\/wp-json\/wp\/v2\/media?parent=4056"}],"curies":[{"name":"wp","href":"https:\/\/api.w.org\/{rel}","templated":true}]}}