{"id":4060,"date":"2014-04-08T07:09:29","date_gmt":"2014-04-08T07:09:29","guid":{"rendered":"https:\/\/vedicpandits.org\/?page_id=4060"},"modified":"2018-08-22T07:48:50","modified_gmt":"2018-08-22T07:48:50","slug":"maharishi-vedic-pandits","status":"publish","type":"page","link":"https:\/\/donation.vedicpandits.org\/it\/peace-creating-group\/maharishi-vedic-pandits\/","title":{"rendered":"I Pandit  Vedici Maharishi"},"content":{"rendered":"<h4>L\u2019ADDESTRAMENTO SISTEMATICO DEI PANDIT VEDICI MAHARISHI<\/h4>\n<p>Fin da bambini gli studenti appartenenti alle famiglie Vediche dell\u2019India seguono un addestramento sistematico per diventare professionisti della pace \u2013 Pandit Vedici Maharishi. Dai 10 ai 20 anni essi seguono un programma di studio speciale messo a punto da Maharishi. Questo programma comprende l\u2019apprendimento della Meditazione Trascendentale e del programma di MT-Sidhi compreso il Volo Yoga, lo studio del Sanscrito e il raggiungimento di una buona competenza nell\u2019esecuzione degli Yagya Vedici, le tradizionali recitazioni Vediche che producono buona fortuna e pace. Man mano che proseguono con i loro studi gli studenti hanno la possibilit\u00e0 di conseguire i Diplomi, Lauree e Dottorati della Maharishi Mahesh Yogi Vedic Vishwavidyalaya, un\u2019universit\u00e0 costituita nel 1995 dal Governo dello Stato del Madhya Pradesh (India).<br \/>\n<div class=\"border-line\">&nbsp;<\/div>\n<div class=\"grid-holder\">\n<div class=\"grid grid-desktop-50 grid-mobile-100\"><div class=\"holder\"><p><img loading=\"lazy\" decoding=\"async\" class=\"alignnone size-full wp-image-105\" src=\"\/wp-content\/uploads\/2014\/04\/post-img-12.jpg\" alt=\"post-img-12\" width=\"432\" height=\"312\" srcset=\"https:\/\/donation.vedicpandits.org\/wp-content\/uploads\/2014\/04\/post-img-12.jpg 432w, https:\/\/donation.vedicpandits.org\/wp-content\/uploads\/2014\/04\/post-img-12-300x216.jpg 300w\" sizes=\"auto, (max-width: 432px) 100vw, 432px\" \/><\/p>\n<\/div><\/div>\n<div class=\"grid grid-desktop-50 grid-mobile-100\"><div class=\"holder\"><h4>ESPERTI DI YOGA \u2013 MEDITAZIONE TRASCENDENTALE E VOLO YOGA <\/h4>\n<p>Per molte ore al giorno i Pandit Vedici Maharishi nel Brahmasthan praticano l\u2019essenza dello Yoga &#8211; la Meditazione Trascendentale e il programma di MT-Sidhi comprendente il Volo Yoga, tratto da Maharishi dagli Yoga Sutra di Patanjali &#8211; il testo centrale della filosofia dello Yoga. Questo programma sviluppa l\u2019abilit\u00e0 di agire dai livelli pi\u00f9 silenziosi e coerenti della coscienza. Man mano che i Pandit imparano ad agire dai livelli pi\u00f9 sottili della coscienza, essi sviluppano pienamente la capacit\u00e0 di eseguire quotidianamente le recitazioni Vediche per la pace mondiale.<\/p>\n<\/div><\/div>\n<\/div>\n<div class=\"border-line\">&nbsp;<\/div>\n<div class=\"grid-holder\">\n<div class=\"grid grid-desktop-100\"><div class=\"holder\"><p>La principale scrittura Vedica dello Yoga &#8211; gli Yoga Sutra &#8211; descrive cos\u00ec il potenziale dell\u2019esperienza del trascendere per creare la pace nell\u2019ambiente:<\/p>\n<div class=\"box-info\">\n<h5><em>Tat sannidhau vairatyagah<\/em><\/h5>\n<h4>&#8220;In prossimit\u00e0 dello Yoga (l\u2019esperienza della Coscienza Trascendentale, il Campo Unificato) le tendenze ostili e conflittuali vengono eliminate.&#8221; <\/h4>\n<h6>\u2013 Yoga sutra 2.35<\/h6>\n<\/div>\n<p>Quando con il programma avanzato di meditazione la Coscienza Trascendentale viene ravvivata da gruppi sufficientemente grandi, la \u2018prossimit\u00e0 dello Yoga\u2019 si estende al mondo intero. Questa \u00e8 la strategia dell\u2019Iniziativa Globale per la Pace.<\/p>\n<\/div><\/div>\n<\/div>\n<div class=\"border-line\">&nbsp;<\/div>\n<div class=\"grid-holder\">\n<div class=\"grid grid-desktop-50 grid-mobile-100\"><div class=\"holder\"><h4>ESPERTI DEGLI YAGYA \u2013 ADDESTRAMENTO ESTENSIVO NELLE ESECUZIONI VEDICHE <\/h4>\n<p>In centinaia di piccoli villaggi dell\u2019India Maharishi ha creato un sistema scolastico per gli studenti che desiderano diventare Pandit Vedici Maharishi. In ogni villaggio, insegnanti denominati Guru Ji, incominciano ad addestrare i futuri Pandit sin dall\u2019et\u00e0 di 10 anni. A 14 anni questi studenti hanno l\u2019opportunit\u00e0 di unirsi a una delle 46 strutture regionali dell\u2019India e di ricevere un addestramento sotto la supervisione di acharya (insegnanti) esperti. Gli studenti seguono un programma dettagliato e sistematico, messo a punto da Maharishi stesso, che comprende video conferenze e supporti didattici informatici che assicurano che ogni Pandit riceva un addestramento standardizzato di alto livello. Quando all\u2019et\u00e0 di circa 20 anni questi studenti si diplomano, essi sono completamente esperti nell\u2019esecuzione degli Yagya.<br \/>\nGli Yagya sono una tecnologia senza tempo che appartiene alla tradizione Vedica. Gli Yagya vengono eseguiti dai Pandit per ravvivare quelle leggi della natura che amministrano l\u2019universo che sono necessarie per la realizzazione di desideri specifici. Ad esempio, ogni giorno nel Brahmasthan dell\u2019India, 1.331 Pandit si riuniscono per eseguire l\u2019Atirudrabhishek, un potente Yagya per la pace mondiale.<br \/>\nL\u2019UNESCO ha ufficialmente riconosciuto le recitazioni Vediche come un intangibile patrimonio dell\u2019umanit\u00e0.<\/p>\n<\/div><\/div>\n<div class=\"grid grid-desktop-50 grid-mobile-100\"><div class=\"holder\"><p><img loading=\"lazy\" decoding=\"async\" class=\"alignnone size-full wp-image-107\" src=\"\/wp-content\/uploads\/2014\/04\/post-img-13.jpg\" alt=\"post-img-13\" width=\"435\" height=\"482\" srcset=\"https:\/\/donation.vedicpandits.org\/wp-content\/uploads\/2014\/04\/post-img-13.jpg 435w, https:\/\/donation.vedicpandits.org\/wp-content\/uploads\/2014\/04\/post-img-13-270x300.jpg 270w, https:\/\/donation.vedicpandits.org\/wp-content\/uploads\/2014\/04\/post-img-13-300x332.jpg 300w\" sizes=\"auto, (max-width: 435px) 100vw, 435px\" \/><\/p>\n<\/div><\/div>\n<\/div>\n<div class=\"border-line\">&nbsp;<\/div>\n<div class=\"grid-holder\">\n<div class=\"grid grid-desktop-50 grid-mobile-100\"><div class=\"holder\">\t<a href=\"https:\/\/donation.vedicpandits.org\/it\/peace-creating-group\/maharishi-vedic-pandits\/?image_video=https%3A%2F%2Fwww.youtube.com%2Fwatch%3Fv%3DZQOxpwHk0fQ%3Frel%3D0\" class=\"video-link \">\n<img loading=\"lazy\" decoding=\"async\" class=\"alignnone size-full wp-image-92\" src=\"\/wp-content\/uploads\/2014\/05\/einzelner_pandit_432bright.png\" alt=\"post-img-14\" width=\"432\" height=\"243\" \/><br \/>\n<\/a>\n\n\t\n<\/div><\/div>\n<div class=\"grid grid-desktop-50 grid-mobile-100\"><div class=\"holder\"><h4 id=\"atirudrabhishek\">IMMAGINI E SUONI <\/h4>\n<p>Questa presentazione visiva con traccia audio, in cui si possono ascoltare i Pandit Vedici Maharishi che eseguono uno Yagya, d\u00e0 un\u2019idea dell\u2019attivit\u00e0 dei Pandit Vedici Maharishi.<\/p>\n<\/div><\/div>\n<\/div>\n","protected":false},"excerpt":{"rendered":"<p>L\u2019ADDESTRAMENTO SISTEMATICO DEI PANDIT VEDICI MAHARISHI Fin da bambini gli studenti appartenenti alle famiglie Vediche dell\u2019India seguono un addestramento sistematico per diventare professionisti della pace \u2013 Pandit Vedici Maharishi. Dai 10 ai 20 anni essi seguono un programma di studio speciale messo a punto da Maharishi. Questo programma comprende l\u2019apprendimento della Meditazione Trascendentale e del [&hellip;]<\/p>\n","protected":false},"author":3,"featured_media":202,"parent":4056,"menu_order":1,"comment_status":"open","ping_status":"closed","template":"","meta":{"om_disable_all_campaigns":false,"_monsterinsights_skip_tracking":false,"_monsterinsights_sitenote_active":false,"_monsterinsights_sitenote_note":"","_monsterinsights_sitenote_category":0,"footnotes":""},"class_list":["post-4060","page","type-page","status-publish","has-post-thumbnail","hentry"],"_links":{"self":[{"href":"https:\/\/donation.vedicpandits.org\/it\/wp-json\/wp\/v2\/pages\/4060","targetHints":{"allow":["GET"]}}],"collection":[{"href":"https:\/\/donation.vedicpandits.org\/it\/wp-json\/wp\/v2\/pages"}],"about":[{"href":"https:\/\/donation.vedicpandits.org\/it\/wp-json\/wp\/v2\/types\/page"}],"author":[{"embeddable":true,"href":"https:\/\/donation.vedicpandits.org\/it\/wp-json\/wp\/v2\/users\/3"}],"replies":[{"embeddable":true,"href":"https:\/\/donation.vedicpandits.org\/it\/wp-json\/wp\/v2\/comments?post=4060"}],"version-history":[{"count":9,"href":"https:\/\/donation.vedicpandits.org\/it\/wp-json\/wp\/v2\/pages\/4060\/revisions"}],"predecessor-version":[{"id":15271,"href":"https:\/\/donation.vedicpandits.org\/it\/wp-json\/wp\/v2\/pages\/4060\/revisions\/15271"}],"up":[{"embeddable":true,"href":"https:\/\/donation.vedicpandits.org\/it\/wp-json\/wp\/v2\/pages\/4056"}],"wp:featuredmedia":[{"embeddable":true,"href":"https:\/\/donation.vedicpandits.org\/it\/wp-json\/wp\/v2\/media\/202"}],"wp:attachment":[{"href":"https:\/\/donation.vedicpandits.org\/it\/wp-json\/wp\/v2\/media?parent=4060"}],"curies":[{"name":"wp","href":"https:\/\/api.w.org\/{rel}","templated":true}]}}