{"id":4066,"date":"2014-04-08T09:14:28","date_gmt":"2014-04-08T09:14:28","guid":{"rendered":"https:\/\/vedicpandits.org\/?page_id=4066"},"modified":"2019-01-07T10:52:09","modified_gmt":"2019-01-07T10:52:09","slug":"science-2","status":"publish","type":"page","link":"https:\/\/donation.vedicpandits.org\/it\/peace-creating-group\/science-2\/","title":{"rendered":"La scienza"},"content":{"rendered":"<h4>LE RICERCHE SCIENTIFICHE A SOSTEGNO DELL\u2019EFFICACIA DEL GRUPPO DI PANDIT <\/h4>\n<p>Lo scopo principale di avere un grande gruppo di Pandit Vedici \u00e8 di creare un effetto di coerenza e armonia nella coscienza mondiale. <\/p>\n<p>Le ricerche scientifiche hanno dimostrato che le tendenze negative si riducono e quelle positive si rafforzano quando un numero sufficiente di persone pratica la Meditazione Trascendentale e il programma avanzato MT-Sidhi. <\/p>\n<p>Questi effetti benefici sono stati osservati quando <\/p>\n<ul>\n<li>l\u20191% della popolazione pratica la Meditazione Trascendentale o quando<\/li>\n<li>la radice quadrata dell\u20191% della popolazione pratica il programma di MT-Sidhi, compreso il Volo Yoga, in un unico luogo. <\/li>\n<\/ul>\n<p>Questo fenomeno \u00e8 noto col nome di Effetto Maharishi, in onore di Maharishi che l\u2019ha previsto nel 1960, cinquant\u2019anni prima che cominciasse a essere convalidato empiricamente dalle ricerche scientifiche.<br \/>\n<div class=\"grid-holder\">\n<div class=\"grid grid-desktop-50 grid-mobile-100 zoom-image-holder\"><div class=\"holder\"><h4>LA RICERCA CONDOTTA A WASHINGTON <\/h4>\n<p>Quando, per diverse settimane nell\u2019estate del 1993, un gruppo di 4.000 Volatori Yoga si \u00e8 riunito a Washington DC, si \u00e8 riscontrata una riduzione di circa il 25% del crimine violento (vedere grafico in basso). Questa ricerca \u00e8 stata pubblicata nel 1999 dalla rivista peer-reviewed Social Indicators Research.  <em>Social Indicators Research 1999 47(2):153-201.<\/em><\/p>\n<p><!--<a href=\"\/wp-content\/uploads\/2014\/05\/washington_reduced_crime.jpg\"><img loading=\"lazy\" decoding=\"async\" class=\"alignnone size-full wp-image-83\" src=\"\/wp-content\/uploads\/2014\/05\/washington_reduced_crime.jpg\" alt=\"post-img-2\" width=\"320\" height=\"250\" \/><\/a>--><\/p>\n<p><a href=\"\/wp-content\/uploads\/2014\/04\/washington_crime_chart_italian.png\"><img loading=\"lazy\" decoding=\"async\" src=\"\/wp-content\/uploads\/2014\/04\/washington_crime_chart_italian.png\" alt=\"washington_crime_chart_italian\" width=\"513\" height=\"348\" class=\"alignleft size-full wp-image-4955\" srcset=\"https:\/\/donation.vedicpandits.org\/wp-content\/uploads\/2014\/04\/washington_crime_chart_italian.png 513w, https:\/\/donation.vedicpandits.org\/wp-content\/uploads\/2014\/04\/washington_crime_chart_italian-300x204.png 300w, https:\/\/donation.vedicpandits.org\/wp-content\/uploads\/2014\/04\/washington_crime_chart_italian-430x291.png 430w\" sizes=\"auto, (max-width: 513px) 100vw, 513px\" \/><\/a><\/p>\n<\/div><\/div>\n<div class=\"grid grid-desktop-50 grid-mobile-100\"><div class=\"holder\"><p><img loading=\"lazy\" decoding=\"async\" class=\"alignnone size-full wp-image-85\" src=\"\/wp-content\/uploads\/2014\/04\/post-img-1.jpg\" alt=\"post-img-1\" width=\"435\" height=\"400\" srcset=\"https:\/\/donation.vedicpandits.org\/wp-content\/uploads\/2014\/04\/post-img-1.jpg 435w, https:\/\/donation.vedicpandits.org\/wp-content\/uploads\/2014\/04\/post-img-1-300x275.jpg 300w\" sizes=\"auto, (max-width: 435px) 100vw, 435px\" \/><\/p>\n<\/div><\/div>\n<\/div>\n<h4>PROGRAMMA PER IL MONDO INTERO<\/h4>\n<p>L\u2019evidenza mostra che un gruppo di Volatori Yoga pari alla radice quadrata dell\u20191% di una popolazione \u00e8 in grado di portare pace a tale popolazione. Poich\u00e9 la radice quadrata dell\u20191% della popolazione mondiale di 7 miliardi \u00e8 circa  8.400, l\u2019obiettivo \u00e8 di creare un gruppo di 9.000 Pandit Vedici. <\/p>\n<div class=\"border-line\">&nbsp;<\/div>\n<h4>TEORIA SCIENTIFICA PER I GRUPPI CREATORI DI PACE <\/h4>\n<p>La spiegazione teorica della potente influenza sulla criminalit\u00e0 e sullo stress sociale, creata da un gruppo di persone che meditano, utilizza il modello teorico di un \u201ccampo di coscienza\u201d, nel quale la coscienza, al suo livello pi\u00f9 profondo, \u00e8 quel campo che sottende e collega gli individui dell\u2019intera societ\u00e0. Questa teoria \u00e8 coerente con le pi\u00f9 recenti scoperte della fisica, della fisiologia e della neuroscienza.<\/p>\n<div class=\"grid-holder\">\n<div class=\"grid grid-desktop-50 grid-mobile-100\"><div class=\"holder\"><p>La fisica moderna, ad esempio, ha localizzato livelli pi\u00f9 unificati del funzionamento della natura a scale spazio-temporali sempre pi\u00f9 piccole, culminanti nella scoperta del campo unificato (il \u2018campo delle superstringhe\u2019) che sottende e collega tutte le diverse forze e particelle dell\u2019universo (vedere grafico a destra). <\/p>\n<p>Allo stesso modo la Meditazione Trascendentale e il programma di MT-Sidhi danno l\u2019esperienza diretta di livelli pi\u00f9 quieti e profondi del pensiero, fino all\u2019esperienza del campo unificato presente alla base della mente e della materia. La pratica di gruppo stimola potentemente questo campo unificato universale della coscienza collettiva, creando un\u2019influenza coerente in tutta la societ\u00e0.<\/p>\n<\/div><\/div>\n<div class=\"grid grid-desktop-50 grid-mobile-100 zoom-image-holder\"><div class=\"holder\"><p><!--<a href=\"\/wp-content\/uploads\/2014\/05\/uf-chart.jpg\"><img loading=\"lazy\" decoding=\"async\" class=\"alignnone size-full wp-image-90\" src=\"\/wp-content\/uploads\/2014\/05\/uf-chart.jpg\" alt=\"post-img-3\" width=\"320\" height=\"250\" \/><\/a>--><\/p>\n<p><a href=\"\/wp-content\/uploads\/2014\/04\/unified_field_chart_italian.jpg\"><img loading=\"lazy\" decoding=\"async\" src=\"\/wp-content\/uploads\/2014\/04\/unified_field_chart_italian.jpg\" alt=\"unified_field_chart_italian\" width=\"600\" height=\"437\" class=\"alignleft size-full wp-image-4957\" srcset=\"https:\/\/donation.vedicpandits.org\/wp-content\/uploads\/2014\/04\/unified_field_chart_italian.jpg 600w, https:\/\/donation.vedicpandits.org\/wp-content\/uploads\/2014\/04\/unified_field_chart_italian-300x219.jpg 300w\" sizes=\"auto, (max-width: 600px) 100vw, 600px\" \/><\/a><\/p>\n<\/div><\/div>\n<\/div>\n<p>Ricerche scientifiche che misurano l\u2019effetto della Meditazione Trascendentale sulla societ\u00e0, hanno stabilito che l\u2019influenza di pace generata da un gruppo di persone che pratica la Meditazione Trascendentale cresce in proporzione alla radice quadrata della dimensione del gruppo. Se il gruppo \u00e8 costituito da Volatori Yoga \u2013 persone addestrate nel programma avanzato di MT-Sidhi \u2013 le ricerche mostrano che \u00e8 sufficiente la radice quadrata dell\u20191% della popolazione per creare una grande influenza positiva. <\/p>\n<p>Ci\u00f2 significa che sono necessarie solo poche centinaia o poche migliaia di individui per produrre un effetto estremamente potente e scientificamente dimostrabile di pace, armonia e prosperit\u00e0 nell\u2019ambiente circostante \u2013 persino su scala nazionale o globale. Per il mondo intero \u00e8 necessario un gruppo di 9.000 (all\u2019incirca la radice quadrata dell\u20191% della popolazione mondiale). Ecco perch\u00e9 vogliamo creare un gruppo di Pandit Vedici Maharishi di queste dimensioni in India.<br \/>\n<div class=\"border-line\">&nbsp;<\/div>\n<h4 id=\"science_hagelin\">EFFETTO CAMPO A LIVELLO DELLA COSCIENZA<\/h4>\n<p>Com\u2019\u00e8 possibile che individui che praticano la Meditazione Trascendentale da soli nelle loro case o nei loro uffici, o insieme in gruppo, possano influenzare altre persone delle loro citt\u00e0, dei loro paesi o persino del mondo intero che ancora non meditano?<\/p>\n<div class=\"grid-holder\">\n<div class=\"grid grid-desktop-50 grid-mobile-100\"><div class=\"holder\">\t<a href=\"https:\/\/donation.vedicpandits.org\/it\/peace-creating-group\/science-2\/?image_video=https%3A%2F%2Fwww.youtube.com%2Fwatch%3Fv%3DyVFa6Wtuxu8%3Frel%3D0\" class=\"video-link \">\n<img loading=\"lazy\" decoding=\"async\" class=\"alignnone size-full wp-image-92\" src=\"\/wp-content\/uploads\/2014\/04\/post-img-14.jpg\" alt=\"post-img-14\" width=\"433\" height=\"321\" srcset=\"https:\/\/donation.vedicpandits.org\/wp-content\/uploads\/2014\/04\/post-img-14.jpg 433w, https:\/\/donation.vedicpandits.org\/wp-content\/uploads\/2014\/04\/post-img-14-300x222.jpg 300w\" sizes=\"auto, (max-width: 433px) 100vw, 433px\" \/><br \/>\n<\/a>\n\n\t\n<\/div><\/div>\n<div class=\"grid grid-desktop-50 grid-mobile-100\"><div class=\"holder\"><p>\u00c8 possibile perch\u00e9 l\u2019influenza prodotta dai gruppi di persone che meditano si propaga attraverso un campo sottostante esattamente allo stesso modo in cui si pu\u00f2 ascoltare un programma radio che viene trasmesso dall\u2019altra parte del mondo. Nel caso della radio \u00e8 il campo elettromagnetico che collega la stazione trasmittente con la radio. Nel nostro caso invece \u00e8 il campo della coscienza che collega chi medita col resto della popolazione. Onde di coerenza si diffondono dai gruppi che creano la pace attraverso il campo della coscienza e producono un\u2019influenza benefica e misurabile in tutta la societ\u00e0.<\/p>\n\t<a href=\"https:\/\/donation.vedicpandits.org\/it\/peace-creating-group\/science-2\/?image_video=https%3A%2F%2Fwww.youtube.com%2Fwatch%3Fv%3DyVFa6Wtuxu8%3Frel%3D0\" class=\"video-link no-pointer\"> \tVideo del fisico quantistico John Hagelin in cui egli spiega l\u2019effetto campo.<\/p>\n<\/a>\n\n\t\n<\/div><\/div>\n<\/div>\n<p>&nbsp;<\/p>\n<h5>I SISTEMI COERENTI SONO PI\u00d9 POTENTI \u2013 ESEMPIO DEL LASER <\/h5>\n<p>Perch\u00e9 \u00e8 necessario soltanto un numero relativamente piccolo di persone in un gruppo creatore di pace per creare un\u2019influenza benefica sull\u2019intera popolazione? La fisica ha accertato che un sistema che funziona in modo coerente ha un potere maggiore di uno che funziona in modo incoerente. <\/p>\n<p>Prendiamo ad esempio la luce laser, in cui le onde luminose sono state regolate per poter funzionare in modo coerente, e cio\u00e8 in modo che i picchi e le valli di ogni onda siano allineati con quelli di tutte le altre onde. La luce laser \u00e8 molto pi\u00f9 potente della luce emessa da una lampadina ordinaria. In realt\u00e0 la dimensione dell\u2019effetto della luce laser \u00e8 proporzionale  alla radice quadrata del numero delle onde &#8211; perci\u00f2 100 onde che funzionano coerentemente producono l\u2019effetto di 10.000 (100<sup>2<\/sup>) onde ordinarie.<\/p>\n<p>Allo stesso modo un grande gruppo di persone, che pratica il programma di MT-Sidhi, ravviva il campo della coscienza a un livello quieto e coerente, e produce un effetto di pace molto pi\u00f9 potente di quanto non possano fare gli stessi individui singolarmente.<\/p>\n","protected":false},"excerpt":{"rendered":"<p>LE RICERCHE SCIENTIFICHE A SOSTEGNO DELL\u2019EFFICACIA DEL GRUPPO DI PANDIT Lo scopo principale di avere un grande gruppo di Pandit Vedici \u00e8 di creare un effetto di coerenza e armonia nella coscienza mondiale. Le ricerche scientifiche hanno dimostrato che le tendenze negative si riducono e quelle positive si rafforzano quando un numero sufficiente di persone [&hellip;]<\/p>\n","protected":false},"author":3,"featured_media":3087,"parent":4056,"menu_order":2,"comment_status":"open","ping_status":"closed","template":"template-science.php","meta":{"om_disable_all_campaigns":false,"_monsterinsights_skip_tracking":false,"_monsterinsights_sitenote_active":false,"_monsterinsights_sitenote_note":"","_monsterinsights_sitenote_category":0,"footnotes":""},"class_list":["post-4066","page","type-page","status-publish","has-post-thumbnail","hentry"],"_links":{"self":[{"href":"https:\/\/donation.vedicpandits.org\/it\/wp-json\/wp\/v2\/pages\/4066","targetHints":{"allow":["GET"]}}],"collection":[{"href":"https:\/\/donation.vedicpandits.org\/it\/wp-json\/wp\/v2\/pages"}],"about":[{"href":"https:\/\/donation.vedicpandits.org\/it\/wp-json\/wp\/v2\/types\/page"}],"author":[{"embeddable":true,"href":"https:\/\/donation.vedicpandits.org\/it\/wp-json\/wp\/v2\/users\/3"}],"replies":[{"embeddable":true,"href":"https:\/\/donation.vedicpandits.org\/it\/wp-json\/wp\/v2\/comments?post=4066"}],"version-history":[{"count":11,"href":"https:\/\/donation.vedicpandits.org\/it\/wp-json\/wp\/v2\/pages\/4066\/revisions"}],"predecessor-version":[{"id":20253,"href":"https:\/\/donation.vedicpandits.org\/it\/wp-json\/wp\/v2\/pages\/4066\/revisions\/20253"}],"up":[{"embeddable":true,"href":"https:\/\/donation.vedicpandits.org\/it\/wp-json\/wp\/v2\/pages\/4056"}],"wp:featuredmedia":[{"embeddable":true,"href":"https:\/\/donation.vedicpandits.org\/it\/wp-json\/wp\/v2\/media\/3087"}],"wp:attachment":[{"href":"https:\/\/donation.vedicpandits.org\/it\/wp-json\/wp\/v2\/media?parent=4066"}],"curies":[{"name":"wp","href":"https:\/\/api.w.org\/{rel}","templated":true}]}}