{"id":4085,"date":"2014-04-08T07:10:00","date_gmt":"2014-04-08T07:10:00","guid":{"rendered":"https:\/\/vedicpandits.org\/?page_id=4085"},"modified":"2016-01-17T09:52:25","modified_gmt":"2016-01-17T09:52:25","slug":"yagya","status":"publish","type":"page","link":"https:\/\/donation.vedicpandits.org\/it\/yagya\/","title":{"rendered":"Yagya"},"content":{"rendered":"<h4>YAGYA MAHARISHI? <\/h4>\n<p>Le donazioni a sostegno del gruppo dei Pandit Vedici Maharishi dell\u2019India contribuiscono anche a finanziare speciali esecuzioni dei Pandit chiamate Yagya. Questi Yagya utilizzano la scienza del suono per creare una molteplicit\u00e0 di effetti benefici per il tuo paese Yagya Nazionali e per te stesso Yagya Speciali.<\/p>\n<div class=\"border-line\">&nbsp;<\/div>\n<div class=\"grid-holder\">\n<div class=\"grid grid-desktop-50 grid-mobile-100\">\n<div class=\"holder button\">\n<a class=\"btn btn-large btn-full\" href=\"https:\/\/donation.vedicpandits.org\/yagya\/national-yagya\/\"> > Yagya Nazionali <\/a>\n<\/div>\n<\/div>\n<div class=\"grid grid-desktop-50 grid-mobile-100\">\n<div class=\"holder button\">\n<a class=\"btn btn-large btn-full \" href=\"https:\/\/donation.vedicpandits.org\/yagya\/special-yagya\/\"> > Yagya Speciali <\/a>\n<\/div>\n<\/div>\n<\/div>\n<p><\/p>\n<div class=\"border-line\">&nbsp;<\/div>\n<h4>COSA SONO GLI YAGYA? <\/h4>\n<p>Gli Yagya, una tecnologia Vedica tradizionale la cui efficacia \u00e8 stata dimostrata nel tempo, hanno lo scopo di prevenire i problemi e aumentare il successo e la fortuna ad ogni livello della vita. L\u2019UNESCO ha dichiarato che la  tradizione delle recitazioni Vediche \u00e8 un patrimonio intangibile dell\u2019umanit\u00e0.<br \/>\n<div class=\"border-line\">&nbsp;<\/div>\n<div class=\"grid-holder\">\n<div class=\"grid grid-desktop-50 grid-mobile-100\"><div class=\"holder\"><h4>CHE COSA C\u2019\u00c8 DI SPECIALE NEGLI YAGYA MAHARISHI? <\/h4>\n<p>Maharishi Mahesh Yogi ha dedicato molti anni per ripristinare nella sua completezza e in tutta la sua forza l\u2019antica tecnologia degli Yagya. Egli ha riportato alla luce la comprensione fondamentale che i Mantra Vedici devono essere recitati con la consapevolezza stabilizzata al livello Para (trascendentale) del parlare, dove il collegamento tra suono e forma \u2015 tra il desiderio e la realizzazione del desiderio \u2015 \u00e8 molto profondo e potente. Maharishi ha definito due aspetti come essenziali per una corretta esecuzione degli Yagya Vedici:<\/p>\n<p>Il primo \u00e8 che, grazie alla pratica quotidiana del programma di Meditazione Trascendentale e MT-Sidhi, i Pandit Vedici Maharishi sperimentano stati molto quieti di consapevolezza. Il risultato \u00e8 che la sorgente trascendentale del parlare viene ravvivata ancora prima della recitazione e dell\u2019esecuzione degli Yagya. I Pandit eseguono quindi gli Yagya da questo livello molto quieto della coscienza coinvolgendo i livelli pi\u00f9 profondi della Legge Naturale.<\/p>\n<p>Il secondo \u00e8 che i Pandit Vedici Maharishi ricevono una formazione che \u00e8 unica nel suo genere. Operando per decenni a stretto contatto con i Pandit pi\u00f9 riveriti e rinomati dell&#8217;India Maharishi ha messo a punto un percorso di formazione per i Pandit Vedici molto dettagliato e completo. Con questa formazione i Pandit imparano la pratica corretta e l\u2019esatta pronuncia che ne garantisce la loro piena efficacia tradizionale.<\/p>\n<p>Questo \u00e8 il motivo per cui gli Yagya Maharishi hanno un effetto cos\u00ec potente e vasto.<\/p>\n<\/div><\/div>\n<div class=\"grid grid-desktop-50 grid-mobile-100\"><div class=\"holder\"><p><img loading=\"lazy\" decoding=\"async\" class=\"alignright size-full wp-image-261\" src=\"\/wp-content\/uploads\/2014\/04\/CHANTING-PANDIT-EYES-CLOSED432.jpg\" alt=\"CHANTING PANDIT EYES CLOSED432\" width=\"432\" height=\"516\" srcset=\"https:\/\/donation.vedicpandits.org\/wp-content\/uploads\/2014\/04\/CHANTING-PANDIT-EYES-CLOSED432.jpg 432w, https:\/\/donation.vedicpandits.org\/wp-content\/uploads\/2014\/04\/CHANTING-PANDIT-EYES-CLOSED432-251x300.jpg 251w, https:\/\/donation.vedicpandits.org\/wp-content\/uploads\/2014\/04\/CHANTING-PANDIT-EYES-CLOSED432-300x358.jpg 300w\" sizes=\"auto, (max-width: 432px) 100vw, 432px\" \/><\/p>\n<\/div><\/div>\n<\/div>\n","protected":false},"excerpt":{"rendered":"<p>YAGYA MAHARISHI? Le donazioni a sostegno del gruppo dei Pandit Vedici Maharishi dell\u2019India contribuiscono anche a finanziare speciali esecuzioni dei Pandit chiamate Yagya. Questi Yagya utilizzano la scienza del suono per creare una molteplicit\u00e0 di effetti benefici per il tuo paese Yagya Nazionali e per te stesso Yagya Speciali. > Yagya Nazionali > Yagya Speciali [&hellip;]<\/p>\n","protected":false},"author":3,"featured_media":183,"parent":0,"menu_order":0,"comment_status":"open","ping_status":"closed","template":"","meta":{"om_disable_all_campaigns":false,"_monsterinsights_skip_tracking":false,"_monsterinsights_sitenote_active":false,"_monsterinsights_sitenote_note":"","_monsterinsights_sitenote_category":0,"footnotes":""},"class_list":["post-4085","page","type-page","status-publish","has-post-thumbnail","hentry"],"_links":{"self":[{"href":"https:\/\/donation.vedicpandits.org\/it\/wp-json\/wp\/v2\/pages\/4085","targetHints":{"allow":["GET"]}}],"collection":[{"href":"https:\/\/donation.vedicpandits.org\/it\/wp-json\/wp\/v2\/pages"}],"about":[{"href":"https:\/\/donation.vedicpandits.org\/it\/wp-json\/wp\/v2\/types\/page"}],"author":[{"embeddable":true,"href":"https:\/\/donation.vedicpandits.org\/it\/wp-json\/wp\/v2\/users\/3"}],"replies":[{"embeddable":true,"href":"https:\/\/donation.vedicpandits.org\/it\/wp-json\/wp\/v2\/comments?post=4085"}],"version-history":[{"count":5,"href":"https:\/\/donation.vedicpandits.org\/it\/wp-json\/wp\/v2\/pages\/4085\/revisions"}],"predecessor-version":[{"id":7880,"href":"https:\/\/donation.vedicpandits.org\/it\/wp-json\/wp\/v2\/pages\/4085\/revisions\/7880"}],"wp:featuredmedia":[{"embeddable":true,"href":"https:\/\/donation.vedicpandits.org\/it\/wp-json\/wp\/v2\/media\/183"}],"wp:attachment":[{"href":"https:\/\/donation.vedicpandits.org\/it\/wp-json\/wp\/v2\/media?parent=4085"}],"curies":[{"name":"wp","href":"https:\/\/api.w.org\/{rel}","templated":true}]}}