{"id":4093,"date":"2014-04-10T12:57:22","date_gmt":"2014-04-10T12:57:22","guid":{"rendered":"https:\/\/vedicpandits.org\/?page_id=4093"},"modified":"2023-03-15T18:04:15","modified_gmt":"2023-03-15T18:04:15","slug":"special-yagya","status":"publish","type":"page","link":"https:\/\/donation.vedicpandits.org\/it\/yagya\/special-yagya\/","title":{"rendered":"Yagya Speciali"},"content":{"rendered":"<h4>YAGYA SPECIALI MAHARISHI<\/h4>\n<p>Le Yagya Speciali sono essenzialmente un mezzo per creare pace e prosperit\u00e0 per la nostra famiglia mondiale.<br \/>\nPossiamo richiedere una Yagya Speciale per noi stessi o per parenti ed amici. In questo caso anche noi, come donatori, ne otterremo benefici.<\/p>\n<p>Maharishi ha progettato una selezione davvero unica di Yagya Speciali per una generale promozione della crescita personale e per aumentare la buona fortuna dei destinatari. Queste Yagya Speciali portano le benedizioni della Natura ai singoli individui e alle famiglie. Esse possono essere eseguite in occasione di compleanni, di matrimoni, di anniversari di matrimonio e per i bambini appena nati, e cio\u00e8 in particolari momenti chiave, di transizione, nei quali il sostegno delle specifiche Leggi di Natura \u00e8 particolarmente vivace e accessibile.<\/p>\n<p>Recentemente abbiamo messo a disposizione una nuova Yagya Speciale per la promozione del benessere \u2013 la Well-Being Yagya \u2013 che pu\u00f2 essere eseguita pressoch\u00e9 in qualsiasi giorno si scelga. Pu\u00f2 essere eseguita tutte le volte che si vuole nel corso dell&#8217;anno, anche ogni mese. Al momento dell&#8217;ordine, si sceglie la data desiderata per l&#8217;esecuzione della Yagya per il Benessere.<\/p>\n<p>Tutte le Yagya Speciali possono essere richieste per se stessi, per i propri familiari o per i propri amici. Ognuna di queste importanti esecuzioni di Yagya ravviva la vita profondamente, dal livello fondamentale del campo unificato stesso. In tal modo, non viene solo promossa l&#8217;evoluzione dell&#8217;individuo, ma si contribuire anche a sciogliere la disarmonia e a promuovere la pace e il progresso in tutta la societ\u00e0.<\/p>\n<div style=\"padding:10px; background-color:white;\">\n<div style=\"border-size:2px;border-style:solid;border-color:#e4bb4b;\">\n<div style=\"text-align: center; padding-top:10px; padding-right:5px; padding-bottom:0px; padding-left:5px;\">\n&nbsp;<\/p>\n<h4>ANNUNCIO SPECIALE DI RAJA HARRIS \u2013 ESTENSIONE A PI\u00d9 GIORNI<\/h4>\n<\/div>\n<div style=\"text-align: left; padding-top:20px; padding-right:20px; padding-bottom:40px; padding-left:20px;\">Sulla base delle loro esperienze positive con le Yagya Speciali, molti hanno chiesto se queste Yagya potessero essere prolungate per pi\u00f9 di un giorno. Da una consultazione con i leader dei Pandit \u00e8 emersa la possibilit\u00e0 di offrire anche Yagya Speciali di due o tre giorni. Per renderle pi\u00f9 accessibili, il costo giornaliero di queste Yagya \u00e8 stato ridotto.<\/p>\n<\/div>\n<\/div>\n<\/div>\n<p>&nbsp;<\/p>\n<div class=\"grid-holder\">\n<div class=\"grid grid-desktop-50 grid-mobile-100\"><div class=\"holder\"><p><strong>Clicca qui sotto per selezionare il tipo di Yagya:<\/strong><\/p>\n<p>La differenza tra i diversi livelli di Yagya \u00e8 che un livello superiore di Yagya viene eseguito da un numero maggiore di Pandit. Questo rende gli Yagya significativamente pi\u00f9 potenti. <\/p>\n<ul>\n<li><a href=\"https:\/\/sponsor.specialyagyas.org\/bwb.php?site=vp&#038;bwb=birthday\" rel=\"noopener\" target=\"_blank\">Compleanno: eseguito nel giorno del compleanno<\/a>\n<p>Yagya di un giorno: Seguenti livelli: 1,000 $ | 2,500 $<br \/>\nYagya di due giorni: Seguenti livelli: 1,500 $ | 3,000 $<br \/>\nYagya di tre giorni: Seguenti livelli: 2,000 $ | 3,500 $<\/p>\n<li><a href=\"https:\/\/sponsor.specialyagyas.org\/bwb.php?site=vp&#038;bwb=well-being\" rel=\"noopener\" target=\"_blank\">la Well-Being Yagya: pu\u00f2 essere fatto il giorno che scegli<\/a>\n<p>Yagya di un giorno: Seguenti livelli: 1.000 $| 2.500 $<br \/>\nYagya di due giorni: Seguenti livelli: 1,500 $ | 3,000 $<br \/>\nYagya di tre giorni: Seguenti livelli: 2,000 $ | 3,500 $<\/p>\n<li><a href=\"https:\/\/sponsor.specialyagyas.org\/wedding.php?site=vp&#038;waw=w\" rel=\"noopener\" target=\"_blank\">Matrimonio: eseguito nel giorno del matrimonio<\/a>\n<p>Yagya di un giorno: Seguenti livelli: 1,500 $ | 3,000 $<br \/>\nYagya di due giorni: Seguenti livelli: 2,000 $ | 3,500 $<br \/>\nYagya di tre giorni: Seguenti livelli: 2,500 $ | 4,000 $<\/p>\n<li><a href=\"https:\/\/sponsor.specialyagyas.org\/wedding.php?site=vp&#038;waw=wa\" rel=\"noopener\" target=\"_blank\">Anniversario di matrimonio: eseguito nel giorno dell\u2019anniversario di matrimonio<\/a>\n<p>Yagya di un giorno: Seguenti livelli: 1.500 $| 3,000 $<br \/>\nYagya di due giorni: Seguenti livelli: 2,000 $ | 3,500 $<br \/>\nYagya di tre giorni: Seguenti livelli: 2,500 $ | 4,000 $<\/p>\n<li><a href=\"https:\/\/sponsor.specialyagyas.org\/newborn.php?site=vp\" rel=\"noopener\" target=\"_blank\">Nascita di un bambino: eseguito per il bambino, 40 giorni dopo la nascita<\/a>\n<p>Yagya di un giorno: Seguenti livelli: 1.000 $| 2.500 $<br \/>\nYagya di due giorni: Seguenti livelli: 1,500 $ | 3,000 $<br \/>\nYagya di tre giorni: Seguenti livelli: 2,000 $ | 3,500 $<\/p>\n<\/ul>\n<\/div><\/div>\n<div class=\"grid grid-desktop-50 grid-mobile-100\"><div class=\"holder\"><p><img loading=\"lazy\" decoding=\"async\" class=\"alignleft size-full wp-image-423\" src=\"\/wp-content\/uploads\/2014\/04\/pandits_5320.jpg\" alt=\"pandits_5320\" width=\"432\" height=\"326\" srcset=\"https:\/\/donation.vedicpandits.org\/wp-content\/uploads\/2014\/04\/pandits_5320.jpg 432w, https:\/\/donation.vedicpandits.org\/wp-content\/uploads\/2014\/04\/pandits_5320-300x226.jpg 300w\" sizes=\"auto, (max-width: 432px) 100vw, 432px\" \/><\/p>\n<\/div><\/div>\n<\/div>\n<p>Le Yagya Speciali sono amministrate dalla Brahmananda Saraswati Yagya Foundation, un ente di beneficenza con sede negli USA.<br \/>\nLe donazioni per gli Yagya Speciali hanno come destinatario la Fondazione Brahmananda Saraswati Yagya (BSYF), che \u00e8 un\u2019organizzazione no-profit statunitense.<\/p>\n<div class=\"border-line\">&nbsp;<\/div>\n<h4>COME RICHIEDERLI<\/h4>\n<p>Richiedere uno Yagya Speciale Maharishi \u00e8 facile. La richiesta e il pagamento possono essere effettuati online. Clicca sul pulsante arancione in basso &#8216;RICHIEDI UNO YAGYA SPECIALE&#8217;.<\/p>\n<p><strong>Ti preghiamo di inviare la tua richiesta con almeno una settimana di anticipo.<\/strong> Ti servir\u00e0 indicare la tua citt\u00e0 e data di nascita.<\/p>\n<p>Per ulteriori informazioni consulta la sezione Domande Frequenti che trovi in fondo a questa pagina. Puoi inoltrare eventuali altre domande a:<br \/>\n<a href=\"mailto:specialyagyas@vedicpandits.org\">specialyagyas@vedicpandits.org<\/a><\/p>\n<p>Sono accettati pagamenti tramite: Visa, MasterCard, American Express, e PayPal.<\/p>\n<div class=\"border-line\">&nbsp;<\/div>\n\t<p style=\"text-align: center\">\n\t\t<a href=\"https:\/\/sponsor.specialyagyas.org\/apply.php?site=vp\"   class=\"btn btn-large tooltipster\" title=\"Le Yagya Speciali sono amministrate dalla Brahmananda Saraswati Yagya Foundation, un ente di beneficenza con sede negli USA. Clicca qui per andare al suo sito.\"> > \n\t\t\tRICHIEDI UNO YAGYA SPECIALE\t\t<\/a>\n\t<\/p>\n\n\t\n<div class=\"border-line\">&nbsp;<\/div>\n<p style=\"text-align: left;\"><strong> E &#8216;stata un&#8217;esperienza meravigliosa<\/strong>\u00a0\u00a0 \u201cQuesto \u00e8 stato il mio primo Yagya Maharishi ed \u00e8 stata un\u2019esperienza meravigliosa. Ho in mente di farne uno ogni anno. Sin dalla notte prima del mio compleanno ho sperimentato intense onde di beatitudine. Da allora in poi molti problemi che avevo da lungo tempo si sono risolti (ed \u00e8 stato un notevole sollievo) e mi sento anche pi\u00f9 gioioso e contento. Se incontro ostacoli durante il giorno sembra che si dissolvano pi\u00f9 facilmente e le mie azioni sembrano pi\u00f9 efficienti. Grazie per rendere questi yagya disponibili\u201d. &#8211; Canada<\/p>\n<div class=\"accordion\"><div class=\"accordion-entry\"><em><a href=\"#\">&gt; Qui di seguito puoi vedere le esperienze riportate da persone che hanno fatto Yagya per il Compleanno, il Matrimonio o l\u2019Anniversario di Matrimonio.<\/a><\/em><div class=\"hidden-content\">\n<p style=\"text-align: left;\"><strong>Ogni cosa funzionava senza sforzo\u00a0<\/strong> \u201cNel giorno del mio compleanno sono rimasto sorpreso nel notare che tutto intorno a me funzionava senza sforzo, quietamente e dolcemente. \u00c8 stato chiaramente diverso dagli altri compleanni. Grazie a coloro che l\u2019hanno organizzato\u201d. &#8211; Canada<\/p>\n<p style=\"text-align: left;\"><strong>Il pi\u00f9 felice che io ricordi  <\/strong>\u00a0  &#8220;Alcune situazioni che erano stagnanti hanno iniziato a muoversi nella giusta direzione. Il mio compleanno \u00e8 stato il pi\u00f9 felice che io ricordi in tanti anni. \u00c8 stata una settimana piena di festeggiamenti, cosa che probabilmente non ho avuto nemmeno nei miei giorni migliori di adolescente. Sono molto soddisfatto dei risultati di questo Yagya. Non vedo l\u2019ora che arrivi il prossimo compleanno.&#8221; &#8211; Italia<\/p>\n<p style=\"text-align: left;\"><strong>Mi sento benedetto \u00a0 <\/strong>&#8220;C&#8217;\u00e8 stato un cambiamento definitivo nella coscienza a partire dal momento dello Yagya. Mi sento davvero benedetto. E d\u2019ora in poi far\u00f2 senz\u2019altro in modo da avere uno Yagya di compleanno ogni anno.&#8221; &#8211; Gran Bretagna<\/p>\n<p style=\"text-align: left;\"><strong>Il Sorriso Cosmico <\/strong>\u00a0\u00a0 &#8220;L&#8217;esperienza \u00e8 davvero cosmica e unifica tutti i livelli dell&#8217;esistenza umana nel sorriso cosmico. Ci si sente come se ci venisse versata addosso della polvere d&#8217;oro. Grazie a tutti i Pandit Vedici che eseguono gli Yagya e a tutta la Tradizione Vedica che ci ha trasmesso questa pura conoscenza divina!\u201d &#8211; Serbia<\/p>\n<p style=\"text-align: left;\"><strong> E &#8216;stata un&#8217;esperienza meravigliosa<\/strong>\u00a0\u00a0 &#8220;Questa era la mia prima Maharishi Yagya ed \u00e8 stata un&#8217;esperienza meravigliosa. Ho intenzione di averne uno ogni anno. Avvio la notte prima del mio compleanno mi sentivo intense ondate di beatitudine. Nel tempo da allora molte questioni che aveva avuto per lungo tempo sono state risolte (che era piuttosto un sollievo) e ho anche sono sentita pi\u00f9 felice e di contenuto. Se ostacoli derivano in un giorno per giorno sembrano dissolversi pi\u00f9 facilmente e le mie azioni sembrano pi\u00f9 efficiente. Grazie per aver reso queste Yagya disponibile &#8220;. &#8211; Canada<\/p>\n<p style=\"text-align: left;\"><strong>L&#8217;influenza \u00e8 stata evidente <\/strong>\u00a0\u00a0 \u201cNon avevamo previsto che lo Yagya ci coinvolgesse cos\u00ec direttamente, ma l&#8217;influenza \u00e8 stata evidente. Mi ha ricordato l\u2019effetto di un corso con lunghi cicli di meditazione. Difficile da descrivere, ma impossibile non notarlo\u201d. &#8211; USA<\/p>\n<p style=\"text-align: left;\"><strong>\u00c8 accaduto qualcosa di molto speciale  <\/strong>\u00a0  &#8220;Non appena ho pagato per l\u2019esecuzione di uno Yagya per l&#8217;anniversario di matrimonio \u00e8 accaduto qualcosa di molto speciale nel nostro rapporto. Ora \u00e8 come se tutto fosse cos\u00ec pulito, cos\u00ec trasparente! \u00c8 straordinario come uno Yagya possa funzionare \u2026 fin da quando lo si paga.&#8221; &#8211; Olanda<\/p>\n<p style=\"text-align: left;\"><strong>Ancorati all\u2019Assoluto<\/strong>\u00a0 \u201cEntrambi ci siamo sentiti ancorati all\u2019Assoluto per tutto il tempo: ci sentivamo davvero inamovibili! Inutile dire che aspettiamo impazienti il prossimo Yagya\u201d. &#8211; USA<\/p>\n<p style=\"text-align: left;\"><strong>Lo Yagya ha spazzato via le passate stanchezze e paure\u00a0\u00a0<\/strong>&#8220;Ho avuto delle belle esperienze per tutta la giornata. Mi sono sentito molto felice, a mio agio e tutte le mie attivit\u00e0 scorrevano in modo pi\u00f9 tranquillo e rilassato del solito. Ancora adesso mi sento pieno di speranza e la mia intera vita quotidiana sembra sostenuta da un &#8216;altro&#8217; potere. Ma la cosa migliore \u00e8 che il mio cuore \u00e8 divenuto pi\u00f9 aperto e le mie meditazioni sono pi\u00f9 profonde rispetto a prima. Sembra che lo Yagya abbia spazzato via le passate stanchezze e paure.&#8221; &#8211; Germania<\/p>\n<p style=\"text-align: left;\"><strong>La vita scorre in modo pi\u00f9 confortevole<\/strong>\u00a0\u00a0 \u201cL\u2019effetto degli Yagya \u00e8 sorprendente \u2014 molte delle persone con cui ho parlato hanno riportato lo stesso tipo di esperienze che ho avuto io. La vita scorre in modo molto pi\u00f9 confortevole, il sostegno di Natura \u00e8 costante sia nelle piccole che nelle grandi cose, gli ostacoli stanno sparendo. Mi sento in pace con ogni cosa\u201d. &#8211; USA<\/p>\n<a href=\"#\" class=\"close\">Close Section<\/a><\/div><\/div>\n<\/div>\n<div class=\"border-line\">&nbsp;<\/div>\n<a id=\"jhagelin\"><\/a><br \/>\n<div class=\"grid-holder\">\n<div class=\"grid grid-desktop-50 grid-mobile-100\"><div class=\"holder\">\t<a href=\"https:\/\/donation.vedicpandits.org\/it\/yagya\/special-yagya\/?image_video=https%3A%2F%2Fvimeo.com%2F557281046%2Faed1f05e1b\" class=\"video-link \"><img loading=\"lazy\" decoding=\"async\" class=\"alignnone size-full wp-image-285\" src=\"https:\/\/donation.vedicpandits.org\/wp-content\/uploads\/2023\/02\/J_Hagelin_what-is-Yagya_video-600x321-1.png\" alt=\"yagya_hagelin_1web1\" width=\"432\" height=\"242\" \/><\/a>\n\n\t\n\t<a href=\"https:\/\/donation.vedicpandits.org\/it\/yagya\/special-yagya\/?image_video=https%3A%2F%2Fvimeo.com%2F557281046%2Faed1f05e1b\" class=\"video-link no-pointer\"><em>&gt; Video 1: COSA SONO GLI YAGYA?<\/em><\/a>\n\n\t\n<\/div><\/div>\n<div class=\"grid grid-desktop-50 grid-mobile-100\"><div class=\"holder\"><h4>COSA SONO GLI YAGYA?<\/h4>\n<p>Maharishi ha ripristinato la comprensione fondamentale e la pratica corretta che i Mantra Vedici devono essere recitati con la consapevolezza stabilizzata al livello Para (trascendentale) del parlare, dove il collegamento tra suono e forma \u2013 tra il desiderio e la realizzazione del desiderio \u2013 \u00e8 molto profondo e potente. Questa abilit\u00e0, per necessit\u00e0, deve incorporare la pratica dello Yoga \u2013 i programmi di Meditazione Tascendentale ed MT-Sidhi, incluso un lungo Volo Yoga &#8211; con il conseguente ravvivamento della sorgente trascendentale della parola prima della recitazione ed esecuzione dello Yagya. Solo i Pandit Vedici Maharishi hanno questo addestramento e questa abilit\u00e0 cruciale. Per una spiegazione pi\u00f9 completa ascolta il Dr. John Hagelin, Ph.D., fisico quantistico di fama mondiale, educatore, esperto di scienze sociali e grande promotore della pace. <\/p>\n<\/div><\/div>\n<\/div>\n<div class=\"border-line\">&nbsp;<\/div>\n<div class=\"accordion\"><div class=\"accordion-entry\"><em><a href=\"#\">&gt; Le domande pi\u00f9 frequenti<\/a><\/em><div class=\"hidden-content\">\n<p>ESISTE UNA YAGYA SPECIALE PER LA SALUTE<br \/>\nNon abbiamo Yagya Speciali Maharishi per la salute. Le Yagya Speciali hanno la funzione di dare un generale impulso positivo alla propria vita ed evoluzione. Le Yagya Speciali non sono rivolte alla soluzione di specifici problemi di salute o di competenza medica.<\/p>\n<p>COME VENGONO ADDESTRATI I PANDIT VEDICI MAHARISHI?<br \/>\nLa loro formazione inizia in tenera et\u00e0, quando, da bambini, cominciano a imparare dai loro genitori. Poi, intorno all&#8217;et\u00e0 di 10 anni, i ragazzi provenienti da famiglie Pandit partecipano a un formale programma scolastico Maharishi in uno dei tanti centri locali di formazione (i centri Guru Ji). Intorno all&#8217;et\u00e0 di 14 anni, i giovani futuri Pandit passano poi a uno dei campus residenziali presenti in varie parti dell\u2019India. Di solito si tratta di uno dei principali campus per Pandit Vedici Maharishi, che fanno capo alla Maharishi Mahesh Yogi Vedic Vishwavidyalaya, un&#8217;universit\u00e0 riconosciuta dallo stato. La loro formazione sistematica continuer\u00e0 quindi fino al conseguimento del dottorato. Tutti i nostri Pandit praticano il programma MT-Sidhi.<\/p>\n<p>COSA DEVO FARE SE NON CONOSCO L\u2019ESATTO MOMENTO DI NASCITA?<br \/>\nSi prega di cercare di determinare il momento esatto della nascita nel modo pi\u00f9 accurato possibile. Se non avete il dato esatto, un dato approssimativo valutato in base al buon senso \u00e8 accettabile.<\/p>\n<p>\u00c8 MEGLIO DARE UN CONTRIBUTO PER UNO YAGYA SPECIALE O PER UNO YAGYA NAZIONALE?<br \/>\nEntrambe le opzioni sono meravigliose ed entrambe supportano direttamente i grandi gruppi di Pandit Vedici Maharishi. Dipende dalla volont\u00e0 del donatore. Nel caso di uno Yagya Nazionale, il donatore sostiene il proprio paese e, attraverso tale intenzione, se stesso.<br \/>\nCon uno Yagya Speciale, lo scopo principale va a beneficio del donatore. Idealmente si potrebbe prendere in considerazione di fare uno Yagya Speciale una volta o due all&#8217;anno e uno Yagya Nazionale ogni mese. Ma naturalmente dipende dal proprio budget.<\/p>\n<p>DOVE VANNO LE DONAZIONI? <\/p>\n<p>Le donazioni per gli Yagya Speciali hanno come destinatario la Fondazione Brahmananda Saraswati Yagya (BSYF), che \u00e8 un\u2019organizzazione no-profit statunitense, con il preciso scopo di mantenere in perpetuo grandi gruppi di Pandit Vedici Maharishi. <\/p>\n<p>I fondi donati per gli Yagya Speciali vanno direttamente a sostenere i Pandit Vedici Maharishi. <\/p>\n<p>ARE DONATIONS TAX-DEDUCTIBLE?<br \/>\nDonations to the Special Yagya program are made to Brahmananda Saraswati Yagya Foundation, a non-profit, educational organization under Section 501(c)(3) of the U.S. Internal Revenue Code. Donations are tax-deductible for U.S. taxpayers. A receipt will be sent to you for each donation.<\/p>\n<p>For other countries please consult your own tax advisor regarding tax deductibility. If you have further questions your National Ambassador will be glad to help. For contact information please refer to &gt; About Us \/ Our International Network of Ambassadors.<\/p>\n<a href=\"#\" class=\"close\">Close Section<\/a><\/div><\/div>\n<\/div>\n","protected":false},"excerpt":{"rendered":"<p>YAGYA SPECIALI MAHARISHI Le Yagya Speciali sono essenzialmente un mezzo per creare pace e prosperit\u00e0 per la nostra famiglia mondiale. Possiamo richiedere una Yagya Speciale per noi stessi o per parenti ed amici. In questo caso anche noi, come donatori, ne otterremo benefici. Maharishi ha progettato una selezione davvero unica di Yagya Speciali per una [&hellip;]<\/p>\n","protected":false},"author":3,"featured_media":75960,"parent":4085,"menu_order":2,"comment_status":"open","ping_status":"closed","template":"","meta":{"om_disable_all_campaigns":false,"_monsterinsights_skip_tracking":false,"_monsterinsights_sitenote_active":false,"_monsterinsights_sitenote_note":"","_monsterinsights_sitenote_category":0,"footnotes":""},"class_list":["post-4093","page","type-page","status-publish","has-post-thumbnail","hentry"],"_links":{"self":[{"href":"https:\/\/donation.vedicpandits.org\/it\/wp-json\/wp\/v2\/pages\/4093","targetHints":{"allow":["GET"]}}],"collection":[{"href":"https:\/\/donation.vedicpandits.org\/it\/wp-json\/wp\/v2\/pages"}],"about":[{"href":"https:\/\/donation.vedicpandits.org\/it\/wp-json\/wp\/v2\/types\/page"}],"author":[{"embeddable":true,"href":"https:\/\/donation.vedicpandits.org\/it\/wp-json\/wp\/v2\/users\/3"}],"replies":[{"embeddable":true,"href":"https:\/\/donation.vedicpandits.org\/it\/wp-json\/wp\/v2\/comments?post=4093"}],"version-history":[{"count":50,"href":"https:\/\/donation.vedicpandits.org\/it\/wp-json\/wp\/v2\/pages\/4093\/revisions"}],"predecessor-version":[{"id":76013,"href":"https:\/\/donation.vedicpandits.org\/it\/wp-json\/wp\/v2\/pages\/4093\/revisions\/76013"}],"up":[{"embeddable":true,"href":"https:\/\/donation.vedicpandits.org\/it\/wp-json\/wp\/v2\/pages\/4085"}],"wp:featuredmedia":[{"embeddable":true,"href":"https:\/\/donation.vedicpandits.org\/it\/wp-json\/wp\/v2\/media\/75960"}],"wp:attachment":[{"href":"https:\/\/donation.vedicpandits.org\/it\/wp-json\/wp\/v2\/media?parent=4093"}],"curies":[{"name":"wp","href":"https:\/\/api.w.org\/{rel}","templated":true}]}}