{"id":4106,"date":"2015-01-15T14:34:07","date_gmt":"2015-01-15T14:34:07","guid":{"rendered":"https:\/\/vedicpandits.org\/?page_id=4106"},"modified":"2017-07-28T15:09:48","modified_gmt":"2017-07-28T15:09:48","slug":"testimonials","status":"publish","type":"page","link":"https:\/\/donation.vedicpandits.org\/it\/testimonials\/","title":{"rendered":"Esperienze"},"content":{"rendered":"<h4 id=\"testimonials\">Esperienze di persone che hanno contribuito a uno Yagya Nazionale<\/h4>\n<p style=\"text-align: left;\"> Nel corso di uno Yagya Nazionale la tua nazione beneficer\u00e0 del tuo contributo e, secondo il principio di reciprocit\u00e0 in base al quale &#8220;come si semina, si raccoglie&#8221;, anche tu avrai dei benefici. Nell&#8217;antica tradizione Vedica si afferma che i promotori di uno Yagya ne sono anche i beneficiari. Qui di seguito puoi vedere alcune esperienze di persone che hanno sponsorizzato gli Yagya Nazionali.\n<\/p>\n<div class=\"box-quote\">\n<p><strong>Tutto risulta comunque semplice da affrontare<\/strong><br \/> &#8220;Soprattutto durante i miei programmi di meditazione nel \u2018dome\u2019 mi sono reso conto, fin dall&#8217;inizio degli Yagya Nazionali Maharishi, che sebbene nella nostra vita possano manifestarsi eventi drammatici, tutto risulta comunque semplice da affrontare, senza sconvolgimenti troppo grandi. Questo effetto \u00e8 ancora pi\u00f9 profondo di quanto siamo in grado di realizzare e la comprensione di ci\u00f2 mi riempie di gratitudine e di gioia!&#8221; \u2014 Olanda<\/p>\n<p><strong>La vita \u00e8 stata cos\u00ec gentile! <\/strong><br \/> &#8220;Molte, molte grazie agli Yagya Nazionali. A Taiwan abbiamo goduto del mese di agosto pi\u00f9 tranquillo dal 1947. Nel mese di agosto 2014 infatti non ci sono stati tifoni. Per i meteorologi questo \u00e8 un evento semplicemente incredibile. La vita \u00e8 stata gentile con me e io provo gioia per tutto quello che faccio. Credo che il merito vada agli Yagya Nazionali che abbiamo fatto per Taiwan. Tutto \u00e8 diventato cos\u00ec facile! Mi basta andare con il flusso del mio dharma e realizzo tutto quello che voglio, una cosa dopo l\u2019altra, in ordine perfetto. Nuove possibilit\u00e0 continuano ad emergere e il mio reddito continua ad aumentare&#8221;. &#8211; Taiwan<\/p>\n<p><!--<strong>Mi sento protetto <\/strong><br \/>\"La mia esperienza \u00e8 di sentirmi profondamente connesso con il gruppo dei Pandit Vedici Maharishi del Brahmasthan. E mi sento anche protetto. Nei momenti difficili che ho passato non mi sono sentito abbandonato come una foglia al vento. Attraverso di me quella protezione e quella benedizione vanno alla mia famiglia, ai miei amici pi\u00f9 cari e alle loro famiglie. Sperimento il mio S\u00e9 come diretto beneficiario di questo progetto e come parte di una grande famiglia globale. Questo mi rende evidenti i grandi benefici che il gruppo di Pandit Vedici Maharishi produce per il mondo intero.\" - Serbia<\/p>\n\n\n\n<strong>Tre settimane dopo ho ricevuto un aumento di stipendio <\/strong><br \/> \"All'inizio del mese di gennaio avevo richiesto uno Yagya per la prosperit\u00e0 per tutto il personale dell\u2019azienda per cui lavoro. Tre settimane dopo ho ricevuto un aumento di stipendio pari al 12% lordo! Nonostante i tempi che corrono! Il costo dello Yagya per l'azienda \u00e8 stato subito recuperato!\" - Olanda<\/p>\n\n\n<\/div>\n\n\n[accordion]\n[accordion_entry title=\"&gt; Ulteriori testimonianze dirette degli effetti di Yagya Nazionali\"]\n\n\n\n<div class=\"box-quote\"><strong>Sento un maggior sostegno<\/strong><br \/>  \"Ogni volta che posso sostengo i Pandit Vedici con donazioni da parte della mia famiglia e sento di avere un maggiore sostegno nelle diverse aree della vita e questo supporto fluisce anche verso le persone che amo. \u00c8 come una palla di neve. \u00c8 come se creassimo un piccolo rivolo di beatitudine che contribuisce ad accrescere la felicit\u00e0 intorno a noi. Grazie ancora per averci consentito di partecipare a questo grande raggiungimento.\" - Francia<\/p>\n\n\n\n<strong>La mia famiglia ne viene benedetta <\/strong><br \/> \"\u00c8 senz\u2019altro un grande piacere avere l'opportunit\u00e0 di prendere parte al processo di rimuovere la negativit\u00e0 per rendere il mondo un posto migliore in cui vivere. Vi posso assicurare che oggi mi sento 'magico' e 'illuminato' visto che ho finalmente trovato quello che stavo cercando. \u00c8 davvero una bella sensazione, che non riesco a spiegare, ma che irradia la luce di una continua energia positiva. La mia famiglia ne viene benedetta, raccogliendo i frutti di una vita migliore, grazie ai nuovi sviluppi sul lavoro e alle maggiori potenzialit\u00e0. Le pi\u00f9 grandi benedizioni vadano ai nostri Pandit Vedici Maharishi e grazie davvero per gli Yagya Nazionali.\" - Trinidad and Tobago<\/p>\n\n\n\n<strong>Ho sperimentato una minore resistenza e una maggiore felicit\u00e0<\/strong><br \/> \u201cNel corso dello Yagya Nazionale ho notato che le mie conferenze avevano una qualit\u00e0 di \u2018flusso senza attrito\u2019. Ho sperimentato una minore resistenza e una maggiore felicit\u00e0 nell\u2019insegnamento. A livello personale i miei rapporti interpersonali in questo periodo si sono arricchiti. Consiglio vivamente di fare Yagya Nazionali per la promozione di tutte le attivit\u00e0 della vita\u201d - Norvegia<\/p>\n\n\n\n<strong>Sono sorte nuove opportunit\u00e0 <\/strong><br \/> \"Le mie donazioni per i primi Yagya Nazionali sono state molto modeste, eppure ogni mese ho notato un maggiore sostegno di Natura. Problemi e contrattempi hanno cominciato a risolversi a mio favore. Sono sorte nuove opportunit\u00e0. Le mie entrate hanno cominciato lentamente ad aumentare e, negli ultimi tre mesi, sono sempre raddoppiate. Il mese scorso sono stato in grado di donare 1.250 dollari - e che differenza col mio nome recitato nello Yagya! \u00c8 una vita veramente diversa.\" - USA<\/p>\n\n\n\n<strong>Da quando abbiamo fatto eseguire questo Yagya l\u2019andamento della nostra attivit\u00e0 \u00e8 salito alle stelle <\/strong><br \/> \"Ho richiesto uno Yagya Nazionale per la Nuova Zelanda, desiderando benefici per la mia nazione, la mia famiglia e per la nostra azienda. Nel nostro paese la recessione, in particolare nel 2011, \u00e8 stata molto severa per tutti e anche per la nostra attivit\u00e0. Abbiamo persino dovuto passare ad altri il nostro lavoro! E questo non era MAI successo prima!\u201d - Nuova Zelanda<\/p>\n\n\n\n<strong>Parte essenziale del nostro business  <\/strong><br \/>\"Abbiamo avuto un maggiore successo negli affari e una reale connessione con la Legge Naturale. Questo \u00e8 un altro grande dono e una grande opportunit\u00e0 che Maharishi ci ha offerto. Ora lo consideriamo come parte essenziale del nostro business.\" - USA<\/p>\n\n\n\n<strong>La vita \u00e8 proprio come dovrebbe essere<\/strong><br \/> essere \u201cDurante gli Yagya, il mio corpo, le mie emozioni e le mie attivit\u00e0 quotidiane sembrano fluire in modo pi\u00f9 facile e armonioso. Anche le situazioni pi\u00f9 difficili, sia personali che di lavoro o familiari, sembrano aggiustarsi senza sforzo. La vita \u00e8 proprio come dovrebbe essere\u201d. - USA<\/p>\n\n\n\n\n<\/div>\n\n\n[\/accordion_entry]\n[\/accordion]--><br \/>\n<div class=\"border-line\">&nbsp;<\/div>\n<div class=\"grid-holder\">\n<div class=\"grid grid-desktop-50 grid-mobile-100\"><div class=\"holder\"><h4 id=\"testimonials\">Eventi che si sono verificati in varie nazioni dopo l\u2019esecuzione di uno Yagya Nazionale<\/p>\n<\/h4>\n<p>Puoi anche vedere quali cambiamenti siano avvenuti nella situazione economica e politica di una nazione grazie all\u2019esecuzione di uno Yagya Nazionale. <a href=\"https:\/\/donation.vedicpandits.org\/it\/yagya\/national-yagya\/\">Gli Yagya Nazionali<\/a>  vengono eseguiti per realizzare obiettivi specifici scelti dal paese stesso. Esempi di obiettivi sono: maggior sviluppo economico, miglioramento della salute, dell\u2019armonia nazionale o riduzione di problemi quali catastrofi naturali, violenza e difficolt\u00e0 finanziarie. Puoi scegliere di sponsorizzare l&#8217;intero importo di uno Yagya Nazionale. In questo caso il tuo nome, o quello della tua ditta, verranno citati nello Yagya e potrai anche scegliere l\u2019obiettivo dello Yagya.<\/p>\n<\/div><\/div>\n<div class=\"grid grid-desktop-50 grid-mobile-100\"><div class=\"holder\"><p><img loading=\"lazy\" decoding=\"async\" class=\"alignright wp-image-2189\" src=\"\/wp-content\/uploads\/2015\/01\/testimonial_sized_small-300x226.jpg\" alt=\"testimonial_sized_small\" width=\"376\" height=\"284\" srcset=\"https:\/\/donation.vedicpandits.org\/wp-content\/uploads\/2015\/01\/testimonial_sized_small-300x226.jpg 300w, https:\/\/donation.vedicpandits.org\/wp-content\/uploads\/2015\/01\/testimonial_sized_small.jpg 408w\" sizes=\"auto, (max-width: 376px) 100vw, 376px\" \/><\/p>\n<\/div><\/div>\n<\/div>\n<div class=\"box-quote\">\n<p>LIBANO 2014 <br \/>\n&#8220;Penso che tutti abbiano sentito parlare dei terroristi della Siria e recentemente di quelli dell\u2019Iraq. Avevano dichiarato che avrebbero attaccato alcune citt\u00e0 del Libano. Negli ultimi 10 giorni sono stati preparati tre attacchi, ma tutti e tre sono falliti, perch\u00e9 l\u2019esercito e la polizia li hanno scoperti in tempo. La stampa di tutto il mondo ha detto: il Libano \u00e8 stato salvato da un terzo attacco terroristico. Inspiegabile! \u00c8 opera della Divina Provvidenza! Abbiamo vissuto molte situazioni analoghe prima d\u2019ora. Questa non \u00e8 la prima volta. Questa protezione di cui gode il Libano \u00e8 chiaramente dovuta agli effetti cumulativi degli Yagya Nazionali Maharishi fatti eseguire nel corso degli ultimi 3 anni. Abbiamo fatto fare Yagya Nazionali per ogni ciclo di Yagya &#8211; due volte al mese. Questo continuer\u00e0 a mantenere la protezione per il Libano. Tutta la gratitudine ai programmi di Maharishi e ai Pandit Vedici Maharishi del Brahmasthan dell\u2019India.&#8221; <em>Salim Haddad &#8211; Ambasciatore per il Libano<\/em><\/p>\n<p><!--<em>UCRAINA, 2014 <\/em>\n\"GRAZIE a tutta la famiglia mondiale di Maharishi e ai paesi che stanno sostenendo l'Ucraina con gli Yagya Nazionali! Ogni volta si vede chiaramente il loro effetto - meno violenza, meno morti e pi\u00f9 negoziati per la pace. State letteralmente salvando delle vite!\" Natalia Lukyanenko \u2014Ambasciatrice e segretaria dell'Ufficio Nazionale dell\u2019Ucraina--><\/p>\n<p>SERBIA 2014<br \/>\n&#8220;Qualche mese fa la Serbia ha sub\u00ecto inondazioni devastanti. Immediatamente prima delle ulteriori inondazioni che erano state previste, dei generosi donatori hanno offerto i loro contributi per far eseguire degli Yagya Nazionali. In questo periodo i politici dicevano con stupore quanto fossimo fortunati perch\u00e9 la seconda ondata di alluvioni non si era verificata. Noi siamo gli unici a sapere che questa fortuna \u00e8 stata ottenuta grazie agli Yagya Nazionali Maharishi.&#8221;  <em>Voja Trajkovic &#8211; Ambasciatore per la Serbia<\/em><\/p>\n<\/div>\n<div class=\"accordion\"><div class=\"accordion-entry\"><em><a href=\"#\">&gt; Ulteriori testimonianze dei benefici per i paesi che hanno fatto Yagya Nazionali<br \/>\n<\/a><\/em><div class=\"hidden-content\">\n<div class=\"box-quote\">\n<!--<em>GRAN BRETAGNA, 2013<\/em><br \/>\nL\u2019eccellente andamento dell\u2019economia ha completamente confutato le previsioni di banchieri ed economisti.\n\n<em>PORTOGALLO, 2012<\/em><br \/>\nSi era verificata una rivolta di massa contro una nuova e pesante tassa sociale. Ma tutto si \u00e8 risolto in modo completamente non violento, pacifico e con effetti unificanti per la nazione.\n\nLIBANO, 2012<br \/>\nYagya Nazionali sono stati eseguiti con regolarit\u00e0 dal gennaio 2011. Le tensioni e i conflitti interni sono diventati insignificanti, vari attentati politici sono falliti, piani terroristici sono stati scoperti e debellati e sono stati scongiurati conflitti armati. I donatori per il programma degli Yagya riferiscono di bellissimi benefici personali. Lo stesso Presidente del Libano ha annunciato: \u201cil Libano sta vivendo un\u2019inattesa condizione di stabilit\u00e0 che perdura dal gennaio 2011 ad oggi\u201d.--><\/p>\n<p>COLOMBIA 2013<br \/>\n&#8220;Gli Yagya Nazionali Maharishi per il nostro paese sono stati per noi una delle pi\u00f9 grandi benedizioni. \u00c8 sorprendente quanto, sia durante che dopo l\u2019esecuzione dello Yagya Nazionale, siano state buone le esperienze di Sidha e Meditanti, in particolare quelle dei nostri donatori, mentre diversi settori della vita nazionale del paese hanno goduto di un livello notevolmente maggiore di coerenza e di sostegno.  Abbiamo osservato, in base alle notizie riportate di recente, che l&#8217;intento specifico o Sankalpa dello Yagya Nazionale si \u00e8 riflesso in decisioni pi\u00f9 appropriate da parte dei leader del paese. Riteniamo che il programma degli Yagya Nazionali Maharishi sia una tecnica potente per sfruttare l&#8217;infinito potere organizzativo della Legge Naturale sia a livello nazionale che in settori specifici. Siamo molto grati a Maharishi e a Guru Dev che hanno reso disponibile questa potente tecnologia, capace di influenzare positivamente l&#8217;andamento del tempo.&#8221; <em>Paul Fabre &#8211; Ambasciatore per la Columbia<br \/>\n<\/em><\/p>\n<p>USA, 2012<br \/>\nSpecifici Yagya Nazionali eseguiti per ottenere la pioggia hanno portato sollievo alla siccit\u00e0 che aveva colpito molte regioni del paese. Si \u00e8 avuto anche un costante miglioramento della crescita economica &#8211; che ora \u00e8 del 3,1%.  Si \u00e8 registrato un calo della disoccupazione, un aumento della produzione industriale, un boom nella fiducia dei consumatori, sono state tenute elezioni regolari e ordinate e inoltre il temuto 21 dicembre \u00e8 trascorso in un\u2019atmosfera di grande positivit\u00e0.<\/p>\n<p>GHANA 2012<br \/>\n\u201cVi mando un articolo sulle ultime elezioni in Ghana che hanno fatto seguito a uno Yagya per la nazione. Tali elezioni sono state descritte come le migliori e le pi\u00f9 pacifiche della storia della nazione. Notevole, per essere una notizia che viene dall\u2019Africa! Siamo grati a Maharishi Ji per la grande conoscenza che ci ha trasmessa. Da parte nostra ci auguriamo di dare un piccolo contributo per la pace&#8221;. <em>Direttore Nazionale del Ghana<\/em>\n<\/div>\n<a href=\"#\" class=\"close\">Close Section<\/a><\/div><\/div>\n<\/div>\n<div class=\"border-line\">&nbsp;<\/div>\n<div class=\"grid-holder\">\n<div class=\"grid grid-desktop-50 grid-mobile-100\"><div class=\"holder\"><h4 id=\"testimonials\">Yagya Speciali Esperienze<\/h4>\n<p>Gli Yagya Speciali sono diversi dagli Yagya Nazionali. Il programma di Yagya Speciali \u00e8 stato messo a punto da Maharishi per i momenti importanti della vita di una persona. <a title=\"Special Yagya page\" href=\"https:\/\/donation.vedicpandits.org\/it\/yagya\/special-yagya\/\">YAGYA SPECIALI: <\/a><\/p>\n<ul>\n<li>COMPLEANNO: eseguito nel giorno del compleanno <\/li>\n<li>la WELL-BEING Yagya: pu\u00f2 essere eseguita in qualsiasi giorno <\/li>\n<li>MATRIMONIO: eseguito nel giorno del matrimonio <\/li>\n<li>ANNIVERSARIO DI MATRIMONIO: eseguito nel giorno dell\u2019anniversario di matrimonio<\/li>\n<li>NASCITA DI UN BAMBINO: eseguito per il bambino, 40 giorni dopo la nascita <\/li>\n<\/ul>\n<p>Qui di seguito puoi vedere le esperienze riportate da persone che hanno fatto Yagya per il Compleanno, il Matrimonio o l\u2019Anniversario di Matrimonio.<\/p>\n<\/div><\/div>\n<div class=\"grid grid-desktop-50 grid-mobile-100\"><div class=\"holder\"><p><img loading=\"lazy\" decoding=\"async\" class=\"alignright size-full wp-image-2345\" src=\"\/wp-content\/uploads\/2015\/01\/testimonials_specialyagya.jpg\" alt=\"testimonials_specialyagya\" width=\"408\" height=\"308\" srcset=\"https:\/\/donation.vedicpandits.org\/wp-content\/uploads\/2015\/01\/testimonials_specialyagya.jpg 408w, https:\/\/donation.vedicpandits.org\/wp-content\/uploads\/2015\/01\/testimonials_specialyagya-300x226.jpg 300w\" sizes=\"auto, (max-width: 408px) 100vw, 408px\" \/><\/p>\n<\/div><\/div>\n<\/div>\n<div class=\"box-quote\">\n<strong>Ogni cosa funzionava senza sforzo<\/strong><br \/> \u201cNel giorno del mio compleanno sono rimasto sorpreso nel notare che tutto intorno a me funzionava senza sforzo, quietamente e dolcemente. \u00c8 stato chiaramente diverso dagli altri compleanni. Grazie a coloro che l\u2019hanno organizzato\u201d. E.K. \u2014 Canada<\/p>\n<p><strong>Il pi\u00f9 felice che io ricordi  <\/strong><br \/>  &#8220;Alcune situazioni che erano stagnanti hanno iniziato a muoversi nella giusta direzione. Il mio compleanno \u00e8 stato il pi\u00f9 felice che io ricordo in tanti anni. \u00c8 stata una settimana piena di festeggiamenti, cosa che probabilmente non ho avuto nemmeno nei miei giorni migliori di adolescente. Sono molto soddisfatto dei risultati di questo Yagya. Non vedo l\u2019ora che arrivi il prossimo compleanno.&#8221; \u00a0&#8211; Italia<\/p>\n<p><strong>Mi sento benedetto \u00a0 <\/strong><br \/>&#8220;C&#8217;\u00e8 stato un cambiamento definitivo nella coscienza a partire dal momento dello Yagya. Mi sento davvero benedetto. E d\u2019ora in poi far\u00f2 senz\u2019altro in modo da avere uno Yagya di compleanno ogni anno.&#8221; \u2014 Gran Bretagna<\/p>\n<p><strong>Il Sorriso Cosmico <\/strong><br \/>\u00a0\u00a0 &#8220;L&#8217;esperienza \u00e8 davvero cosmica e unifica tutti i livelli dell&#8217;esistenza umana nel sorriso cosmico. Ci si sente come se ci venisse versata addosso della polvere d&#8217;oro. Grazie a tutti i Pandit Vedici che eseguono gli Yagya e a tutta la Tradizione Vedica che ci ha trasmesso questa pura conoscenza divina!\u201d \u2014 Serbia<\/p>\n<\/div>\n<div class=\"accordion\"><div class=\"accordion-entry\"><em><a href=\"#\">&gt; Ulteriori testimonianze degli effetti di Yagya Speciali<\/a><\/em><div class=\"hidden-content\">\n<div class=\"box-quote\">\n<strong> \u00c8 stata un\u2019esperienza meravigliosa<\/strong>\u00a0<br \/>\u00a0 \u201cQuesto \u00e8 stato il mio primo Yagya Maharishi ed \u00e8 stata un\u2019esperienza meravigliosa. Ho in mente di farne uno ogni anno. Sin dalla notte prima del mio compleanno ho sperimentato intense onde di beatitudine. Da allora in poi molti problemi che avevo da lungo tempo si sono risolti (ed \u00e8 stato un notevole sollievo) e mi sento anche pi\u00f9 gioioso e contento. Se incontro ostacoli durante il giorno sembra che si dissolvano pi\u00f9 facilmente e le mie azioni sembrano pi\u00f9 efficienti. Grazie per rendere questi yagya disponibili\u201d. Canada <\/p>\n<p><strong>L&#8217;influenza \u00e8 stata evidente <\/strong><br \/>\u00a0\u00a0 \u201cNon avevamo previsto che lo Yagya ci coinvolgesse cos\u00ec direttamente, ma l&#8217;influenza \u00e8 stata evidente. Mi ha ricordato l\u2019effetto di un corso con lunghi cicli di meditazione. Difficile da descrivere, ma impossibile non notarlo\u201d. &#8211;\u00a0USA<\/p>\n<p><strong>\u00c8 accaduto qualcosa di molto speciale  <\/strong><br \/>\u00a0\u00a0speciale  &#8220;Non appena ho pagato per l\u2019esecuzione di uno Yagya per l&#8217;anniversario di matrimonio \u00e8 accaduto qualcosa di molto speciale nel nostro rapporto. Ora \u00e8 come se tutto fosse cos\u00ec pulito, cos\u00ec trasparente! \u00c8 straordinario come uno Yagya possa funzionare \u2026 fin da quando lo si paga.&#8221; \u2014 Olanda<\/p>\n<p><strong>Ancorati all\u2019Assoluto<\/strong><br \/>\u00a0 \u201cEntrambi ci siamo sentiti ancorati all\u2019Assoluto per tutto il tempo: ci sentivamo davvero inamovibili! Inutile dire che aspettiamo impazienti il prossimo Yagya\u201d. \u2014 USA<\/p>\n<p><strong>Lo Yagya ha spazzato via le passate stanchezze e paure\u00a0\u00a0<\/strong><br \/>&#8220;Ho avuto delle belle esperienze per tutta la giornata. Mi sono sentito molto felice, a mio agio e tutte le mie attivit\u00e0 scorrevano in modo pi\u00f9 tranquillo e rilassato del solito. Ancora adesso mi sento pieno di speranza e la mia intera vita quotidiana sembra sostenuta da un &#8216;altro&#8217; potere. Ma la cosa migliore \u00e8 che il mio cuore \u00e8 divenuto pi\u00f9 aperto e le mie meditazioni sono pi\u00f9 profonde rispetto a prima. Sembra che lo Yagya abbia spazzato via le passate stanchezze e paure.&#8221; \u2014 Germania<\/p>\n<p><strong>La vita scorre in modo pi\u00f9 confortevole<\/strong>\u00a0<br \/>\u00a0 \u201cL\u2019effetto degli Yagya \u00e8 sorprendente \u2014 molte delle persone con cui ho parlato hanno riportato lo stesso tipo di esperienze che ho avuto io. La vita scorre in modo molto pi\u00f9 confortevole, il sostegno di Natura \u00e8 costante sia nelle piccole che nelle grandi cose, gli ostacoli stanno sparendo. Mi sento in pace con ogni cosa\u201d.- USA<\/p>\n<\/div>\n<a href=\"#\" class=\"close\">Close Section<\/a><\/div><\/div>\n<\/div>\n","protected":false},"excerpt":{"rendered":"<p>Esperienze di persone che hanno contribuito a uno Yagya Nazionale Nel corso di uno Yagya Nazionale la tua nazione beneficer\u00e0 del tuo contributo e, secondo il principio di reciprocit\u00e0 in base al quale &#8220;come si semina, si raccoglie&#8221;, anche tu avrai dei benefici. Nell&#8217;antica tradizione Vedica si afferma che i promotori di uno Yagya ne [&hellip;]<\/p>\n","protected":false},"author":3,"featured_media":2394,"parent":0,"menu_order":0,"comment_status":"closed","ping_status":"closed","template":"","meta":{"om_disable_all_campaigns":false,"_monsterinsights_skip_tracking":false,"_monsterinsights_sitenote_active":false,"_monsterinsights_sitenote_note":"","_monsterinsights_sitenote_category":0,"footnotes":""},"class_list":["post-4106","page","type-page","status-publish","has-post-thumbnail","hentry"],"_links":{"self":[{"href":"https:\/\/donation.vedicpandits.org\/it\/wp-json\/wp\/v2\/pages\/4106","targetHints":{"allow":["GET"]}}],"collection":[{"href":"https:\/\/donation.vedicpandits.org\/it\/wp-json\/wp\/v2\/pages"}],"about":[{"href":"https:\/\/donation.vedicpandits.org\/it\/wp-json\/wp\/v2\/types\/page"}],"author":[{"embeddable":true,"href":"https:\/\/donation.vedicpandits.org\/it\/wp-json\/wp\/v2\/users\/3"}],"replies":[{"embeddable":true,"href":"https:\/\/donation.vedicpandits.org\/it\/wp-json\/wp\/v2\/comments?post=4106"}],"version-history":[{"count":33,"href":"https:\/\/donation.vedicpandits.org\/it\/wp-json\/wp\/v2\/pages\/4106\/revisions"}],"predecessor-version":[{"id":11285,"href":"https:\/\/donation.vedicpandits.org\/it\/wp-json\/wp\/v2\/pages\/4106\/revisions\/11285"}],"wp:featuredmedia":[{"embeddable":true,"href":"https:\/\/donation.vedicpandits.org\/it\/wp-json\/wp\/v2\/media\/2394"}],"wp:attachment":[{"href":"https:\/\/donation.vedicpandits.org\/it\/wp-json\/wp\/v2\/media?parent=4106"}],"curies":[{"name":"wp","href":"https:\/\/api.w.org\/{rel}","templated":true}]}}