{"id":4117,"date":"2014-04-08T07:10:05","date_gmt":"2014-04-08T07:10:05","guid":{"rendered":"https:\/\/vedicpandits.org\/?page_id=4117"},"modified":"2024-06-09T20:16:44","modified_gmt":"2024-06-09T20:16:44","slug":"about-us","status":"publish","type":"page","link":"https:\/\/donation.vedicpandits.org\/it\/about-us\/","title":{"rendered":"CHI SIAMO"},"content":{"rendered":"<h4>IL \u2018TRUST\u2019 E LA \u2018FONDAZIONE\u2019 <\/h4>\n<p>La raccolta fondi per il gruppo dei Pandit Vedici Maharishi viene organizzata e amministrata dal Brahmananda Saraswati Trust \u2013 nei Paesi Bassi \u2013 e dalla Brahmananda Saraswati Foundation \u2013 negli USA.<\/p>\n<p>Lo scopo del Trust e della Fondazione comprende la supervisione del programma di raccolta fondi in tutto il mondo, la ricezione delle donazioni e l&#8217;investimento del fondo di dotazione. Il Trust e la Fondazione amministrano e controllano congiuntamente tutti gli esborsi ai partner dell\u2019India per garantire in questo modo che gli obiettivi del progetto vengano raggiunti. Il Trust e la Fondazione sono sorvegliati da una commissione di scienziati, educatori e imprenditori da tutto il mondo. <\/p>\n<p>Queste organizzazioni sono state fondate da Maharishi Mahesh Yogi e il loro nome \u00e8 in onore del maestro di Maharishi, Guru Dev, Brahmananda Saraswati, uno dei pi\u00f9 grandi e venerati leader spirituali dell\u2019India, che ha ricoperto il ruolo di Shankaracharya di Jyotir Math, in India \u2013 il principale rappresentante della tradizione della conoscenza Vedica.<br \/>\n<div class=\"border-line\">&nbsp;<\/div>\n<div class=\"grid-holder grid-border-50\">\n<div class=\"grid grid-desktop-50 grid-mobile-100\"><div class=\"holder\"><h4>IL BRAHMANANDA SARASWATI TRUST <\/h4>\n<p>Fondato nei Paesi Bassi nel 2008 come organizzazione no-profit, lo Stichting  Brahmananda Saraswati Trust copre l\u2019area dell\u2019Europa, del Medio Oriente, dell\u2019Africa e dei paesi asiatici. In diversi paesi europei le donazioni sono deducibili dalle tasse.<\/p>\n<\/div><\/div>\n<div class=\"grid grid-desktop-50 grid-mobile-100\"><div class=\"holder\"><h4>LA BRAHMANANDA SARASWATI FOUNDATION (USA) <\/h4>\n<p>Fondata negli USA nel 2008, la Brahmananda Saraswati Foundation \u00e8 un\u2019organizzazione \u2018501(c)(3) no-profit\u2019 degli Stati Uniti. Per i contribuenti statunitensi le donazioni sono deducibili dalle tasse.<\/p>\n<\/div><\/div>\n<\/div>\n<div class=\"border-line\">&nbsp;<\/div>\n<strong>Presidente della Brahmananda Saraswati Foundation<\/strong><\/p>\n<p><img loading=\"lazy\" decoding=\"async\" src=\"https:\/\/globalpeaceproject.net\/wp-content\/uploads\/2020\/08\/Dr._Tony_Nader4.png\" alt=\"\" width=\"125\" height=\"164\" class=\"alignleft size-full wp-image-359\" \/><\/p>\n<p><strong>Dott. Tony Nader, MD PhD MARR <\/strong><\/p>\n<p style=\"margin-bottom:20px;\">Il dott. Nader \u00e8 un medico formatosi presso il Massachusetts Institute of Technology \u2013 dove ha conseguito un PhD in neuroscienze \u2013 e presso l&#8217;Universit\u00e0 di Harvard, ed \u00e8 anche uno studioso vedico riconosciuto a livello mondiale. In qualit\u00e0 di successore di Maharishi Mahesh Yogi, il dott. Nader \u00e8 a capo delle organizzazioni internazionali di Meditazione Trascendentale\u00ae in oltre 100 paesi. Il dott. Nader \u00e8 responsabile per il Programma di Meditazione Trascendentale e le sue pratiche avanzate, per soddisfare le pi\u00f9 elevate aspirazioni della societ\u00e0 in tutti i settori della vita nazionale.<\/p>\n<div class=\"border-line\">&nbsp;<\/div>\n<p><strong> Presidente del Consiglio di Amministrazione della Brahmananda Saraswati Foundation<\/strong><\/p>\n<p><img loading=\"lazy\" decoding=\"async\" src=\"https:\/\/donation.vedicpandits.org\/wp-content\/uploads\/2020\/10\/DrMorris.jpg\" alt=\"\" width=\"125\" height=\"164\" class=\"alignleft size-full wp-image-359\" \/><\/p>\n<p><strong>Dott. Bevan Morris, D.S.C.I<\/strong><\/p>\n<p>Il dott. Morris si \u00e8 laureato presso l&#8217;Universit\u00e0 di Cambridge, in Inghilterra. \u00c8 stata la prima persona al mondo a ricevere da Maharishi il Dottorato in Scienza dell&#8217;Intelligenza Creativa. Per 36 anni \u00e8 stato presidente della Maharishi University of Management di Fairfield, Iowa, USA, ed \u00e8 ora presidente emerito e presidente internazionale delle Maharishi University of Management. Il dottor Morris \u00e8 il pi\u00f9 grande esperto mondiale dell\u2019Istruzione Basata sulla Coscienza di Maharishi e ha presentato i programmi di Maharishi in oltre 120 paesi, al pubblico, ai governi, a responsabili per l&#8217;istruzione e a leader aziendali.\n<\/p>\n<div class=\"border-line\">&nbsp;<\/div>\n<strong> Presidente del Consiglio di Amministrazione della Brahmananda Saraswati Trust e CEO dei Brahmananda Saraswati Foundation e Trust <\/strong><\/p>\n<p><img loading=\"lazy\" decoding=\"async\" src=\"https:\/\/donation.vedicpandits.org\/wp-content\/uploads\/2020\/10\/harris_kaplan_4.jpg\" alt=\"\" width=\"125\" height=\"164\" class=\"alignleft size-full wp-image-359\" \/><\/p>\n<p><strong>Dott. Harris Kaplan, D.S.C.I <\/strong><\/p>\n<p style=\"margin-bottom:0px;\">Dopo essersi ritirato nel 1999 da una carriera di successo nel campo dei fondi di investimento, il dott. Kaplan si \u00e8 interamente dedicato al sostegno di programmi guidati da organizzazioni di Meditazione Trascendentale in tutto il mondo. Dal 2006 \u00e8 amministratore principale dei progetti dell&#8217;organizzazione di Meditazione Trascendentale dell\u2019India, che si occupa della formazione e del supporto di migliaia di Pandit Vedici Maharishi. \u00c8 stato amministratore delegato della BSF sin dal suo inizio e fa anche parte del suo comitato finanziario, come consulente per la supervisione del fondo. <\/p>\n<div class=\"border-line\">&nbsp;<\/div>\n<div class=\"grid-holder\">\n<div class=\"grid grid-desktop-50 grid-mobile-100\"><div class=\"holder\"><p><strong>Comitato esecutivo delle BSF e BST<\/strong><\/p>\n<ul>\n<li>Dott.  Bevan Morris &#8211; Educatore<br \/>\n    Maharishi Vedic City, Iowa<\/p>\n<li>Harris Kaplan DSCI &#8211; Gestore di fondi di investimento in pensione<br \/>\n    Paesi Bassi<\/p>\n<li>John Hagelin. Ph.D. \u2013 Fisico quantistico: presidente, Global Union of Scientists for Peace; presidente, Maharishi International University, Fairfield, IA, USA\n<li> Robert LoPinto &#8211; Uomo d&#8217;affari e amministratore<br \/>\n     Rockville, MD, USA<\/p>\n<li>Steve Rubin \u2013 Uomo d&#8217;affari e amministratore<br \/>\n    Sebastian, FL, USA\n<\/ul>\n<p><strong>BSF &#038; BST Comitato finanziario<\/strong><\/p>\n<ul>\n<li>Harris Kaplan, D.S.C.I<br \/>\nGestore di fondi di investimento in pensione<br \/>\nFondatore ed ex CEO della Eastgate Financial Services Ltd., USA<\/p>\n<li>Robert LoPinto<br \/>\nUomo d\u2019affari in pensione<br \/>\nRockville, MD, USA<\/p>\n<li>Jeffrey S. Abramson<br \/>\nSviluppo Immobiliare<br \/>\nPartner, Tower Companies, USA<\/p>\n<li>Eric Schwartz<br \/>\nInvestment Advisor<br \/>\nFounder and CEO, Cambridge Investment Research, USA<\/p>\n<li>Ted Hirsch<br \/>\nEconomist and portfolio manager<br \/>\nVanderbilt Financial Group, New York, USA<\/p>\n<li>Steve Rubin<br \/>\nDirigente aziendale in pensione<br \/>\nEx presidente e CEO, United Fuels International Inc., USA\n<\/ul>\n<\/div><\/div>\n<div class=\"grid grid-desktop-50 grid-mobile-100\"><div class=\"holder\"><p><strong>BSF Membri del consiglio<\/strong><\/p>\n<ul>\n<li>Jose Luis Alvares \u2013 Amministratore<br \/>\n    Barcelona, Spain<\/p>\n<li>Antonio Bartolom\u00e9 \u2013 Uomo d\u2019affari<br \/>\n    Banast\u00e1s, Huesca, Spain<\/p>\n<li>Dott.  Leslie Brooks, M.A. \u2013 Amministratore<br \/>\n    Lincoln, MA, USA<\/p>\n<li>Howard Martin Chandler, Ph.D. \u2013 Educatore<br \/>\n    Boston, MA , USA<\/p>\n<li>Rafael David &#8211; Imprenditore aziendale<br \/>\nVero Beach, FL, USA<\/p>\n<li>Dr. Arlene Kaplan \u2013 Amministratore<br \/>\n    Vlodrop, Paesi Bassi<\/p>\n<li>Dott. Neil Paterson  &#8211; Amministratore<br \/>\n    Salt Spring Island, Canada<\/p>\n<li>Rainer Picha, M.D. \u2013 Cardiologo e ricercatore<br \/>\n    Vienna, Austria<\/p>\n<li>Dott.ssa Susie Swan \u2013 Amministratore e graphic artist<br \/>\n    Direttore, Ambassador Resource Office<br \/>\n    Paesi Bassi e Citt\u00e0 del Capo, Sud Africa<\/p>\n<li>Maureen Wynne, J.D. \u2013 Avvocato<br \/>\n    Maharishi Vedic City, IA, USA\n<\/ul>\n<\/div><\/div>\n<\/div>\n","protected":false},"excerpt":{"rendered":"<p>IL \u2018TRUST\u2019 E LA \u2018FONDAZIONE\u2019 La raccolta fondi per il gruppo dei Pandit Vedici Maharishi viene organizzata e amministrata dal Brahmananda Saraswati Trust \u2013 nei Paesi Bassi \u2013 e dalla Brahmananda Saraswati Foundation \u2013 negli USA. Lo scopo del Trust e della Fondazione comprende la supervisione del programma di raccolta fondi in tutto il mondo, [&hellip;]<\/p>\n","protected":false},"author":3,"featured_media":52508,"parent":0,"menu_order":0,"comment_status":"open","ping_status":"closed","template":"template-about.php","meta":{"om_disable_all_campaigns":false,"_monsterinsights_skip_tracking":false,"_monsterinsights_sitenote_active":false,"_monsterinsights_sitenote_note":"","_monsterinsights_sitenote_category":0,"footnotes":""},"class_list":["post-4117","page","type-page","status-publish","has-post-thumbnail","hentry"],"_links":{"self":[{"href":"https:\/\/donation.vedicpandits.org\/it\/wp-json\/wp\/v2\/pages\/4117","targetHints":{"allow":["GET"]}}],"collection":[{"href":"https:\/\/donation.vedicpandits.org\/it\/wp-json\/wp\/v2\/pages"}],"about":[{"href":"https:\/\/donation.vedicpandits.org\/it\/wp-json\/wp\/v2\/types\/page"}],"author":[{"embeddable":true,"href":"https:\/\/donation.vedicpandits.org\/it\/wp-json\/wp\/v2\/users\/3"}],"replies":[{"embeddable":true,"href":"https:\/\/donation.vedicpandits.org\/it\/wp-json\/wp\/v2\/comments?post=4117"}],"version-history":[{"count":12,"href":"https:\/\/donation.vedicpandits.org\/it\/wp-json\/wp\/v2\/pages\/4117\/revisions"}],"predecessor-version":[{"id":69276,"href":"https:\/\/donation.vedicpandits.org\/it\/wp-json\/wp\/v2\/pages\/4117\/revisions\/69276"}],"wp:featuredmedia":[{"embeddable":true,"href":"https:\/\/donation.vedicpandits.org\/it\/wp-json\/wp\/v2\/media\/52508"}],"wp:attachment":[{"href":"https:\/\/donation.vedicpandits.org\/it\/wp-json\/wp\/v2\/media?parent=4117"}],"curies":[{"name":"wp","href":"https:\/\/api.w.org\/{rel}","templated":true}]}}