{"id":4139,"date":"2014-04-10T12:36:56","date_gmt":"2014-04-10T12:36:56","guid":{"rendered":"https:\/\/vedicpandits.org\/?page_id=4139"},"modified":"2023-06-13T15:44:23","modified_gmt":"2023-06-13T15:44:23","slug":"faq","status":"publish","type":"page","link":"https:\/\/donation.vedicpandits.org\/it\/contact\/faq\/","title":{"rendered":"FAQ"},"content":{"rendered":"<h5>A RIGUARDO DEI PANDIT VEDICI MAHARISHI<\/h5>\n<p><em>PERCH\u00c8 QUESTO GRUPPO \u00c8 COSTITUITO SOLAMENTE DA PANDIT VEDICI MAHARISHI? <\/em><br \/>\nLe ricerche scientifiche hanno dimostrato che gruppi di persone di qualsiasi estrazione sociale, che praticano insieme il Volo Yoga, possono produrre una forte influenza di pace. Tuttavia il compito  di mantenere armonia nella societ\u00e0 \u00e8 tradizionalmente riservato ai Pandit Vedici Maharishi. Essi fanno questo non solo con lunghe sessioni di meditazione e Volo Yoga, ma anche eseguendo Yagya specifici per la pace. L\u2019esecuzione quotidiana di questi Yagya crea un&#8217;influenza costante e potente di pace e questo pu\u00f2 essere ottenuto solo dai Pandit Vedici Maharishi.<\/p>\n<p><em>QUAL \u00c8 LA DIFFERENZA TRA I PANDIT VEDICI E I PANDIT VEDICI MAHARISHI? <\/em><br \/>\nPrima di tutto i Pandit Vedici Maharishi praticano la Meditazione Trascendentale e il Programma MT-Sidhi che comprende il Volo Yoga. Queste tecniche danno un\u2019esperienza diretta della pura coscienza trascendentale, che \u00e8 la base di tutta la conoscenza Vedica. <\/p>\n<p>Come risultato della loro meditazione quotidiana, i Pandit Vedici Maharishi eseguono gli Yagya da un livello pi\u00f9 quieto di consapevolezza. Essi coinvolgono livelli pi\u00f9 profondi della legge naturale e di conseguenza gli Yagya producono un effetto pi\u00f9 potente. <\/p>\n<p>Inoltre Maharishi ha operato per decenni a stretto contatto con gli insegnanti di Pandit pi\u00f9 rinomati per riportare alla luce un percorso formativo che permette ai Pandit Vedici di apprendere la pratica e la pronuncia corretta nella loro piena efficacia tradizionale. Spesso i visitatori osservano che i Pandit Vedici Maharishi recitano lentamente e armoniosamente. Questo d\u00e0 ai suoni Vedici un\u2019integrit\u00e0 vitale che si diffonde in tutto l&#8217;ambiente.<\/p>\n<p><em>QUANTI PANDIT VEDICI MAHARISHI CI SONO? <\/em><br \/>\nAttualmente nel gruppo del Brahmasthan dell\u2019India ci sono circa 2.000 Pandit Vedici Maharishi. Pi\u00f9 di 3.000 studenti dei corsi avanzati stanno studiando in 26 centri di addestramento residenziali sparsi in tutta l\u2019India.<br \/>\n<em>CHE COS\u2019\u00c8 IL VEDA?<\/em><br \/>\nVeda significa conoscenza. Molto pi\u00f9 che testi antichi. Maharishi ha spiegato che il Veda \u00e8 la conoscenza e il potere organizzativo che sta alla base e governa l\u2019intera creazione. Il Veda contiene la conoscenza di come portare la vita umana a raggiungere lo stato pi\u00f9 elevato e di massima realizzazione &#8211; lo stato d\u2019illuminazione.<\/p>\n<p><em>CHE COS\u2019\u00c8 IL VOLO YOGA?<\/em><br \/>\nIl Volo Yoga fa parte del programma avanzato MT-Sidhi. Nell\u2019individuo il Volo Yoga integra la coerenza silenziosa del cervello, che si sperimenta durante la meditazione profonda, con l\u2019attivit\u00e0 dinamica, aiutando in questo modo a sviluppare stati di coscienza pi\u00f9 elevati. Per la societ\u00e0 si \u00e8 visto che gruppi di persone che praticano insieme il Volo Yoga irradiano un\u2019influenza di coerenza e armonia per tutta la popolazione circostante. Quest\u2019ultimo effetto costituisce la base dell\u2019Iniziativa per la Pace Globale.<\/p>\n<p><em>QUALI SONO LE ATTIVIT\u00c0 DEI PANDIT VEDICI MAHARISHI? <\/em><br \/>\nIl loro programma giornaliero, strutturato da Maharishi, comprende l\u2019alzarsi presto al mattino, meditazione e Volo Yoga in gruppo, esecuzione degli Yagya Maharishi, pasti consumati in gruppo e alcune attivit\u00e0 ricreative.<\/p>\n<p><em>PERCH\u00c8 IL BRAHMASTHAN DELL\u2019INDIA? <\/em><br \/>\nIl Brahmasthan \u00e8 il punto centrale di un\u2019area, ad es. di una casa, di una citt\u00e0 o di una nazione. Maharishi ha fatto presente che per produrre un effetto di pace pi\u00f9 potente, il gruppo di Volatori Yoga dovrebbe essere localizzato nel Brahmasthan di una nazione. Per questo motivo il campus principale dei Pandit Vedici Maharishi si trova nel Brahmasthan dell\u2019India, presso Jabalpur nel Madhya Pradesh. <\/p>\n<p><em>CHE COSA ACCADR\u00c0 QUANDO L\u2019OBIETTIVO DI 9.000 PANDIT VEDICI MAHARISHI SAR\u00c0 RAGGIUNTO? <\/em><br \/>\nCelebreremo! Ci sar\u00e0 una nuova era di pace per il mondo. E, dato che c&#8217;\u00e8 sempre la possibilit\u00e0 di progredire,  il Trust e la Fondazione continueranno a far s\u00ec che in India si accresca il numero dei Pandit che praticano il Volo Yoga in gruppo e che eseguono gli Yagya, cos\u00ec da creare un\u2019influenza sempre maggiore di pace e coerenza nel mondo. <\/p>\n<p><em>COME POSSO TENERMI INFORMATO SUL PROGRESSO DEL GRUPPO DI PANDIT? <\/em><br \/>\nIl modo migliore \u00e8 iscriverti per ricevere le newsletter, che sono gratuite. Ogni mese il Dott. Harris Kaplan, amministratore delegato del Brahmananda Saraswati Trust, invia un\u2019e-mail di una pagina a tutti gli abbonati. Se diventerai donatore su questo sito, riceverai automaticamente queste circolari.<\/p>\n<p>Puoi anche contattare il tuo ambasciatore nazionale del Brahmananda Saraswati Trust e chiedere che ti tenga informato su tutte le iniziative nella tua nazione.<\/p>\n<p><em>POSSO SOSTENERE UN SINGOLO PANDIT VEDICO MAHARISHI? <\/em><br \/>\nStiamo incoraggiando tutti a contribuire al sostegno dei Pandit su base mensile. Puoi scegliere di dare il sostegno completo per un Pandit o donare anche solo una frazione di tale importo. Un Pandit Vedico Maharishi pu\u00f2 essere completamente sponsorizzato con 250 dollari al mese. Questo include vitto e alloggio, stipendio, costi di amministrazione, forniture per gli Yagya e spese extra. Tuttavia, per consentire ai Pandit di mantenere l\u2019attenzione sulle loro responsabilit\u00e0 quotidiane, non viene creato un rapporto personale tra i donatori e i singoli Pandit.<\/p>\n<h5>A RIGUARDO DI DONAZIONI E FINANZIAMENTI<\/h5>\n<p><em>QUAL \u00c8 LA DIFFERENZA TRA DONARE PER UNO YAGYA NAZIONALE MAHARISHI E DONARE PER I PANDIT VEDICI MAHARISHI? <\/em><br \/>\nTutte le donazioni sostengono i Pandit Vedici Maharishi e vengono automaticamente utilizzate per il programma di Yagya Nazionali. <\/p>\n<p><em>LA MIA DONAZIONE \u00c8 DEDUCIBILE DALLE TASSE? <\/em><br \/>\nPer i donatori europei lo Stichting Brahmananda Saraswati Trust (Olanda) ha lo status di ANBI (istituzione finalizzata al bene comune), perci\u00f2 le donazioni fatte al Trust sono deducibili dalle tasse per i residenti olandesi e ora anche per altri paesi europei. Tuttavia non tutti i paesi europei godono di deducibilit\u00e0 dalle tasse per donazioni fatte all\u2019estero. Quindi per paesi europei che non siano i Paesi Bassi, dovrai chiedere al tuo Ambasciatore. <\/p>\n<p>Per i donatori statunitensi la Brahmananda Saraswati Foundation (US) \u00e8 un\u2019organizzazione \u2018501 (c) (3)\u2019 e le donazioni dei contribuenti USA sono deducibili dalle tasse. <\/p>\n<p>Per gli altri paesi: in alcune nazioni vi sono societ\u00e0 a scopo caritatevole che offrono la possibilit\u00e0 di dedurre dalle tasse le donazioni per i Pandit Vedici Maharishi. Tra questi paesi sono compresi il Regno Unito, il Canada e la Nuova Zelanda. Clicca sul nome del paese e scoprirai come fare una donazione tramite la tua organizzazione nazionale. Anche se il tuo paese non \u00e8 elencato tra quelli che offrono benefici fiscali puoi comunque sostenere i Pandit Vedici Maharishi da qualsiasi paese del mondo, facendo una donazione on-line al Brahmanandha Saraswati Trust o alla Fondazione. <\/p>\n<p><em>PERCH\u00c8 \u00c8 COS\u00cc IMPORTANTE DONARE SU BASE MENSILE REGOLARE? <\/em><br \/>\nLe donazioni una-tantum sono benvenute e sono comunque d\u2019aiuto. Tuttavia, poich\u00e9 assumiamo i Pandit Vedici Maharishi per svolgere la loro professione presso il campus del Brahmasthan, vogliamo essere sicuri di poter dar loro un sostegno continuativo. Per questo incoraggiamo i nostri donatori a contribuire regolarmente su base mensile per creare quindi una base stabile su cui costruire il gruppo di 9.000.<\/p>\n<p><em>QUALE PERCENTUALE DELLA MIA DONAZIONE VIENE UTILIZZATA PER IL SOSTEGNO DEI PANDIT VEDICI MAHARISHI? <\/em><br \/>\nOltre il 90% delle donazioni regolari va in India per sovvenzionare i Pandit Vedici Maharishi. Meno del 10% viene utilizzato per coprire i costi delle carte di credito, dei bonifici e per le spese amministrative. Nell\u2019ambito delle organizzazioni per la raccolta di fondi, meno del 10% viene considerata una percentuale bassa. <\/p>\n<p><em>QUANTI SONO I PAESI DONATORI PER I PANDIT VEDICI MAHARISHI? <\/em><br \/>\nI Pandit Vedici Maharishi sono sostenuti da donatori di oltre 100 paesi.<\/p>\n<p><em>COME VIENE GESTITO IL FONDO DI DOTAZIONE? <\/em><br \/>\nLe donazioni per il Fondo di Dotazione non vengono inviate in India, ma vengono investite. Solo gli interessi maturati sugli investimenti vengono usati per sostenere i Pandit Vedici, quindi il Fondo di Dotazione non subisce diminuzioni. Il Comitato Investimenti BSF e BST \u00e8 gestito da un gruppo di amministratori esperti provenienti da diverse aziende e istituzioni finanziarie. <a href=\"https:\/\/donation.vedicpandits.org\/it\/about-us\/\" rel=\"noopener\" target=\"_blank\">Clicca qui<\/a> per vedere il Comitato Investimenti.<\/p>\n","protected":false},"excerpt":{"rendered":"<p>A RIGUARDO DEI PANDIT VEDICI MAHARISHI PERCH\u00c8 QUESTO GRUPPO \u00c8 COSTITUITO SOLAMENTE DA PANDIT VEDICI MAHARISHI? Le ricerche scientifiche hanno dimostrato che gruppi di persone di qualsiasi estrazione sociale, che praticano insieme il Volo Yoga, possono produrre una forte influenza di pace. Tuttavia il compito di mantenere armonia nella societ\u00e0 \u00e8 tradizionalmente riservato ai Pandit [&hellip;]<\/p>\n","protected":false},"author":3,"featured_media":165,"parent":4122,"menu_order":0,"comment_status":"open","ping_status":"closed","template":"","meta":{"om_disable_all_campaigns":false,"_monsterinsights_skip_tracking":false,"_monsterinsights_sitenote_active":false,"_monsterinsights_sitenote_note":"","_monsterinsights_sitenote_category":0,"footnotes":""},"class_list":["post-4139","page","type-page","status-publish","has-post-thumbnail","hentry"],"_links":{"self":[{"href":"https:\/\/donation.vedicpandits.org\/it\/wp-json\/wp\/v2\/pages\/4139","targetHints":{"allow":["GET"]}}],"collection":[{"href":"https:\/\/donation.vedicpandits.org\/it\/wp-json\/wp\/v2\/pages"}],"about":[{"href":"https:\/\/donation.vedicpandits.org\/it\/wp-json\/wp\/v2\/types\/page"}],"author":[{"embeddable":true,"href":"https:\/\/donation.vedicpandits.org\/it\/wp-json\/wp\/v2\/users\/3"}],"replies":[{"embeddable":true,"href":"https:\/\/donation.vedicpandits.org\/it\/wp-json\/wp\/v2\/comments?post=4139"}],"version-history":[{"count":12,"href":"https:\/\/donation.vedicpandits.org\/it\/wp-json\/wp\/v2\/pages\/4139\/revisions"}],"predecessor-version":[{"id":78015,"href":"https:\/\/donation.vedicpandits.org\/it\/wp-json\/wp\/v2\/pages\/4139\/revisions\/78015"}],"up":[{"embeddable":true,"href":"https:\/\/donation.vedicpandits.org\/it\/wp-json\/wp\/v2\/pages\/4122"}],"wp:featuredmedia":[{"embeddable":true,"href":"https:\/\/donation.vedicpandits.org\/it\/wp-json\/wp\/v2\/media\/165"}],"wp:attachment":[{"href":"https:\/\/donation.vedicpandits.org\/it\/wp-json\/wp\/v2\/media?parent=4139"}],"curies":[{"name":"wp","href":"https:\/\/api.w.org\/{rel}","templated":true}]}}