{"id":10400,"date":"2015-03-11T10:43:55","date_gmt":"2015-03-11T10:43:55","guid":{"rendered":"https:\/\/vedicpandits.org\/nb\/intermediary-donation-page\/"},"modified":"2017-09-14T11:34:59","modified_gmt":"2017-09-14T11:34:59","slug":"intermediary-donation-page","status":"publish","type":"page","link":"https:\/\/donation.vedicpandits.org\/nb\/intermediary-donation-page\/","title":{"rendered":"Intermediary Donation Page"},"content":{"rendered":"<h2 style=\"margin-bottom: 30px; color: white; background: none repeat scroll 0 0 #e37d22; font-size: 17px; text-align: center; padding-top: 10px;\">DIN ST\u00d8TTE TIL GRUPPEN AV MAHARISHI VEDISKE PANDITER<br \/>\nSKAPER EN KRAFTIG P\u00c5VIRKNING AV FRED I VERDEN<\/h2>\n<div class=\"grid grid-desktop-30 grid-mobile-100\">\n<div class=\"holder\"><img loading=\"lazy\" decoding=\"async\" class=\"alignleft size-full wp-image-2490\" src=\"\/wp-content\/uploads\/2015\/03\/photo_pandit_donatepage1.jpg\" alt=\"photo_pandit_donatepage\" width=\"234\" height=\"284\" \/><\/div>\n<\/div>\n<div class=\"grid grid-desktop-70 grid-mobile-100\">\n<div class=\"holder\">\n<p>Ved \u00e5 donere til Nasjonal-Yagyaer er du samtidig med \u00e5 finansiere Maharishi Vediske Panditer i Brahmasthan i India.<\/p>\n<p>For Nasjonal-Yagyaer kan du betale til Maharishi stiftelsens konto i Norge, til den internasjonale BST \u2013 Brahmananda Saraswati Trust &#8211; kontoen i Holland eller til BSF \u2013 Brahmananda Saraswati Foundation &#8211; kontoen i USA. For BSF kontoen i USA kan du ogs\u00e5 bruke PayPal eller kredittkort. <!--For \u00e5 donere til Nasjonal-Yagya via BSF, se link lenger nede p\u00e5 siden.--> Bel\u00f8pet som kommer inn p\u00e5 v\u00e5r nasjonale konto, blir uavkortet overf\u00f8rt til BST kontoen i Holland.<\/p>\n<p>For mer informasjon, send e-post til bst@maharishi.no, eller kontakt en av v\u00e5re Ambassad\u00f8rer<\/p>\n<p>&nbsp;<br \/>\n&nbsp;<br \/>\n&nbsp;<br \/>\n&nbsp;<br \/>\nBel\u00f8pet som kommer inn p\u00e5 v\u00e5r nasjonale konto, blir uavkortet overf\u00f8rt til BST kontoen i Holland.<\/p>\n<p>V\u00e5r konto i Norge:<br \/>\nMaharishi stiftelsen \/ Vedic Pandits<br \/>\nKontonummer: 1503.09.32061<br \/>\nGamlehaugvegen 20<br \/>\n5031 Bergen<\/p>\n<p>Vennligst skriv \u201dNasjonal-Yagya\u201d i tekstfeltet ved innbetaling til den norske kontoen, og om det er et engangsbel\u00f8p eller en m\u00e5nedlig donasjon. I sistnevnte tilfelle kan du gjerne registrere bel\u00f8pet som fast oppdrag i din nettbank, og vi vil trekke bel\u00f8pet en gang i m\u00e5neden. Du kan n\u00e5r som helst endre eller stanse bel\u00f8pet for m\u00e5nedlig innbetaling. <\/p>\n<p>Du kan gi et hvilket som helst bel\u00f8p til Nasjonal-Yagyaer.  Du kan ogs\u00e5 finansiere en hel Nasjonal-Yagya ved \u00e5 innbetale $ 1250. Yagyaen vil da bli dedikert til deg eller til en annen person, bedrift eller organisasjon som du m\u00e5tte \u00f8nske. Det valgte navnet vil bli lest opp i begynnelsen av Yagyaen, under den s\u00e5kalte Sankalpa delen, der Yagyaens intensjon erkl\u00e6res. <\/p>\n<p>&nbsp;<br \/>\nFor mer informasjon, send e-post til bst@maharishi.no, eller kontakt en av v\u00e5re Ambassad\u00f8rer.<br \/>\n&nbsp;<\/p>\n<p>For \u00e5 donere til Nasjonal-Yagya via BST, klikk nedenfor:<\/p>\n<p><!--If helpful, you can download a PDF in French to assist you to complete the donation page.--><br \/>\n<!--\n\n\n<p style=\"text-align: center;\"><a class=\"btn btn-large\" href=\"\/wp-content\/uploads\/2015\/03\/final_french_translation_of_donation_page_1and21.pdf\">&gt; Download the French translation pdf<\/a><\/p>\n\n\n--><\/p>\n<p style=\"text-align: center;\"><a class=\"btn btn-large\" href=\"https:\/\/aro.vedicpandits.org\/donate\">&gt;  DONER TIL EN NASJONAL-YAGYA<\/a><\/p>\n<p><!--\n\n<h4>Donate in Euros<\/h4>\n\n\nYou can donate in Euros to Brahmananda Saraswati Trust (Netherlands) by bank wire, by setting up a recurring bank debit or by PayPal.\n\nIf you would like to make a donation in euros via PayPal please direct the payment to :\nBST108@maharishi.net\n\nFor Bank Wire transfers to BST please use the following information.\n\n[columns_holder]\n[column]\nBank Account Information :\n\nING Bank, Roermond, The Netherlands\nSwift Code\/BIC: INGBNL2A\nAccount Name: BST\nIBAN: NL74 INGB 0659 6208 04\nAccount Number: 65.96.20.804\n[\/column]\n[column]\n\nAddress of Beneficiary:\n\nStation 24\n6063NP Vlodrop\nThe Netherlands\n\n[\/column]\n[\/columns_holder]--><\/p>\n<p>&nbsp;<\/p>\n<\/div>\n<\/div>\n","protected":false},"excerpt":{"rendered":"<p>DIN ST\u00d8TTE TIL GRUPPEN AV MAHARISHI VEDISKE PANDITER SKAPER EN KRAFTIG P\u00c5VIRKNING AV FRED I VERDEN Ved \u00e5 donere til Nasjonal-Yagyaer er du samtidig med \u00e5 finansiere Maharishi Vediske Panditer i Brahmasthan i India. For Nasjonal-Yagyaer kan du betale til Maharishi stiftelsens konto i Norge, til den internasjonale BST \u2013 Brahmananda Saraswati Trust &#8211; kontoen [&hellip;]<\/p>\n","protected":false},"author":3,"featured_media":0,"parent":0,"menu_order":0,"comment_status":"closed","ping_status":"closed","template":"","meta":{"om_disable_all_campaigns":false,"_monsterinsights_skip_tracking":false,"_monsterinsights_sitenote_active":false,"_monsterinsights_sitenote_note":"","_monsterinsights_sitenote_category":0,"footnotes":""},"class_list":["post-10400","page","type-page","status-publish","hentry"],"_links":{"self":[{"href":"https:\/\/donation.vedicpandits.org\/nb\/wp-json\/wp\/v2\/pages\/10400","targetHints":{"allow":["GET"]}}],"collection":[{"href":"https:\/\/donation.vedicpandits.org\/nb\/wp-json\/wp\/v2\/pages"}],"about":[{"href":"https:\/\/donation.vedicpandits.org\/nb\/wp-json\/wp\/v2\/types\/page"}],"author":[{"embeddable":true,"href":"https:\/\/donation.vedicpandits.org\/nb\/wp-json\/wp\/v2\/users\/3"}],"replies":[{"embeddable":true,"href":"https:\/\/donation.vedicpandits.org\/nb\/wp-json\/wp\/v2\/comments?post=10400"}],"version-history":[{"count":21,"href":"https:\/\/donation.vedicpandits.org\/nb\/wp-json\/wp\/v2\/pages\/10400\/revisions"}],"predecessor-version":[{"id":11369,"href":"https:\/\/donation.vedicpandits.org\/nb\/wp-json\/wp\/v2\/pages\/10400\/revisions\/11369"}],"wp:attachment":[{"href":"https:\/\/donation.vedicpandits.org\/nb\/wp-json\/wp\/v2\/media?parent=10400"}],"curies":[{"name":"wp","href":"https:\/\/api.w.org\/{rel}","templated":true}]}}