{"id":42400,"date":"2017-10-30T18:04:03","date_gmt":"2017-10-30T18:04:03","guid":{"rendered":"https:\/\/vedicpandits.org\/letters-for-newcomers\/"},"modified":"2020-06-02T13:59:49","modified_gmt":"2020-06-02T13:59:49","slug":"letters-for-newcomers","status":"publish","type":"page","link":"https:\/\/donation.vedicpandits.org\/nb\/letters-for-newcomers\/","title":{"rendered":"Letters for Newcomers"},"content":{"rendered":"<h1 style=\"text-align: center;\">INTROBREV<\/h1>\n<div class=\"grid-holder\">\n<div class=\"grid grid-desktop-50 grid-mobile-100\"><div class=\"holder\"><p>Velkommen til Det Globale Fredsinitiativ. V\u00e5re introbrev er en serie fra 1 til 8, hvor det f\u00f8rste er grunnlaget for en 14 min. lange introduksjonsvideo. Vennligst klikk lenkene til h\u00f8yre.<\/p>\n<p>Videoen begynner med individuelle erfaringer av en koherent hjernefunksjon under Transcendental Meditasjon, og beskriver deretter gruppeeffekten og hvordan denne er grunnlaget for Det Globale Fredsinitiativ. Siden videoen er basert p\u00e5 vitenskap, er den ideell for alle som praktiserer transcendental meditasjon, enten de er nybegynnere eller viderekomne.<\/p>\n<\/div><\/div>\n<div class=\"grid grid-desktop-50 grid-mobile-100\"><div class=\"holder\">\t<a href=\"https:\/\/donation.vedicpandits.org\/nb\/letters-for-newcomers\/?image_video=https%3A%2F%2Fvimeo.com%2F267767523\" class=\"video-link \"><img decoding=\"async\" class=\"alignnone size-full wp-image-285\" src=\"https:\/\/donation.vedicpandits.org\/wp-content\/uploads\/2020\/05\/nb_gpi_video_pic_2.png\" alt=\"yagya_hagelin_1web1\" width=\"712\" \/><\/a>\n\n\t\n<p>Introduksjonsvideoen til Det Globale Fredsinitiativ er laget for \u00e5 gi et kort og oversiktlig sammendrag av prosjektet.<\/p>\n<p><a href=\"https:\/\/us7.campaign-archive.com\/?e=&#038;u=0cc687d83ddcd228ddb1e46aa&#038;id=9fd0e4e57d\" rel=\"noopener noreferrer\" target=\"_blank\">Les brev<\/a><br \/>\n\t<a href=\"https:\/\/donation.vedicpandits.org\/nb\/letters-for-newcomers\/?image_video=https%3A%2F%2Fvimeo.com%2F267767523\" class=\"video-link no-pointer\"><em> Se video<\/em><\/a>\n\n\t\n<\/div><\/div>\n<\/div>\n<div class=\"border-line\">&nbsp;<\/div>\n<div class=\"grid-holder\">\n<div class=\"grid grid-desktop-50 grid-mobile-100\"><div class=\"holder\"><p><img loading=\"lazy\" decoding=\"async\" src=\"https:\/\/donation.vedicpandits.org\/wp-content\/uploads\/2017\/11\/group_meditation.png\" width=\"290\" height=\"290\"\/><\/p>\n<p><img loading=\"lazy\" decoding=\"async\" src=\"https:\/\/donation.vedicpandits.org\/wp-content\/uploads\/2017\/10\/individuals_creating_world_peace.png\" width=\"290\" height=\"290\"\/><\/p>\n<p><img loading=\"lazy\" decoding=\"async\" src=\"https:\/\/donation.vedicpandits.org\/wp-content\/uploads\/2017\/11\/8_pandits.png\" width=\"290\" height=\"290\"\/><\/p>\n<p><img loading=\"lazy\" decoding=\"async\" src=\"https:\/\/donation.vedicpandits.org\/wp-content\/uploads\/2017\/11\/brahmasthan_india.png\" width=\"290\" height=\"290\"\/><\/p>\n<p><img loading=\"lazy\" decoding=\"async\" src=\"https:\/\/donation.vedicpandits.org\/wp-content\/uploads\/2017\/11\/pandit_group_with_embedded_world_map.png\" width=\"290\"  height=\"290\"\/><\/p>\n<\/div><\/div>\n<div class=\"grid grid-desktop-50 grid-mobile-100\"><div class=\"holder\"><h4>VITENSKAP OG VERDENSFRED<\/h4>\n<p>Introbrevene viser en effektiv og vitenskapelig p\u00e5vist metode til \u00e5 skape \u00f8kt harmoni og fred i verden. L\u00e6r om hvordan en person som praktiserer Transcendental Meditasjon kan p\u00e5virke samfunnet, og hvordan det avanserte TM programmet praktisert i store grupper av de Maharishi Vediske Panditene kan skape varig fred. <\/p>\n<\/p>\n<h4>INTROBREV<\/h4>\n<ol>\n<li>ET EFFEKTIVT PROGRAM FOR \u00c5 SKAPE INDRE OG YTRE FRED<br \/><a href=\"https:\/\/us7.campaign-archive.com\/?e=&#038;u=0cc687d83ddcd228ddb1e46aa&#038;id=647b338b1a\" rel=\"noopener noreferrer\" target=\"_blank\">Les brev <\/a><\/li>\n<li>9000 KAN SKAPE VERDENSFRED<br \/> <a href=\"https:\/\/us7.campaign-archive.com\/?e=&#038;u=0cc687d83ddcd228ddb1e46aa&#038;id=153da0c31f\" rel=\"noopener noreferrer\" target=\"_blank\">Les brev<\/a><\/li>\n<li>AVANSERTE EKSPERTER BRUKER EN ELDGAMMEL BEVISSTHETSTEKNOLOGI FOR \u00c5 SKAPE VERDENSFRED <br \/><a href=\"https:\/\/us7.campaign-archive.com\/?e=&#038;u=0cc687d83ddcd228ddb1e46aa&#038;id=4d6df8f2f6\" rel=\"noopener noreferrer\" target=\"_blank\">Les brev<\/a><\/li>\n<li>DEN KALDE KRIGENS VINDER HAR BLITT TIL H\u00c5PETS VINDER  <br \/><a href=\"https:\/\/us7.campaign-archive.com\/?e=&#038;u=0cc687d83ddcd228ddb1e46aa&#038;id=2110f03a1b\" rel=\"noopener noreferrer\" target=\"_blank\">Les brev<\/a><\/li>\n<li>LYDENS TEKNOLOGI<br \/><a href=\"https:\/\/us7.campaign-archive.com\/?e=&#038;u=0cc687d83ddcd228ddb1e46aa&#038;id=c5324c38eb\" rel=\"noopener noreferrer\" target=\"_blank\">Les brev<\/a><\/li>\n<li>9000 FREDSSKAPENDE EKSPERTER VIL BO I DENNE VERDENS FREDSHOVEDSTAD<br \/><a href=\"https:\/\/us7.campaign-archive.com\/?e=&#038;u=0cc687d83ddcd228ddb1e46aa&#038;id=b80962adda\" rel=\"noopener noreferrer\" target=\"_blank\">Les brev<\/a><\/li>\n<li>HVORDAN OPPN\u00c5 DET \u201dUOVERVINNELIGE ANTALLET\u201d FOR VERDENSFRED <br \/><a href=\"https:\/\/us7.campaign-archive.com\/?e=&#038;u=0cc687d83ddcd228ddb1e46aa&#038;id=eccbfadf33\" rel=\"noopener noreferrer\" target=\"_blank\">Les brev<\/a><\/li\n\n\n<\/ol>\n<\/div><\/div>\n<\/div>\n","protected":false},"excerpt":{"rendered":"<p>INTROBREV<\/p>\n","protected":false},"author":3,"featured_media":0,"parent":0,"menu_order":0,"comment_status":"closed","ping_status":"closed","template":"","meta":{"om_disable_all_campaigns":false,"_monsterinsights_skip_tracking":false,"_monsterinsights_sitenote_active":false,"_monsterinsights_sitenote_note":"","_monsterinsights_sitenote_category":0,"footnotes":""},"class_list":["post-42400","page","type-page","status-publish","hentry"],"_links":{"self":[{"href":"https:\/\/donation.vedicpandits.org\/nb\/wp-json\/wp\/v2\/pages\/42400","targetHints":{"allow":["GET"]}}],"collection":[{"href":"https:\/\/donation.vedicpandits.org\/nb\/wp-json\/wp\/v2\/pages"}],"about":[{"href":"https:\/\/donation.vedicpandits.org\/nb\/wp-json\/wp\/v2\/types\/page"}],"author":[{"embeddable":true,"href":"https:\/\/donation.vedicpandits.org\/nb\/wp-json\/wp\/v2\/users\/3"}],"replies":[{"embeddable":true,"href":"https:\/\/donation.vedicpandits.org\/nb\/wp-json\/wp\/v2\/comments?post=42400"}],"version-history":[{"count":12,"href":"https:\/\/donation.vedicpandits.org\/nb\/wp-json\/wp\/v2\/pages\/42400\/revisions"}],"predecessor-version":[{"id":42642,"href":"https:\/\/donation.vedicpandits.org\/nb\/wp-json\/wp\/v2\/pages\/42400\/revisions\/42642"}],"wp:attachment":[{"href":"https:\/\/donation.vedicpandits.org\/nb\/wp-json\/wp\/v2\/media?parent=42400"}],"curies":[{"name":"wp","href":"https:\/\/api.w.org\/{rel}","templated":true}]}}