{"id":8366,"date":"2014-04-08T07:02:34","date_gmt":"2014-04-08T07:02:34","guid":{"rendered":"https:\/\/vedicpandits.org\/nb\/?page_id=8366"},"modified":"2018-12-23T17:42:38","modified_gmt":"2018-12-23T17:42:38","slug":"home","status":"publish","type":"page","link":"https:\/\/donation.vedicpandits.org\/nb\/","title":{"rendered":"Home"},"content":{"rendered":"<p><!--<img loading=\"lazy\" decoding=\"async\" src=\"\/wp-content\/uploads\/2014\/04\/ecardslidere-new1.jpg\" width=\"912\" height=\"364\" class=\"alignleft size-full wp-image-1800\" \/>\n<a class=\"ecardbutton\" href=\"https:\/\/donation.vedicpandits.org\/ecard\/\"> > Nytt! E-kort til glede og inspirasjon<\/a>--><\/p>\n<h4>VEDISKE BEVISSTHETSTEKNOLOGIER FOR GLOBAL FRED<\/h4>\n<p>En stor gruppe Maharishi Vediske Panditer er etablert i India for \u00e5 skape en innflytelse av harmoni i hele verden. Tretti \u00e5r med vitenskapelig forskning har sl\u00e5tt fast at en gruppe p\u00e5 9000 vil v\u00e6re tilstrekkelig til \u00e5 forbedre folks liv globalt. Takket v\u00e6re donasjoner fra sjener\u00f8se st\u00f8ttespillere fra over 90 land har gruppen, som befinner seg i Indias geografiske senter (Brahmasthan), de siste \u00e5rene \u00f8kt til mer enn 2000. V\u00e5rt m\u00e5l er \u00e5 \u00f8ke den \u00e5rlige st\u00f8tten slik at vi kan f\u00e5 en stabil gruppe p\u00e5 9000. Deretter vil vi opprette et gavefond som skal sikre prosjektets kontinuitet, slik at en i all fremtid kan opprettholde verdensfred.<\/p>\n<p>Vedisk resitasjon, som Panditene ut\u00f8ver, har blitt oppf\u00f8rt p\u00e5 UNESCOs liste over Verdensarven som et muntlig og immaterielt mesterverk.<\/p>\n<div style=\"width:200px; margin-top:40px; margin-left:10px;\"  class=\"align right\">\n\t<a href=\"https:\/\/donation.vedicpandits.org\/nb\/?image_video=https%3A%2F%2Fvimeo.com%2F267767523\" class=\"video-link \"><img decoding=\"async\" class=\"alignnone size-full wp-image-285\" src=\"https:\/\/donation.vedicpandits.org\/wp-content\/uploads\/2018\/03\/Tall-blue-globe-copy.jpeg\" alt=\"landscape format of blue globe with pandits\" width=\"200\" \/><\/a>\n\n\t<\/div>\n<h4 style=\"margin-top:25px;\">Nyt videoen p\u00e5 ditt eget spr\u00e5k<\/h4>\n<p>P\u00e5 kun fjorten minutter kan du l\u00e6re hvordan Transcendental Meditasjon og tilh\u00f8rende avanserte teknikker effektivt kan skape fred. En kort videopresentasjon med animasjoner, eksempler og referanser til vitenskapelig forskning forklarer enkelt og klart trinnene for \u00e5 oppn\u00e5 verdensfred. Nyt \t<a href=\"https:\/\/donation.vedicpandits.org\/nb\/?image_video=https%3A%2F%2Fvimeo.com%2F267767523\" class=\"video-link no-pointer\">videoen<\/a>\n\n\t p\u00e5 ditt eget spr\u00e5k.<\/p>\n<p><!--E-kortene (se under) har mange fine bilder, bildeserier og videoer av de Maharishi Vediske Panditene med lydopptak av deres resitasjoner. Vi h\u00e5per du vil ha glede av disse gratis <a href=\"https:\/\/donation.vedicpandits.org\/ecard\/\">e-kortene<\/a> av de Maharishi Vediske Panditene og vil dele dem med dine venner.--><\/p>\n","protected":false},"excerpt":{"rendered":"<p>VEDISKE BEVISSTHETSTEKNOLOGIER FOR GLOBAL FRED En stor gruppe Maharishi Vediske Panditer er etablert i India for \u00e5 skape en innflytelse av harmoni i hele verden. Tretti \u00e5r med vitenskapelig forskning har sl\u00e5tt fast at en gruppe p\u00e5 9000 vil v\u00e6re tilstrekkelig til \u00e5 forbedre folks liv globalt. Takket v\u00e6re donasjoner fra sjener\u00f8se st\u00f8ttespillere fra over [&hellip;]<\/p>\n","protected":false},"author":3,"featured_media":0,"parent":0,"menu_order":0,"comment_status":"open","ping_status":"closed","template":"template-home.php","meta":{"om_disable_all_campaigns":false,"_monsterinsights_skip_tracking":false,"_monsterinsights_sitenote_active":false,"_monsterinsights_sitenote_note":"","_monsterinsights_sitenote_category":0,"footnotes":""},"class_list":["post-8366","page","type-page","status-publish","hentry"],"_links":{"self":[{"href":"https:\/\/donation.vedicpandits.org\/nb\/wp-json\/wp\/v2\/pages\/8366","targetHints":{"allow":["GET"]}}],"collection":[{"href":"https:\/\/donation.vedicpandits.org\/nb\/wp-json\/wp\/v2\/pages"}],"about":[{"href":"https:\/\/donation.vedicpandits.org\/nb\/wp-json\/wp\/v2\/types\/page"}],"author":[{"embeddable":true,"href":"https:\/\/donation.vedicpandits.org\/nb\/wp-json\/wp\/v2\/users\/3"}],"replies":[{"embeddable":true,"href":"https:\/\/donation.vedicpandits.org\/nb\/wp-json\/wp\/v2\/comments?post=8366"}],"version-history":[{"count":23,"href":"https:\/\/donation.vedicpandits.org\/nb\/wp-json\/wp\/v2\/pages\/8366\/revisions"}],"predecessor-version":[{"id":13979,"href":"https:\/\/donation.vedicpandits.org\/nb\/wp-json\/wp\/v2\/pages\/8366\/revisions\/13979"}],"wp:attachment":[{"href":"https:\/\/donation.vedicpandits.org\/nb\/wp-json\/wp\/v2\/media?parent=8366"}],"curies":[{"name":"wp","href":"https:\/\/api.w.org\/{rel}","templated":true}]}}