{"id":8370,"date":"2014-04-08T07:09:10","date_gmt":"2014-04-08T07:09:10","guid":{"rendered":"https:\/\/vedicpandits.org\/nb\/?page_id=8370"},"modified":"2017-01-22T09:08:58","modified_gmt":"2017-01-22T09:08:58","slug":"maharishi","status":"publish","type":"page","link":"https:\/\/donation.vedicpandits.org\/nb\/maharishi\/","title":{"rendered":"Maharishi"},"content":{"rendered":"<h4>MAHARISHI MAHESH YOGI<\/h4>\n<p>Maharishi Mahesh Yogi er vidt anerkjent for \u00e5 v\u00e6re verdens fremste autoritet p\u00e5 Vedaene  og den fremste eksperten p\u00e5 vitenskapen om bevissthet i moderne tid. I f\u00f8lge Maharishi er Veda total kunnskap som eksisterer i bevissthet, men som har f\u00e5tt sitt konkrete uttrykk i de Vediske skrifter.<\/p>\n<p>Maharishi er ogs\u00e5 verdenskjent for \u00e5 ha l\u00e6rt bort Transcendental Meditasjon, som har v\u00e6rt gjenstand for grundig forskning, og som er anerkjent som den mest effektive mentale teknikken for personlig utvikling (se nedenfor). I tillegg gjenopprettet han den helhetlige kunnskapen og de praktiske programmene til den Vediske tradisjonen i India, slik at alle n\u00e5 kan oppn\u00e5 hva denne kunnskapen lover: et liv i fred og velstand og med god helse.<\/p>\n<p>Maharishi gjenopplivde flere glemte eller misforst\u00e5tte aspekter av Vedisk kunnskap, og utviklet programmer for \u00e5 gi fullbyrdelse til helsetjenester, utdanning, forsvar, administrasjon, arkitektur og mange andre omr\u00e5der av det moderne liv.<\/p>\n<div class=\"border-line\">&nbsp;<\/div>\n<h4>EN SYSTEMATISK METODE FOR \u00c5 OPPN\u00c5 OPPLYSTHET<\/h4>\n<p>Meditasjon og veien til s\u00e5kalt opplysthet har v\u00e6rt misforst\u00e5tt i \u00e5rhundrer, selv i India. Det ble i stor grad ansett \u00e5 tilh\u00f8re religionens eller filosofiens omr\u00e5de og ofte forbundet med forsakelse. Maharishi brakte frem i lyset den fundamentale Vediske sannhet at meditasjon ikke er basert p\u00e5 anstrengelse eller konsentrasjon, men at det er noe som skjer spontant og naturlig n\u00e5r sinnets aktivitet blir gitt en riktig retning. Han la frem en systematisk vei til utvikling av s\u00e5kalt h\u00f8yere bevissthetstilstander, der livets underliggende enhet blir en levende realitet i det daglige liv.<\/p>\n<p>Inspirert av Maharishi begynte forskere p\u00e5 begynnelsen av 1970-tallet \u00e5 unders\u00f8ke hvilke fordeler Transcendental Meditasjon kunne ha. Siden den gang har 600 vitenskapelige studier, utf\u00f8rt ved mer enn 200 uavhengige forskningsinstitusjoner i 35 land, kunnet dokumentere store fordeler ved Transcendental Meditasjon for b\u00e5de sinn og kropp og for samfunnet som helhet. Mange av disse studiene har blitt publisert i kjente vitenskapelige og medisinske fagtidsskrifter.<\/p>\n<div class=\"border-line\">&nbsp;<\/div>\n<h4>EN SNARVEI TIL VERDENSFRED<\/h4>\n<p>Gjennom det avanserte TM-Sidhi programmet, og spesielt ved gruppeut\u00f8velse av s\u00e5kalt Yogisk Flygning, har Maharishi gitt verden en kraftfull teknologi for \u00e5 skape en innflytelse av koherens og fred i den kollektive bevisstheten i enhver nasjon &#8211; og dette kun ved hjelp av en liten andel av befolkningen. Gruppeut\u00f8velse av Yogisk Flygning er den f\u00f8rste vitenskapelig dokumenterte metode for \u00e5 skape verdensfred. I tillegg har den samme forskningen p\u00e5vist at denne ut\u00f8velsen ogs\u00e5 gir forbedringer p\u00e5 mange andre samfunnsomr\u00e5der, som for eksempel p\u00e5 generell helse, sosial atferd og materiell velstand.<\/p>\n<p>For \u00e5 kunne generere denne kraftfulle effekten permanent startet Maharishi Det Globale Fredsinitiativ, som er et prosjekt fokusert p\u00e5 \u00e5 skape en stor gruppe av spesialutdannede Vediske Panditer, hvis daglige praktisering av TM og TM-Sidhi programmet i tillegg til ut\u00f8velse av s\u00e5kalte Vediske Yagyaer sprer en dyptgripende og m\u00e5lbar positiv effekt i verden. For \u00e5 kunne finansiere en slik gruppe permanent, grunnla han i januar 2008 \u201dBrahmananda Sarasvati Trust.\u201d.<\/p>\n<div class=\"border-line\">&nbsp;<\/div>\n<h4 id=\"audios\">AUDIO<\/h4>\n<p>Maharishi talks about the Vedic Pandits:<\/p>\n<p><em><a href=\"https:\/\/donation.vedicpandits.org\/nb\/maharishi\/?audio_link=%2Fwp-content%2Fuploads%2F2015%2F03%2F01nTraining-Vedic-Pandits-to-Create-Harmony-in-Society-pushing-the-Devatas-buttons-May-18-051.mp3\" class=\"audio-link\">&gt; Training Vedic Pandits to create harmony in society. (Audio 21:02 min)<\/a>\n<p><b><\/b><a href=\"https:\/\/donation.vedicpandits.org\/nb\/maharishi\/?audio_link=%2Fwp-content%2Fuploads%2F2015%2F03%2F04n-Specialty-of-the-Vedic-Pandits-March-16-053.mp3\" class=\"audio-link\">&gt; Specialty of Vedic Pandits. (Audio 7:18 min)<\/a><\/em><\/br><\/p>\n<p>Maharishi talks about the power of Yagyas:<\/p>\n<p><em><a href=\"https:\/\/donation.vedicpandits.org\/nb\/maharishi\/?audio_link=%2Fwp-content%2Fuploads%2F2015%2F03%2F03n-Using-Collective-Yagyas-to-Prevent-the-Danger.mp3\" class=\"audio-link\">&gt; Using collective Yagyas to prevent the danger that has not yet come. (Audio 8:56 min)<\/a>\n<p><b><\/b><a href=\"https:\/\/donation.vedicpandits.org\/nb\/maharishi\/?audio_link=%2Fwp-content%2Fuploads%2F2015%2F03%2F02n-Yagyas%C3%A2%C2%80%C2%94powerful-Vedic-performances-March-23-051.mp3\" class=\"audio-link\">&gt; Yagyas \u2013 powerful Vedic performances arising from the silent level of consciousness of the Vedic Pandits. (Audio 7:26 min)<\/a>\n<p><b><\/b><a href=\"https:\/\/donation.vedicpandits.org\/nb\/maharishi\/?audio_link=%2Fwp-content%2Fuploads%2F2015%2F03%2F06n-Difference-between-practising-TM-and-listening-to-Vedic-R.mp3\" class=\"audio-link\">&gt; The difference between practicing TM and listening to Vedic recitation. (Audio 4:42 min)<\/a><\/em><\/p>\n","protected":false},"excerpt":{"rendered":"<p>MAHARISHI MAHESH YOGI Maharishi Mahesh Yogi er vidt anerkjent for \u00e5 v\u00e6re verdens fremste autoritet p\u00e5 Vedaene og den fremste eksperten p\u00e5 vitenskapen om bevissthet i moderne tid. I f\u00f8lge Maharishi er Veda total kunnskap som eksisterer i bevissthet, men som har f\u00e5tt sitt konkrete uttrykk i de Vediske skrifter. Maharishi er ogs\u00e5 verdenskjent for [&hellip;]<\/p>\n","protected":false},"author":3,"featured_media":3303,"parent":0,"menu_order":0,"comment_status":"open","ping_status":"closed","template":"","meta":{"om_disable_all_campaigns":false,"_monsterinsights_skip_tracking":false,"_monsterinsights_sitenote_active":false,"_monsterinsights_sitenote_note":"","_monsterinsights_sitenote_category":0,"footnotes":""},"class_list":["post-8370","page","type-page","status-publish","has-post-thumbnail","hentry"],"_links":{"self":[{"href":"https:\/\/donation.vedicpandits.org\/nb\/wp-json\/wp\/v2\/pages\/8370","targetHints":{"allow":["GET"]}}],"collection":[{"href":"https:\/\/donation.vedicpandits.org\/nb\/wp-json\/wp\/v2\/pages"}],"about":[{"href":"https:\/\/donation.vedicpandits.org\/nb\/wp-json\/wp\/v2\/types\/page"}],"author":[{"embeddable":true,"href":"https:\/\/donation.vedicpandits.org\/nb\/wp-json\/wp\/v2\/users\/3"}],"replies":[{"embeddable":true,"href":"https:\/\/donation.vedicpandits.org\/nb\/wp-json\/wp\/v2\/comments?post=8370"}],"version-history":[{"count":8,"href":"https:\/\/donation.vedicpandits.org\/nb\/wp-json\/wp\/v2\/pages\/8370\/revisions"}],"predecessor-version":[{"id":10507,"href":"https:\/\/donation.vedicpandits.org\/nb\/wp-json\/wp\/v2\/pages\/8370\/revisions\/10507"}],"wp:featuredmedia":[{"embeddable":true,"href":"https:\/\/donation.vedicpandits.org\/nb\/wp-json\/wp\/v2\/media\/3303"}],"wp:attachment":[{"href":"https:\/\/donation.vedicpandits.org\/nb\/wp-json\/wp\/v2\/media?parent=8370"}],"curies":[{"name":"wp","href":"https:\/\/api.w.org\/{rel}","templated":true}]}}