{"id":8374,"date":"2014-04-08T07:09:17","date_gmt":"2014-04-08T07:09:17","guid":{"rendered":"https:\/\/vedicpandits.org\/nb\/?page_id=8374"},"modified":"2017-01-17T02:09:40","modified_gmt":"2017-01-17T02:09:40","slug":"peace-creating-group","status":"publish","type":"page","link":"https:\/\/donation.vedicpandits.org\/nb\/peace-creating-group\/","title":{"rendered":"Peace-creating group"},"content":{"rendered":"<h4>9000 MAHARISHI VEDISKE PANDITER FOR VERDENSFRED<\/h4>\n<p>Maharishi Mahesh Yogi valgte \u00e5 bruke Vediske Panditer for den fredsskapende gruppen, fordi de til alle tider har v\u00e6rt opprettholderne av den Vediske visdommen som har v\u00e6rt ansvarlig for harmoni i samfunnet og balanse i naturen. Ved Maharishis fokus p\u00e5 \u00e5 oppn\u00e5 fullstendig forst\u00e5else av den Vediske kunnskapen, har den opprinnelige effektiviteten til Vedaenes fredsskapende bevissthetsteknologier blitt gjenopprettet, noe som har blitt validert av vitenskapelige unders\u00f8kelser. Dette har medf\u00f8rt at de Vediske Panditene &#8211; etter \u00e5 ha blitt oppl\u00e6rt i disse teknologiene &#8211; igjen kan oppfylle sin tradisjonelle rolle som skapere av harmoni, fred og balanse i verden.<\/p>\n<p>I januar 2008 etablerte Maharishi \u201dBrahmananda Saraswati Trust\u201d for \u00e5 finansiere og utruste den store gruppen av Maharishi Vediske Panditer i Brahmasthan &#8211; det geografiske senter av India. M\u00e5let er \u00e5 kunne opprettholde en gruppe p\u00e5 9000. Som et f\u00f8rste skritt er det umiddelbare m\u00e5let \u00e5 utvide gruppen fra dagens 2000 til 3500, som er tilstrekkelig til \u00e5 skape en gunstig effekt i hele India og samtidig danne et solid grunnlag for \u00e5 n\u00e5 det endelige m\u00e5let p\u00e5 9000.<\/p>\n<div class=\"border-line\">&nbsp;<\/div>\n<div class=\"grid-holder\">\n<div class=\"grid grid-desktop-50 grid-mobile-100\"><div class=\"holder\">\t<a href=\"https:\/\/donation.vedicpandits.org\/nb\/peace-creating-group\/?image_video=https%3A%2F%2Fwww.youtube.com%2Fwatch%3Fv%3DoLNxrO4z9GQ%3Frel%3D0\" class=\"video-link \"><img loading=\"lazy\" decoding=\"async\" class=\"alignnone size-full wp-image-103\" src=\"\/wp-content\/uploads\/2014\/04\/post-img-11.jpg\" alt=\"post-img-11\" width=\"432\" height=\"312\" srcset=\"https:\/\/donation.vedicpandits.org\/wp-content\/uploads\/2014\/04\/post-img-11.jpg 432w, https:\/\/donation.vedicpandits.org\/wp-content\/uploads\/2014\/04\/post-img-11-300x216.jpg 300w\" sizes=\"auto, (max-width: 432px) 100vw, 432px\" \/><\/a>\n\n\t\n\t<a href=\"https:\/\/donation.vedicpandits.org\/nb\/peace-creating-group\/?image_video=https%3A%2F%2Fwww.youtube.com%2Fwatch%3Fv%3DoLNxrO4z9GQ%3Frel%3D0\" class=\"video-link no-pointer\"><em>&gt; Se Maharishi Mahesh Yogi snakke om dette fenomenet.<\/em><\/a>\n\n\t\n<\/div><\/div>\n<div class=\"grid grid-desktop-50 grid-mobile-100\"><div class=\"holder\"><h4>FREDSEFFEKTEN<\/h4>\n<p>Det er en alminnelig oppfatning at de som praktiserer Transcendental Meditasjon \u2013 TM &#8211; opplever mer fred i seg selv. Denne erfaringen har ved vitenskapelig forskning blitt relatert til \u00f8kt orden i hjernefunksjonen. <\/p>\n<p>Det som imidlertid ikke er s\u00e5 allment kjent, er at n\u00e5r en relativt liten andel personer i en by eller nasjon praktiserer TM, vil en effekt av ro og harmoni ogs\u00e5 spre seg i den omkringliggende befolkningen. Dette fenomenet er blitt bekreftet av 23 vitenskapelige studier og vist seg s\u00e6rlig kraftfullt ved praktisering av det avanserte TM-Sidhi programmet i grupper. <\/p>\n<p>\u00c5 utnytte denne teknologien er essensen i programmet til Det Globale Fredsinitiativ.<\/p>\n<\/div><\/div>\n<\/div>\n","protected":false},"excerpt":{"rendered":"<p>9000 MAHARISHI VEDISKE PANDITER FOR VERDENSFRED Maharishi Mahesh Yogi valgte \u00e5 bruke Vediske Panditer for den fredsskapende gruppen, fordi de til alle tider har v\u00e6rt opprettholderne av den Vediske visdommen som har v\u00e6rt ansvarlig for harmoni i samfunnet og balanse i naturen. Ved Maharishis fokus p\u00e5 \u00e5 oppn\u00e5 fullstendig forst\u00e5else av den Vediske kunnskapen, har [&hellip;]<\/p>\n","protected":false},"author":3,"featured_media":102,"parent":0,"menu_order":0,"comment_status":"open","ping_status":"closed","template":"","meta":{"om_disable_all_campaigns":false,"_monsterinsights_skip_tracking":false,"_monsterinsights_sitenote_active":false,"_monsterinsights_sitenote_note":"","_monsterinsights_sitenote_category":0,"footnotes":""},"class_list":["post-8374","page","type-page","status-publish","has-post-thumbnail","hentry"],"_links":{"self":[{"href":"https:\/\/donation.vedicpandits.org\/nb\/wp-json\/wp\/v2\/pages\/8374","targetHints":{"allow":["GET"]}}],"collection":[{"href":"https:\/\/donation.vedicpandits.org\/nb\/wp-json\/wp\/v2\/pages"}],"about":[{"href":"https:\/\/donation.vedicpandits.org\/nb\/wp-json\/wp\/v2\/types\/page"}],"author":[{"embeddable":true,"href":"https:\/\/donation.vedicpandits.org\/nb\/wp-json\/wp\/v2\/users\/3"}],"replies":[{"embeddable":true,"href":"https:\/\/donation.vedicpandits.org\/nb\/wp-json\/wp\/v2\/comments?post=8374"}],"version-history":[{"count":6,"href":"https:\/\/donation.vedicpandits.org\/nb\/wp-json\/wp\/v2\/pages\/8374\/revisions"}],"predecessor-version":[{"id":10431,"href":"https:\/\/donation.vedicpandits.org\/nb\/wp-json\/wp\/v2\/pages\/8374\/revisions\/10431"}],"wp:featuredmedia":[{"embeddable":true,"href":"https:\/\/donation.vedicpandits.org\/nb\/wp-json\/wp\/v2\/media\/102"}],"wp:attachment":[{"href":"https:\/\/donation.vedicpandits.org\/nb\/wp-json\/wp\/v2\/media?parent=8374"}],"curies":[{"name":"wp","href":"https:\/\/api.w.org\/{rel}","templated":true}]}}