{"id":8383,"date":"2014-04-08T07:09:29","date_gmt":"2014-04-08T07:09:29","guid":{"rendered":"https:\/\/vedicpandits.org\/nb\/peace-creating-group\/maharishi-vedic-pandits\/"},"modified":"2018-08-22T08:50:15","modified_gmt":"2018-08-22T08:50:15","slug":"maharishi-vedic-pandits","status":"publish","type":"page","link":"https:\/\/donation.vedicpandits.org\/nb\/peace-creating-group\/maharishi-vedic-pandits\/","title":{"rendered":"Maharishi vedic pandits"},"content":{"rendered":"<h4>DEN SYSTEMATISKE OPPL\u00c6RINGEN AV MAHARISHI VEDISKE PANDITER<\/h4>\n<p>Fra ung alder f\u00e5r medlemmer i de tradisjonelle Vediske familiene i India oppl\u00e6ring i \u00e5 bli profesjonelle fredsskapere i form av Maharishi Vediske Panditer. Fra 10-\u00e5rs-alderen til de er cirka 20 f\u00f8lger de et spesielt studieprogram laget av Maharishi som inkluderer det \u00e5 l\u00e6re Transcendental Meditasjon og TM-Sidhi programmet samt Yogisk Flygning. De studerer ogs\u00e5 sanskrit og utvikler kompetanse i \u00e5 utf\u00f8re Yagyaer, som er de tradisjonelle Vediske prosedyrene for harmoni, lykke og fred.<\/p>\n<p>Etter hvert blir de immatrikulert ved Maharishi Mahesh Yogi Vedic Vishwavidyalaya, et universitet opprettet i 1995 av statlige myndigheter i Madhya Pradesh for utdanning av Maharishi Vediske Panditer, hvor de tilegner de seg akademiske grader som Bachelor, Master og PhD.<\/p>\n<div class=\"border-line\">&nbsp;<\/div>\n<div class=\"grid-holder\">\n<div class=\"grid grid-desktop-50 grid-mobile-100\"><div class=\"holder\"><p><img loading=\"lazy\" decoding=\"async\" class=\"alignnone size-full wp-image-105\" src=\"\/wp-content\/uploads\/2014\/04\/post-img-12.jpg\" alt=\"post-img-12\" width=\"432\" height=\"312\" srcset=\"https:\/\/donation.vedicpandits.org\/wp-content\/uploads\/2014\/04\/post-img-12.jpg 432w, https:\/\/donation.vedicpandits.org\/wp-content\/uploads\/2014\/04\/post-img-12-300x216.jpg 300w\" sizes=\"auto, (max-width: 432px) 100vw, 432px\" \/><\/p>\n<\/div><\/div>\n<div class=\"grid grid-desktop-50 grid-mobile-100\"><div class=\"holder\"><h4>EKSPERTER I YOGA \u2013 TRANSCENDENTAL MEDITASJON OG YOGISK FLYGNING<\/h4>\n<p>Maharishi Vediske Panditer i Brahmasthan praktiserer hver dag, i mange timer, essensen av yoga: Transcendental Meditasjon og TM-Sidhi programmet. TM-Sidhi programmet, inkludert Yogisk Flygning, ble utviklet av Maharishi ut fra Patanjalis \u201dYoga sutras\u201d, det sentrale verk i Yogafilosofien.<\/p>\n<p>Dette programmet utvikler evnen til \u00e5 handle ut fra et mer stille og koherent niv\u00e5 av bevissthet, og gj\u00f8r s\u00e5ledes Panditene i stand til \u00e5 gj\u00f8re sine daglige Yagyaer mer virkningsfulle.<\/p>\n<\/div><\/div>\n<\/div>\n<div class=\"border-line\">&nbsp;<\/div>\n<div class=\"grid-holder\">\n<div class=\"grid grid-desktop-100\"><div class=\"holder\"><p>N\u00e5r vi praktiserer Transcendental Meditasjon, erfarer vi mer og mer subtile niv\u00e5er av tanken, inntil vi g\u00e5r bortenfor den mest subtile tankeimpuls. Vi erfarer da det som kalles transcendental bevissthet. Patanjalis \u201dYoga sutras\u201d beskriver hvordan dette skaper fred i omgivelsene:<\/p>\n<div class=\"box-info\">\n<h5><em>Tat sannidhau vairatyagah<\/em><\/h5>\n<h4>\u201cI n\u00e6rheten av Yoga (erfaringen av transcendental bevissthet) blir tendenser til fiendtlighet og konflikt eliminert.\u201d<\/h4>\n<h6>\u2013 Yoga sutra 2.35<\/h6>\n<\/div>\n<p>N\u00e5r en tilstrekkelig stor gruppe handler ut i fra transcendental bevissthet, slik en gj\u00f8r i TM-Sidhi programmet, opplives bevisstheten slik at \u201dn\u00e6rheten av Yoga\u201d utvider seg til \u00e5 innbefatte hele verden. Dette er strategien til det Globale Fredsinitiativ.<\/p>\n<\/div><\/div>\n<\/div>\n<div class=\"border-line\">&nbsp;<\/div>\n<div class=\"grid-holder\">\n<div class=\"grid grid-desktop-50 grid-mobile-100\"><div class=\"holder\"><h4>OMFATTENDE OPPL\u00c6RING AV YAGYAekspertene<\/h4>\n<p>I hundrevis av sm\u00e5 landsbyer rundt om i India har Maharishi opprettet et nettverk av undervisningsinstitusjoner for elever som \u00f8nsker \u00e5 bli Maharishi Vediske Panditer. I hver landsby underviser l\u00e6rere, kalt Guru jis, elever fra 10-\u00e5rs-alderen. <\/p>\n<p>I 14-\u00e5rs-alderen har de mulighet til \u00e5 begynne p\u00e5 et av Maharishis 46 regionale undervisningsinstitusjoner i India, der de mottar undervisning fra fremtredende Vediske eksperter, kalt acharyas. Studentene f\u00f8lger et systematisk og detaljert oppl\u00e6ringsprogram fra Maharishi, som blant annet tar i bruk videofilmer og dataprogrammer for \u00e5 sikre at hver Pandit mottar en standardisert oppl\u00e6ring p\u00e5 et h\u00f8yt niv\u00e5. N\u00e5r de er ferdige, i en alder av cirka 20, har de oppn\u00e5dd full kompetanse i \u00e5 utf\u00f8re Yagyaer.<\/p>\n<p>Yagya er en tidl\u00f8s teknologi fra den Vediske tradisjonen. De blir utf\u00f8rt av Panditer for \u00e5 opplive naturlover som administrerer universet p\u00e5 spesifikke m\u00e5ter i henhold til spesifikke behov for \u00e5 fullbyrde bestemte \u00f8nsker. For eksempel kommer hver dag 1331 Panditer sammen i Indias Brahmasthan for \u00e5 utf\u00f8re Atirudrabhishek, en sv\u00e6rt virkningsfull Yagya for verdensfred.<\/p>\n<p>UNESCO har erkl\u00e6rt Vedisk resitasjon, som Panditene ut\u00f8ver, for \u00e5 v\u00e6re en betydelig immateriell kulturarv for menneskeheten<\/p>\n<\/div><\/div>\n<div class=\"grid grid-desktop-50 grid-mobile-100\"><div class=\"holder\"><p><img loading=\"lazy\" decoding=\"async\" class=\"alignnone size-full wp-image-107\" src=\"\/wp-content\/uploads\/2014\/04\/post-img-13.jpg\" alt=\"post-img-13\" width=\"435\" height=\"482\" srcset=\"https:\/\/donation.vedicpandits.org\/wp-content\/uploads\/2014\/04\/post-img-13.jpg 435w, https:\/\/donation.vedicpandits.org\/wp-content\/uploads\/2014\/04\/post-img-13-270x300.jpg 270w, https:\/\/donation.vedicpandits.org\/wp-content\/uploads\/2014\/04\/post-img-13-300x332.jpg 300w\" sizes=\"auto, (max-width: 435px) 100vw, 435px\" \/><\/p>\n<\/div><\/div>\n<\/div>\n<div class=\"border-line\">&nbsp;<\/div>\n<div class=\"grid-holder\">\n<div class=\"grid grid-desktop-50 grid-mobile-100\"><div class=\"holder\">\t<a href=\"https:\/\/donation.vedicpandits.org\/nb\/peace-creating-group\/maharishi-vedic-pandits\/?image_video=https%3A%2F%2Fwww.youtube.com%2Fwatch%3Fv%3DZQOxpwHk0fQ\" class=\"video-link \">\n<img loading=\"lazy\" decoding=\"async\" class=\"alignnone size-full wp-image-92\" src=\"\/wp-content\/uploads\/2014\/05\/einzelner_pandit_432bright.png\" alt=\"post-img-14\" width=\"432\" height=\"243\" \/><br \/>\n<\/a>\n\n\t\n<\/div><\/div>\n<div class=\"grid grid-desktop-50 grid-mobile-100\"><div class=\"holder\"><h4 id=\"atirudrabhishek\">lyd og bilde<\/h4>\n<p>For \u00e5 f\u00e5 et inntrykk av Maharishi Vediske Panditer i aksjon, viser vi her en lysbildeserie med lyd av Panditer som utf\u00f8rer en Yagya.<\/p>\n<\/div><\/div>\n<\/div>\n","protected":false},"excerpt":{"rendered":"<p>DEN SYSTEMATISKE OPPL\u00c6RINGEN AV MAHARISHI VEDISKE PANDITER Fra ung alder f\u00e5r medlemmer i de tradisjonelle Vediske familiene i India oppl\u00e6ring i \u00e5 bli profesjonelle fredsskapere i form av Maharishi Vediske Panditer. Fra 10-\u00e5rs-alderen til de er cirka 20 f\u00f8lger de et spesielt studieprogram laget av Maharishi som inkluderer det \u00e5 l\u00e6re Transcendental Meditasjon og TM-Sidhi [&hellip;]<\/p>\n","protected":false},"author":3,"featured_media":202,"parent":8374,"menu_order":1,"comment_status":"open","ping_status":"closed","template":"","meta":{"om_disable_all_campaigns":false,"_monsterinsights_skip_tracking":false,"_monsterinsights_sitenote_active":false,"_monsterinsights_sitenote_note":"","_monsterinsights_sitenote_category":0,"footnotes":""},"class_list":["post-8383","page","type-page","status-publish","has-post-thumbnail","hentry"],"_links":{"self":[{"href":"https:\/\/donation.vedicpandits.org\/nb\/wp-json\/wp\/v2\/pages\/8383","targetHints":{"allow":["GET"]}}],"collection":[{"href":"https:\/\/donation.vedicpandits.org\/nb\/wp-json\/wp\/v2\/pages"}],"about":[{"href":"https:\/\/donation.vedicpandits.org\/nb\/wp-json\/wp\/v2\/types\/page"}],"author":[{"embeddable":true,"href":"https:\/\/donation.vedicpandits.org\/nb\/wp-json\/wp\/v2\/users\/3"}],"replies":[{"embeddable":true,"href":"https:\/\/donation.vedicpandits.org\/nb\/wp-json\/wp\/v2\/comments?post=8383"}],"version-history":[{"count":10,"href":"https:\/\/donation.vedicpandits.org\/nb\/wp-json\/wp\/v2\/pages\/8383\/revisions"}],"predecessor-version":[{"id":15279,"href":"https:\/\/donation.vedicpandits.org\/nb\/wp-json\/wp\/v2\/pages\/8383\/revisions\/15279"}],"up":[{"embeddable":true,"href":"https:\/\/donation.vedicpandits.org\/nb\/wp-json\/wp\/v2\/pages\/8374"}],"wp:featuredmedia":[{"embeddable":true,"href":"https:\/\/donation.vedicpandits.org\/nb\/wp-json\/wp\/v2\/media\/202"}],"wp:attachment":[{"href":"https:\/\/donation.vedicpandits.org\/nb\/wp-json\/wp\/v2\/media?parent=8383"}],"curies":[{"name":"wp","href":"https:\/\/api.w.org\/{rel}","templated":true}]}}