{"id":8386,"date":"2014-04-08T09:14:28","date_gmt":"2014-04-08T09:14:28","guid":{"rendered":"https:\/\/vedicpandits.org\/nb\/?page_id=8386"},"modified":"2019-01-07T12:33:52","modified_gmt":"2019-01-07T12:33:52","slug":"science-2","status":"publish","type":"page","link":"https:\/\/donation.vedicpandits.org\/nb\/peace-creating-group\/science-2\/","title":{"rendered":"Science"},"content":{"rendered":"<h4>VITENSKAPELIG FORSKNING bekrefter PANDITGRUPPENS EFFEKTIVITET<\/h4>\n<p>Hovedform\u00e5let med \u00e5 etablere en stor gruppe Vediske Panditer er \u00e5 skape en effekt av koherens og harmoni i verdens kollektive bevissthet. Vitenskapelig forskning har vist at negative tendenser blir redusert og positive tendenser styrket n\u00e5r et tilstrekkelig antall mennesker praktiserer Transcendental Meditasjon og det avanserte TM-Sidhi programmet.<\/p>\n<p>Disse gunstige effektene har blitt p\u00e5vist n\u00e5r<\/p>\n<ul>\n<li>1 % av en befolkning praktiserer Transcendental Meditasjon eller<\/li>\n<li>kvadratroten av 1 % av befolkningen gj\u00f8r TM-Sidhi programmet, inkludert Yogisk Flygning, p\u00e5 samme sted.\n<\/li>\n<\/ul>\n<p>Dette fenomenet kalles Maharishieffekten, til \u00e6re for Maharishi som foruts\u00e5 fenomenet i 1960, femten \u00e5r f\u00f8r det begynte \u00e5 bli empirisk dokumentert ved vitenskapelig forskning.<\/p>\n<div class=\"grid-holder\">\n<div class=\"grid grid-desktop-50 grid-mobile-100 zoom-image-holder\"><div class=\"holder\"><h4>WASHINGTON STUDIET<\/h4>\n<p>Voldelig kriminalitet ble redusert med nesten 25% i Washington DC da en gruppe p\u00e5 nesten 4000 Yogiske Flygere praktiserte TM-Sidhi programmet i denne byen sommeren 1993 ( se figur nedenfor). Prosjektet ble i 1999 publisert i tidsskriftet\u00a0<em>Social Indicators Research &#8211; 1999 47(2):153-201.<\/em><\/p>\n<p><a href=\"\/wp-content\/uploads\/2014\/05\/washington_reduced_crime.jpg\"><img loading=\"lazy\" decoding=\"async\" class=\"alignnone size-full wp-image-83\" src=\"\/wp-content\/uploads\/2014\/05\/washington_reduced_crime.jpg\" alt=\"post-img-2\" width=\"320\" height=\"250\" \/><\/a><\/p>\n<\/div><\/div>\n<div class=\"grid grid-desktop-50 grid-mobile-100\"><div class=\"holder\"><p><img loading=\"lazy\" decoding=\"async\" class=\"alignnone size-full wp-image-85\" src=\"\/wp-content\/uploads\/2014\/04\/post-img-1.jpg\" alt=\"post-img-1\" width=\"435\" height=\"400\" srcset=\"https:\/\/donation.vedicpandits.org\/wp-content\/uploads\/2014\/04\/post-img-1.jpg 435w, https:\/\/donation.vedicpandits.org\/wp-content\/uploads\/2014\/04\/post-img-1-300x275.jpg 300w\" sizes=\"auto, (max-width: 435px) 100vw, 435px\" \/><\/p>\n<\/div><\/div>\n<\/div>\n<h4>et TILSTREKKELIG antall for VERDEN<\/h4>\n<p>Omfattende forskning viser at en gruppe med Yogiske Flygere som i antall er lik kvadratroten av 1 % av en befolkning, vil skape fred i hele samfunnet. Ettersom kvadratroten av 1 % av verdens befolkning p\u00e5 7 milliarder er 8400, er m\u00e5let for gruppen av Vediske Panditer satt til 9000.<\/p>\n<div class=\"border-line\">&nbsp;<\/div>\n<h4>VITENSKAPELIG TEORI OM FREDSSKAPENDE GRUPPER<\/h4>\n<p>Den teoretiske forklaringen p\u00e5 hvordan gruppemeditasjon kan ha en s\u00e5 kraftig innvirkning p\u00e5 kriminalitet og sosial stress, inkluderer en \u201dfeltmodell av bevissthet,\u201d der bevisstheten p\u00e5 sitt dypeste niv\u00e5 er et felt som ligger til grunn for og forbinder alle individer. En slik teori sammenfaller med de nyeste oppdagelsene innen fysikk, fysiologi og nevrovitenskap.<\/p>\n<div class=\"grid-holder\">\n<div class=\"grid grid-desktop-50 grid-mobile-100\"><div class=\"holder\"><p>For eksempel har moderne fysikk lokalisert mer enhetlige niv\u00e5er av naturens funksjon ved mindre tids- og avstandsskalaer, noe som har kuliminert i oppdagelsen av enhetsfeltet (superstreng feltet), som ligger til grunn for og forbinder alle de ulike kreftene og partiklene i universet (se diagram til h\u00f8yre).<\/p>\n<p>Tilsvarende gir Transcendental Meditasjon og TM-Sidhi programmet en erfaring av dypere og mer stille niv\u00e5er av tanken, noe som kulminerer i en erfaring av transcendental bevissthet, som er identisk med enhetsfeltet, og som ligger til grunn for b\u00e5de tanker og materie. Gruppeut\u00f8velse av TM og TM-Sidhi programmet oppliver i sterk grad dette universelle, enhetlige feltet av kollektiv bevissthet og skaper en innflytelse av koherens i hele samfunnet.<\/p>\n<\/div><\/div>\n<div class=\"grid grid-desktop-50 grid-mobile-100 zoom-image-holder\"><div class=\"holder\"><p><a href=\"\/wp-content\/uploads\/2014\/05\/uf-chart.jpg\"><img loading=\"lazy\" decoding=\"async\" class=\"alignnone size-full wp-image-90\" src=\"\/wp-content\/uploads\/2014\/05\/uf-chart.jpg\" alt=\"post-img-3\" width=\"320\" height=\"250\" \/><\/a><\/p>\n<\/div><\/div>\n<\/div>\n<p>Vitenskapelige studier som har m\u00e5lt effekten av Transcendental Meditasjon p\u00e5 samfunnet, har fastsl\u00e5tt at den fredsfremmende innflytelsen fra en gruppe som praktiserer TM vokser i proporsjon med kvadratet av gruppens st\u00f8rrelse. Hvis gruppen best\u00e5r av Yogiske Flygere \u2013 de som er oppl\u00e6rt i det avanserte TM-Sidhi programmet \u2013 viser studier at kvadratroten av 1 % av befolkningen er tilstrekkelig til \u00e5 skape en betydelig effekt. <\/p>\n<p>Dette betyr at bare noen f\u00e5 hundre eller noen f\u00e5 tusen individer er n\u00f8dvendig for \u00e5 skape en ekstremt kraftig og p\u00e5viselig virkning av fred, harmoni og velstand i omgivelsene &#8211; og det til og med p\u00e5 et nasjonalt eller globalt niv\u00e5. For hele verden er en gruppe p\u00e5 9000 tilstrekkelig, noe som omtrentlig er kvadratroten av 1 % av verdens befolkning. Dette antallet er derfor m\u00e5lsetningen for gruppen av Maharishi Vediske Panditer i India.<\/p>\n<div class=\"border-line\">&nbsp;<\/div>\n<h4 id=\"science_hagelin\">EN FELTEFFEKT AV BEVISSTHET <\/h4>\n<p>Hvordan er det mulig at noen som praktiserer Transcendental Meditasjon alene i sine hjem, p\u00e5 kontorer eller sammen i en gruppe, kan p\u00e5virke andre mennesker i en hel by, et helt land eller til og med i hele verden, n\u00e5r de ikke en gang selv mediterer?<\/p>\n<div class=\"grid-holder\">\n<div class=\"grid grid-desktop-50 grid-mobile-100\"><div class=\"holder\">\t<a href=\"https:\/\/donation.vedicpandits.org\/nb\/peace-creating-group\/science-2\/?image_video=https%3A%2F%2Fwww.youtube.com%2Fwatch%3Fv%3DyVFa6Wtuxu8\" class=\"video-link \">\n<img loading=\"lazy\" decoding=\"async\" class=\"alignnone size-full wp-image-92\" src=\"\/wp-content\/uploads\/2014\/04\/post-img-14.jpg\" alt=\"post-img-14\" width=\"433\" height=\"321\" srcset=\"https:\/\/donation.vedicpandits.org\/wp-content\/uploads\/2014\/04\/post-img-14.jpg 433w, https:\/\/donation.vedicpandits.org\/wp-content\/uploads\/2014\/04\/post-img-14-300x222.jpg 300w\" sizes=\"auto, (max-width: 433px) 100vw, 433px\" \/><br \/>\n<\/a>\n\n\t\n<\/div><\/div>\n<div class=\"grid grid-desktop-50 grid-mobile-100\"><div class=\"holder\"><p>P\u00e5virkningen fra mediterende skjer gjennom et underliggende felt. Dette tilsvarer det \u00e5 h\u00f8re et radioprogram som sendes fra den andre siden av kloden. I det ene tilfellet er det et elektromagnetisk felt som forbinder radiostasjonen med din radio. I det andre er det et felt av bevissthet som forbinder den mediterende med resten av befolkningen. B\u00f8lger av koherens fra en fredsskapende gruppe spres gjennom feltet av bevissthet og skaper en positiv og m\u00e5lbar virkning i hele samfunnet. <\/p>\n\t<a href=\"https:\/\/donation.vedicpandits.org\/nb\/peace-creating-group\/science-2\/?image_video=https%3A%2F%2Fwww.youtube.com%2Fwatch%3Fv%3DyVFa6Wtuxu8\" class=\"video-link no-pointer\"> \uf0d8 Se en video med kvantefysiker John Hagelin som forklarer felteffekten.<\/a>\n\n\t\n<\/div><\/div>\n<\/div>\n<p>&nbsp;<\/p>\n<h5>KOHERENTE (SAMSTEMTE) SYSTEMER ER KRAFTIGERE \u2013 EKSEMPELET MED EN LASER<\/h5>\n<p>Hvorfor trengs det bare et relativt lite antall mennesker i en fredsskapende gruppe for \u00e5 skape en gunstig virkning p\u00e5 en hel befolkning? Fysikken har fastsl\u00e5tt at et system som fungerer koherent har st\u00f8rre kraft enn et som fungerer ukoherent.<\/p>\n<p>Ta for eksempel laserlys, som er lysb\u00f8lger som har blitt justert til \u00e5 v\u00e6re koherente (samstemte), slik at toppene og dalene i hver b\u00f8lge er i overensstemmelse med alle de andre b\u00f8lgene. Laserlys er langt kraftigere enn lys som kommer fra en vanlig lysp\u00e6re. Faktisk er effekten av laserlys proporsjonal med kvadratroten av antall b\u00f8lger. Det vil si at 100 b\u00f8lger som fungerer koherent vil produsere den same effekten som 10 000 (100<sup>2<\/sup>) ordin\u00e6re b\u00f8lger.<\/p>\n<p>P\u00e5 samme m\u00e5te vil en stor gruppe som praktiserer TM-Sidhi programmet opplive feltet av bevissthet (enhetsfeltet) p\u00e5 et stille og koherent niv\u00e5, noe som skaper en fredsskapende effekt som er langt mer kraftfull enn hva de kunne skapt hver for seg. <\/p>\n","protected":false},"excerpt":{"rendered":"<p>VITENSKAPELIG FORSKNING bekrefter PANDITGRUPPENS EFFEKTIVITET Hovedform\u00e5let med \u00e5 etablere en stor gruppe Vediske Panditer er \u00e5 skape en effekt av koherens og harmoni i verdens kollektive bevissthet. Vitenskapelig forskning har vist at negative tendenser blir redusert og positive tendenser styrket n\u00e5r et tilstrekkelig antall mennesker praktiserer Transcendental Meditasjon og det avanserte TM-Sidhi programmet. Disse gunstige [&hellip;]<\/p>\n","protected":false},"author":3,"featured_media":0,"parent":8374,"menu_order":2,"comment_status":"open","ping_status":"closed","template":"template-science.php","meta":{"om_disable_all_campaigns":false,"_monsterinsights_skip_tracking":false,"_monsterinsights_sitenote_active":false,"_monsterinsights_sitenote_note":"","_monsterinsights_sitenote_category":0,"footnotes":""},"class_list":["post-8386","page","type-page","status-publish","hentry"],"_links":{"self":[{"href":"https:\/\/donation.vedicpandits.org\/nb\/wp-json\/wp\/v2\/pages\/8386","targetHints":{"allow":["GET"]}}],"collection":[{"href":"https:\/\/donation.vedicpandits.org\/nb\/wp-json\/wp\/v2\/pages"}],"about":[{"href":"https:\/\/donation.vedicpandits.org\/nb\/wp-json\/wp\/v2\/types\/page"}],"author":[{"embeddable":true,"href":"https:\/\/donation.vedicpandits.org\/nb\/wp-json\/wp\/v2\/users\/3"}],"replies":[{"embeddable":true,"href":"https:\/\/donation.vedicpandits.org\/nb\/wp-json\/wp\/v2\/comments?post=8386"}],"version-history":[{"count":7,"href":"https:\/\/donation.vedicpandits.org\/nb\/wp-json\/wp\/v2\/pages\/8386\/revisions"}],"predecessor-version":[{"id":20255,"href":"https:\/\/donation.vedicpandits.org\/nb\/wp-json\/wp\/v2\/pages\/8386\/revisions\/20255"}],"up":[{"embeddable":true,"href":"https:\/\/donation.vedicpandits.org\/nb\/wp-json\/wp\/v2\/pages\/8374"}],"wp:attachment":[{"href":"https:\/\/donation.vedicpandits.org\/nb\/wp-json\/wp\/v2\/media?parent=8386"}],"curies":[{"name":"wp","href":"https:\/\/api.w.org\/{rel}","templated":true}]}}