{"id":8390,"date":"2014-04-08T07:09:41","date_gmt":"2014-04-08T07:09:41","guid":{"rendered":"https:\/\/vedicpandits.org\/nb\/?page_id=8390"},"modified":"2016-12-01T19:51:09","modified_gmt":"2016-12-01T19:51:09","slug":"scope","status":"publish","type":"page","link":"https:\/\/donation.vedicpandits.org\/nb\/peace-creating-group\/scope\/","title":{"rendered":"Scope"},"content":{"rendered":"<p>V\u00e5rt prosjekt omfatter en hovedgruppe av Panditer og et oppl\u00e6ringsprogram som tilf\u00f8rer nye.  <\/p>\n<div class=\"border-line\">&nbsp;<\/div>\n<div class=\"grid-holder\">\n<div class=\"grid grid-desktop-50 grid-mobile-100\"><div class=\"holder\"><h4>HOVEDGRUPPEN<\/h4>\n<p>\u00c5 rekruttere Vediske Panditer til gruppen i India er b\u00e5de en tradisjonsbundet og en organisatorisk prosess. Tradisjonelt har Vediske Panditer v\u00e6rt ansvarlige for \u00e5 opprettholde harmoni i samfunnet og balanse i naturen, og i dag gj\u00f8r \u00f8konomiske betingelser i India det praktisk mulig \u00e5 utdanne et stort antall.<\/p>\n<p>\u00c5 opprettholde en gruppe p\u00e5 9000 Panditer krever mye organisering og logistikk. Det krever utbetaling av l\u00f8nninger, etablering av en campus med infrastruktur, innlosjering, avansert oppl\u00e6ring, m\u00e5ltider og ogs\u00e5 et meieri og en gr\u00f8nnsakshage. For \u00f8yeblikket bor det 2000 Panditer p\u00e5 hovedcampusen i Brahmasthan, Indias geografiske senter, n\u00e6r Jabalpur, Madhya Pradesh.<\/p>\n<\/div><\/div>\n<div class=\"grid grid-desktop-50 grid-mobile-100 zoom-image-holder\"><div class=\"holder\"><p><a href=\"\/wp-content\/uploads\/2014\/04\/map-of-india.jpg\"><img loading=\"lazy\" decoding=\"async\" class=\"alignleft size-full wp-image-595\" src=\"\/wp-content\/uploads\/2014\/04\/map-of-india.jpg\" alt=\"map-of-india\" width=\"550\" height=\"523\" srcset=\"https:\/\/donation.vedicpandits.org\/wp-content\/uploads\/2014\/04\/map-of-india.jpg 550w, https:\/\/donation.vedicpandits.org\/wp-content\/uploads\/2014\/04\/map-of-india-300x285.jpg 300w\" sizes=\"auto, (max-width: 550px) 100vw, 550px\" \/><\/a><\/p>\n<\/div><\/div>\n<\/div>\n<div class=\"border-line\">&nbsp;<\/div>\n<div class=\"grid-holder\">\n<div class=\"grid grid-desktop-50 grid-mobile-100 zoom-image-holder\"><div class=\"holder\"><p><a href=\"\/wp-content\/uploads\/2014\/04\/131207_training_chart_web-Kopie.jpg\"><img loading=\"lazy\" decoding=\"async\" class=\"alignnone size-medium wp-image-250\" src=\"\/wp-content\/uploads\/2014\/04\/131207_training_chart_web-Kopie.jpg\" alt=\"\" width=\"432\" height=\"211\" \/><\/a><\/p>\n<\/div><\/div>\n<div class=\"grid grid-desktop-50 grid-mobile-100\"><div class=\"holder\"><h4>PANDITENES OPPL\u00c6RINGSPROGRAM<\/h4>\n<p>For \u00e5 opprettholde og \u00f8ke antallet i hovedgruppen i Brahmasthan, som ogs\u00e5 innbefatter det \u00e5 kompensere for naturlig frafall, har Maharishi opprettet oppl\u00e6ringssentre over hele India.<br \/>\nDe tilf\u00f8rer hele tiden nye Panditer til hovedgruppen i Brahmasthan og er beregnet \u00e5 undervise: <\/p>\n<p>\u2013 20\u00a0000 barn som deltar i et oppl\u00e6ringsprogram for landsbyer, og<br \/>\n\u2013 10\u00a0000 eldre studenter som deltar i regionale oppl\u00e6ringssentre.<\/p>\n<p>Programmet er beregnet \u00e5 uteksaminere 1200 \u2013 1500 Panditer hvert \u00e5r, slik at hovedgruppen alltid vil kunne v\u00e6re p\u00e5 minst 9000.<\/p>\n<\/div><\/div>\n<\/div>\n","protected":false},"excerpt":{"rendered":"<p>V\u00e5rt prosjekt omfatter en hovedgruppe av Panditer og et oppl\u00e6ringsprogram som tilf\u00f8rer nye.<\/p>\n","protected":false},"author":3,"featured_media":1171,"parent":8374,"menu_order":4,"comment_status":"open","ping_status":"closed","template":"","meta":{"om_disable_all_campaigns":false,"_monsterinsights_skip_tracking":false,"_monsterinsights_sitenote_active":false,"_monsterinsights_sitenote_note":"","_monsterinsights_sitenote_category":0,"footnotes":""},"class_list":["post-8390","page","type-page","status-publish","has-post-thumbnail","hentry"],"_links":{"self":[{"href":"https:\/\/donation.vedicpandits.org\/nb\/wp-json\/wp\/v2\/pages\/8390","targetHints":{"allow":["GET"]}}],"collection":[{"href":"https:\/\/donation.vedicpandits.org\/nb\/wp-json\/wp\/v2\/pages"}],"about":[{"href":"https:\/\/donation.vedicpandits.org\/nb\/wp-json\/wp\/v2\/types\/page"}],"author":[{"embeddable":true,"href":"https:\/\/donation.vedicpandits.org\/nb\/wp-json\/wp\/v2\/users\/3"}],"replies":[{"embeddable":true,"href":"https:\/\/donation.vedicpandits.org\/nb\/wp-json\/wp\/v2\/comments?post=8390"}],"version-history":[{"count":4,"href":"https:\/\/donation.vedicpandits.org\/nb\/wp-json\/wp\/v2\/pages\/8390\/revisions"}],"predecessor-version":[{"id":10220,"href":"https:\/\/donation.vedicpandits.org\/nb\/wp-json\/wp\/v2\/pages\/8390\/revisions\/10220"}],"up":[{"embeddable":true,"href":"https:\/\/donation.vedicpandits.org\/nb\/wp-json\/wp\/v2\/pages\/8374"}],"wp:featuredmedia":[{"embeddable":true,"href":"https:\/\/donation.vedicpandits.org\/nb\/wp-json\/wp\/v2\/media\/1171"}],"wp:attachment":[{"href":"https:\/\/donation.vedicpandits.org\/nb\/wp-json\/wp\/v2\/media?parent=8390"}],"curies":[{"name":"wp","href":"https:\/\/api.w.org\/{rel}","templated":true}]}}