{"id":8394,"date":"2016-05-23T16:01:35","date_gmt":"2016-05-23T16:01:35","guid":{"rendered":"https:\/\/vedicpandits.org\/nb\/?page_id=8394"},"modified":"2017-01-17T03:08:21","modified_gmt":"2017-01-17T03:08:21","slug":"cost","status":"publish","type":"page","link":"https:\/\/donation.vedicpandits.org\/nb\/peace-creating-group\/cost\/","title":{"rendered":"Cost"},"content":{"rendered":"<h4>VARIG FRED TIL EN BR\u00d8KDEL AV PRISEN for v\u00e5rt MILIT\u00c6Re FORSVAR<\/h4>\n<p>Det Globale Fredsinitiativ har potensial til \u00e5 bli det mest kostnadseffektive og vellykkede fredsbyggende program i moderne tid. Midlene som trengs for permanent \u00e5 drive hele prosjektet, er mindre enn hva verdens v\u00e6pnede styrker kollektivt bruker hver sjette time, og mindre enn halve prisen av et B-2 bombefly.<\/p>\n<p>Selv om dette er lite i forhold til milit\u00e6re budsjetter, er finansieringsbehovet for prosjektet allikevel betydelig. Det \u00e5rlige bel\u00f8pet som trengs for \u00e5 gjennomf\u00f8re Det Globale Fredsinitiativ er $ 45,5 millioner per \u00e5r. Den totale \u00e5rlige kostnaden best\u00e5r av to deler:<\/p>\n<p>1. Opprettholdelse av en gruppe p\u00e5 9000 Maharishi Vediske Panditer p\u00e5 en campus i det sentrale India.<\/p>\n<p>2. Finansiering av oppl\u00e6ringsprogrammet for nye Maharishi Vediske Panditer.<\/p>\n<p>Siden driften av den sentrale campus og oppl\u00e6ringsprogrammet n\u00e5 er godt inne i gjennomf\u00f8ringsfasen, er budsjettkostnadene kjent og beskrevet nedenfor. <\/p>\n<div class=\"border-line\">&nbsp;<\/div>\n<div class=\"grid-holder grid-border-50\">\n<div class=\"grid grid-desktop-50 grid-mobile-100\"><div class=\"holder\"><p><img loading=\"lazy\" decoding=\"async\" src=\"\/wp-content\/uploads\/2014\/04\/2146-432.jpg\" alt=\"2146 - 432\" width=\"432\" height=\"253\" class=\"alignleft size-full wp-image-577\" srcset=\"https:\/\/donation.vedicpandits.org\/wp-content\/uploads\/2014\/04\/2146-432.jpg 432w, https:\/\/donation.vedicpandits.org\/wp-content\/uploads\/2014\/04\/2146-432-300x175.jpg 300w, https:\/\/donation.vedicpandits.org\/wp-content\/uploads\/2014\/04\/2146-432-430x253.jpg 430w\" sizes=\"auto, (max-width: 432px) 100vw, 432px\" \/><\/p>\n<h4>1.OPPRETTHOLDELSE AV HOVEDGRUPPEN P\u00c5 9000<\/h4>\n<p>$ 250 per m\u00e5ned er nok til \u00e5 gi hver Pandit bolig og mat, medisinsk pleie, kl\u00e6r, spesialisert videreutdanning med hjelpemidler samt et beskjedent stipend til familien. Dette inkluderer ogs\u00e5 vedlikehold, administrasjon og diverse andre kostnader for deres opphold i Brahmasthan, India. Med 9000 Vediske Panditer p\u00e5 campus, er den totale kostnaden $ 27 millioner per \u00e5r.<\/p>\n<\/div><\/div>\n<div class=\"grid grid-desktop-50 grid-mobile-100\"><div class=\"holder\"><p><a href=\"\/wp-content\/uploads\/2014\/04\/9297-432.jpg\"><img loading=\"lazy\" decoding=\"async\" src=\"\/wp-content\/uploads\/2014\/04\/9297-432.jpg\" alt=\"9297 - 432\" width=\"432\" height=\"253\" class=\"alignleft size-full wp-image-579\" srcset=\"https:\/\/donation.vedicpandits.org\/wp-content\/uploads\/2014\/04\/9297-432.jpg 432w, https:\/\/donation.vedicpandits.org\/wp-content\/uploads\/2014\/04\/9297-432-300x175.jpg 300w, https:\/\/donation.vedicpandits.org\/wp-content\/uploads\/2014\/04\/9297-432-430x253.jpg 430w\" sizes=\"auto, (max-width: 432px) 100vw, 432px\" \/><\/a><\/p>\n<h4>2.OPPL\u00c6RINGSPROGRAMMET FOR PANDITER <\/h4>\n<p>For \u00e5 sikre en konstant tilf\u00f8rsel av nye Maharishi Vediske Panditer til hovedgruppen i det sentrale India, har oppl\u00e6ringsprogrammet blitt utformet til \u00e5 inkludere: \u2013 20 000 unge elever i sine egne landsbyer til en kostnad av $ 12 per m\u00e5ned per student \u2013 10 000 eldre elever innlosjert ved regionale oppl\u00e6ringssentre til en pris av $ 130 per m\u00e5ned per student. Den totale \u00e5rlige kostnaden for oppl\u00e6ringsprogrammet er $ 18\u00a0500 000.<\/p>\n<\/div><\/div>\n<\/div>\n<h4 style=\"text-align: center; margin-top: 20px;\">                                                 TOTALBUDSJETTET <\/h4>\n<p style=\"text-align: center;\">Det totale \u00e5rsbudsjettet for b\u00e5de hovedgruppen og oppl\u00e6ringsprogrammet er $ 45\u00a0500 000.<\/p>\n<div class=\"border-line\">&nbsp;<\/div>\n<p style=\"text-align: center; color: #e07e27;\"><em>Hvis du \u00f8nsker \u00e5 sponse en Pandit eller st\u00f8tte finansieringen av v\u00e5rt prosjekt, ta kontakt!<\/em><\/p>\n\t<p style=\"text-align: center\">\n\t\t<a href=\"https:\/\/donate.vedicpandits.org\/ipgeo\/ipgeo.php\"   class=\"btn btn-large \" > > \n\t\t\tBIDRA TIL V\u00c5RT PROSJEKT<br \/>\t\t<\/a>\n\t<\/p>\n\n\t\n","protected":false},"excerpt":{"rendered":"<p>VARIG FRED TIL EN BR\u00d8KDEL AV PRISEN for v\u00e5rt MILIT\u00c6Re FORSVAR Det Globale Fredsinitiativ har potensial til \u00e5 bli det mest kostnadseffektive og vellykkede fredsbyggende program i moderne tid. Midlene som trengs for permanent \u00e5 drive hele prosjektet, er mindre enn hva verdens v\u00e6pnede styrker kollektivt bruker hver sjette time, og mindre enn halve prisen [&hellip;]<\/p>\n","protected":false},"author":3,"featured_media":3340,"parent":8374,"menu_order":5,"comment_status":"open","ping_status":"closed","template":"","meta":{"om_disable_all_campaigns":false,"_monsterinsights_skip_tracking":false,"_monsterinsights_sitenote_active":false,"_monsterinsights_sitenote_note":"","_monsterinsights_sitenote_category":0,"footnotes":""},"class_list":["post-8394","page","type-page","status-publish","has-post-thumbnail","hentry"],"_links":{"self":[{"href":"https:\/\/donation.vedicpandits.org\/nb\/wp-json\/wp\/v2\/pages\/8394","targetHints":{"allow":["GET"]}}],"collection":[{"href":"https:\/\/donation.vedicpandits.org\/nb\/wp-json\/wp\/v2\/pages"}],"about":[{"href":"https:\/\/donation.vedicpandits.org\/nb\/wp-json\/wp\/v2\/types\/page"}],"author":[{"embeddable":true,"href":"https:\/\/donation.vedicpandits.org\/nb\/wp-json\/wp\/v2\/users\/3"}],"replies":[{"embeddable":true,"href":"https:\/\/donation.vedicpandits.org\/nb\/wp-json\/wp\/v2\/comments?post=8394"}],"version-history":[{"count":6,"href":"https:\/\/donation.vedicpandits.org\/nb\/wp-json\/wp\/v2\/pages\/8394\/revisions"}],"predecessor-version":[{"id":10436,"href":"https:\/\/donation.vedicpandits.org\/nb\/wp-json\/wp\/v2\/pages\/8394\/revisions\/10436"}],"up":[{"embeddable":true,"href":"https:\/\/donation.vedicpandits.org\/nb\/wp-json\/wp\/v2\/pages\/8374"}],"wp:featuredmedia":[{"embeddable":true,"href":"https:\/\/donation.vedicpandits.org\/nb\/wp-json\/wp\/v2\/media\/3340"}],"wp:attachment":[{"href":"https:\/\/donation.vedicpandits.org\/nb\/wp-json\/wp\/v2\/media?parent=8394"}],"curies":[{"name":"wp","href":"https:\/\/api.w.org\/{rel}","templated":true}]}}