{"id":8398,"date":"2014-04-08T07:09:52","date_gmt":"2014-04-08T07:09:52","guid":{"rendered":"https:\/\/vedicpandits.org\/nb\/?page_id=8398"},"modified":"2017-01-23T08:30:13","modified_gmt":"2017-01-23T08:30:13","slug":"progress","status":"publish","type":"page","link":"https:\/\/donation.vedicpandits.org\/nb\/peace-creating-group\/progress\/","title":{"rendered":"Progress"},"content":{"rendered":"<h4>MILEP\u00c6LER MOT V\u00c5RT M\u00c5L<\/h4>\n<ul>\n<li>For en campus med plass til 9000 Maharishi Vediske Panditer har det blitt kj\u00f8pt opp et omr\u00e5de p\u00e5 1700 hektar (688 dekar) ikke langt fra Jabalpur, Madhya Pradesh, India.\n<\/li>\n<li>Innkvartering for 2500 Maharishi Vediske Panditer er allerede ferdig. Dette inkluderer infrastruktur, administrasjonsbygg, spisehaller og haller for Yagyaut\u00f8velse og et meieri \u2013 alt bygget i henhold til prinsippene i Sthapathya Veda, den Vediske vitenskapen om arkitektur.\n<\/li>\n<li>Over 2000 ferdigutdannede Maharishi Vediske Panditer er allerede innkvartert, og gj\u00f8r de daglige programmene for fredsskapning.<\/li>\n<li>Bygging for innkvartering av ytterligere 5000 Panditer har startet, men krever mer finansiering for \u00e5 bli fullf\u00f8rt.\n<\/li>\n<li>Guru Ji programmet for oppl\u00e6ring av unge Pandit elever i sine lokale landsbyer, som ble startet for mer enn ti \u00e5r siden, p\u00e5g\u00e5r.\n<\/li>\n<li>Oppl\u00e6ring av eldre elever ved 46 regionale oppl\u00e6ringssentre med innkvartering, over hele India, p\u00e5g\u00e5r. Det er n\u00e5 cirka 3000 studenter innkvartert. <\/li>\n<li>Det er etablert to organisasjoner for innsamling til Det Globale Fredsinitiativ: Brahmananda Saraswati Foundation i USA og Brahmananda Saraswati Trust i Nederland. Begge er registrert som veldedighetsorganisasjoner i sine respektive land. <\/li>\n<li> Et nettverk av frivillige nasjonale koordinatorer (<a href=\"https:\/\/donation.vedicpandits.org\/nb\/contact\/\">\u2018Ambassad\u00f8rer\u2019<\/a>) er opprettet i 90 land for \u00e5 promotere prosjektet til befolkningen.<\/li>\n<li>I l\u00f8pet av f\u00e5 \u00e5r har programmet for regelmessige m\u00e5nedlige donasjoner vokst til \u00e5 bringe inn $ 430 000 per m\u00e5ned.<\/li>\n<li>Mange nasjonale organisasjoner innenfor den verdensomspennende bevegelsen for Transcendental Meditasjon er ogs\u00e5 med p\u00e5 \u00e5 samle inn midler til Panditene.<\/li>\n<p>\t<!--\n\n<li>I USA har det blitt opprettet en gruppe \u00abMaharishi Vediske Panditer\u00bb i Maharishi Vedic City, Iowa , finansiert av amerikanske givere.<\/li>\n\n-->\n<\/ul>\n","protected":false},"excerpt":{"rendered":"<p>MILEP\u00c6LER MOT V\u00c5RT M\u00c5L For en campus med plass til 9000 Maharishi Vediske Panditer har det blitt kj\u00f8pt opp et omr\u00e5de p\u00e5 1700 hektar (688 dekar) ikke langt fra Jabalpur, Madhya Pradesh, India. Innkvartering for 2500 Maharishi Vediske Panditer er allerede ferdig. Dette inkluderer infrastruktur, administrasjonsbygg, spisehaller og haller for Yagyaut\u00f8velse og et meieri \u2013 [&hellip;]<\/p>\n","protected":false},"author":3,"featured_media":1206,"parent":8374,"menu_order":6,"comment_status":"open","ping_status":"closed","template":"","meta":{"om_disable_all_campaigns":false,"_monsterinsights_skip_tracking":false,"_monsterinsights_sitenote_active":false,"_monsterinsights_sitenote_note":"","_monsterinsights_sitenote_category":0,"footnotes":""},"class_list":["post-8398","page","type-page","status-publish","has-post-thumbnail","hentry"],"_links":{"self":[{"href":"https:\/\/donation.vedicpandits.org\/nb\/wp-json\/wp\/v2\/pages\/8398","targetHints":{"allow":["GET"]}}],"collection":[{"href":"https:\/\/donation.vedicpandits.org\/nb\/wp-json\/wp\/v2\/pages"}],"about":[{"href":"https:\/\/donation.vedicpandits.org\/nb\/wp-json\/wp\/v2\/types\/page"}],"author":[{"embeddable":true,"href":"https:\/\/donation.vedicpandits.org\/nb\/wp-json\/wp\/v2\/users\/3"}],"replies":[{"embeddable":true,"href":"https:\/\/donation.vedicpandits.org\/nb\/wp-json\/wp\/v2\/comments?post=8398"}],"version-history":[{"count":8,"href":"https:\/\/donation.vedicpandits.org\/nb\/wp-json\/wp\/v2\/pages\/8398\/revisions"}],"predecessor-version":[{"id":10511,"href":"https:\/\/donation.vedicpandits.org\/nb\/wp-json\/wp\/v2\/pages\/8398\/revisions\/10511"}],"up":[{"embeddable":true,"href":"https:\/\/donation.vedicpandits.org\/nb\/wp-json\/wp\/v2\/pages\/8374"}],"wp:featuredmedia":[{"embeddable":true,"href":"https:\/\/donation.vedicpandits.org\/nb\/wp-json\/wp\/v2\/media\/1206"}],"wp:attachment":[{"href":"https:\/\/donation.vedicpandits.org\/nb\/wp-json\/wp\/v2\/media?parent=8398"}],"curies":[{"name":"wp","href":"https:\/\/api.w.org\/{rel}","templated":true}]}}