{"id":9165,"date":"2014-04-08T07:10:00","date_gmt":"2014-04-08T07:10:00","guid":{"rendered":"https:\/\/vedicpandits.org\/nb\/?page_id=9165"},"modified":"2017-01-23T08:35:35","modified_gmt":"2017-01-23T08:35:35","slug":"yagya","status":"publish","type":"page","link":"https:\/\/donation.vedicpandits.org\/nb\/yagya\/","title":{"rendered":"Yagya"},"content":{"rendered":"<h4>Maharishi Yagya<\/h4>\n<p>Donasjoner til Maharishi Vediske Pandit gruppen i India bidrar til Panditenes ut\u00f8velse av spesielle vediske prosedyrer kalt Yagyaer. De tar i bruk en vitenskap om lyd for \u00e5 skape et mangfold av positive effekter for ditt land &#8211; Nasjonal-Yagyaer &#8211; eller for deg selv &#8211; Spesial-Yagyaer.<\/p>\n<div class=\"border-line\">&nbsp;<\/div>\n<div class=\"grid-holder\">\n<div class=\"grid grid-desktop-50 grid-mobile-100\">\n<div class=\"holder button\">\n<a class=\"btn btn-large btn-full\" href=\"https:\/\/donation.vedicpandits.org\/yagya\/national-yagya\/\"> > NASJONAL-YAGYA <\/a>\n<\/div>\n<\/div>\n<div class=\"grid grid-desktop-50 grid-mobile-100\">\n<div class=\"holder button\">\n<a class=\"btn btn-large btn-full \" href=\"https:\/\/donation.vedicpandits.org\/yagya\/special-yagya\/\"> > Spesial-Yagya <\/a>\n<\/div>\n<\/div>\n<\/div>\n<p><\/p>\n<div class=\"border-line\">&nbsp;<\/div>\n<h4>Hva er Yagya?<\/h4>\n<p>Yagya er en urgammel og effektiv Vedisk teknologi for forebygging av problemer, \u00f8kt fremgang, suksess og velstand p\u00e5 alle niv\u00e5er.<br \/>\nEn sentral del av en Yagya er Vedisk resitasjon, som har blitt anerkjent av UNESCO for \u00e5 v\u00e6re en immateriell kulturarv tilh\u00f8rende menneskeheten.<\/p>\n<div class=\"border-line\">&nbsp;<\/div>\n<div class=\"grid-holder\">\n<div class=\"grid grid-desktop-50 grid-mobile-100\"><div class=\"holder\"><h4>Hva er spesielt med Maharishi Yagya?<\/h4>\n<p>Maharishi Mahesh Yogi brukte mange \u00e5r p\u00e5 en grundig og systematisk restaurering av Yagya, og gjenopprettet denne gamle teknologien til sin fulle kraft. Han gjenopplivet den helt avgj\u00f8rende forst\u00e5elsen at de Vediske Mantraene skal uttrykkes fra en bevissthet etablert i det transcendentale niv\u00e5 av tale, der forbindelsen mellom lyd og form, \u00f8nske og fullbyrdelse av \u00f8nske, er sv\u00e6rt intim og ordene har enorm kraft. Maharishi definerte to aspekter som helt essensielle for riktig praktisering av Vediske Yagyaer:<\/p>\n<p>For det f\u00f8rste, ved daglig ut\u00f8velse av TM og TM-Sidhi programmet erfarer Maharishi Vediske Panditer en dyp, stabilt hvilefull bevissthetstilstand. Resultatet er en livliggj\u00f8ring av den transcendentale kilden til tale i forkant av resitasjon og ut\u00f8velse av Yagya. Ved \u00e5 utf\u00f8re Yagyaene fra dette dype niv\u00e5et av bevissthet, oppliver Panditene dypere niv\u00e5er av naturlovene.<\/p>\n<p>For det andre m\u00e5 Maharishis Vediske Panditer gjennomg\u00e5 en unik og omfattende oppl\u00e6ring. Over flere ti\u00e5r arbeidet Maharishi sammen med de mest anerkjente Pandit mesterne i India for \u00e5 kultivere og etablere en perfekt utdanning for Vediske Panditer som sikrer korrekt praksis og riktig uttale ved resitasjon, og som er i overensstemmelse med tradisjonen og dens effektivitet. <\/p>\n<p>Dette er grunnen til at Maharishi Yagya har en s\u00e5 kraftfull og omfattende virkning.<\/p>\n<\/div><\/div>\n<div class=\"grid grid-desktop-50 grid-mobile-100\"><div class=\"holder\"><p><img loading=\"lazy\" decoding=\"async\" class=\"alignright size-full wp-image-261\" src=\"\/wp-content\/uploads\/2014\/04\/CHANTING-PANDIT-EYES-CLOSED432.jpg\" alt=\"CHANTING PANDIT EYES CLOSED432\" width=\"432\" height=\"516\" srcset=\"https:\/\/donation.vedicpandits.org\/wp-content\/uploads\/2014\/04\/CHANTING-PANDIT-EYES-CLOSED432.jpg 432w, https:\/\/donation.vedicpandits.org\/wp-content\/uploads\/2014\/04\/CHANTING-PANDIT-EYES-CLOSED432-251x300.jpg 251w, https:\/\/donation.vedicpandits.org\/wp-content\/uploads\/2014\/04\/CHANTING-PANDIT-EYES-CLOSED432-300x358.jpg 300w\" sizes=\"auto, (max-width: 432px) 100vw, 432px\" \/><\/p>\n<\/div><\/div>\n<\/div>\n","protected":false},"excerpt":{"rendered":"<p>Maharishi Yagya Donasjoner til Maharishi Vediske Pandit gruppen i India bidrar til Panditenes ut\u00f8velse av spesielle vediske prosedyrer kalt Yagyaer. De tar i bruk en vitenskap om lyd for \u00e5 skape et mangfold av positive effekter for ditt land &#8211; Nasjonal-Yagyaer &#8211; eller for deg selv &#8211; Spesial-Yagyaer. > NASJONAL-YAGYA > Spesial-Yagya Hva er Yagya? [&hellip;]<\/p>\n","protected":false},"author":3,"featured_media":3350,"parent":0,"menu_order":0,"comment_status":"open","ping_status":"closed","template":"","meta":{"om_disable_all_campaigns":false,"_monsterinsights_skip_tracking":false,"_monsterinsights_sitenote_active":false,"_monsterinsights_sitenote_note":"","_monsterinsights_sitenote_category":0,"footnotes":""},"class_list":["post-9165","page","type-page","status-publish","has-post-thumbnail","hentry"],"_links":{"self":[{"href":"https:\/\/donation.vedicpandits.org\/nb\/wp-json\/wp\/v2\/pages\/9165","targetHints":{"allow":["GET"]}}],"collection":[{"href":"https:\/\/donation.vedicpandits.org\/nb\/wp-json\/wp\/v2\/pages"}],"about":[{"href":"https:\/\/donation.vedicpandits.org\/nb\/wp-json\/wp\/v2\/types\/page"}],"author":[{"embeddable":true,"href":"https:\/\/donation.vedicpandits.org\/nb\/wp-json\/wp\/v2\/users\/3"}],"replies":[{"embeddable":true,"href":"https:\/\/donation.vedicpandits.org\/nb\/wp-json\/wp\/v2\/comments?post=9165"}],"version-history":[{"count":7,"href":"https:\/\/donation.vedicpandits.org\/nb\/wp-json\/wp\/v2\/pages\/9165\/revisions"}],"predecessor-version":[{"id":10512,"href":"https:\/\/donation.vedicpandits.org\/nb\/wp-json\/wp\/v2\/pages\/9165\/revisions\/10512"}],"wp:featuredmedia":[{"embeddable":true,"href":"https:\/\/donation.vedicpandits.org\/nb\/wp-json\/wp\/v2\/media\/3350"}],"wp:attachment":[{"href":"https:\/\/donation.vedicpandits.org\/nb\/wp-json\/wp\/v2\/media?parent=9165"}],"curies":[{"name":"wp","href":"https:\/\/api.w.org\/{rel}","templated":true}]}}