{"id":9169,"date":"2014-04-10T12:56:25","date_gmt":"2014-04-10T12:56:25","guid":{"rendered":"https:\/\/vedicpandits.org\/nb\/?page_id=9169"},"modified":"2020-02-27T11:56:26","modified_gmt":"2020-02-27T11:56:26","slug":"national-yagya","status":"publish","type":"page","link":"https:\/\/donation.vedicpandits.org\/nb\/yagya\/national-yagya\/","title":{"rendered":"National  Yagya"},"content":{"rendered":"<h4>HVA ER NASJONAL-YAGYAER?<\/h4>\n<p>Nasjonal-Yagya er en spesifikk teknologi for \u00e5 skape en bedre fremtid og forebygge problemer for en hel nasjon. Disse Yagyaene utf\u00f8res av store grupper Maharishi Vediske Panditer som er lokalisert i Brahmasthan (det geografiske sentrum av India).<\/p>\n<div class=\"border-line\">&nbsp;<\/div>\n<div class=\"grid-holder\">\n<div class=\"grid grid-desktop-50 grid-mobile-100\"><div class=\"holder\"><p><img loading=\"lazy\" decoding=\"async\" class=\"alignleft size-full wp-image-277\" src=\"\/wp-content\/uploads\/2014\/04\/IMG_4957_reverse_web1.jpg\" alt=\"IMG_4957_reverse_web1\" width=\"432\" height=\"288\" srcset=\"https:\/\/donation.vedicpandits.org\/wp-content\/uploads\/2014\/04\/IMG_4957_reverse_web1.jpg 432w, https:\/\/donation.vedicpandits.org\/wp-content\/uploads\/2014\/04\/IMG_4957_reverse_web1-300x200.jpg 300w, https:\/\/donation.vedicpandits.org\/wp-content\/uploads\/2014\/04\/IMG_4957_reverse_web1-430x288.jpg 430w\" sizes=\"auto, (max-width: 432px) 100vw, 432px\" \/><\/p>\n<\/div><\/div>\n<div class=\"grid grid-desktop-50 grid-mobile-100\"><div class=\"holder\"><h4>HVORDAN BLIR DE UTF\u00d8RT?<\/h4>\n<p>Nasjonal-Yagya blir utf\u00f8rt over flere dager eller uker avhengig av omfanget og det tiltenkte form\u00e5let som landet velger. Eksempler p\u00e5 spesifikke form\u00e5l er \u00f8kt \u00f8konomisk fremgang, bedre helse og nasjonal harmoni og reduksjon eller forebygging av problemer som naturkatastrofer, vold og svekket \u00f8konomi.<\/p>\n\t<a href=\"https:\/\/donation.vedicpandits.org\/nb\/yagya\/national-yagya\/?image_video=https%3A%2F%2Fwww.youtube.com%2Fwatch%3Fv%3D1sXsta5ZzFI%3Frel%3D0\" class=\"video-link no-pointer\"><em>&gt; Lytt til Panditer fra Brahmasthan som utf\u00f8rer en Yagya for beskyttelse av en nasjon.<\/em><\/a>\n\n\t\n<\/div><\/div>\n<\/div>\n<div class=\"border-line\">&nbsp;<\/div>\n<a id=\"scienceofyagya\" name=\"scienceofyagya\"><\/a><\/p>\n<h4>VITENSKAPEN BAK YAGYAUT\u00d8VELSEN<\/h4>\n<p>Lytt til John Hagelin, PhD &#8211; en verdenskjent kvantefysiker, pedagog, statsviter og ledende fredsforkjemper:<\/p>\n<div class=\"grid-holder\">\n<div class=\"grid grid-desktop-50 grid-mobile-100\"><div class=\"holder\"><p span style=\"margin-left: 15px;\">\t<a href=\"https:\/\/donation.vedicpandits.org\/nb\/yagya\/national-yagya\/?image_video=https%3A%2F%2Fvimeo.com%2F238660302\" class=\"video-link \"><img decoding=\"async\" class=\"alignnone size-full wp-image-285\" src=\"https:\/\/donation.vedicpandits.org\/wp-content\/uploads\/2020\/02\/hagelin_5_videoimage.png\" alt=\"yagya_hagelin_1web1\" width=\"362\"  \/><\/a>\n\n\t\n\t<a href=\"https:\/\/donation.vedicpandits.org\/nb\/yagya\/national-yagya\/?image_video=https%3A%2F%2Fvimeo.com%2F238660302\" class=\"video-link no-pointer\"><em>&gt; Video 1: Hva er Maharishi Yagya?<\/em><\/a>\n\n\t\n<\/div><\/div>\n<div class=\"grid grid-desktop-50 grid-mobile-100\"><div class=\"holder\">\t<a href=\"https:\/\/donation.vedicpandits.org\/nb\/yagya\/national-yagya\/?image_video=https%3A%2F%2Fwww.youtube.com%2Fwatch%3Fv%3DrgaCm1Ug8WI%3Frel%3D0\" class=\"video-link \"><img loading=\"lazy\" decoding=\"async\" class=\"alignnone size-full wp-image-285\" src=\"https:\/\/donation.vedicpandits.org\/wp-content\/uploads\/2020\/02\/hagelin_yagya_charlie2.png\" alt=\"yagya_hagelin_2web2\" width=\"432\" height=\"242\" \/><\/a>\n\n\t\n\t<a href=\"https:\/\/donation.vedicpandits.org\/nb\/yagya\/national-yagya\/?image_video=https%3A%2F%2Fwww.youtube.com%2Fwatch%3Fv%3DrgaCm1Ug8WI%3Frel%3D0\" class=\"video-link no-pointer\"><em>&gt; Video 2: Det vitenskapelige grunnlaget for Yagya.<\/em><\/a>\n\n\t\n<\/div><\/div>\n<\/div>\n<div class=\"border-line\">&nbsp;<\/div>\n<h4 style=\"text-align: center;\">FIRE GRUNNER TIL \u00c5 ST\u00d8TTE MAHARISHI VEDISKE PANDITER OG NASJONAL-YAGYAER<\/h4>\n<h4 style=\"text-align: center;\">1. HJELPE DITT LAND<\/h4>\n<p style=\"text-align: center;\">Nasjonal-Yagyaer fremmer fred, suksess, velstand og nasjonal uovervinnelighet for ditt land.\n<\/p>\n<h4 style=\"text-align: center;\">2. HJELPE DIN VERDEN<\/h4>\n<p style=\"text-align: center;\">En samling av mange Nasjonal-Yagyaer har ogs\u00e5 en kraftfull, positiv innflytelse p\u00e5 resten av verden. I tillegg vil dine donasjoner \u00f8ke st\u00f8rrelsen p\u00e5 gruppen i Brahmasthan i India henimot det kritiske niv\u00e5et p\u00e5 9000, som er hva som er n\u00f8dvendig for \u00e5 sikre permanent fred i verden.<\/p>\n<h4 style=\"text-align: center;\">3. BESKYTTE DEG SELV OG DIN FAMILIE<\/h4>\n<p style=\"text-align: center;\">Ved at du st\u00f8tter noe som er til nytte for din nasjon, er det ogs\u00e5 til nytte for deg som medborger. Vi kjenner alle sannheten i ordtaket, \u201csom du s\u00e5r, skal du h\u00f8ste.\u201d<br \/>\nI f\u00f8lge den eldgamle Vediske tradisjonen er det de som finansierer Yagyaen som prim\u00e6rt blir begunstiget av dens effekt.\n<\/p>\n<h4 style=\"text-align: center;\">4. BEVARE DEN VEDISKE ARV<\/h4>\n<p style=\"text-align: center;\">Maharishi la stor vekt p\u00e5 \u00e5 restituere den Vediske tradisjonen, da den tilbyr b\u00e5de kunnskap og teknikker for \u00e5 realisere v\u00e5rt fulle potensial \u2013 b\u00e5de individuelt og kollektivt. Alle donasjoner til Nasjonal-Yagyaer st\u00f8tter samtidig Panditene og s\u00f8rger for at deres kunnskap forblir tilgjengelig for fremtidige generasjoner.<\/p>\n<div class=\"border-line\">&nbsp;<\/div>\n\t<p style=\"text-align: center\">\n\t\t<a href=\"https:\/\/donate.vedicpandits.org\/ipgeo\/ipgeo.php\"   class=\"btn btn-large \" > > \n\t\t\tDONER TIL EN NASJONAL-YAGYA\t\t<\/a>\n\t<\/p>\n\n\t\n<div class=\"border-line\">&nbsp;<\/div>\n<h4>F\u00c5 DITT NAVN NEVNT I EN YAGYA<\/h4>\n<p>Du kan sponse hele kostnaden til en Nasjonal-Yagya, som har en minstepris p\u00e5 ca $ 1250. I s\u00e5 fall vil ditt navn bli lest opp av Panditene i begynnelsen av Yagyaen &#8211; den s\u00e5kalte \u201dsankalpa\u201d delen &#8211; der Yagyaens hensikt erkl\u00e6res. Hvis du donerer $ 1250 eller mer, b\u00f8r du kontakte en av v\u00e5re ambassad\u00f8rer for \u00e5 f\u00e5 hjelp til \u00e5 fullf\u00f8re Nasjonal-Yagyaer s\u00f8knaden. <\/p>\n<p>\u00c5 bidra til en Nasjonal-Yagya vil ikke bare skape et mangfold av positive virkninger for ditt land, men ogs\u00e5 v\u00e6re til direkte nytte for deg som donor. <\/p>\n","protected":false},"excerpt":{"rendered":"<p>HVA ER NASJONAL-YAGYAER? Nasjonal-Yagya er en spesifikk teknologi for \u00e5 skape en bedre fremtid og forebygge problemer for en hel nasjon. Disse Yagyaene utf\u00f8res av store grupper Maharishi Vediske Panditer som er lokalisert i Brahmasthan (det geografiske sentrum av India). VITENSKAPEN BAK YAGYAUT\u00d8VELSEN Lytt til John Hagelin, PhD &#8211; en verdenskjent kvantefysiker, pedagog, statsviter og [&hellip;]<\/p>\n","protected":false},"author":3,"featured_media":4324,"parent":9165,"menu_order":0,"comment_status":"open","ping_status":"closed","template":"","meta":{"om_disable_all_campaigns":false,"_monsterinsights_skip_tracking":false,"_monsterinsights_sitenote_active":false,"_monsterinsights_sitenote_note":"","_monsterinsights_sitenote_category":0,"footnotes":""},"class_list":["post-9169","page","type-page","status-publish","has-post-thumbnail","hentry"],"_links":{"self":[{"href":"https:\/\/donation.vedicpandits.org\/nb\/wp-json\/wp\/v2\/pages\/9169","targetHints":{"allow":["GET"]}}],"collection":[{"href":"https:\/\/donation.vedicpandits.org\/nb\/wp-json\/wp\/v2\/pages"}],"about":[{"href":"https:\/\/donation.vedicpandits.org\/nb\/wp-json\/wp\/v2\/types\/page"}],"author":[{"embeddable":true,"href":"https:\/\/donation.vedicpandits.org\/nb\/wp-json\/wp\/v2\/users\/3"}],"replies":[{"embeddable":true,"href":"https:\/\/donation.vedicpandits.org\/nb\/wp-json\/wp\/v2\/comments?post=9169"}],"version-history":[{"count":16,"href":"https:\/\/donation.vedicpandits.org\/nb\/wp-json\/wp\/v2\/pages\/9169\/revisions"}],"predecessor-version":[{"id":39841,"href":"https:\/\/donation.vedicpandits.org\/nb\/wp-json\/wp\/v2\/pages\/9169\/revisions\/39841"}],"up":[{"embeddable":true,"href":"https:\/\/donation.vedicpandits.org\/nb\/wp-json\/wp\/v2\/pages\/9165"}],"wp:featuredmedia":[{"embeddable":true,"href":"https:\/\/donation.vedicpandits.org\/nb\/wp-json\/wp\/v2\/media\/4324"}],"wp:attachment":[{"href":"https:\/\/donation.vedicpandits.org\/nb\/wp-json\/wp\/v2\/media?parent=9169"}],"curies":[{"name":"wp","href":"https:\/\/api.w.org\/{rel}","templated":true}]}}