{"id":9173,"date":"2014-04-10T12:57:22","date_gmt":"2014-04-10T12:57:22","guid":{"rendered":"https:\/\/vedicpandits.org\/nb\/?page_id=9173"},"modified":"2023-03-15T18:26:28","modified_gmt":"2023-03-15T18:26:28","slug":"special-yagya","status":"publish","type":"page","link":"https:\/\/donation.vedicpandits.org\/nb\/yagya\/special-yagya\/","title":{"rendered":"Special Yagya"},"content":{"rendered":"<h4>MAHARISHI SPESIAL-YAGYA<\/h4>\n<p>Som med alle Maharishi Yagyaer er Spesial-Yagyaer hovedsakelig et middel til \u00e5 skape fred og velstand for v\u00e5r verdensfamilie. I tillegg hedrer de donorene og oppliver naturens velsignelser for dem og deres familier p\u00e5 forskjellige omr\u00e5der av livet. <\/p>\n<p>Bursdags-, Bryllups-, Bryllupsdags- og Nyf\u00f8dt-barn-Yagya blir utf\u00f8rt p\u00e5 bestemte tider n\u00e5r spesifikke, gunstige naturlover er spesielt livlige og tilgjengelige.<\/p>\n<p>Til en Velv\u00e6re-Yagya kan en donere n\u00e5r som helst, og den kan utf\u00f8res s\u00e5 mange ganger en \u00f8nsker i l\u00f8pet av \u00e5ret &#8211; eller til og med i l\u00f8pet av en m\u00e5ned. N\u00e5r du donerer til denne Yagyaen, velger du samtidig en foretrukket dato for ut\u00f8velsen.<\/p>\n<p>En kan donere til Spesial-Yagyaene p\u00e5 vegne av en selv, familiemedlemmer eller venner. <\/p>\n<p>Ut\u00f8velsen av hver av disse viktige Yagyaene p\u00e5virker livet p\u00e5 et dypt plan &#8211; fra det fundamentale niv\u00e5et av selve enhetsfeltet. Ut\u00f8velsen virker derved ikke bare oppl\u00f8ftende p\u00e5 individet, men hjelper ogs\u00e5 til med \u00e5 fjerne manglende harmoni og fremmer fred og fremgang for hele samfunnet<\/p>\n<p>&nbsp;<\/p>\n<div style=\"padding:10px; background-color:white;\">\n<div style=\"border-size:2px;border-style:solid;border-color:#e4bb4b;\">\n<div style=\"text-align: center; padding-top:10px; padding-right:5px; padding-bottom:0px; padding-left:5px;\">\n&nbsp;<\/p>\n<h4>SPESIELL KUNNGJ\u00d8RING FRA RAJA HARRIS \u2013 UTVIDDE DAGER<\/h4>\n<\/div>\n<div style=\"text-align: left; padding-top:20px; padding-right:20px; padding-bottom:40px; padding-left:20px;\">Basert p\u00e5 deres positive erfaringer med Special Yagyas, har mange spurt om disse Yagyaene kunne forlenges med mer enn \u00e9n dag. Etter \u00e5 ha konsultert med Pandit-ledere, vil vi tilby alternativene for en andre og tredje dag med Special Yagyas. For \u00e5 gj\u00f8re dette mer tilgjengelig, er kostnadene per dag for disse Yagyaene redusert.<\/p>\n<\/div>\n<\/div>\n<\/div>\n<div class=\"grid-holder\">\n<div class=\"grid grid-desktop-50 grid-mobile-100\"><div class=\"holder\"><p><strong>Klikk for \u00e5 velge hvilken Spesial-Yagya du \u00f8nsker \u00e5 donere til:<\/strong><br \/>\nFlere Panditer deltar for hvert av de h\u00f8yere niv\u00e5ene, noe som gj\u00f8r dem betydelig kraftigere.<\/p>\n<ul>\n<li>\t<a href=\"https:\/\/sponsor.specialyagyas.org\/bwb.php?site=vp&amp;bwb=birthday\" class=\"tooltipster\" title=\"Spesial-Yagyaer blir administrert av Brahmananda Saraswati Yagya Foundation, som er en USA registrert veldedig stiftelse. Klikk her for \u00e5 bli overf\u00f8rt til deres nettside.\">\n\t\tBursdags-Yagya  \u2013 utf\u00f8res p\u00e5 ens f\u00f8dselsdag\t<\/a>\n\t\n<p>Endags Yagya: Donasjonsniv\u00e5 &#8211; USD:$1,000 | $2,500<br \/>\nTo-dagers Yagya: Donasjonsniv\u00e5 &#8211; USD:$1,500 | $3,000<br \/>\nTre-dagers Yagya: Donasjonsniv\u00e5 &#8211; USD:$2,000 | $3,500<\/p>\n<li>\t<a href=\"https:\/\/sponsor.specialyagyas.org\/bwb.php?site=vp&amp;bwb=well-being\" class=\"tooltipster\" title=\"Spesial-Yagyaer blir administrert av Brahmananda Saraswati Yagya Foundation, som er en USA registrert veldedig stiftelse. Klikk her for \u00e5 bli overf\u00f8rt til deres nettside.\">\n\t\tVelv\u00e6re-Yagya \u2013 utf\u00f8res p\u00e5 f\u00f8dselsdagen\t<\/a>\n\t\n<p>Endags Yagya: Donasjonsniv\u00e5 &#8211; USD:$1,000 | $2,500<br \/>\nTo-dagers Yagya: Donasjonsniv\u00e5 &#8211; USD:$1,500 | $3,000<br \/>\nTre-dagers Yagya: Donasjonsniv\u00e5 &#8211; USD:$2,000 | $3,500<\/p>\n<li>\t<a href=\"https:\/\/sponsor.specialyagyas.org\/wedding.php?site=vp&amp;waw=w\" class=\"tooltipster\" title=\"Spesial-Yagyaer blir administrert av Brahmananda Saraswati Yagya Foundation, som er en USA registrert veldedig stiftelse. Klikk her for \u00e5 bli overf\u00f8rt til deres nettside.\">\n\t\tBryllups-Yagya \u2013 utf\u00f8res p\u00e5 bryllupsdagen\t<\/a>\n\t\n<p>Endags Yagya: Donasjonsniv\u00e5 &#8211; USD: $1,500 | $3,000<br \/>\nTo-dagers Yagya: Donasjonsniv\u00e5 &#8211; USD: $2,000 | $3,500<br \/>\nTre-dagers Yagya: Donasjonsniv\u00e5 &#8211; USD: $2,500 | $4,000<\/p>\n<li>\t<a href=\"https:\/\/sponsor.specialyagyas.org\/wedding.php?site=vp&amp;waw=wa\" class=\"tooltipster\" title=\"Spesial-Yagyaer blir administrert av Brahmananda Saraswati Yagya Foundation, som er en USA registrert veldedig stiftelse. Klikk her for \u00e5 bli overf\u00f8rt til deres nettside.\">\n\t\tBryllupsdags-Yagya \u2013 utf\u00f8res p\u00e5 bryllupsdagen\t<\/a>\n\t\n<p>Endags Yagya: Donasjonsniv\u00e5 &#8211; USD: $1,500 | $3,000<br \/>\nTo-dagers Yagya: Donasjonsniv\u00e5 &#8211; USD: $2,000 | $3,500<br \/>\nTre-dagers Yagya: Donasjonsniv\u00e5 &#8211; USD: $2,500 | $4,000<\/p>\n<li>\t<a href=\"https:\/\/sponsor.specialyagyas.org\/newborn.php?site=vp\" class=\"tooltipster\" title=\"Spesial-Yagyaer blir administrert av Brahmananda Saraswati Yagya Foundation, som er en USA registrert veldedig stiftelse. Klikk her for \u00e5 bli overf\u00f8rt til deres nettside.\">\n\t\tNyf\u00f8dt-barn-Yagya \u2013 utf\u00f8res 40 dager etter f\u00f8dselen\t<\/a>\n\t\n<p>Endags Yagya: Donasjonsniv\u00e5 &#8211; USD:$1,000 | $2,500<br \/>\nTo-dagers Yagya: Donasjonsniv\u00e5 &#8211; USD:$1,500 | $3,000<br \/>\nTre-dagers Yagya: Donasjonsniv\u00e5 &#8211; USD:$2,000 | $3,500<\/p>\n<\/ul>\n<\/div><\/div>\n<div class=\"grid grid-desktop-50 grid-mobile-100\"><div class=\"holder\"><p><img loading=\"lazy\" decoding=\"async\" class=\"alignleft size-full wp-image-423\" src=\"\/wp-content\/uploads\/2014\/04\/pandits_5320.jpg\" alt=\"pandits_5320\" width=\"432\" height=\"326\" srcset=\"https:\/\/donation.vedicpandits.org\/wp-content\/uploads\/2014\/04\/pandits_5320.jpg 432w, https:\/\/donation.vedicpandits.org\/wp-content\/uploads\/2014\/04\/pandits_5320-300x226.jpg 300w\" sizes=\"auto, (max-width: 432px) 100vw, 432px\" \/><\/p>\n<\/div><\/div>\n<\/div>\nDonasjonene g\u00e5r til Brahmananda Saraswati Yagya Foundation (BSYF). Donasjonene kan trekkes fra p\u00e5 skatten for de som skatter til USA.<\/p>\n<div class=\"border-line\">&nbsp;<\/div>\n<h4>HVORDAN DONERE TIL EN SPESIAL-YAGYA<\/h4>\n<p>Det er lett \u00e5 donere til en Maharishi Spesial-Yagya. Hele prosessen kan gj\u00f8res p\u00e5 internett. Klikk det oransje feltet under, hvor det st\u00e5r \u201dDoner til en Spesial-Yagya.\u201d <\/p>\n<p><strong>Vennligst send din donasjonsanmodning en uke p\u00e5 forh\u00e5nd.<\/strong> Du vil trenge din f\u00f8dselsdato og navnet p\u00e5 byen eller stedet du ble f\u00f8dt. <\/p>\n<p>For mer informasjon, vennligst se Ofte Stilte Sp\u00f8rsm\u00e5l nederst p\u00e5 siden. La oss f\u00e5 vite om du har noen sp\u00f8rsm\u00e5l:<br \/>\n <a href=\"mailto:specialyagyas@vedicpandits.org\">specialyagyas@vedicpandits.org<\/a><\/p>\n<p>Du kan betale med Visa, MasterCard, American Express eller PayPal.<\/p>\n<div class=\"border-line\">&nbsp;<\/div>\n\t<p style=\"text-align: center\">\n\t\t<a href=\"https:\/\/sponsor.specialyagyas.org\/apply.php?site=vp\"   class=\"btn btn-large tooltipster\" title=\"Spesial-Yagyaer blir administrert av Brahmananda Saraswati Yagya Foundation, som er en USA registrert veldedig stiftelse. Klikk her for \u00e5 bli overf\u00f8rt til deres nettside.\"> > \n\t\t\tDONER TIL EN SPESIAL-YAGYA\t\t<\/a>\n\t<\/p>\n\n\t\n<div class=\"border-line\">&nbsp;<\/div>\n<p><strong>Jeg f\u00f8lte en ukjent indre kraft og en dyptg\u00e5ende indre klarhet: <\/strong>\u201cAllerede samme natt som min Velv\u00e6re-Yagya begynte, f\u00f8lte jeg en spesiell mykhet, et spesielt lys og en s\u00e6rlig glede i luften. Den samme dagen var mitt Transcendental Meditasjonsprogram p\u00e5 en ubeskrivelig m\u00e5te dypere enn noen gang. Om kvelden og den f\u00f8lgende dagen f\u00f8lte jeg en ukjent indre styrke og en dyptg\u00e5ende indre klarhet.\u201d <br \/>Netherlands<\/p>\n<div class=\"accordion\"><div class=\"accordion-entry\"><em><a href=\"#\">&gt; Les flere erfaringer fra andre som har donert til Spesial-Yagyaer<\/a><\/em><div class=\"hidden-content\">\n<p><strong>Alt arbeid uanstrengt<\/strong> \u201cJeg ble overrasket over dybden av og f\u00f8lelsen av at alt arbeidet rundt meg f\u00f8ltes uanstrengt, fredelig og mykt p\u00e5 min bursdag. Det var merkbart forskjellig fra andre bursdager. Takk til de som organiserte.\u201d Canada<\/p>\n<p><strong>Den gladeste dagen jeg kan huske:<\/strong> \u201cNoen situasjoner som hadde stagnert, begynte \u00e5 bevege seg i riktig retning. For eksempel bursdagen min, som var den mest behagelige dag jeg kan huske i l\u00f8pet av mange \u00e5r. Det ble en hel uke med feiringer, noe som jeg sannsynligvis ikke har hatt, selv i mine beste dager som ten\u00e5ring. Jeg er veldig forn\u00f8yd med resultatene av denne Yagyautf\u00f8relsen. Jeg gleder meg allerede til at neste f\u00f8dselsdag kommer snart.&raquo; Italia<\/p>\n<p><strong>Jeg f\u00f8ler meg velsignet: <\/strong> \u201cDet var en klar endring i bevisstheten fra Yagyaen. Jeg f\u00f8ler meg virkelig velsignet. Jeg ser definitivt frem til \u00e5 ha en bursdags Yagya hvert \u00e5r.\u201d UK<\/p>\n<p><strong>Det var en fantastisk opplevelse:<\/strong><br \/>\u201cDette var min f\u00f8rste Maharishi Yagya og det var en fantastisk opplevelse. Jeg har n\u00e5 tenkt \u00e5 ha en hvert \u00e5r. Yagyaen startet kvelden f\u00f8r bursdagen min, og jeg kunne f\u00f8le intense b\u00f8lger av lykke. I tiden etter fikk jeg svar p\u00e5 sp\u00f8rsm\u00e5l som jeg lenge har hatt og det var en stor lettelse. Jeg har ogs\u00e5 f\u00f8lt mer lykksalighet og st\u00f8rre mening med livet. Hvis hindringer oppst\u00e5r i hverdagen, oppl\u00f8ses de lettere og mine handlinger virker mer effektive. Takker for at de kj\u00e6re Panditene gj\u00f8r disse yagyaene tilgjengelige.\u201d Canada<\/p>\n<p><strong>P\u00e5virkningen var \u00e5penbar:<\/strong> \u201cVi hadde ikke forventet at Yagyaen kunne p\u00e5virke oss s\u00e5 direkte, men effekten var \u00e5penbar. Det minnet meg om virkningen av et langt rundekurs. Vanskelig \u00e5 beskrive, men umulig \u00e5 g\u00e5 glipp av.\u201d USA<\/p>\n<p><strong>Noe helt spesielt skjedde:<\/strong> \u201cS\u00e5 snart jeg hadde (translate &#8216;sponsored&#8217; not paid for) for bryllupsdags-Yagyaen, skjedde noe helt spesielt i forholdet v\u00e5rt. N\u00e5 er det som om alt er rent og gjennomsiktig. Det er et under hva en Yagya kan gj\u00f8re for oss, bare ved \u00e5 betale for det.\u201d Nederland<\/p>\n<p><strong>Forankret i det absolutte:<\/strong> \u201cVi f\u00f8lte oss begge forankret i &#8216;det absolutte&#8217; hele tiden; en virkelig god f\u00f8lelse. Un\u00f8dvendig \u00e5 si, men vi gleder oss til den neste Yagya.\u201dUSA<\/p>\n<p><strong>Yagyaen bl\u00e5ste bort tretthet og frykt:<\/strong> \u201c\u00c5 bestille en Yagya i stedet for min &#8216;sweet sixteen&#8217;-bursdag var en veldig god beslutning. Jeg hadde fine opplevelser i l\u00f8pet av den dagen. Jeg f\u00f8lte meg veldig glad og all aktivitet var mer rolig og avslappet enn vanlig. Jeg er n\u00e5 mer h\u00e5pefull og hele mitt daglige liv synes \u00e5 f\u00e5 st\u00f8tte. Men det beste er at mitt hjerte ble mer \u00e5pnet og mine meditasjoner er dypere enn f\u00f8r. Det virker som om Yagyaen bl\u00e5ste bort tretthet og frykt fra fortiden. Jeg kan virkelig anbefale alle en bursdags-Yagya!.&raquo; Tyskland<\/p>\n<p><strong>Livet flyter jevnere:<\/strong>\u201cEffekten av Yagya er fantastisk &#8211; mange jeg har snakket med har lagt merke til den samme kvaliteten p\u00e5 opplevelsen som jeg hadde. Livet flyter s\u00e5 mye mer rolig, jeg opplever st\u00f8tte fra Naturen konstant, p\u00e5 sm\u00e5 og store m\u00e5ter. Jeg kan f\u00f8le fred med alt.\u201d USA<\/p>\n<a href=\"#\" class=\"close\">Close Section<\/a><\/div><\/div>\n<\/div>\n<div class=\"border-line\">&nbsp;<\/div>\n<a id=\"jhagelin\"><\/a><br \/>\n<div class=\"grid-holder\">\n<div class=\"grid grid-desktop-50 grid-mobile-100\"><div class=\"holder\">\t<a href=\"https:\/\/donation.vedicpandits.org\/nb\/yagya\/special-yagya\/?image_video=https%3A%2F%2Fvimeo.com%2F238660302\" class=\"video-link \"><img loading=\"lazy\" decoding=\"async\" class=\"alignnone size-full wp-image-285\" src=\"https:\/\/donation.vedicpandits.org\/wp-content\/uploads\/2023\/02\/J_Hagelin_what-is-Yagya_video-600x321-1.png\" alt=\"yagya_hagelin_1web1\" width=\"432\" height=\"242\" \/><\/a>\n\n\t\n\t<a href=\"https:\/\/donation.vedicpandits.org\/nb\/yagya\/special-yagya\/?image_video=https%3A%2F%2Fvimeo.com%2F238660302\" class=\"video-link no-pointer\"><em>&gt; Video 1: Hva er Maharishi Yagya?<\/em><\/a>\n\n\t\n<\/div><\/div>\n<div class=\"grid grid-desktop-50 grid-mobile-100\"><div class=\"holder\"><h4>HVA ER MAHARISHI YAGYA?<\/h4>\n<p>Maharishi gjenopplivet den helt avgj\u00f8rende forst\u00e5elsen \u2013 og den korrekte praksis &#8211; at de Vediske Mantraene skal uttrykkes fra en bevissthet etablert i Para \u2013 det transcendentale niv\u00e5 av tale \u2013 der forbindelsen mellom lyd og form, \u00f8nske og fullbyrdelse av \u00f8nske, er sv\u00e6rt intim og ordene har enorm kraft. Dette n\u00f8dvendiggj\u00f8r praktisering av Yoga: Ut\u00f8velse av Transcendental Meditasjon og TM-Sidhi programmet, inkludert Yogisk Flygning. Det er en praksis som oppliver det transcendentale niv\u00e5 av tale i forkant av resitasjon og ut\u00f8velse av Yagya. Kun Maharishi Vediske Panditer har denne vesentlige ekspertisen. For en mer fullstendig forklaring, lytt til John Hagelin, PhD \u2013 en verdenskjent kvantefysiker, pedagog, statsviter og ledende fredsforkjemper.<\/p>\n<\/div><\/div>\n<\/div>\n<div class=\"border-line\">&nbsp;<\/div>\n<div class=\"accordion\"><div class=\"accordion-entry\"><em><a href=\"#\">&gt; OFTE STILTE SP\u00d8RSM\u00c5L <\/a><\/em><div class=\"hidden-content\">\n<p>FINNES DET EN SPESIAL-YAGYA FOR HELSE?<br \/>\nVi har ingen Spesial-Yagya for helse. Spesial-Yagya er laget for \u00e5 fremme ens generelle livskvalitet og utvikling. Spesial-Yagya er ikke laget for spesifikke problemer relatert til helse eller kirurgiske inngrep. <\/p>\n<p>HVORDAN FOREG\u00c5R OPPL\u00c6RINGEN AV MAHARISHI VEDISKE PANDITER<br \/>\nOppl\u00e6ringen begynner i ung alder med at barn undervises av sine foreldre. Gutter fra Pandit familier slutter seg til Maharishis formelle oppl\u00e6ringsprogram i ti \u00e5rs alderen ved et av hans lokale oppl\u00e6ringssentre. I fjorten \u00e5rs alderen reiser de s\u00e5 til ett av flere oppl\u00e6ringssentre for permanent opphold. Deretter flytter de til en campus tilh\u00f8rende en av hovedstedene for oppl\u00e6ring av Maharishi Vediske Panditer, der de blir opptatt ved Maharishi Mahesh Yogis Vediske Vishwavidyalaya, som er et autorisert universitet. Utdannelsen her g\u00e5r frem til doktorgradsniv\u00e5. Alle v\u00e5re Panditer praktiserer Transcendental Meditasjon og TM-Sidhi programmet.<\/p>\n<p>HVA OM JEG IKKE HAR DET N\u00d8YAKTIGE F\u00d8DSELSTIDSPUNKTET<br \/>\nVennligst fors\u00f8k \u00e5 bestemme f\u00f8dselstidspunktet s\u00e5 n\u00f8yaktig som mulig. Hvis du ikke har det n\u00f8yaktige tidspunktet, kan et noenlunde omtrentlig tidspunkt brukes.<\/p>\n<p>TRENGER JEG FORELDRENES F\u00d8DSELSINFORMASJON VED EN NYF\u00d8DT-BARN-YAGYA?<br \/>\nIdeelt sett er det best \u00e5 ha den fullstendige f\u00f8dselsinformasjonen for begge foreldrene. Men du kan sende en s\u00f8knad med den informasjonen du har.<\/p>\n<p>ER DET BEST \u00c5 DONERE TIL EN SPESIAL-YAGYA ELLER NASJONAL-YAGYA?<br \/>\nBegge er utmerkede valg som direkte er med p\u00e5 \u00e5 finansiere de store gruppene av Vediske Panditer. Det er avhengig av hva en \u00f8nsker. Ved Nasjonal-Yagyaer st\u00f8tter en sitt eget land, og med den intensjonen ogs\u00e5 seg selv. Ved Spesial-Yagyaer fremmer en ogs\u00e5 hovedsakelig fred og velstand for v\u00e5r verdensfamilie, men i tillegg hedres donorene, og naturens velsignelser opplives for dem og deres familier i forskjellige omr\u00e5der av livet. Det ville v\u00e6re ideelt om en kunne f\u00e5 utf\u00f8rt en Spesial-Yagya en eller to ganger i \u00e5ret samtidig som en st\u00f8tter opp om Nasjonal-Yagyaene hver m\u00e5ned, avhengig av ens finansielle situasjon. <\/p>\n<p>HVOR G\u00c5R DONASJONEN?<\/p>\n<p>Donasjonene til Spesial-Yagya programmet i USA blir gjort til Brahmanada Saraswati Yagya Foundation, som er en ideell undervisningsorganisasjon under seksjon 501(c)(3) av \u201dU.S. Internal Revenue Code.\u201d<\/p>\n<p>Donasjoner til Spesial-Yagyaene g\u00e5r til \u00e5 finansiere Maharishi Vediske Panditer.<\/p>\n<p>Donasjonene kan trekkes fra p\u00e5 skatten for de som skatter til USA. En kvittering blir sendt deg for hver donasjon.<\/p>\n<p>For andre land, vennligst unders\u00f8k med en nasjonal skatter\u00e5dgiver. Hvis du har sp\u00f8rsm\u00e5l, vil din nasjonale Ambassad\u00f8r v\u00e6re glad for \u00e5 kunne hjelpe deg. For kontaktinformasjon, vennligst se > Om oss \/ v\u00e5rt internasjonale nettverk av Ambassad\u00f8rer.<\/p>\n<a href=\"#\" class=\"close\">Close Section<\/a><\/div><\/div>\n<\/div>\n","protected":false},"excerpt":{"rendered":"<p>MAHARISHI SPESIAL-YAGYA Som med alle Maharishi Yagyaer er Spesial-Yagyaer hovedsakelig et middel til \u00e5 skape fred og velstand for v\u00e5r verdensfamilie. I tillegg hedrer de donorene og oppliver naturens velsignelser for dem og deres familier p\u00e5 forskjellige omr\u00e5der av livet. Bursdags-, Bryllups-, Bryllupsdags- og Nyf\u00f8dt-barn-Yagya blir utf\u00f8rt p\u00e5 bestemte tider n\u00e5r spesifikke, gunstige naturlover er [&hellip;]<\/p>\n","protected":false},"author":3,"featured_media":75962,"parent":9165,"menu_order":2,"comment_status":"open","ping_status":"closed","template":"","meta":{"om_disable_all_campaigns":false,"_monsterinsights_skip_tracking":false,"_monsterinsights_sitenote_active":false,"_monsterinsights_sitenote_note":"","_monsterinsights_sitenote_category":0,"footnotes":""},"class_list":["post-9173","page","type-page","status-publish","has-post-thumbnail","hentry"],"_links":{"self":[{"href":"https:\/\/donation.vedicpandits.org\/nb\/wp-json\/wp\/v2\/pages\/9173","targetHints":{"allow":["GET"]}}],"collection":[{"href":"https:\/\/donation.vedicpandits.org\/nb\/wp-json\/wp\/v2\/pages"}],"about":[{"href":"https:\/\/donation.vedicpandits.org\/nb\/wp-json\/wp\/v2\/types\/page"}],"author":[{"embeddable":true,"href":"https:\/\/donation.vedicpandits.org\/nb\/wp-json\/wp\/v2\/users\/3"}],"replies":[{"embeddable":true,"href":"https:\/\/donation.vedicpandits.org\/nb\/wp-json\/wp\/v2\/comments?post=9173"}],"version-history":[{"count":35,"href":"https:\/\/donation.vedicpandits.org\/nb\/wp-json\/wp\/v2\/pages\/9173\/revisions"}],"predecessor-version":[{"id":76017,"href":"https:\/\/donation.vedicpandits.org\/nb\/wp-json\/wp\/v2\/pages\/9173\/revisions\/76017"}],"up":[{"embeddable":true,"href":"https:\/\/donation.vedicpandits.org\/nb\/wp-json\/wp\/v2\/pages\/9165"}],"wp:featuredmedia":[{"embeddable":true,"href":"https:\/\/donation.vedicpandits.org\/nb\/wp-json\/wp\/v2\/media\/75962"}],"wp:attachment":[{"href":"https:\/\/donation.vedicpandits.org\/nb\/wp-json\/wp\/v2\/media?parent=9173"}],"curies":[{"name":"wp","href":"https:\/\/api.w.org\/{rel}","templated":true}]}}