{"id":9177,"date":"2015-01-15T14:34:07","date_gmt":"2015-01-15T14:34:07","guid":{"rendered":"https:\/\/vedicpandits.org\/nb\/?page_id=9177"},"modified":"2017-02-26T20:57:38","modified_gmt":"2017-02-26T20:57:38","slug":"testimonials","status":"publish","type":"page","link":"https:\/\/donation.vedicpandits.org\/nb\/testimonials\/","title":{"rendered":"Testimonials"},"content":{"rendered":"<h4 id=\"testimonials\">ERFARINGER NASJONAL-YAGYAER<\/h4>\n<p style=\"text-align: left;\"> Nasjonal-Yagya har en gunstig virkning p\u00e5 nasjonen, og i henhold til prinsippet om gjensidighet \u2013 \u201dsom du s\u00e5r, skal du h\u00f8ste\u201d \u2013 vil den ogs\u00e5 ha en positiv virkning p\u00e5 deg som bidragsyter. I den gamle Vediske tradisjonen sies det at bidragsyterne til en Yagya blir begunstiget. Nedenfor er erfaringer fra noen som har donert til Nasjonal-Yagyaer:<\/p>\n<div class=\"box-quote\">\n<p><strong>Det var en nesten ubeskrivelig, nydelig erfaring<\/strong><br \/> \u201cFra f\u00f8rste dag under Nasjonal-Yagyaen jeg selv i sin helhet hadde finansiert, f\u00f8lte jeg en usedvanlig dyp indre stillhet og klarhet. Det var som om jeg var trygt rotfestet i selvet og observerte verden fra innsiden av meg selv &#8211; \u00abuber\u00f8rt\u00bb men samtidig veldig til stede, og uten forstyrrende tanker. Jeg hadde en f\u00f8lelse av \u00e5 v\u00e6re i kontakt med ren v\u00e6ren. Jeg f\u00f8lte takknemlighet for alt, og hadde en opplevelse av \u00e5 f\u00e5 tilgang til kunnskap eller informasjon innenfra. Jeg opplevde ro, fred, lykksalighet og stillhet. Det var en nesten ubeskrivelig, nydelig erfaring som jeg sterkt \u00f8nsker \u00e5 oppleve igjen. Jeg anbefaller alle jeg kjenner \u00e5 donere til en Nasjonal-Yagya.\u201d &#8211; Norge <\/p>\n<p><strong>Det er sant som det sies: \u201cHjelp deg selv og himmelen vil hjelpe deg\u201d<\/strong><br \/> Bare en uke etter at jeg ga mitt bidrag til en Nasjonal-Yagya, har jeg i min jobb blitt tildelt oppgaver jeg virkelig liker, og mitt forhold til mine sjefer har p\u00e5 magisk vis blitt fredelig, noe som aldri har skjedd tidligere. Jeg f\u00f8ler meg n\u00e5 bra n\u00e5r jeg er p\u00e5 jobb. Det er sant som de sier: \u201dHjelp deg selv, og himmelen vil hjelpe deg.\u201d Jeg vil utvilsomt gi regelmessige donasjoner til Maharishi Panditene.\u201d &#8211; Italia <\/p>\n<p><strong>Vi er sv\u00e6rt takknemlige<\/strong><br \/> \u201cJeg takker for Nasjonal-Yagyaen utf\u00f8rt i min svigers\u00f8nns navn. Jeg vet at Yagyaen har gjort en forskjell og p\u00e5virket de daglige velsignelser vi mottar som familie med \u00f8konomisk st\u00f8tte, medisinsk hjelp, en omsorgsfull lege som hjalp oss mer enn han var pliktig til, min datter som fikk til alt og st\u00f8tte fra slekt og venner og fra s\u00e5 mange enkeltpersoner og grupper i v\u00e5rt hjem. Vi er veldig takknemlige for den kosmiske intelligensen og hvordan den samarbeidet med v\u00e5r store pr\u00f8velse. V\u00e5r svigers\u00f8nn gj\u00f8r det n\u00e5 bra og er i ferd med \u00e5 kunne leve s\u00e5 normalt som mulig. Vi f\u00f8ler i v\u00e5re hjerter en enorm takknemlighet for den grensel\u00f8se velsignelsen vi har mottatt.\u201d \u2014 Trinidad og Tobago<\/p>\n<p><strong>Jo mer jeg ga, desto mer penger fikk jeg<\/strong><br \/> \u201cN\u00e5r du vet at der er denne kunnskapen som kan skape fred i verden og himmel p\u00e5 jord, da tenker du: \u201dJeg har et ansvar her!\u201d Men sammen med dette kommer lykksaligheten og gleden, og du f\u00e5r mer enn du gir. S\u00e5 for meg er det en investering, og jeg mener det bokstavelig. Jo mer penger jeg gav, desto mer penger fikk jeg.\u201d \u2014 Belgia<\/p>\n<\/div>\n<div class=\"accordion\"><div class=\"accordion-entry\"><em><a href=\"#\">&gt; Les flere erfaringer fra Nasjonal-Yagyaer<\/a><\/em><div class=\"hidden-content\">\n<div class=\"box-quote\">\n<p><strong>I feel more support<\/strong><br \/>\u201cEach time I can support the Vedic Pandits with the donations from my family I have more support in the different areas of my life and it is like a snowball. This support flows also to the people I cherish and like that we are more and more a small, blissful river contributing to help the bliss all around us to grow. Thank you again for helping us to participate in this great accomplishment.\u201d\u2014 France<\/p>\n<p><strong>Politiet avdekket en hel kjede av organisert kriminalitet<\/strong><br \/>&laquo;Mens jeg satt med venner og fortalte dem om den store st\u00f8tten jeg opplevde under den Nasjonale Yagya jeg sponset, oppdaget jeg plutselig at sykkelen min (en sv\u00e6rt kostbart -Bike 2009 i USA) var stj\u00e5let. Heldigvis s\u00e5 servit\u00f8ren tyven klart og vi kunne gi politiet en fullstendig rapport. P\u00e5 grunn av dette, fant politiet sykkelen noen dager senere sammen med syv andre, og avdekket en hel kjede av organisert kriminalitet. Jeg ble utrolig glad for \u00e5 f\u00e5 sykkelen min tilbake. Siden den gang har politiet i byen v\u00e5r ikke f\u00e5tt en eneste sykkel meldt stj\u00e5let. Jeg har innsett hvor stor betydning en Nasjonal Yagya har for \u00e5 skape koherens i v\u00e5rt land, i min by og selv for enkeltpersoner&raquo;\u2014 Kroatia<\/p>\n<p><strong>Jeg f\u00f8lte meg forn\u00f8yd hele tiden<\/strong><br \/>\u201cSelv om jeg ga et beskjedent, minimumsbidrag til den Nasjonale Yagyaperioden, opplevde \u00a0jeg en nydelig tilstand av velv\u00e6re som var s\u00e5 behagelig at jeg f\u00f8lte meg forn\u00f8yd i alt jeg foretok meg, uansett hva jeg gjorde eller ikke gjorde. Denne f\u00f8lelsen av velv\u00e6re hjalp meg til \u00e5 forholde meg til andre som om jeg var en del av noe st\u00f8rre som eies av alle mennesker. Jeg opplevde en kommunikasjon basert p\u00e5 tillit og den tok bort &#8216;barrierer&#8217; som normalt er tilstede\u201d\u2014 Italia<\/p>\n<p><strong>Etter denne Yagyaen, har v\u00e5r virksomhet g\u00e5tt til himmels<\/strong><br \/>\u201cJeg bestilte en nasjonal Yagya for New Zealand, for min nasjon, med min familie og v\u00e5r virksomhets behov i tankene. Lavkonjunkturen her, spesielt i 2011, har v\u00e6rt veldig vanskelig p\u00e5 alle m\u00e5ter, noe som ogs\u00e5 rammet v\u00e5r egen virksomhet. Siden Yagyaen startet, har v\u00e5r virksomhet tatt en himmelsk fart og vi har selv m\u00e5ttet ta unna arbeidet. &#8211; Det har aldri skjedd f\u00f8r\u201d \u2014 New Zealand<\/p>\n<p><strong>An essential part of our business <\/strong><br \/>\u201cWe have enjoyed greater success in our business and a real connectedness with Natural Law. This is another great gift and opportunity from Maharishi that we now consider to be an essential part of our business.\u201d \u2014 USA<\/p>\n<p><strong>\u00a0Tilv\u00e6relsen har v\u00e6rt snill med meg:<br \/>\n<\/strong><br \/> \u201cMange, mange takk til v\u00e5r Nasjonale Yagya. Vi har hatt den mest fredelige august i Taiwan siden 1947. Det var ingen tyfoner i august 2014. Dette er bare utrolig for meteorologene. Jeg tror \u00e6ren m\u00e5 g\u00e5 til v\u00e5r Nasjonale Yagya og hva den har gjort for Taiwan. Tilv\u00e6relsen har v\u00e6rt snill med meg og jeg kan bare nyte alt jeg gj\u00f8r. Det har blitt s\u00e5 lett for meg og jeg kan bare v\u00e6re i en flyt av mitt dharma og oppn\u00e5 alt jeg \u00f8nsker \u00e5 gj\u00f8re &#8211; litt etter litt i perfekt rekkef\u00f8lge. Nye muligheter dukker opp og inntekten min blir stadig bedre.\u201d \u2014 Taiwan<\/p>\n<p><strong>Livet som det var ment \u00e5 v\u00e6re<\/strong><br \/>\u201cMin kropp, mine f\u00f8lelser og daglige aktiviteter synes mer flytende og lette under Yagyaer. Selv de mest utfordrende situasjoner; enten personlig, p\u00e5 jobben eller i forhold til familien, synes \u00e5 ordne seg uten problemer. Dette er livet slik som det var ment \u00e5 v\u00e6re.\u201d \u2014 USA<\/p>\n<p><strong>Alt forblir mykt og balansert<\/strong><br \/>\u201cDet er spesielt under mine programmer i domen jeg innser at, fra begynnelsen av de Nasjonale Yagyaer, selv om dramatiske hendelser skjer i v\u00e5re liv, forblir alt mykt og balansert, uten for store omveltninger. Effekten er mye mer dyptgripende enn vi egentlig er klar over og forst\u00e5elsen gj\u00f8r meg sv\u00e6rt glad og takknemlig!\u201d\u2014 Nederland<\/p>\n<\/div>\n<a href=\"#\" class=\"close\">Close Section<\/a><\/div><\/div>\n<\/div>\n<div class=\"border-line\">&nbsp;<\/div>\n<div class=\"grid-holder\">\n<div class=\"grid grid-desktop-50 grid-mobile-100\"><div class=\"holder\"><h4 id=\"testimonials\">ENDRINGER i et land<\/h4>\n<p>Nedenfor kan du lese om endringer i et lands \u00f8konomiske og politiske situasjon etter utf\u00f8relsen av en Nasjonal-Yagya. En slik Yagya har et bestemt form\u00e5l valgt av landet. Eksempler p\u00e5 form\u00e5l er \u00f8kt \u00f8konomisk fremgang, bedre helse og nasjonal harmoni og reduksjon av problemer som naturkatastrofer og vold. Du kan velge \u00e5 betale hele kostnaden til en Nasjonal-Yagya. I s\u00e5 fall vil du eller din bedrift bli navngitt i Yagyaen, og du kan velge dens form\u00e5l.<\/p>\n<\/div><\/div>\n<div class=\"grid grid-desktop-50 grid-mobile-100\"><div class=\"holder\"><p><img loading=\"lazy\" decoding=\"async\" class=\"alignright wp-image-2189\" src=\"\/wp-content\/uploads\/2015\/01\/testimonial_sized_small-300x226.jpg\" alt=\"testimonial_sized_small\" width=\"376\" height=\"284\" srcset=\"https:\/\/donation.vedicpandits.org\/wp-content\/uploads\/2015\/01\/testimonial_sized_small-300x226.jpg 300w, https:\/\/donation.vedicpandits.org\/wp-content\/uploads\/2015\/01\/testimonial_sized_small.jpg 408w\" sizes=\"auto, (max-width: 376px) 100vw, 376px\" \/><\/p>\n<\/div><\/div>\n<\/div>\n<div class=\"box-quote\">\nTAIWAN 2015<br \/>\n\u201cFor \u00f8vrig har den p\u00e5g\u00e5ende Nasjonal-Yagyaen gjort en sv\u00e6rt kraftfull jobb. To tyfoner (CNN beskrev den andre som en \u201cmonster tyfon\u201d) passerte forbi uten \u00e5 ber\u00f8re Taiwan.\u00a0 Vi hadde bare noen vindfulle dager og akkurat nok regn til vannmagasinene som hadde underskudd. Takk til Nasjonal-Yagyaen for \u00e5 holde alt og alle her trygge. Det verste som skjedde var at noen fly og tog ble kansellert og at noen fikk \u00f8delagt sine reiseplaner.\u201d<br \/><em> Chin-Fen Lee &#8211; Ambassador for Taiwan<\/em><\/p>\n<p>NEW ZEALAND, 2015<br \/>\n\u201cEtter en rekke Yagyaer for matvarerenhet har en matvareprodusent i ett av v\u00e5re store distrikter sluttet \u00e5 selge GMO produkter \u2013 men kun matvarer uten genetisk modifiserte ingredienser. I tillegg, selv om vi ble konfrontert med noen mektige pro GMO lobbygrupper, godkjente Hastings District Council en ti\u00e5rs plan som gj\u00f8r det forbudt \u00e5 ta i bruk GMO produkter i landbruket samt bedrive fors\u00f8ksproduksjon av slike. Dette er sv\u00e6rt gode nyheter for alle som i likhet med meg kjemper mot GMO.\u201d<\/p>\n<p>ARGENTINA, 2015<br \/>\n\u201cI l\u00f8pet av oktober og november gjorde vi to store Nasjonal-Yagyaer for harmonisk fremgang i v\u00e5rt land. I slutten av 2015 ble vi vitne til betydningsfulle begivenheter i Argentina: De politiske og sosiale endringene i forbindelse med oktober og november valgene fant sted p\u00e5 en ordnet m\u00e5te uten konflikter.\u201d<\/p>\n<\/div>\n<div class=\"accordion\"><div class=\"accordion-entry\"><em><a href=\"#\">&gt; Les flere rapporter fra land som har donert til Nasjonal-Yagyaer<\/a><\/em><div class=\"hidden-content\">\n<div class=\"box-quote\">\n<p>LEBANON 2014<br \/>\n\u201cJeg tror alle har h\u00f8rt om terroristene som er i Syria, og senest i Irak. De erkl\u00e6rte at de ville angripe enkelte byer i Libanon. I l\u00f8pet av de siste 10 dagene har tre angrep oppst\u00e5tt, men alle feilet fordi de ble oppdaget i tide av h\u00e6ren og politiet. Nyhetene kunne overalt fortelle at: Libanon ble reddet fra et tredje mislykket terrorangrep: Dette er uforklarlig; Dette er en guddommelig utf\u00f8relse. Vi har opplevd mange lignende situasjoner f\u00f8r. Dette er ikke f\u00f8rste gang. Denne beskyttelsen av Libanon er helt klart p\u00e5 grunn av de akkumulerte effektene fra Maharishis Nasjonale Yagyaer i l\u00f8pet av de siste 3 \u00e5rene. Vi har nasjonale Yagyaer i hver Yagya syklus &#8211; to ganger i m\u00e5neden. Dette vil vi fortsette med for alltid \u00e5 holde Libanon beskyttet. All takknemlighet til Maharishis programmer og til Maharishis Vediske Panditer i Brahmasthan av India.\u201d<br \/><em>Salim Haddad &#8211; Ambassador for Lebanon<\/em><\/p>\n<p>COLOMBIA 2013<br \/>\n&laquo;Maharishis Nasjonale Yagya for v\u00e5rt land er en av de st\u00f8rste velsignelser vi har mottatt. Vi er overrasket over erfaringene til v\u00e5re ut\u00f8vere av TM og TM-Sidhi programmet under og etter utf\u00f8relsen av v\u00e5re Nasjonale Yagyaer som er utmerket, spesielt for v\u00e5re givere, mens hele landet har et sterkt forbedret niv\u00e5 av flyt og st\u00f8tte p\u00e5 ulike omr\u00e5der. Vi ser i nyhetsrapporter at den spesifikke hensikt eller Sankalpa av Nasjonal Yagya, gjenspeiles i riktige beslutninger gjort av landets ledere. Vi f\u00f8ler at Maharishis Nasjonale Yagya Program er en kraftfull teknikk for \u00e5 utnytte den uendelige organisering av av Naturlovene nasjonalt, s\u00e5 vel som i lokale omr\u00e5der. Vi er mest takknemlige for Maharishi og Guru Dev, som gjorde denne kraftige teknologien tilgjengelig for positivt \u00e5 kunne p\u00e5virke trender over tid.&raquo;<br \/><em>Paul Fabre &#8211; Ambassador for Colombia<\/em><\/p>\n<p>USA, 2012<br \/>\n&laquo;National Yagyas specifically designed to bring rain preceded rains coming to drought-baked areas countrywide, a steady improvement in economic growth now at 3.1%, lower unemployment, increased industrial output, consumer confidence boom, a smooth and coherent election and even the dreaded December 21 passed by with enormous positivity.&raquo;<\/p>\n<p>SERBIA 2014<br \/>\n&laquo;Serbia led under en \u00f8deleggende flom for noen m\u00e5neder siden. Gode givere og uventet st\u00f8tte til Nasjonal Yagya kom like f\u00f8r den neste ansl\u00e5tte flommen. I l\u00f8pet av denne perioden s\u00e5 politikerne med forundring p\u00e5 hvor heldige vi var fordi den andre b\u00f8lgen av flom ikke kom. Vi er de eneste som vet at denne lykken ble st\u00f8ttet av \u00e5 ha Maharishis Nasjonale Yagya.&raquo;<br \/><em>Voja Trajkovic &#8211; Ambassador for Serbia<\/em><\/p>\n<p>GHANA 2012<br \/>\n\u201cJeg sender deg denne nyheten om Ghanas siste valg som kom etter v\u00e5r siste yagya for nasjonen. Den har blitt beskrevet som den beste og mest fredelige i nasjonens historie. Det som kommer fra Afrika, er store nyheter. Vi er takknemlige for v\u00e5r mester Maharishi som har gitt oss denne store kunnskapen. Vi h\u00e5per ogs\u00e5 \u00e5 f\u00e5 pr\u00f8ve p\u00e5 v\u00e5r egen lille m\u00e5te \u00e5 bidra til fred.\u201d Nasjonal direkt\u00f8r for TM i Ghana.\n<\/div>\n<a href=\"#\" class=\"close\">Close Section<\/a><\/div><\/div>\n<\/div>\n<div class=\"border-line\">&nbsp;<\/div>\n<div class=\"grid-holder\">\n<div class=\"grid grid-desktop-50 grid-mobile-100\"><div class=\"holder\"><h4 id=\"testimonials\">ERFARINGER SPESIA-YAGYAER<\/h4>\n<p>Spesial-Yagyaer er forskjellig fra Nasjonal-Yagyaer. Maharishi utformet en rekke Spesial-Yagyaer til bruk ved viktige tidspunkter i en persons liv. <a title=\"Special Yagya page\" href=\"https:\/\/donation.vedicpandits.org\/nb\/yagya\/special-yagya\/\">Spesial-Yagyaer<\/a> anvendes for<\/p>\n<ul>\n<li>F\u00d8DSELSDAGER: utf\u00f8res p\u00e5 f\u00f8dselsdagen<\/li>\n<li>VELV\u00c6RE: utf\u00f8res p\u00e5 en hvilken som helst dag<\/li>\n<li>BRYLLUP: utf\u00f8res p\u00e5 dagen for bryllupet<\/li>\n<li>BRYLLUPSDAG: utf\u00f8res p\u00e5 \u00e5rsdagen for bryllupet<\/li>\n<li>NYF\u00d8DT-BARN: utf\u00f8res 40 dager etter f\u00f8dselen<\/li>\n<\/ul>\n<p>Nedenfor kan du lese erfaringer fra de som har mottatt Velv\u00e6re-, Bursdags-, Bryllups- og Bryllupsdags-Yagyaer.<br \/>\n:<\/p>\n<\/div><\/div>\n<div class=\"grid grid-desktop-50 grid-mobile-100\"><div class=\"holder\"><p><img loading=\"lazy\" decoding=\"async\" class=\"alignright size-full wp-image-2345\" src=\"\/wp-content\/uploads\/2015\/01\/testimonials_specialyagya.jpg\" alt=\"testimonials_specialyagya\" width=\"408\" height=\"308\" srcset=\"https:\/\/donation.vedicpandits.org\/wp-content\/uploads\/2015\/01\/testimonials_specialyagya.jpg 408w, https:\/\/donation.vedicpandits.org\/wp-content\/uploads\/2015\/01\/testimonials_specialyagya-300x226.jpg 300w\" sizes=\"auto, (max-width: 408px) 100vw, 408px\" \/><\/p>\n<\/div><\/div>\n<\/div>\n<div class=\"box-quote\">\n<p><strong>Jeg f\u00f8lte en ukjent indre kraft og en dyp indre klarhet <\/strong><br \/>\n<br \/>\u201dAllerede samme natt som min Velv\u00e6re-Yagya begynte, f\u00f8lte jeg en spesiell mykhet, et spesielt lys og en s\u00e6rlig glede i luften. Den samme dagen var mitt Transcendental Meditasjonsprogram p\u00e5 en ubeskrivelig m\u00e5te dypere enn noen gang. Om kvelden og den f\u00f8lgende dagen f\u00f8lte jeg en ukjent indre styrke og en dyp indre klarhet.\u201d<br \/>Nederland<\/p>\n<p><strong>Alt fungerte uanstrengt<\/strong><br \/>\u201cJeg ble overrasket over hvor dyp f\u00f8lelsen var av at alt rundt meg p\u00e5 min bursdag fungerte uanstrengt, fredelig og p\u00e5 en behagelig m\u00e5te. Det var merkbar forskjell fra andre bursdager. Takk til de som sto for organiseringen.\u201d<br \/>\n<br \/>Canada<\/p>\n<p><strong>Det lykkeligste jeg kan huske<\/strong><br \/>\u201cNoen fastl\u00e5ste situasjoner begynte \u00e5 bevege seg i riktig retning. N\u00e5r det gjelder min bursdag, var den den lykkeligste jeg kan huske p\u00e5 mange \u00e5r. Det var en hel uke med feiringer, noe jeg sannsynligvis ikke har opplevd selv i mine beste dager som ten\u00e5ring. Jeg er veldig forn\u00f8yd med resultatene av denne prosedyren. Jeg h\u00e5per min neste bursdag kommer snart.\u201d<br \/>Italia<\/p>\n<p><strong>Jeg f\u00f8ler meg velsignet <\/strong><br \/>\u201cDet var en klar endring i bevisstheten grunnet Yagyaen. Jeg f\u00f8ler meg virkelig velsignet. Jeg ser definitivt frem til \u00e5 ha en Bursdags-Yagya hvert \u00e5r.\u201d<br \/>\n<br \/>UK<\/p>\n<\/div>\n<div class=\"accordion\"><div class=\"accordion-entry\"><em><a href=\"#\">&gt; Les flere erfaringer fra Spesial-Yagyaer<\/a><\/em><div class=\"hidden-content\">\n<div class=\"box-quote\">\n<p><strong>Det var en fantastisk opplevelse:<\/strong><br \/>\u201cDette var min f\u00f8rste Maharishi Yagya og det var en fantastisk opplevelse. Jeg har n\u00e5 tenkt \u00e5 ha en hvert \u00e5r. Yagyaen startet kvelden f\u00f8r bursdagen min, og jeg kunne f\u00f8le intense b\u00f8lger av lykke. I tiden etter fikk jeg svar p\u00e5 sp\u00f8rsm\u00e5l som jeg lenge har hatt og det var en stor lettelse. Jeg har ogs\u00e5 f\u00f8lt mer lykksalighet og st\u00f8rre mening med livet. Hvis hindringer oppst\u00e5r i hverdagen, oppl\u00f8ses de lettere og mine handlinger virker mer effektive. Takker for at de kj\u00e6re Panditene gj\u00f8r disse yagyaene tilgjengelige.\u201d<br \/>Canada<\/p>\n<p><strong>P\u00e5virkningen var \u00e5penbar<\/strong><br \/>\u201cVi hadde ikke forventet at Yagyaen kunne p\u00e5virke oss s\u00e5 direkte, men effekten var \u00e5penbar. Det minnet meg om virkningen av et langt rundekurs. Vanskelig \u00e5 beskrive, men umulig \u00e5 g\u00e5 glipp av.\u201d<br \/>USA<\/p>\n<p><strong>Noe helt spesielt skjedde<\/strong><br \/>\u201cS\u00e5 snart jeg hadde (translate &#8216;sponsored&#8217; not paid for) for Bryllupsdags-Yagyaen, skjedde noe helt spesielt i forholdet v\u00e5rt. N\u00e5 er det som om alt er rent og gjennomsiktig. Det er et under hva en Yagya kan gj\u00f8re for oss, bare ved \u00e5 betale for det.\u201d<br \/>Nederland<\/p>\n<p><strong>Forankret i det absolutte<\/strong><br \/>\u201cVi f\u00f8lte oss begge forankret i &#8216;det absolutte&#8217; hele tiden; en virkelig god f\u00f8lelse. Un\u00f8dvendig \u00e5 si, men vi gleder oss til den neste Yagya.\u201d<br \/>USA<\/p>\n<p><strong>Yagyaen bl\u00e5ste bort tretthet og frykt<\/strong><br \/>&laquo;\u00c5 bestille en Yagya i stedet for min &#8216;sweet sekstinde&#8217;-bursdag var en veldig god beslutning. Jeg hadde fine opplevelser i l\u00f8pet av den dagen. Jeg f\u00f8lte meg veldig glad og all aktivitet var mer rolig og avslappet enn vanlig. Jeg er n\u00e5 mer h\u00e5pefull og hele mitt daglige liv synes \u00e5 f\u00e5 st\u00f8tte. Men det beste er at mitt hjerte ble mer \u00e5pnet og mine meditasjoner er dypere enn f\u00f8r. Det virker som om Yagyaen bl\u00e5ste bort tretthet og frykt fra fortiden. Jeg kan virkelig anbefale alle en bursdags-Yagya!.&raquo;<br \/>Tyskland<\/p>\n<p><strong>Livet flyter jevnere<\/strong><br \/>\u201cEffekten av Yagya er fantastisk &#8211; mange jeg har snakket med har lagt merke til den samme kvaliteten p\u00e5 opplevelsen som jeg hadde. Livet flyter s\u00e5 mye mer rolig, jeg opplever st\u00f8tte fra Naturen konstant, p\u00e5 sm\u00e5 og store m\u00e5ter. Jeg kan f\u00f8le fred med alt.\u201d<br \/>USA<\/p>\n<a href=\"#\" class=\"close\">Close Section<\/a><\/div><\/div>\n<\/div>\n","protected":false},"excerpt":{"rendered":"<p>ERFARINGER NASJONAL-YAGYAER Nasjonal-Yagya har en gunstig virkning p\u00e5 nasjonen, og i henhold til prinsippet om gjensidighet \u2013 \u201dsom du s\u00e5r, skal du h\u00f8ste\u201d \u2013 vil den ogs\u00e5 ha en positiv virkning p\u00e5 deg som bidragsyter. I den gamle Vediske tradisjonen sies det at bidragsyterne til en Yagya blir begunstiget. Nedenfor er erfaringer fra noen som [&hellip;]<\/p>\n","protected":false},"author":3,"featured_media":2394,"parent":0,"menu_order":0,"comment_status":"closed","ping_status":"closed","template":"","meta":{"om_disable_all_campaigns":false,"_monsterinsights_skip_tracking":false,"_monsterinsights_sitenote_active":false,"_monsterinsights_sitenote_note":"","_monsterinsights_sitenote_category":0,"footnotes":""},"class_list":["post-9177","page","type-page","status-publish","has-post-thumbnail","hentry"],"_links":{"self":[{"href":"https:\/\/donation.vedicpandits.org\/nb\/wp-json\/wp\/v2\/pages\/9177","targetHints":{"allow":["GET"]}}],"collection":[{"href":"https:\/\/donation.vedicpandits.org\/nb\/wp-json\/wp\/v2\/pages"}],"about":[{"href":"https:\/\/donation.vedicpandits.org\/nb\/wp-json\/wp\/v2\/types\/page"}],"author":[{"embeddable":true,"href":"https:\/\/donation.vedicpandits.org\/nb\/wp-json\/wp\/v2\/users\/3"}],"replies":[{"embeddable":true,"href":"https:\/\/donation.vedicpandits.org\/nb\/wp-json\/wp\/v2\/comments?post=9177"}],"version-history":[{"count":15,"href":"https:\/\/donation.vedicpandits.org\/nb\/wp-json\/wp\/v2\/pages\/9177\/revisions"}],"predecessor-version":[{"id":10612,"href":"https:\/\/donation.vedicpandits.org\/nb\/wp-json\/wp\/v2\/pages\/9177\/revisions\/10612"}],"wp:featuredmedia":[{"embeddable":true,"href":"https:\/\/donation.vedicpandits.org\/nb\/wp-json\/wp\/v2\/media\/2394"}],"wp:attachment":[{"href":"https:\/\/donation.vedicpandits.org\/nb\/wp-json\/wp\/v2\/media?parent=9177"}],"curies":[{"name":"wp","href":"https:\/\/api.w.org\/{rel}","templated":true}]}}