{"id":9195,"date":"2014-04-08T07:10:05","date_gmt":"2014-04-08T07:10:05","guid":{"rendered":"https:\/\/vedicpandits.org\/nb\/?page_id=9195"},"modified":"2024-06-12T14:54:59","modified_gmt":"2024-06-12T14:54:59","slug":"about-us","status":"publish","type":"page","link":"https:\/\/donation.vedicpandits.org\/nb\/about-us\/","title":{"rendered":"About Us"},"content":{"rendered":"<h4>FONDET OG STIFTELSEN<\/h4>\n<p>Finansieringen av gruppen av Maharishis Vediske Panditer administreres av Brahmananda Saraswati Trust (BST) i Nederland, og Brahmananda Saraswati Foundation (BSF) i USA. <\/p>\n<p>Oppdraget til disse innbefatter \u00e5 f\u00f8re tilsyn med et verdensomspennende innsamlingsprogram, motta donasjoner og forvalte investeringer av innsamlede midler. De dirigerer og overv\u00e5ker alle utbetalinger til partnere i India for \u00e5 sikre at prosjektets m\u00e5lsettinger blir realisert, samtidig som de selv blir overv\u00e5ket av et r\u00e5d best\u00e5ende av vitenskapsmenn, pedagoger og n\u00e6ringslivsledere fra hele verden. <\/p>\n<p>Stiftelsen og fondet ble opprettet av Maharishi Mahesh Yogi og oppkalt etter hans l\u00e6rer, Guru Dev, Brahmananda Saraswati, som var en av Indias h\u00f8yest respekterte \u00e5ndelige ledere med en posisjon som Shankaracharya av Jyotir Math, den fremste representanten for den Vediske kunnskapstradisjonen. <\/p>\n<div class=\"border-line\">&nbsp;<\/div>\n<div class=\"grid-holder grid-border-50\">\n<div class=\"grid grid-desktop-50 grid-mobile-100\"><div class=\"holder\"><h4>Brahmananda Saraswati Trust<\/h4>\n<p>Dette er en stiftelse som ble etablert i Nederland i 2008 som en nonprofit ideell organisasjon. Den har fokus p\u00e5 Europa, Midt\u00f8sten, Afrika og Asiatiske land. Donasjoner til stiftelsen er fradragsberettiget i flere europeiske land. Vennligst sjekk med din skatter\u00e5dgiver.<\/p>\n<\/div><\/div>\n<div class=\"grid grid-desktop-50 grid-mobile-100\"><div class=\"holder\"><h4>Brahmananda Saraswati Foundation<\/h4>\n<p>Dette er et fond som ble etablert i USA i 2008 som en 501(c)(3) nonprofit organisasjon. Alle donasjoner er fradragsberettiget for amerikanske skattebetalere.<\/p>\n<\/div><\/div>\n<\/div>\n<div class=\"border-line\">&nbsp;<\/div>\n<strong>President for Brahmananda Saraswati Foundation<\/strong><\/p>\n<p><img loading=\"lazy\" decoding=\"async\" src=\"https:\/\/globalpeaceproject.net\/wp-content\/uploads\/2020\/08\/Dr._Tony_Nader4.png\" alt=\"\" width=\"125\" height=\"164\" class=\"alignleft size-full wp-image-359\" \/><\/p>\n<p><strong>Tony Nader, MD PhD MARR <\/strong><\/p>\n<p style=\"margin-bottom:20px;\">Dr. Nader er en lege utdannet ved Massachusetts Institute of Technology (Ph.D. i nevrovitenskap) og Harvard University, og en globalt anerkjent vedisk l\u00e6rd. Som Maharishi Mahesh Yogis etterf\u00f8lger er Dr Nader leder for de internasjonale Transcendental Meditation\u00ae-organisasjonene i over 100 land. Dr. Nader veileder Transcendental Meditation-programmet og dets avanserte praksiser for \u00e5 oppfylle samfunnets h\u00f8yeste ambisjoner p\u00e5 alle omr\u00e5der av det nasjonale livet.<\/p>\n<div class=\"border-line\">&nbsp;<\/div>\n<p><strong> Styreleder i Brahmananda Saraswati Foundation<\/strong><\/p>\n<p><img loading=\"lazy\" decoding=\"async\" src=\"https:\/\/donation.vedicpandits.org\/wp-content\/uploads\/2020\/10\/DrMorris.jpg\" alt=\"\" width=\"125\" height=\"164\" class=\"alignleft size-full wp-image-359\" \/><\/p>\n<p><strong>Dr. Bevan Morris, D.S.C.I<\/strong><\/p>\n<p style=\"margin-bottom:0px;\">Dr. Morris ble uteksaminert fra Cambridge University, Cambridge, England. Han var den f\u00f8rste personen i verden som mottok doktorgraden i vitenskapen om kreativ intelligens fra Maharishi. I 36 \u00e5r var han president for Maharishi University of Management i Fairfield, Iowa, USA, og er n\u00e5 president emeritus, og internasjonal president for Maharishi Universities of Management. Dr. Morris er verdens st\u00f8rste ekspert p\u00e5 Maharishis bevissthetsbasert utdanning og har presentert Maharishis programmer i over 120 land for offentligheten og for regjerings-, utdannings- og n\u00e6ringslivsledere.<\/p>\n<div class=\"border-line\">&nbsp;<\/div>\n<strong> Styreleder i Brahmananda Saraswati Trust og administrerende direkt\u00f8r i Brahmananda Saraswati Foundation (USA) og Brahmananda Saraswati Trust (Nederland)<\/strong><\/p>\n<p><img loading=\"lazy\" decoding=\"async\" src=\"https:\/\/donation.vedicpandits.org\/wp-content\/uploads\/2020\/10\/harris_kaplan_4.jpg\" alt=\"\" width=\"125\" height=\"164\" class=\"alignleft size-full wp-image-359\" \/><\/p>\n<p><strong>Dr. Harris Kaplan, D.S.C.I <\/strong><\/p>\n<p style=\"margin-bottom:0px;\">Etter \u00e5 ha trukket seg tilbake i 1999 fra en vellykket karriere som investeringsfondsforvalter, har Dr. Kaplan viet sin tid til \u00e5 st\u00f8tte programmer ledet av transcendental meditasjonsorganisasjoner over hele verden. Siden 2006 har han v\u00e6rt sjefsadministrator for transcendental meditasjonsorganisasjonsprosjekter i India, inkludert oppl\u00e6ring og st\u00f8tte fra tusenvis av Maharishi Vedic Pandits. Han har v\u00e6rt administrerende direkt\u00f8r i BSF siden oppstarten og fungerer ogs\u00e5 i investeringskomiteen, og hjelper til med \u00e5 f\u00f8re tilsyn med legatet. <\/p>\n<div class=\"border-line\">&nbsp;<\/div>\n<h5>BSF &#038; BST eksekutivkomit\u00e9<\/h5>\n<ul>\n<li>Dr. Bevan Morris &#8211; Educator<br \/>\n    Maharishi Vedic City, Iowa<\/p>\n<li>Harris Kaplan DSCI &#8211; Retired Investment Fund Manager<br \/>\n    Vlodrop, Netherlands<\/p>\n<li>John Hagelin. Ph.D. \u2013 Quantum Physicist: President, Global Union of Scientists for Peace; President, Maharishi International University, Fairfield, IA, USA\n<li> Robert LoPinto &#8211; Businessman and Administrator<br \/>\n     Rockville, MD, USA<\/p>\n<li>Steve Rubin \u2013 Businessman and Administrator<br \/>\n    Sebastian, FL, USA\n<\/ul>\n<div class=\"border-line\">&nbsp;<\/div>\n<h5>BSF styremedlemmer<\/h5>\n<div class=\"grid-holder\">\n<div class=\"grid grid-desktop-50 grid-mobile-100\"><div class=\"holder\"><ul>\n<li>Jose Luis Alvares \u2013 Administrator<br \/>\n    Barcelona, Spain<\/p>\n<li>Antonio Bartolom\u00e9 \u2013 Businessman<br \/>\n    Banast\u00e1s, Huesca, Spain<\/p>\n<li>Dr. Leslie Brooks, M.A. \u2013 Administrator<br \/>\n    Lincoln, MA, USA<\/p>\n<li>Howard Martin Chandler, Ph.D. \u2013 Educator<br \/>\n    Boston, MA , USA<\/p>\n<li>Rafael David &#8211; Business Entrepreneur<br \/>\nVero Beach, FL, USA<\/p>\n<\/ul>\n<\/div><\/div>\n<div class=\"grid grid-desktop-50 grid-mobile-100\"><div class=\"holder\"><ul>\n<li>Dr. Arlene Kaplan \u2013 Administrator<br \/>\n    Vlodrop, The Netherlands<\/p>\n<li>Dr. Neil Paterson  &#8211; Administrator<br \/>\n    Salt Spring Island, Canada<\/p>\n<li>Rainer Picha, M.D. \u2013 Cardiologist and Research Scientist<br \/>\n    Vienna, Austria<\/p>\n<li>Dr. Susie Swan  &#8211; Managing Director of the Ambassador Resource Office<br \/>\n    Netherlands and Cape Town, South Africa<\/p>\n<li>Maureen Wynne, J.D. \u2013 Attorney<br \/>\n    Maharishi Vedic City, IA, USA\n<\/ul>\n<\/div><\/div>\n<\/div>\n<h4 ID=\"no_investment_committee\"><\/h4>\n<div class=\"border-line\">&nbsp;<\/div>\n<h5>BSF &#038; BST investeringskomit\u00e9<\/h5>\n<div class=\"grid-holder\">\n<div class=\"grid grid-desktop-50 grid-mobile-100\"><div class=\"holder\"><ul>\n<li>Harris Kaplan, D.S.C.I<br \/>\nRetired Investment Fund Manager<br \/>\nFounder and former CEO of Eastgate Financial Services Ltd., USA<\/p>\n<li>Robert LoPinto<br \/>\nRetired Businessman<br \/>\nRockville, MD, USA<\/p>\n<li>Jeffrey S. Abramson<br \/>\nReal Estate Developer<br \/>\nPartner, Tower Companies, USA<\/p>\n<li>Steve Rubin<br \/>\nRetired business executive<br \/>\nFormer Chairman and CEO, United Fuels International Inc., USA<\/li>\n<\/ul>\n<\/div><\/div>\n<div class=\"grid grid-desktop-50 grid-mobile-100\"><div class=\"holder\"><ul>\n<li>Eric Schwartz<br \/>\nInvestment Advisor<br \/>\nFounder and CEO, Cambridge Investment Research, USA<\/p>\n<li>Michael Dreben<br \/>\nCorporate Finance and Business Development Executive<br \/>\nCEO, Grenadier Management, LLC<\/p>\n<li>Ted Hirsch<br \/>\nEconomist and portfolio manager<br \/>\nVanderbilt Financial Group, New York, USA\n<\/ul>\n<\/div><\/div>\n<\/div>\n","protected":false},"excerpt":{"rendered":"<p>FONDET OG STIFTELSEN Finansieringen av gruppen av Maharishis Vediske Panditer administreres av Brahmananda Saraswati Trust (BST) i Nederland, og Brahmananda Saraswati Foundation (BSF) i USA. Oppdraget til disse innbefatter \u00e5 f\u00f8re tilsyn med et verdensomspennende innsamlingsprogram, motta donasjoner og forvalte investeringer av innsamlede midler. De dirigerer og overv\u00e5ker alle utbetalinger til partnere i India for [&hellip;]<\/p>\n","protected":false},"author":3,"featured_media":49397,"parent":0,"menu_order":0,"comment_status":"open","ping_status":"closed","template":"template-about.php","meta":{"om_disable_all_campaigns":false,"_monsterinsights_skip_tracking":false,"_monsterinsights_sitenote_active":false,"_monsterinsights_sitenote_note":"","_monsterinsights_sitenote_category":0,"footnotes":""},"class_list":["post-9195","page","type-page","status-publish","has-post-thumbnail","hentry"],"_links":{"self":[{"href":"https:\/\/donation.vedicpandits.org\/nb\/wp-json\/wp\/v2\/pages\/9195","targetHints":{"allow":["GET"]}}],"collection":[{"href":"https:\/\/donation.vedicpandits.org\/nb\/wp-json\/wp\/v2\/pages"}],"about":[{"href":"https:\/\/donation.vedicpandits.org\/nb\/wp-json\/wp\/v2\/types\/page"}],"author":[{"embeddable":true,"href":"https:\/\/donation.vedicpandits.org\/nb\/wp-json\/wp\/v2\/users\/3"}],"replies":[{"embeddable":true,"href":"https:\/\/donation.vedicpandits.org\/nb\/wp-json\/wp\/v2\/comments?post=9195"}],"version-history":[{"count":6,"href":"https:\/\/donation.vedicpandits.org\/nb\/wp-json\/wp\/v2\/pages\/9195\/revisions"}],"predecessor-version":[{"id":79175,"href":"https:\/\/donation.vedicpandits.org\/nb\/wp-json\/wp\/v2\/pages\/9195\/revisions\/79175"}],"wp:featuredmedia":[{"embeddable":true,"href":"https:\/\/donation.vedicpandits.org\/nb\/wp-json\/wp\/v2\/media\/49397"}],"wp:attachment":[{"href":"https:\/\/donation.vedicpandits.org\/nb\/wp-json\/wp\/v2\/media?parent=9195"}],"curies":[{"name":"wp","href":"https:\/\/api.w.org\/{rel}","templated":true}]}}