{"id":9220,"date":"2014-04-08T11:28:21","date_gmt":"2014-04-08T11:28:21","guid":{"rendered":"https:\/\/vedicpandits.org\/nb\/?page_id=9220"},"modified":"2023-02-17T15:59:11","modified_gmt":"2023-02-17T15:59:11","slug":"newsletter","status":"publish","type":"page","link":"https:\/\/donation.vedicpandits.org\/nb\/contact\/newsletter\/","title":{"rendered":"Newsletter"},"content":{"rendered":"<div class=\"grid-holder grid-border-50\">\n<div class=\"grid grid-desktop-50 grid-mobile-100\"><div class=\"holder\"><h4>MOTTA JEVNLIG OPPDATERT INFORMASJON<\/h4>\n<p>Vi vil gjerne sende deg m\u00e5nedlig informasjon om fremdriften av v\u00e5rt prosjekt i Brahmasthan, India. Hold deg oppdatert med et nyhetsbrev fra Raja Harris Kaplan, direkt\u00f8r for Brahmananda Saraswati Trust og Foundation. <\/p>\n<blockquote>\n<p>Vi respekterer ditt digitale personvern og vil ikke under noen omstendigheter videreformidle din adresse.\u00a0<br \/>\n  <a  href=\"https:\/\/donation.vedicpandits.org\/privacy\/\">Klikk her for \u00e5 se v\u00e5re retningslinjer for personvern.<\/a><\/p>\n<\/blockquote>\n<p style=\"text-align: center\"><a href=\"#form-newsletter\" class=\"btn btn-large btn-pop-up\">&gt; Abonner p\u00e5 engelsk nyhetsbrev<\/a><\/p>\n<\/div><\/div>\n<div class=\"grid grid-desktop-50 grid-mobile-100\"><div class=\"holder\"><h4>MOTTA REGELMESSIG OPPDATERINGER P\u00c5 NORSK<\/h4>\n<p>Hvis du \u00f8nsker \u00e5 motta nyhetsbrev i ditt eget spr\u00e5k, vennligst send en e-post direkte til din lokale ambassad\u00f8r. E-postadressen til din ambassad\u00f8r vil da bli vist i en e-post. Klikk &#8216;Send en epost&#8217;.<\/p>\n<p><a href = \"mailto:bst@maharishi.no?subject=MOTTA REGELMESSIG OPPDATERINGER P\u00c5 NORSK&#038;body=Jeg vil gjerne motta nyhetsbrev p\u00e5 norsk.\">Send en epost<\/a><\/p>\n<\/div><\/div>\n<\/div>\n<div class=\"border-line\">&nbsp;<\/div>\n","protected":false},"excerpt":{"rendered":"","protected":false},"author":3,"featured_media":17492,"parent":9216,"menu_order":1,"comment_status":"open","ping_status":"closed","template":"template-newsletter.php","meta":{"om_disable_all_campaigns":false,"_monsterinsights_skip_tracking":false,"_monsterinsights_sitenote_active":false,"_monsterinsights_sitenote_note":"","_monsterinsights_sitenote_category":0,"footnotes":""},"class_list":["post-9220","page","type-page","status-publish","has-post-thumbnail","hentry"],"_links":{"self":[{"href":"https:\/\/donation.vedicpandits.org\/nb\/wp-json\/wp\/v2\/pages\/9220","targetHints":{"allow":["GET"]}}],"collection":[{"href":"https:\/\/donation.vedicpandits.org\/nb\/wp-json\/wp\/v2\/pages"}],"about":[{"href":"https:\/\/donation.vedicpandits.org\/nb\/wp-json\/wp\/v2\/types\/page"}],"author":[{"embeddable":true,"href":"https:\/\/donation.vedicpandits.org\/nb\/wp-json\/wp\/v2\/users\/3"}],"replies":[{"embeddable":true,"href":"https:\/\/donation.vedicpandits.org\/nb\/wp-json\/wp\/v2\/comments?post=9220"}],"version-history":[{"count":59,"href":"https:\/\/donation.vedicpandits.org\/nb\/wp-json\/wp\/v2\/pages\/9220\/revisions"}],"predecessor-version":[{"id":54189,"href":"https:\/\/donation.vedicpandits.org\/nb\/wp-json\/wp\/v2\/pages\/9220\/revisions\/54189"}],"up":[{"embeddable":true,"href":"https:\/\/donation.vedicpandits.org\/nb\/wp-json\/wp\/v2\/pages\/9216"}],"wp:featuredmedia":[{"embeddable":true,"href":"https:\/\/donation.vedicpandits.org\/nb\/wp-json\/wp\/v2\/media\/17492"}],"wp:attachment":[{"href":"https:\/\/donation.vedicpandits.org\/nb\/wp-json\/wp\/v2\/media?parent=9220"}],"curies":[{"name":"wp","href":"https:\/\/api.w.org\/{rel}","templated":true}]}}